{"id":147,"date":"2021-05-06T11:57:01","date_gmt":"2021-05-06T11:57:01","guid":{"rendered":"https:\/\/new.ozone-gold.mk\/?page_id=147"},"modified":"2022-04-20T12:10:57","modified_gmt":"2022-04-20T09:10:57","slug":"ozone-gold-home","status":"publish","type":"page","link":"https:\/\/ozone-gold.mk\/sq\/ozone-gold-home\/","title":{"rendered":"Ozone Gold Home"},"content":{"rendered":"<div class=\"banner has-hover\" id=\"banner-1022445494\">\n          <div class=\"banner-inner fill\">\n        <div class=\"banner-bg fill\" >\n            <img loading=\"lazy\" decoding=\"async\" width=\"940\" height=\"432\" src=\"https:\/\/ozone-gold.mk\/wp-content\/uploads\/2021\/05\/Slika.jpg\" class=\"bg attachment-original size-original\" alt=\"\" \/>                                    \n\t<div class=\"is-border\"\n\t\tstyle=\"border-width:0px 0px 0px 0px;margin:0p 0px 0px 0px;\">\n\t<\/div>\n                    <\/div>\n\t\t\n        <div class=\"banner-layers container\">\n            <div class=\"fill banner-link\"><\/div>            \n\n   <div id=\"text-box-938131556\" class=\"text-box banner-layer text-box-circle naslovBaner x0 md-x0 lg-x0 y50 md-y50 lg-y50 res-text\">\n                     <div data-animate=\"fadeInLeft\">           <div class=\"text-box-content text dark\">\n              \n              <div class=\"text-inner text-center\">\n                  \n\n<h1 class=\"uppercase\"><span style=\"font-size: 95%;\"><strong>OZONATOR\u00cb P\u00cbR PASTRIMIN DHE FILTRIMIN E AJRIT<\/strong><\/span><\/h1>\n\n              <\/div>\n           <\/div>\n       <\/div>                     \n<style>\n#text-box-938131556 .text-box-content {\n  background-color: rgba(129, 178, 189, 0.72);\n  font-size: 60%;\n}\n#text-box-938131556 {\n  width: 66%;\n}\n@media (min-width:550px) {\n  #text-box-938131556 {\n    width: 36%;\n  }\n}\n<\/style>\n    <\/div>\n \n   <div id=\"text-box-2112932757\" class=\"text-box banner-layer text-box-circle kupiSega x70 md-x30 lg-x30 y85 md-y85 lg-y85 res-text\">\n                     <div data-animate=\"fadeInLeft\">           <div class=\"text-box-content text box-shadow-2 dark\">\n              \n              <div class=\"text-inner text-center\">\n                  \n\n<a href=\"\/sq\/product-category\/ozone-home-\u043e\u0437\u043e\u043d\u0430\u0442\u043e\u0440\u0438\/\" class=\"button white is-underline is-large\"  style=\"border-radius:99px;\">\n\t\t<span>BLEJE TANI!<\/span>\n\t<\/a>\n\n\n\n              <\/div>\n           <\/div>\n       <\/div>                     \n<style>\n#text-box-2112932757 .text-box-content {\n  background-color: rgb(198, 218, 191);\n  font-size: 100%;\n}\n#text-box-2112932757 {\n  width: 30%;\n}\n@media (min-width:550px) {\n  #text-box-2112932757 {\n    width: 14%;\n  }\n}\n<\/style>\n    <\/div>\n \n   <div id=\"text-box-1682902054\" class=\"text-box banner-layer text-box-circle doznajPoveke x15 md-x0 lg-x0 y90 md-y95 lg-y95 res-text\">\n                     <div data-animate=\"fadeInLeft\">           <div class=\"text-box-content text box-shadow-2 dark\">\n              \n              <div class=\"text-inner text-center\">\n                  \n\n<a href=\"\/sq\/category\/ozone-home\/\" class=\"button white is-underline is-large\"  style=\"border-radius:99px;\">\n\t\t<span>M\u00cbSO M\u00cb SHUM\u00cb<\/span>\n\t<\/a>\n\n\n\n              <\/div>\n           <\/div>\n       <\/div>                     \n<style>\n#text-box-1682902054 .text-box-content {\n  background-color: rgb(198, 218, 191);\n  font-size: 100%;\n}\n#text-box-1682902054 {\n  width: 30%;\n}\n@media (min-width:550px) {\n  #text-box-1682902054 {\n    width: 14%;\n  }\n}\n<\/style>\n    <\/div>\n \n\n        <\/div>\n      <\/div>\n\n            \n<style>\n#banner-1022445494 {\n  padding-top: 480px;\n}\n@media (min-width:550px) {\n  #banner-1022445494 {\n    padding-top: 40%;\n  }\n}\n<\/style>\n  <\/div>\n\n\n<div class=\"row align-center\"  id=\"row-1377086953\">\n\n\n\t<div id=\"col-2049011576\" class=\"col medium-8 small-9 large-8\"  >\n\t\t\t\t<div class=\"col-inner text-center\"  >\n\t\t\t\n\t\t\t\n\n<p><em>OzoneHome \u00ebsht\u00eb pajisja m\u00eb e mahnitshme dhe m\u00eb e fuqishme n\u00eb treg! P\u00ebrdorimi i tij me shum\u00eb q\u00ebllime e b\u00ebn at\u00eb t\u00eb domosdosh\u00ebm p\u00ebr njer\u00ebzit q\u00eb duan t\u00eb jetojn\u00eb n\u00eb m\u00ebnyr\u00eb t\u00eb sh\u00ebndetshme, gjat\u00eb dhe n\u00eb nj\u00eb mjedis t\u00eb past\u00ebr. Zbuloni p\u00ebrdorimin e tij me shum\u00eb q\u00ebllime dhe besoni se do t\u00eb jet\u00eb dashuria juaj me shikim t\u00eb par\u00eb.<\/em><\/p>\n\n\t\t<\/div>\n\t\t\t\t\t<\/div>\n\n\t\n\n<\/div>\n<div class=\"row row-collapse row-full-width\"  id=\"row-2086095793\">\n\n\n\t<div id=\"col-789047038\" class=\"col medium-6 small-12 large-6\"  >\n\t\t\t\t<div class=\"col-inner text-center\"  >\n\t\t\t\n\t\t\t\n\n\t<div class=\"img has-hover x md-x lg-x y md-y lg-y\" id=\"image_33906267\">\n\t\t<a class=\"\" href=\"https:\/\/ozone-gold.mk\/sq\/product\/ozone-home-air-screen-puro-3-0k\/\" >\t\t\t\t\t\t<div class=\"img-inner image-cover dark\" style=\"padding-top:56.25%;\">\n\t\t\t<img loading=\"lazy\" decoding=\"async\" width=\"2560\" height=\"1480\" src=\"https:\/\/ozone-gold.mk\/wp-content\/uploads\/2022\/10\/Pripremi-za-Ozone-Home-AL_-scaled.jpg\" class=\"attachment-original size-original\" alt=\"\" srcset=\"https:\/\/ozone-gold.mk\/wp-content\/uploads\/2022\/10\/Pripremi-za-Ozone-Home-AL_-scaled.jpg 2560w, https:\/\/ozone-gold.mk\/wp-content\/uploads\/2022\/10\/Pripremi-za-Ozone-Home-AL_-300x173.jpg 300w, https:\/\/ozone-gold.mk\/wp-content\/uploads\/2022\/10\/Pripremi-za-Ozone-Home-AL_-1024x592.jpg 1024w, https:\/\/ozone-gold.mk\/wp-content\/uploads\/2022\/10\/Pripremi-za-Ozone-Home-AL_-768x444.jpg 768w, https:\/\/ozone-gold.mk\/wp-content\/uploads\/2022\/10\/Pripremi-za-Ozone-Home-AL_-1536x888.jpg 1536w, https:\/\/ozone-gold.mk\/wp-content\/uploads\/2022\/10\/Pripremi-za-Ozone-Home-AL_-2048x1184.jpg 2048w, https:\/\/ozone-gold.mk\/wp-content\/uploads\/2022\/10\/Pripremi-za-Ozone-Home-AL_-18x10.jpg 18w, https:\/\/ozone-gold.mk\/wp-content\/uploads\/2022\/10\/Pripremi-za-Ozone-Home-AL_-1000x578.jpg 1000w\" sizes=\"auto, (max-width: 2560px) 100vw, 2560px\" \/>\t\t\t\t\t\t\n\t\t\t\t\t<\/div>\n\t\t\t\t\t\t<\/a>\t\t\n<style>\n#image_33906267 {\n  width: 100%;\n}\n<\/style>\n\t<\/div>\n\t\n\n\n\t\t<\/div>\n\t\t\t\t\t<\/div>\n\n\t\n\n\t<div id=\"col-1246276870\" class=\"col medium-6 small-12 large-6\"  >\n\t\t\t\t<div class=\"col-inner text-center\"  >\n\t\t\t\n\t\t\t\n\n\t<div class=\"img has-hover x md-x lg-x y md-y lg-y\" id=\"image_666774253\">\n\t\t<a class=\"\" href=\"https:\/\/ozone-gold.mk\/sq\/product\/ozone-home-air-screen\/\" >\t\t\t\t\t\t<div class=\"img-inner image-cover dark\" style=\"padding-top:56.25%;\">\n\t\t\t<img loading=\"lazy\" decoding=\"async\" width=\"2560\" height=\"1480\" src=\"https:\/\/ozone-gold.mk\/wp-content\/uploads\/2022\/10\/Pripremi-za-Ozone-Home-AL_2-scaled.jpg\" class=\"attachment-original size-original\" alt=\"\" srcset=\"https:\/\/ozone-gold.mk\/wp-content\/uploads\/2022\/10\/Pripremi-za-Ozone-Home-AL_2-scaled.jpg 2560w, https:\/\/ozone-gold.mk\/wp-content\/uploads\/2022\/10\/Pripremi-za-Ozone-Home-AL_2-300x173.jpg 300w, https:\/\/ozone-gold.mk\/wp-content\/uploads\/2022\/10\/Pripremi-za-Ozone-Home-AL_2-1024x592.jpg 1024w, https:\/\/ozone-gold.mk\/wp-content\/uploads\/2022\/10\/Pripremi-za-Ozone-Home-AL_2-768x444.jpg 768w, https:\/\/ozone-gold.mk\/wp-content\/uploads\/2022\/10\/Pripremi-za-Ozone-Home-AL_2-1536x888.jpg 1536w, https:\/\/ozone-gold.mk\/wp-content\/uploads\/2022\/10\/Pripremi-za-Ozone-Home-AL_2-2048x1184.jpg 2048w, https:\/\/ozone-gold.mk\/wp-content\/uploads\/2022\/10\/Pripremi-za-Ozone-Home-AL_2-18x10.jpg 18w, https:\/\/ozone-gold.mk\/wp-content\/uploads\/2022\/10\/Pripremi-za-Ozone-Home-AL_2-1000x578.jpg 1000w\" sizes=\"auto, (max-width: 2560px) 100vw, 2560px\" \/>\t\t\t\t\t\t\n\t\t\t\t\t<\/div>\n\t\t\t\t\t\t<\/a>\t\t\n<style>\n#image_666774253 {\n  width: 100%;\n}\n<\/style>\n\t<\/div>\n\t\n\n\n\t\t<\/div>\n\t\t\t\t\t<\/div>\n\n\t\n\n<\/div>\n<div class=\"row align-center\"  id=\"row-1391203106\">\n\n\n\t<div id=\"col-2106343133\" class=\"col medium-6 small-9 large-6\"  >\n\t\t\t\t<div class=\"col-inner\"  >\n\t\t\t\n\t\t\t\n\n\t<div id=\"gap-1251064777\" class=\"gap-element clearfix\" style=\"display:block; height:auto;\">\n\t\t\n<style>\n#gap-1251064777 {\n  padding-top: 85px;\n}\n<\/style>\n\t<\/div>\n\t\n\n<h2><span style=\"font-size: 140%;\">OZONE GOLD &#8211; OZONE HOME<\/span><\/h2>\n<p>Pastrimi m\u00eb i shpejt\u00eb dhe m\u00eb efektiv i hap\u00ebsir\u00ebs s\u00eb jetes\u00ebs, eliminoni bakteret dhe viruset q\u00eb gjenden n\u00eb sip\u00ebrfaqen<\/p>\n<a href=\"\/sq\/category\/ozone-home\/\" class=\"button primary is-bevel\"  style=\"border-radius:99px;\">\n\t\t<span>Lexo m\u00eb shum\u00eb!<\/span>\n\t<\/a>\n\n\n\n\t\t<\/div>\n\t\t\t\t\t<\/div>\n\n\t\n\n\t<div id=\"col-1868870733\" class=\"col medium-6 small-12 large-6\"  >\n\t\t\t\t<div class=\"col-inner\"  >\n\t\t\t\n\t\t\t\n\n\t<div class=\"img has-hover x md-x lg-x y md-y lg-y\" id=\"image_1281831703\">\n\t\t\t\t\t\t\t\t<div class=\"img-inner dark\" >\n\t\t\t<img loading=\"lazy\" decoding=\"async\" width=\"2083\" height=\"1667\" src=\"https:\/\/ozone-gold.mk\/wp-content\/uploads\/2022\/03\/Pripremi-za-Ozone-Home-17.03.2022.png\" class=\"attachment-original size-original\" alt=\"\" srcset=\"https:\/\/ozone-gold.mk\/wp-content\/uploads\/2022\/03\/Pripremi-za-Ozone-Home-17.03.2022.png 2083w, https:\/\/ozone-gold.mk\/wp-content\/uploads\/2022\/03\/Pripremi-za-Ozone-Home-17.03.2022-1000x800.png 1000w, https:\/\/ozone-gold.mk\/wp-content\/uploads\/2022\/03\/Pripremi-za-Ozone-Home-17.03.2022-300x240.png 300w, https:\/\/ozone-gold.mk\/wp-content\/uploads\/2022\/03\/Pripremi-za-Ozone-Home-17.03.2022-1024x819.png 1024w, https:\/\/ozone-gold.mk\/wp-content\/uploads\/2022\/03\/Pripremi-za-Ozone-Home-17.03.2022-768x615.png 768w, https:\/\/ozone-gold.mk\/wp-content\/uploads\/2022\/03\/Pripremi-za-Ozone-Home-17.03.2022-1536x1229.png 1536w, https:\/\/ozone-gold.mk\/wp-content\/uploads\/2022\/03\/Pripremi-za-Ozone-Home-17.03.2022-2048x1639.png 2048w, https:\/\/ozone-gold.mk\/wp-content\/uploads\/2022\/03\/Pripremi-za-Ozone-Home-17.03.2022-15x12.png 15w\" sizes=\"auto, (max-width: 2083px) 100vw, 2083px\" \/>\t\t\t\t\t\t\n\t\t\t\t\t<\/div>\n\t\t\t\t\t\t\t\t\n<style>\n#image_1281831703 {\n  width: 100%;\n}\n<\/style>\n\t<\/div>\n\t\n\n\n\t\t<\/div>\n\t\t\t\t\t<\/div>\n\n\t\n\n<\/div>\n<div class=\"row row-collapse row-full-width\"  id=\"row-719483200\">\n\n\n\t<div id=\"col-227782207\" class=\"col small-12 large-12\"  >\n\t\t\t\t<div class=\"col-inner\"  >\n\t\t\t\n\t\t\t\n\n\t<div class=\"img has-hover x md-x lg-x y md-y lg-y\" id=\"image_1854013107\">\n\t\t\t\t\t\t\t\t<div class=\"img-inner image-cover dark\" style=\"padding-top:40%;\">\n\t\t\t<img loading=\"lazy\" decoding=\"async\" width=\"1903\" height=\"761\" src=\"https:\/\/ozone-gold.mk\/wp-content\/uploads\/2022\/04\/Baner-Ozone-Gold-Air-Purifier-17.03.2022.jpg\" class=\"attachment-original size-original\" alt=\"\" srcset=\"https:\/\/ozone-gold.mk\/wp-content\/uploads\/2022\/04\/Baner-Ozone-Gold-Air-Purifier-17.03.2022.jpg 1903w, https:\/\/ozone-gold.mk\/wp-content\/uploads\/2022\/04\/Baner-Ozone-Gold-Air-Purifier-17.03.2022-1000x400.jpg 1000w, https:\/\/ozone-gold.mk\/wp-content\/uploads\/2022\/04\/Baner-Ozone-Gold-Air-Purifier-17.03.2022-300x120.jpg 300w, https:\/\/ozone-gold.mk\/wp-content\/uploads\/2022\/04\/Baner-Ozone-Gold-Air-Purifier-17.03.2022-1024x409.jpg 1024w, https:\/\/ozone-gold.mk\/wp-content\/uploads\/2022\/04\/Baner-Ozone-Gold-Air-Purifier-17.03.2022-768x307.jpg 768w, https:\/\/ozone-gold.mk\/wp-content\/uploads\/2022\/04\/Baner-Ozone-Gold-Air-Purifier-17.03.2022-1536x614.jpg 1536w, https:\/\/ozone-gold.mk\/wp-content\/uploads\/2022\/04\/Baner-Ozone-Gold-Air-Purifier-17.03.2022-18x7.jpg 18w\" sizes=\"auto, (max-width: 1903px) 100vw, 1903px\" \/>\t\t\t\t\t\t\n\t\t\t\t\t<\/div>\n\t\t\t\t\t\t\t\t\n<style>\n#image_1854013107 {\n  width: 100%;\n}\n<\/style>\n\t<\/div>\n\t\n\n\n\t\t<\/div>\n\t\t\t\t\t<\/div>\n\n\t\n\n<\/div>\n\n\t<section class=\"section\" id=\"section_109812930\">\n\t\t<div class=\"section-bg fill\" >\n\t\t\t\t\t\t\t\t\t\n\t\t\t\n\n\t\t<\/div>\n\n\t\t\n\n\t\t<div class=\"section-content relative\">\n\t\t\t\n\n\t<div id=\"gap-1422101706\" class=\"gap-element clearfix\" style=\"display:block; height:auto;\">\n\t\t\n<style>\n#gap-1422101706 {\n  padding-top: 45px;\n}\n<\/style>\n\t<\/div>\n\t\n\n<div class=\"row align-center\"  id=\"row-629772064\">\n\n\n\t<div id=\"col-1508441480\" class=\"col medium-3 small-10 large-3\"  >\n\t\t\t\t<div class=\"col-inner text-center\"  >\n\t\t\t\n\t\t\t\n\n\t<div id=\"gap-753476106\" class=\"gap-element clearfix\" style=\"display:block; height:auto;\">\n\t\t\n<style>\n#gap-753476106 {\n  padding-top: 15px;\n}\n<\/style>\n\t<\/div>\n\t\n\n\t<div id=\"gap-1194445238\" class=\"gap-element clearfix\" style=\"display:block; height:auto;\">\n\t\t\n<style>\n#gap-1194445238 {\n  padding-top: 30px;\n}\n<\/style>\n\t<\/div>\n\t\n\n\n\t\t<div class=\"icon-box featured-box icon-box-center text-center\"  >\n\t\t\t\t\t<div class=\"icon-box-img\" style=\"width: 100px\">\n\t\t\t\t<div class=\"icon\">\n\t\t\t\t\t<div class=\"icon-inner\" style=\"color:rgb(129, 178, 189);\">\n\t\t\t\t\t\t<img loading=\"lazy\" decoding=\"async\" width=\"152\" height=\"152\" src=\"https:\/\/ozone-gold.mk\/wp-content\/uploads\/2021\/05\/Untitled-1-1.jpg\" class=\"attachment-medium size-medium\" alt=\"\" srcset=\"https:\/\/ozone-gold.mk\/wp-content\/uploads\/2021\/05\/Untitled-1-1.jpg 152w, https:\/\/ozone-gold.mk\/wp-content\/uploads\/2021\/05\/Untitled-1-1-100x100.jpg 100w, https:\/\/ozone-gold.mk\/wp-content\/uploads\/2021\/05\/Untitled-1-150x150-1.jpg 150w, https:\/\/ozone-gold.mk\/wp-content\/uploads\/2021\/05\/Untitled-1-12x12.png 12w\" sizes=\"auto, (max-width: 152px) 100vw, 152px\" \/>\t\t\t\t\t<\/div>\n\t\t\t\t<\/div>\n\t\t\t<\/div>\n\t\t\t\t<div class=\"icon-box-text last-reset\">\n\t\t\t\t\t\t\t\t\t\n\n<h3>Dezinfekton<\/h3>\n<p>Eliminoni t\u00eb gjitha bakteret e lidhura n\u00eb sip\u00ebrfaqe. Kujdesi i fytyr\u00ebs<\/p>\n\t<div id=\"gap-1214804685\" class=\"gap-element clearfix\" style=\"display:block; height:auto;\">\n\t\t\n<style>\n#gap-1214804685 {\n  padding-top: 30px;\n}\n<\/style>\n\t<\/div>\n\t\n\n\n\t\t<\/div>\n\t<\/div>\n\t\n\t\n\n\t\t<div class=\"icon-box featured-box icon-box-center text-center\"  >\n\t\t\t\t\t<div class=\"icon-box-img\" style=\"width: 100px\">\n\t\t\t\t<div class=\"icon\">\n\t\t\t\t\t<div class=\"icon-inner\" style=\"color:rgb(129, 178, 189);\">\n\t\t\t\t\t\t<img loading=\"lazy\" decoding=\"async\" width=\"152\" height=\"152\" src=\"https:\/\/ozone-gold.mk\/wp-content\/uploads\/2021\/05\/Untitled-2.jpg\" class=\"attachment-medium size-medium\" alt=\"\" srcset=\"https:\/\/ozone-gold.mk\/wp-content\/uploads\/2021\/05\/Untitled-2.jpg 152w, https:\/\/ozone-gold.mk\/wp-content\/uploads\/2021\/05\/Untitled-2-100x100.jpg 100w, https:\/\/ozone-gold.mk\/wp-content\/uploads\/2021\/05\/Untitled-2-150x150.jpg 150w, https:\/\/ozone-gold.mk\/wp-content\/uploads\/2021\/05\/Untitled-2-12x12.png 12w\" sizes=\"auto, (max-width: 152px) 100vw, 152px\" \/>\t\t\t\t\t<\/div>\n\t\t\t\t<\/div>\n\t\t\t<\/div>\n\t\t\t\t<div class=\"icon-box-text last-reset\">\n\t\t\t\t\t\t\t\t\t\n\n<h3>Sterilizon<\/h3>\n<p>Eliminoni bakteret n\u00eb aj\u00ebr.<\/p>\n\n\t\t<\/div>\n\t<\/div>\n\t\n\t\n\n\t\t<\/div>\n\t\t\t\t\t<\/div>\n\n\t\n\n\t<div id=\"col-325262504\" class=\"col medium-6 small-12 large-6\"  >\n\t\t\t\t<div class=\"col-inner\"  >\n\t\t\t\n\t\t\t\n\n\n  <div class=\"banner has-hover\" id=\"banner-1955200180\">\n          <div class=\"banner-inner fill\">\n        <div class=\"banner-bg fill\" >\n            <img loading=\"lazy\" decoding=\"async\" width=\"800\" height=\"800\" src=\"https:\/\/ozone-gold.mk\/wp-content\/uploads\/2021\/05\/Hb0f2fa65c19047db872a67dbc5776822z.jpg\" class=\"bg attachment-original size-original\" alt=\"\" \/>                                    \n\t<div class=\"is-border\"\n\t\tstyle=\"border-width:0px 0px 0px 0px;\">\n\t<\/div>\n                    <\/div>\n\t\t\n        <div class=\"banner-layers container\">\n            <div class=\"fill banner-link\"><\/div>            \n\n   <div id=\"text-box-369216684\" class=\"text-box banner-layer x50 md-x50 lg-x50 y50 md-y50 lg-y50 res-text\">\n                                <div class=\"text-box-content text dark\">\n              \n              <div class=\"text-inner text-center\">\n                  \n\n\n              <\/div>\n           <\/div>\n                            \n<style>\n#text-box-369216684 {\n  width: 60%;\n}\n#text-box-369216684 .text-box-content {\n  font-size: 100%;\n}\n@media (min-width:550px) {\n  #text-box-369216684 {\n    width: 60%;\n  }\n}\n<\/style>\n    <\/div>\n \n\n        <\/div>\n      <\/div>\n\n            \n<style>\n#banner-1955200180 {\n  padding-top: 401px;\n}\n#banner-1955200180 .banner-bg img {\n  object-position: 0% 0%;\n}\n@media (min-width:550px) {\n  #banner-1955200180 {\n    padding-top: 600px;\n  }\n}\n<\/style>\n  <\/div>\n\n\n\n\t\t<\/div>\n\t\t\t\t\t<\/div>\n\n\t\n\n\t<div id=\"col-1665904205\" class=\"col medium-3 small-10 large-3\"  >\n\t\t\t\t<div class=\"col-inner\"  >\n\t\t\t\n\t\t\t\n\n\t<div id=\"gap-636106091\" class=\"gap-element clearfix\" style=\"display:block; height:auto;\">\n\t\t\n<style>\n#gap-636106091 {\n  padding-top: 15px;\n}\n<\/style>\n\t<\/div>\n\t\n\n\t<div id=\"gap-1951946313\" class=\"gap-element clearfix\" style=\"display:block; height:auto;\">\n\t\t\n<style>\n#gap-1951946313 {\n  padding-top: 30px;\n}\n<\/style>\n\t<\/div>\n\t\n\n\n\t\t<div class=\"icon-box featured-box icon-box-center text-center\"  >\n\t\t\t\t\t<div class=\"icon-box-img\" style=\"width: 100px\">\n\t\t\t\t<div class=\"icon\">\n\t\t\t\t\t<div class=\"icon-inner\" style=\"color:rgb(129, 178, 189);\">\n\t\t\t\t\t\t<img loading=\"lazy\" decoding=\"async\" width=\"152\" height=\"152\" src=\"https:\/\/ozone-gold.mk\/wp-content\/uploads\/2021\/05\/Untitled-3.jpg\" class=\"attachment-medium size-medium\" alt=\"\" srcset=\"https:\/\/ozone-gold.mk\/wp-content\/uploads\/2021\/05\/Untitled-3.jpg 152w, https:\/\/ozone-gold.mk\/wp-content\/uploads\/2021\/05\/Untitled-3-100x100.jpg 100w, https:\/\/ozone-gold.mk\/wp-content\/uploads\/2021\/05\/Untitled-3-150x150.jpg 150w, https:\/\/ozone-gold.mk\/wp-content\/uploads\/2021\/05\/Untitled-3-12x12.png 12w\" sizes=\"auto, (max-width: 152px) 100vw, 152px\" \/>\t\t\t\t\t<\/div>\n\t\t\t\t<\/div>\n\t\t\t<\/div>\n\t\t\t\t<div class=\"icon-box-text last-reset\">\n\t\t\t\t\t\t\t\t\t\n\n<h3>Jonizon<\/h3>\n<p>Rifreskoni ajrin brenda hap\u00ebsirave t\u00eb mbyllura.<\/p>\n\t<div id=\"gap-1302478972\" class=\"gap-element clearfix\" style=\"display:block; height:auto;\">\n\t\t\n<style>\n#gap-1302478972 {\n  padding-top: 30px;\n}\n<\/style>\n\t<\/div>\n\t\n\n\n\t\t<\/div>\n\t<\/div>\n\t\n\t\n\n\t\t<div class=\"icon-box featured-box icon-box-center text-center\"  >\n\t\t\t\t\t<div class=\"icon-box-img\" style=\"width: 100px\">\n\t\t\t\t<div class=\"icon\">\n\t\t\t\t\t<div class=\"icon-inner\" style=\"color:rgb(129, 178, 189);\">\n\t\t\t\t\t\t<img loading=\"lazy\" decoding=\"async\" width=\"152\" height=\"152\" src=\"https:\/\/ozone-gold.mk\/wp-content\/uploads\/2021\/05\/Untitled-4-1.jpg\" class=\"attachment-medium size-medium\" alt=\"\" srcset=\"https:\/\/ozone-gold.mk\/wp-content\/uploads\/2021\/05\/Untitled-4-1.jpg 152w, https:\/\/ozone-gold.mk\/wp-content\/uploads\/2021\/05\/Untitled-4-1-100x100.jpg 100w, https:\/\/ozone-gold.mk\/wp-content\/uploads\/2021\/05\/Untitled-4-150x150-1.jpg 150w, https:\/\/ozone-gold.mk\/wp-content\/uploads\/2021\/05\/Untitled-4-12x12.png 12w\" sizes=\"auto, (max-width: 152px) 100vw, 152px\" \/>\t\t\t\t\t<\/div>\n\t\t\t\t<\/div>\n\t\t\t<\/div>\n\t\t\t\t<div class=\"icon-box-text last-reset\">\n\t\t\t\t\t\t\t\t\t\n\n<h3>Pastron<\/h3>\n<p>Eliminoni alergeneve n\u00eb aj\u00ebr.<\/p>\n\n\t\t<\/div>\n\t<\/div>\n\t\n\t\n\n\t\t<\/div>\n\t\t\t\t\t<\/div>\n\n\t\n\n<\/div>\n\n\t\t<\/div>\n\n\t\t\n<style>\n#section_109812930 {\n  padding-top: 30px;\n  padding-bottom: 30px;\n}\n<\/style>\n\t<\/section>","protected":false},"excerpt":{"rendered":"","protected":false},"author":1,"featured_media":0,"parent":0,"menu_order":0,"comment_status":"closed","ping_status":"closed","template":"page-blank.php","meta":{"footnotes":""},"class_list":["post-147","page","type-page","status-publish","hentry"],"yoast_head":"<!-- This site is optimized with the Yoast SEO Premium plugin v26.2 (Yoast SEO v27.2) - https:\/\/yoast.com\/product\/yoast-seo-premium-wordpress\/ -->\n<title>Ozone Gold Home - OZONE GOLD<\/title>\n<meta name=\"robots\" content=\"index, follow, max-snippet:-1, max-image-preview:large, max-video-preview:-1\" \/>\n<link rel=\"canonical\" href=\"https:\/\/ozone-gold.mk\/sq\/ozone-gold-home\/\" \/>\n<meta property=\"og:locale\" content=\"sq_AL\" \/>\n<meta property=\"og:type\" content=\"article\" \/>\n<meta property=\"og:title\" content=\"Ozone Gold Home\" \/>\n<meta property=\"og:url\" content=\"https:\/\/ozone-gold.mk\/sq\/ozone-gold-home\/\" \/>\n<meta property=\"og:site_name\" content=\"OZONE GOLD\" \/>\n<meta property=\"article:modified_time\" content=\"2022-04-20T09:10:57+00:00\" \/>\n<meta name=\"twitter:card\" content=\"summary_large_image\" \/>\n<meta name=\"twitter:label1\" content=\"Est. reading time\" \/>\n\t<meta name=\"twitter:data1\" content=\"2 minuta\" \/>\n<script type=\"application\/ld+json\" class=\"yoast-schema-graph\">{\"@context\":\"https:\/\/schema.org\",\"@graph\":[{\"@type\":\"WebPage\",\"@id\":\"https:\/\/ozone-gold.mk\/ozone-gold-home\/\",\"url\":\"https:\/\/ozone-gold.mk\/ozone-gold-home\/\",\"name\":\"Ozone Gold Home - OZONE GOLD\",\"isPartOf\":{\"@id\":\"https:\/\/ozone-gold.mk\/sq\/#website\"},\"datePublished\":\"2021-05-06T11:57:01+00:00\",\"dateModified\":\"2022-04-20T09:10:57+00:00\",\"breadcrumb\":{\"@id\":\"https:\/\/ozone-gold.mk\/ozone-gold-home\/#breadcrumb\"},\"inLanguage\":\"sq\",\"potentialAction\":[{\"@type\":\"ReadAction\",\"target\":[\"https:\/\/ozone-gold.mk\/ozone-gold-home\/\"]}]},{\"@type\":\"BreadcrumbList\",\"@id\":\"https:\/\/ozone-gold.mk\/ozone-gold-home\/#breadcrumb\",\"itemListElement\":[{\"@type\":\"ListItem\",\"position\":1,\"name\":\"Home\",\"item\":\"https:\/\/ozone-gold.mk\/\"},{\"@type\":\"ListItem\",\"position\":2,\"name\":\"Ozone Gold Home\"}]},{\"@type\":\"WebSite\",\"@id\":\"https:\/\/ozone-gold.mk\/sq\/#website\",\"url\":\"https:\/\/ozone-gold.mk\/sq\/\",\"name\":\"OZONE GOLD\",\"description\":\"\",\"potentialAction\":[{\"@type\":\"SearchAction\",\"target\":{\"@type\":\"EntryPoint\",\"urlTemplate\":\"https:\/\/ozone-gold.mk\/sq\/?s={search_term_string}\"},\"query-input\":{\"@type\":\"PropertyValueSpecification\",\"valueRequired\":true,\"valueName\":\"search_term_string\"}}],\"inLanguage\":\"sq\"}]}<\/script>\n<!-- \/ Yoast SEO Premium plugin. -->","yoast_head_json":{"title":"Ozone Gold Home - OZONE GOLD","robots":{"index":"index","follow":"follow","max-snippet":"max-snippet:-1","max-image-preview":"max-image-preview:large","max-video-preview":"max-video-preview:-1"},"canonical":"https:\/\/ozone-gold.mk\/sq\/ozone-gold-home\/","og_locale":"sq_AL","og_type":"article","og_title":"Ozone Gold Home","og_url":"https:\/\/ozone-gold.mk\/sq\/ozone-gold-home\/","og_site_name":"OZONE GOLD","article_modified_time":"2022-04-20T09:10:57+00:00","twitter_card":"summary_large_image","twitter_misc":{"Est. reading time":"2 minuta"},"schema":{"@context":"https:\/\/schema.org","@graph":[{"@type":"WebPage","@id":"https:\/\/ozone-gold.mk\/ozone-gold-home\/","url":"https:\/\/ozone-gold.mk\/ozone-gold-home\/","name":"Ozone Gold Home - OZONE GOLD","isPartOf":{"@id":"https:\/\/ozone-gold.mk\/sq\/#website"},"datePublished":"2021-05-06T11:57:01+00:00","dateModified":"2022-04-20T09:10:57+00:00","breadcrumb":{"@id":"https:\/\/ozone-gold.mk\/ozone-gold-home\/#breadcrumb"},"inLanguage":"sq","potentialAction":[{"@type":"ReadAction","target":["https:\/\/ozone-gold.mk\/ozone-gold-home\/"]}]},{"@type":"BreadcrumbList","@id":"https:\/\/ozone-gold.mk\/ozone-gold-home\/#breadcrumb","itemListElement":[{"@type":"ListItem","position":1,"name":"Home","item":"https:\/\/ozone-gold.mk\/"},{"@type":"ListItem","position":2,"name":"Ozone Gold Home"}]},{"@type":"WebSite","@id":"https:\/\/ozone-gold.mk\/sq\/#website","url":"https:\/\/ozone-gold.mk\/sq\/","name":"OZONE GOLD","description":"","potentialAction":[{"@type":"SearchAction","target":{"@type":"EntryPoint","urlTemplate":"https:\/\/ozone-gold.mk\/sq\/?s={search_term_string}"},"query-input":{"@type":"PropertyValueSpecification","valueRequired":true,"valueName":"search_term_string"}}],"inLanguage":"sq"}]}},"_links":{"self":[{"href":"https:\/\/ozone-gold.mk\/sq\/wp-json\/wp\/v2\/pages\/147","targetHints":{"allow":["GET"]}}],"collection":[{"href":"https:\/\/ozone-gold.mk\/sq\/wp-json\/wp\/v2\/pages"}],"about":[{"href":"https:\/\/ozone-gold.mk\/sq\/wp-json\/wp\/v2\/types\/page"}],"author":[{"embeddable":true,"href":"https:\/\/ozone-gold.mk\/sq\/wp-json\/wp\/v2\/users\/1"}],"replies":[{"embeddable":true,"href":"https:\/\/ozone-gold.mk\/sq\/wp-json\/wp\/v2\/comments?post=147"}],"version-history":[{"count":0,"href":"https:\/\/ozone-gold.mk\/sq\/wp-json\/wp\/v2\/pages\/147\/revisions"}],"wp:attachment":[{"href":"https:\/\/ozone-gold.mk\/sq\/wp-json\/wp\/v2\/media?parent=147"}],"curies":[{"name":"wp","href":"https:\/\/api.w.org\/{rel}","templated":true}]}}