{"id":17197,"date":"2021-05-25T11:09:50","date_gmt":"2021-05-25T11:09:50","guid":{"rendered":"https:\/\/ozone-gold.mk\/?page_id=17197"},"modified":"2025-01-29T14:45:19","modified_gmt":"2025-01-29T13:45:19","slug":"za-nas-ozone-gold-mk","status":"publish","type":"page","link":"https:\/\/ozone-gold.mk\/sq\/za-nas-ozone-gold-mk\/","title":{"rendered":"P\u00cbR NE"},"content":{"rendered":"<style>\np{text-align: justify !important;}\n<\/style>\n\n\t<section class=\"section\" id=\"section_802546191\">\n\t\t<div class=\"section-bg fill\" >\n\t\t\t\t\t\t\t\t\t\n\t\t\t\n\n\t\t<\/div>\n\n\t\t\n\n\t\t<div class=\"section-content relative\">\n\t\t\t\n\n<div class=\"row\"  id=\"row-1214642396\">\n\n\n\t<div id=\"col-1159597679\" class=\"col small-12 large-12\"  >\n\t\t\t\t<div class=\"col-inner\"  >\n\t\t\t\n\t\t\t\n\n<h1 style=\"text-align: center;\">\u00c7far\u00eb \u00ebsht\u00eb OZONE GOLD?<\/h1>\n<p>OZONE GOLD \u00ebsht\u00eb nj\u00eb linj\u00eb produktesh unike, e prodhuar sipas standardeve m\u00eb moderne dhe synon t\u00eb p\u00ebrmir\u00ebsoj\u00eb sh\u00ebndetin dhe t\u00eb ushqej\u00eb bukurin\u00eb. Produktet e k\u00ebsaj marke gjermane prodhohen n\u00eb p\u00ebrputhje me praktik\u00ebn e mir\u00eb t\u00eb prodhimit dhe standardet m\u00eb t\u00eb larta t\u00eb cil\u00ebsis\u00eb. P\u00ebrb\u00ebr\u00ebsit kryesor\u00eb t\u00eb produkteve OZONE GOLD jan\u00eb vaji i ullirit me presion t\u00eb ftoht\u00eb (EVOO), i cili p\u00ebrftohet nga ullinjt\u00eb me l\u00ebng dhe t\u00eb pjekur nga rajoni i Mesdheut dhe ozoni i past\u00ebr mjek\u00ebsor (O3), i cili p\u00ebrftohet me nj\u00eb proces t\u00eb ve\u00e7ant\u00eb teknologjik.<\/p>\n<h1 style=\"text-align: center;\">CILI \u00cbSHT\u00cb SEKRETI I PRODUKTEVE T\u00cb ARIT T\u00cb OZONIT?<\/h1>\n<p>Vaji i ozonizuar i ullirit q\u00eb p\u00ebrmbahet n\u00eb produktet Ozone Gold pastron l\u00ebkur\u00ebn nga bakteret dhe viruset dhe p\u00ebrshpejton qarkullimin e gjakut, dhe oksigjeni intensiv i \u00e7liruar p\u00ebrshpejton vet\u00eb-sh\u00ebrimin e sip\u00ebrfaqes s\u00eb d\u00ebmtuar t\u00eb l\u00ebkur\u00ebs. Mekanizmi i dyt\u00eb i veprimit \u00ebsht\u00eb aktivizimi i sistemeve rigjeneruese t\u00eb trupit duke krijuar kontrollin e stresit oksidativ. P\u00ebrve\u00e7 k\u00ebsaj, ozoni rrit efektet e substancave t\u00eb p\u00ebrdorura deri n\u00eb dhjet\u00eb her\u00eb.<\/p>\n<h1 style=\"text-align: center;\">KUJDESI DHE BUKURI<\/h1>\n<p>Flok\u00eb t\u00eb that\u00eb dhe t\u00eb d\u00ebmtuar, humbje flok\u00ebsh, \u00e7ehre pa jet\u00eb, l\u00ebkur\u00eb t\u00eb lodhur, pu\u00e7rra dhe njolla ose ndoshta celulit, programi i kujdesit dhe bukuris\u00eb Ozone Gold p\u00ebrfshin produkte me cil\u00ebsi t\u00eb lart\u00eb q\u00eb jan\u00eb provuar t\u00eb jen\u00eb zgjidhja e duhur. Kjo palet\u00eb e pasur p\u00ebrfshin kremra mjek\u00ebsor\u00eb me sasi t\u00eb madhe ozoni, program p\u00ebr kujdesin e fytyr\u00ebs, kremra kund\u00ebr plakjes, program t\u00eb plot\u00eb p\u00ebr mbrojtjen e flok\u00ebve, produkte kund\u00ebr celulitit, si dhe produkte p\u00ebr kujdesin e trupit. Duke i p\u00ebrfshir\u00eb k\u00ebto produkte n\u00eb rutin\u00ebn tuaj t\u00eb p\u00ebrditshme t\u00eb kujdesit, pak\u00ebnaq\u00ebsia me pamjen tuaj nuk do t\u00eb jet\u00eb m\u00eb penges\u00eb p\u00ebr vet\u00ebbesimin tuaj.<\/p>\n<h1 style=\"text-align: center;\">FAKTORI I OZONIT - KAPSULA E PAR\u00cb E OZONIZUAR P\u00cbR OZON TERAPIN\u00cb ORALE<\/h1>\n<p>Vaji i ullirit t\u00eb ozonit n\u00eb kapsul\u00ebn e art\u00eb t\u00eb Ozonit \u00ebsht\u00eb mjaft i fuqish\u00ebm p\u00ebr t\u00eb forcuar sistemin imunitar dhe p\u00ebr t\u00eb p\u00ebrmir\u00ebsuar vitalitetin, sepse ozoni \u00ebsht\u00eb nj\u00eb antioksidant q\u00eb ndihmon trupin t\u00eb furnizoj\u00eb me oksigjen dhe t\u00eb eliminoj\u00eb shpejt k\u00ebrpudhat, bakteret dhe viruset dhe t\u00eb mbrohet nga s\u00ebmundjet. \u00cbsht\u00eb i shk\u00eblqyesh\u00ebm p\u00ebr rregullimin e tretjes, ndihmon n\u00eb rregullimin e Helicobacter pylori si dhe rregullimin e alergjive kronike. Lista e p\u00ebrfitimeve \u00ebsht\u00eb e gjat\u00eb\u2026, dhe gj\u00ebja m\u00eb e r\u00ebnd\u00ebsishme \u00ebsht\u00eb se p\u00ebrdorimi i rregullt i k\u00ebtyre kapsulave do t\u00eb p\u00ebrmir\u00ebsoj\u00eb pun\u00ebn e t\u00eb gjitha qelizave dhe organeve n\u00eb trup. Do t\u00eb keni m\u00eb shum\u00eb energji dhe do t\u00eb p\u00ebrmir\u00ebsoni sh\u00ebndetin e t\u00eb gjith\u00eb organizmit.<\/p>\n<h1 style=\"text-align: center;\">OZON<\/h1>\n<p>Ozoni (OZ) \u00ebsht\u00eb molekul\u00eb e pasuruar me oksigjen, q\u00eb gjendet n\u00eb m\u00ebnyr\u00eb t\u00eb natyrshme n\u00eb stratosfer\u00ebn e Tok\u00ebs. Detyra e tij kryesore \u00ebsht\u00eb ta mbroj\u00eb Tok\u00ebn nga rrezatimi i d\u00ebmsh\u00ebm ultravjollc\u00eb t\u00eb Diellit, n\u00eb m\u00ebnyr\u00eb q\u00eb t\u00eb thith\u00eb pjes\u00ebn m\u00eb t\u00eb madhe t\u00eb rrezatimit t\u00eb tij. N\u00eb mjek\u00ebsin\u00eb, terapia me ozon p\u00ebrdoret p\u00ebr dezinfektim, trajtim t\u00eb kushteve t\u00eb caktuara mjek\u00ebsore dhe indeve t\u00eb d\u00ebmtuara me ndihm\u00ebn e oksigjenit dhe stimulim aktiv t\u00eb sistemit imunitar. Terapia me ozon siguron efekt antibakterial, antiviral, antifungal, antioksidues dhe imunostimulues, q\u00eb \u00ebsht\u00eb konfirmuar me studime t\u00eb shumta shkencore.<\/p>\n<p>Ozoni \u00ebsht\u00eb antioksidues i fuqish\u00ebm, i cili stimulon dhe forcon sistemin imunitar p\u00ebr disa her\u00eb. Nikola Tesla, r\u00ebnd\u00ebsin\u00eb e veprimit t\u00eb tij ka treguar n\u00eb hulumtimin e tij, k\u00ebshtu q\u00eb ai e rekomandoi at\u00eb edhe at\u00ebher\u00eb, dhe e p\u00ebrdori vet\u00eb. \u00cbsht\u00eb ve\u00e7an\u00ebrisht e dobishme p\u00ebr popullsin\u00eb n\u00eb zonat urbane, ku ndotja e mjedisit (toka, uji, ajri) \u00ebsht\u00eb ve\u00e7an\u00ebrisht e lart\u00eb. Ozoni, si nj\u00eb antioksidues i fuqish\u00ebm, me veprimin e tij e sjell organizmin n\u00eb baraspesh\u00ebn e nevojshme dhe e mbron organizmin nga shum\u00eb ndikime t\u00eb d\u00ebmshme nga mjedisi i jasht\u00ebm.<\/p>\n<p>Dihet q\u00eb shum\u00eb s\u00ebmundje paraqiten si pasoj\u00eb t\u00eb akumulimit t\u00eb toksinave n\u00eb trup, t\u00eb shkaktuara nga p\u00ebrqendrimi i zvog\u00ebluar ose mungesa e oksigjenit n\u00eb trup. Shum\u00eb studime kan\u00eb sugjeruar prej koh\u00ebsh se ozoni ka p\u00ebrdorim t\u00eb r\u00ebnd\u00ebsish\u00ebm n\u00eb mjek\u00ebsin\u00eb dhe p\u00ebr k\u00ebt\u00eb arsye p\u00ebrdoret gjithnj\u00eb e m\u00eb shum\u00eb p\u00ebr q\u00ebllime mjek\u00ebsore dhe kozmetike.<\/p>\n<h1 style=\"text-align: center;\">VAJ I ULLIRIT<\/h1>\n<p>Vaji i ullirit (EVOO), p\u00ebr shkak t\u00eb p\u00ebrb\u00ebrjeve t\u00eb tij t\u00eb dobishme, p\u00ebrdpret n\u00eb mjek\u00ebsin\u00eb tradicionale n\u00eb t\u00eb gjith\u00eb bot\u00ebn p\u00ebr shekuj dhe \u00ebsht\u00eb jasht\u00ebzakonisht d\u00ebshirueshme q\u00eb t\u00eb p\u00ebrdoret, si p\u00ebr p\u00ebrmir\u00ebsimin e sh\u00ebndetit ashtu edhe p\u00ebr kujdesin e bukuris\u00eb.<\/p>\n<p>\u00cbsht\u00eb i pasur me vitaminat (A; D; E; K), dhe p\u00ebrve\u00e7 vitaminave, vaji i ullirit p\u00ebrmban edhe klorofil, lecitin\u00eb, karoten dhe polifenole, t\u00eb cilat zvog\u00eblojn\u00eb nivelin e kolesterolit \"t\u00eb keq\" LDL, ndihmojn\u00eb n\u00eb ruajtjen e aktivitetit t\u00eb trurit dhe p\u00ebrmir\u00ebsojn\u00eb kujtimin.<\/p>\n<p>P\u00ebr shkak t\u00eb vetive t\u00eb tij, antioksiduesi ndikon mbi shtypjen e efekteve negative t\u00eb radikaleve t\u00eb lira, t\u00eb cilat mund t\u00eb jen\u00eb t\u00eb d\u00ebmshme p\u00ebr sh\u00ebndetin. Studime t\u00eb shumta kan\u00eb v\u00ebrtetuar se efekti sh\u00ebrues i k\u00ebtij produkti funksionon si n\u00eb shtypjen e proceseve inflamatore ashtu edhe n\u00eb kontrollin e pigmentimeve t\u00eb d\u00ebshiruara t\u00eb moderuar gjat\u00eb rrezitjes, deri n\u00eb parandalimin e s\u00ebmundjeve m\u00eb serioze.<\/p>\n<p>Vaji i ullirit ka nj\u00eb efekt pozitiv mbi t\u00eb gjith\u00eb organizmin dhe rekomandohet konsumimi i tij i p\u00ebrditsh\u00ebm. Vaji i ullirit ekstra i virgj\u00ebr p\u00ebrmban 75% t\u00eb yndyr\u00ebs s\u00eb tij n\u00eb form\u00ebn e acidit oleik, i cili \u00ebsht\u00eb p\u00ebrgjegj\u00ebs p\u00ebr raportin e favorsh\u00ebm t\u00eb kolesterolit LDL dhe HDL.<\/p>\n<p>N\u00eb tregun ton\u00eb, OZONE GOLD \u00ebsht\u00eb linja e vetme e produkteve, e cila kombinon ozonin dhe vajin e ullirit, dy p\u00ebrb\u00ebrje t\u00eb fuqishme t\u00eb cilat me veprimin e tyre sinergjik, shfaqin efekte shum\u00eb pozitive gjat\u00eb p\u00ebrdorimit t\u00eb rregullt.<\/p>\n<div class=\"row\"  id=\"row-215796713\">\n\n\n\t<div id=\"col-394343869\" class=\"col medium-2 small-12 large-2\"  >\n\t\t\t\t<div class=\"col-inner\"  >\n\t\t\t\n\t\t\t\n\n\n\t\t<\/div>\n\t\t\t\t\t<\/div>\n\n\t\n\n\t<div id=\"col-1966308686\" class=\"col medium-8 small-12 large-8\"  >\n\t\t\t\t<div class=\"col-inner\"  >\n\t\t\t\n\t\t\t\n\n\t<div class=\"img has-hover x md-x lg-x y md-y lg-y\" id=\"image_1114893419\">\n\t\t\t\t\t\t\t\t<div class=\"img-inner dark\" >\n\t\t\t<img loading=\"lazy\" decoding=\"async\" width=\"630\" height=\"301\" src=\"https:\/\/ozone-gold.mk\/wp-content\/uploads\/2021\/05\/1.jpg\" class=\"attachment-original size-original\" alt=\"\" srcset=\"https:\/\/ozone-gold.mk\/wp-content\/uploads\/2021\/05\/1.jpg 630w, https:\/\/ozone-gold.mk\/wp-content\/uploads\/2021\/05\/1-510x244.jpg 510w, https:\/\/ozone-gold.mk\/wp-content\/uploads\/2021\/05\/1-300x143.jpg 300w, https:\/\/ozone-gold.mk\/wp-content\/uploads\/2021\/05\/1-16x8.jpg 16w\" sizes=\"auto, (max-width: 630px) 100vw, 630px\" \/>\t\t\t\t\t\t\n\t\t\t\t\t<\/div>\n\t\t\t\t\t\t\t\t\n<style>\n#image_1114893419 {\n  width: 100%;\n}\n<\/style>\n\t<\/div>\n\t\n\n\n\t\t<\/div>\n\t\t\t\t\t<\/div>\n\n\t\n\n\t<div id=\"col-1645775777\" class=\"col medium-2 small-12 large-2\"  >\n\t\t\t\t<div class=\"col-inner\"  >\n\t\t\t\n\t\t\t\n\n\n\t\t<\/div>\n\t\t\t\t\t<\/div>\n\n\t\n\n<\/div>\n<h1 style=\"text-align: center;\">P\u00cbRDORIMI I OZONI N\u00cb KOZMETIK\u00cbN<\/h1>\n<p>Ozoni \u00ebsht\u00eb i njohur me at\u00eb q\u00eb eliminon toksinat, prandaj n\u00eb koh\u00ebt e fundit p\u00ebrdoret n\u00eb kozmetik\u00ebn p\u00ebr fytyr\u00ebn dhe trupin, ku \u00ebsht\u00eb nj\u00eb mjet popullor p\u00ebr p\u00ebrt\u00ebritjen e l\u00ebkur\u00ebs, indeve n\u00ebnl\u00ebkurore dhe heqjen e celulitit.<\/p>\n<p>Pak prej nesh mund t\u00eb mburren me nj\u00eb ngjyr\u00eb t\u00eb p\u00ebrsosur dhe l\u00ebkur\u00eb me shk\u00eblqim t\u00eb fytyr\u00ebs dhe trupit. P\u00ebr l\u00ebkur\u00ebn q\u00eb lufton kund\u00ebr plakjes, lodhjes, toksinave dhe parregullsive t\u00eb ndryshme, produktet e kompanis\u00eb OZONE GOLD jan\u00eb zgjedhja e duhur. Ozoni ka aplikime t\u00eb shumta dhe fal\u00eb shkat\u00ebrrimit shum\u00eb efektiv t\u00eb shumic\u00ebs s\u00eb baktereve, viruseve dhe k\u00ebrpudhave t\u00eb pad\u00ebshiruara ndaj t\u00eb cilave l\u00ebkura \u00ebsht\u00eb e ekspozuar. Me k\u00ebt\u00eb, OZONE GOLD mbron nga infeksioni, n\u00eb t\u00eb nj\u00ebjt\u00ebn koh\u00eb duke p\u00ebrshpejtuar  qarkullimin dhe duke freskuar l\u00ebkur\u00ebn pa shk\u00eblqim.<\/p>\n<p>Ozoni ngadal\u00ebson, por gjithashtu parandalon shum\u00eb faktor\u00eb t\u00eb plakjes dhe proceseve t\u00eb s\u00ebmundjeve, t\u00eb cilat ndodhin n\u00eb trupin ton\u00eb pa dijenin\u00eb ton\u00eb.<\/p>\n<div class=\"row\"  id=\"row-41299353\">\n\n\n\t<div id=\"col-616416936\" class=\"col medium-2 small-12 large-2\"  >\n\t\t\t\t<div class=\"col-inner\"  >\n\t\t\t\n\t\t\t\n\n\n\t\t<\/div>\n\t\t\t\t\t<\/div>\n\n\t\n\n\t<div id=\"col-1494507446\" class=\"col medium-8 small-12 large-8\"  >\n\t\t\t\t<div class=\"col-inner\"  >\n\t\t\t\n\t\t\t\n\n\t<div class=\"img has-hover x md-x lg-x y md-y lg-y\" id=\"image_417202096\">\n\t\t\t\t\t\t\t\t<div class=\"img-inner dark\" >\n\t\t\t<img loading=\"lazy\" decoding=\"async\" width=\"626\" height=\"297\" src=\"https:\/\/ozone-gold.mk\/wp-content\/uploads\/2021\/05\/2-2.jpg\" class=\"attachment-original size-original\" alt=\"\" srcset=\"https:\/\/ozone-gold.mk\/wp-content\/uploads\/2021\/05\/2-2.jpg 626w, https:\/\/ozone-gold.mk\/wp-content\/uploads\/2021\/05\/2-2-510x242.jpg 510w, https:\/\/ozone-gold.mk\/wp-content\/uploads\/2021\/05\/2-2-300x142.jpg 300w, https:\/\/ozone-gold.mk\/wp-content\/uploads\/2021\/05\/2-2-16x8.jpg 16w\" sizes=\"auto, (max-width: 626px) 100vw, 626px\" \/>\t\t\t\t\t\t\n\t\t\t\t\t<\/div>\n\t\t\t\t\t\t\t\t\n<style>\n#image_417202096 {\n  width: 100%;\n}\n<\/style>\n\t<\/div>\n\t\n\n\n\t\t<\/div>\n\t\t\t\t\t<\/div>\n\n\t\n\n\t<div id=\"col-1927474736\" class=\"col medium-2 small-12 large-2\"  >\n\t\t\t\t<div class=\"col-inner\"  >\n\t\t\t\n\t\t\t\n\n\n\t\t<\/div>\n\t\t\t\t\t<\/div>\n\n\t\n\n<\/div>\n<h1 style=\"text-align: center;\">SI PRODHOHEN PRODUKTET TONA?<\/h1>\n<p>P\u00ebr t\u00eb arritur efektet e d\u00ebshiruara pozitive, p\u00ebr produktet OZONE GOLD \u00ebsht\u00eb nevojshme:<\/p>\n<ul>\n<li>Njohuri<\/li>\n<li>P\u00ebrvoj\u00eb<\/li>\n<li>Qasje krijuese<\/li>\n<li>Risi teknologjike<\/li>\n<\/ul>\n<p>Kremat mjek\u00ebsor\u00eb t\u00eb ozonit p\u00ebrshpejtojn\u00eb qarkullimin e gjakut, duke leht\u00ebsuar k\u00ebshtu dezinfektimin dhe rigjenerimin e shpejt\u00eb t\u00eb l\u00ebkur\u00ebs, ndihmojn\u00eb n\u00eb rigjenerimin e shpejt\u00eb t\u00eb qelizave t\u00eb l\u00ebkur\u00ebs dhe e gjith\u00eb kjo fal\u00eb p\u00ebrmbajtjes s\u00eb lart\u00eb t\u00eb oksigjenit. Procesi i prodhimit \u00ebsht\u00eb plot\u00ebsisht i natyrsh\u00ebm.<\/p>\n<p>Produktet nuk p\u00ebrmbajn\u00eb aditiv\u00ebt, kimikaljet, konservans\u00ebt ose stabilizuesit. Produktet me ozon kan\u00eb nj\u00eb funksion t\u00eb theksuar antioksidues.<\/p>\n\n\t\t<\/div>\n\t\t\t\t\t<\/div>\n\n\t\n\n<\/div>\n\n\t\t<\/div>\n\n\t\t\n<style>\n#section_802546191 {\n  padding-top: 30px;\n  padding-bottom: 30px;\n}\n<\/style>\n\t<\/section>","protected":false},"excerpt":{"rendered":"","protected":false},"author":1,"featured_media":0,"parent":0,"menu_order":0,"comment_status":"closed","ping_status":"closed","template":"","meta":{"footnotes":""},"class_list":["post-17197","page","type-page","status-publish","hentry"],"yoast_head":"<!-- This site is optimized with the Yoast SEO Premium plugin v26.2 (Yoast SEO v27.2) - https:\/\/yoast.com\/product\/yoast-seo-premium-wordpress\/ -->\n<title>\u0417\u0430 \u043d\u0430\u0441 - OZONE GOLD<\/title>\n<meta name=\"description\" content=\"OZONE GOLD \u0435 \u043b\u0438\u043d\u0438\u0458\u0430 \u043d\u0430 \u0443\u043d\u0438\u043a\u0430\u0442\u043d\u0438 \u043f\u0440\u043e\u0438\u0437\u0432\u043e\u0434\u0438, \u0438\u0437\u0440\u0430\u0431\u043e\u0442\u0435\u043d\u0430 \u0441\u043f\u043e\u0440\u0435\u0434 \u043d\u0430\u0458\u0441\u043e\u0432\u0440\u0435\u043c\u0435\u043d\u0438\u0442\u0435 \u0441\u0442\u0430\u043d\u0434\u0430\u0440\u0434\u0438 \u0438 \u0435 \u043d\u0430\u043c\u0435\u043d\u0435\u0442\u0430 \u0437\u0430 \u043f\u043e\u0434\u043e\u0431\u0440\u0443\u0432\u0430\u045a\u0435 \u043d\u0430 \u0437\u0434\u0440\u0430\u0432\u0458\u0435\u0442\u043e \u0438 \u043d\u0435\u0433\u0443\u0432\u0430\u045a\u0435 \u043d\u0430 \u0443\u0431\u0430\u0432\u0438\u043d\u0430\u0442\u0430.\" \/>\n<meta name=\"robots\" content=\"index, follow, max-snippet:-1, max-image-preview:large, max-video-preview:-1\" \/>\n<link rel=\"canonical\" href=\"https:\/\/ozone-gold.mk\/sq\/za-nas-ozone-gold-mk\/\" \/>\n<meta property=\"og:locale\" content=\"sq_AL\" \/>\n<meta property=\"og:type\" content=\"article\" \/>\n<meta property=\"og:title\" content=\"\u0417\u0430 \u043d\u0430\u0441\" \/>\n<meta property=\"og:description\" content=\"OZONE GOLD \u0435 \u043b\u0438\u043d\u0438\u0458\u0430 \u043d\u0430 \u0443\u043d\u0438\u043a\u0430\u0442\u043d\u0438 \u043f\u0440\u043e\u0438\u0437\u0432\u043e\u0434\u0438, \u0438\u0437\u0440\u0430\u0431\u043e\u0442\u0435\u043d\u0430 \u0441\u043f\u043e\u0440\u0435\u0434 \u043d\u0430\u0458\u0441\u043e\u0432\u0440\u0435\u043c\u0435\u043d\u0438\u0442\u0435 \u0441\u0442\u0430\u043d\u0434\u0430\u0440\u0434\u0438 \u0438 \u0435 \u043d\u0430\u043c\u0435\u043d\u0435\u0442\u0430 \u0437\u0430 \u043f\u043e\u0434\u043e\u0431\u0440\u0443\u0432\u0430\u045a\u0435 \u043d\u0430 \u0437\u0434\u0440\u0430\u0432\u0458\u0435\u0442\u043e \u0438 \u043d\u0435\u0433\u0443\u0432\u0430\u045a\u0435 \u043d\u0430 \u0443\u0431\u0430\u0432\u0438\u043d\u0430\u0442\u0430.\" \/>\n<meta property=\"og:url\" content=\"https:\/\/ozone-gold.mk\/sq\/za-nas-ozone-gold-mk\/\" \/>\n<meta property=\"og:site_name\" content=\"OZONE GOLD\" \/>\n<meta property=\"article:modified_time\" content=\"2025-01-29T13:45:19+00:00\" \/>\n<meta property=\"og:image\" content=\"https:\/\/ozone-gold.mk\/wp-content\/uploads\/2021\/05\/1.jpg\" \/>\n\t<meta property=\"og:image:width\" content=\"630\" \/>\n\t<meta property=\"og:image:height\" content=\"301\" \/>\n\t<meta property=\"og:image:type\" content=\"image\/jpeg\" \/>\n<meta name=\"twitter:card\" content=\"summary_large_image\" \/>\n<meta name=\"twitter:label1\" content=\"Est. reading time\" \/>\n\t<meta name=\"twitter:data1\" content=\"6 minuta\" \/>\n<script type=\"application\/ld+json\" class=\"yoast-schema-graph\">{\"@context\":\"https:\/\/schema.org\",\"@graph\":[{\"@type\":\"WebPage\",\"@id\":\"https:\/\/ozone-gold.mk\/za-nas-ozone-gold-mk\/\",\"url\":\"https:\/\/ozone-gold.mk\/za-nas-ozone-gold-mk\/\",\"name\":\"\u0417\u0430 \u043d\u0430\u0441 - OZONE GOLD\",\"isPartOf\":{\"@id\":\"https:\/\/ozone-gold.mk\/sq\/#website\"},\"datePublished\":\"2021-05-25T11:09:50+00:00\",\"dateModified\":\"2025-01-29T13:45:19+00:00\",\"description\":\"OZONE GOLD \u0435 \u043b\u0438\u043d\u0438\u0458\u0430 \u043d\u0430 \u0443\u043d\u0438\u043a\u0430\u0442\u043d\u0438 \u043f\u0440\u043e\u0438\u0437\u0432\u043e\u0434\u0438, \u0438\u0437\u0440\u0430\u0431\u043e\u0442\u0435\u043d\u0430 \u0441\u043f\u043e\u0440\u0435\u0434 \u043d\u0430\u0458\u0441\u043e\u0432\u0440\u0435\u043c\u0435\u043d\u0438\u0442\u0435 \u0441\u0442\u0430\u043d\u0434\u0430\u0440\u0434\u0438 \u0438 \u0435 \u043d\u0430\u043c\u0435\u043d\u0435\u0442\u0430 \u0437\u0430 \u043f\u043e\u0434\u043e\u0431\u0440\u0443\u0432\u0430\u045a\u0435 \u043d\u0430 \u0437\u0434\u0440\u0430\u0432\u0458\u0435\u0442\u043e \u0438 \u043d\u0435\u0433\u0443\u0432\u0430\u045a\u0435 \u043d\u0430 \u0443\u0431\u0430\u0432\u0438\u043d\u0430\u0442\u0430.\",\"breadcrumb\":{\"@id\":\"https:\/\/ozone-gold.mk\/za-nas-ozone-gold-mk\/#breadcrumb\"},\"inLanguage\":\"sq\",\"potentialAction\":[{\"@type\":\"ReadAction\",\"target\":[\"https:\/\/ozone-gold.mk\/za-nas-ozone-gold-mk\/\"]}]},{\"@type\":\"BreadcrumbList\",\"@id\":\"https:\/\/ozone-gold.mk\/za-nas-ozone-gold-mk\/#breadcrumb\",\"itemListElement\":[{\"@type\":\"ListItem\",\"position\":1,\"name\":\"Home\",\"item\":\"https:\/\/ozone-gold.mk\/\"},{\"@type\":\"ListItem\",\"position\":2,\"name\":\"\u0417\u0430 \u043d\u0430\u0441\"}]},{\"@type\":\"WebSite\",\"@id\":\"https:\/\/ozone-gold.mk\/sq\/#website\",\"url\":\"https:\/\/ozone-gold.mk\/sq\/\",\"name\":\"OZONE GOLD\",\"description\":\"\",\"potentialAction\":[{\"@type\":\"SearchAction\",\"target\":{\"@type\":\"EntryPoint\",\"urlTemplate\":\"https:\/\/ozone-gold.mk\/sq\/?s={search_term_string}\"},\"query-input\":{\"@type\":\"PropertyValueSpecification\",\"valueRequired\":true,\"valueName\":\"search_term_string\"}}],\"inLanguage\":\"sq\"}]}<\/script>\n<!-- \/ Yoast SEO Premium plugin. -->","yoast_head_json":{"title":"\u0417\u0430 \u043d\u0430\u0441 - OZONE GOLD","description":"OZONE GOLD \u0435 \u043b\u0438\u043d\u0438\u0458\u0430 \u043d\u0430 \u0443\u043d\u0438\u043a\u0430\u0442\u043d\u0438 \u043f\u0440\u043e\u0438\u0437\u0432\u043e\u0434\u0438, \u0438\u0437\u0440\u0430\u0431\u043e\u0442\u0435\u043d\u0430 \u0441\u043f\u043e\u0440\u0435\u0434 \u043d\u0430\u0458\u0441\u043e\u0432\u0440\u0435\u043c\u0435\u043d\u0438\u0442\u0435 \u0441\u0442\u0430\u043d\u0434\u0430\u0440\u0434\u0438 \u0438 \u0435 \u043d\u0430\u043c\u0435\u043d\u0435\u0442\u0430 \u0437\u0430 \u043f\u043e\u0434\u043e\u0431\u0440\u0443\u0432\u0430\u045a\u0435 \u043d\u0430 \u0437\u0434\u0440\u0430\u0432\u0458\u0435\u0442\u043e \u0438 \u043d\u0435\u0433\u0443\u0432\u0430\u045a\u0435 \u043d\u0430 \u0443\u0431\u0430\u0432\u0438\u043d\u0430\u0442\u0430.","robots":{"index":"index","follow":"follow","max-snippet":"max-snippet:-1","max-image-preview":"max-image-preview:large","max-video-preview":"max-video-preview:-1"},"canonical":"https:\/\/ozone-gold.mk\/sq\/za-nas-ozone-gold-mk\/","og_locale":"sq_AL","og_type":"article","og_title":"\u0417\u0430 \u043d\u0430\u0441","og_description":"OZONE GOLD \u0435 \u043b\u0438\u043d\u0438\u0458\u0430 \u043d\u0430 \u0443\u043d\u0438\u043a\u0430\u0442\u043d\u0438 \u043f\u0440\u043e\u0438\u0437\u0432\u043e\u0434\u0438, \u0438\u0437\u0440\u0430\u0431\u043e\u0442\u0435\u043d\u0430 \u0441\u043f\u043e\u0440\u0435\u0434 \u043d\u0430\u0458\u0441\u043e\u0432\u0440\u0435\u043c\u0435\u043d\u0438\u0442\u0435 \u0441\u0442\u0430\u043d\u0434\u0430\u0440\u0434\u0438 \u0438 \u0435 \u043d\u0430\u043c\u0435\u043d\u0435\u0442\u0430 \u0437\u0430 \u043f\u043e\u0434\u043e\u0431\u0440\u0443\u0432\u0430\u045a\u0435 \u043d\u0430 \u0437\u0434\u0440\u0430\u0432\u0458\u0435\u0442\u043e \u0438 \u043d\u0435\u0433\u0443\u0432\u0430\u045a\u0435 \u043d\u0430 \u0443\u0431\u0430\u0432\u0438\u043d\u0430\u0442\u0430.","og_url":"https:\/\/ozone-gold.mk\/sq\/za-nas-ozone-gold-mk\/","og_site_name":"OZONE GOLD","article_modified_time":"2025-01-29T13:45:19+00:00","og_image":[{"width":630,"height":301,"url":"https:\/\/ozone-gold.mk\/wp-content\/uploads\/2021\/05\/1.jpg","type":"image\/jpeg"}],"twitter_card":"summary_large_image","twitter_misc":{"Est. reading time":"6 minuta"},"schema":{"@context":"https:\/\/schema.org","@graph":[{"@type":"WebPage","@id":"https:\/\/ozone-gold.mk\/za-nas-ozone-gold-mk\/","url":"https:\/\/ozone-gold.mk\/za-nas-ozone-gold-mk\/","name":"\u0417\u0430 \u043d\u0430\u0441 - OZONE GOLD","isPartOf":{"@id":"https:\/\/ozone-gold.mk\/sq\/#website"},"datePublished":"2021-05-25T11:09:50+00:00","dateModified":"2025-01-29T13:45:19+00:00","description":"OZONE GOLD \u0435 \u043b\u0438\u043d\u0438\u0458\u0430 \u043d\u0430 \u0443\u043d\u0438\u043a\u0430\u0442\u043d\u0438 \u043f\u0440\u043e\u0438\u0437\u0432\u043e\u0434\u0438, \u0438\u0437\u0440\u0430\u0431\u043e\u0442\u0435\u043d\u0430 \u0441\u043f\u043e\u0440\u0435\u0434 \u043d\u0430\u0458\u0441\u043e\u0432\u0440\u0435\u043c\u0435\u043d\u0438\u0442\u0435 \u0441\u0442\u0430\u043d\u0434\u0430\u0440\u0434\u0438 \u0438 \u0435 \u043d\u0430\u043c\u0435\u043d\u0435\u0442\u0430 \u0437\u0430 \u043f\u043e\u0434\u043e\u0431\u0440\u0443\u0432\u0430\u045a\u0435 \u043d\u0430 \u0437\u0434\u0440\u0430\u0432\u0458\u0435\u0442\u043e \u0438 \u043d\u0435\u0433\u0443\u0432\u0430\u045a\u0435 \u043d\u0430 \u0443\u0431\u0430\u0432\u0438\u043d\u0430\u0442\u0430.","breadcrumb":{"@id":"https:\/\/ozone-gold.mk\/za-nas-ozone-gold-mk\/#breadcrumb"},"inLanguage":"sq","potentialAction":[{"@type":"ReadAction","target":["https:\/\/ozone-gold.mk\/za-nas-ozone-gold-mk\/"]}]},{"@type":"BreadcrumbList","@id":"https:\/\/ozone-gold.mk\/za-nas-ozone-gold-mk\/#breadcrumb","itemListElement":[{"@type":"ListItem","position":1,"name":"Home","item":"https:\/\/ozone-gold.mk\/"},{"@type":"ListItem","position":2,"name":"\u0417\u0430 \u043d\u0430\u0441"}]},{"@type":"WebSite","@id":"https:\/\/ozone-gold.mk\/sq\/#website","url":"https:\/\/ozone-gold.mk\/sq\/","name":"OZONE GOLD","description":"","potentialAction":[{"@type":"SearchAction","target":{"@type":"EntryPoint","urlTemplate":"https:\/\/ozone-gold.mk\/sq\/?s={search_term_string}"},"query-input":{"@type":"PropertyValueSpecification","valueRequired":true,"valueName":"search_term_string"}}],"inLanguage":"sq"}]}},"_links":{"self":[{"href":"https:\/\/ozone-gold.mk\/sq\/wp-json\/wp\/v2\/pages\/17197","targetHints":{"allow":["GET"]}}],"collection":[{"href":"https:\/\/ozone-gold.mk\/sq\/wp-json\/wp\/v2\/pages"}],"about":[{"href":"https:\/\/ozone-gold.mk\/sq\/wp-json\/wp\/v2\/types\/page"}],"author":[{"embeddable":true,"href":"https:\/\/ozone-gold.mk\/sq\/wp-json\/wp\/v2\/users\/1"}],"replies":[{"embeddable":true,"href":"https:\/\/ozone-gold.mk\/sq\/wp-json\/wp\/v2\/comments?post=17197"}],"version-history":[{"count":1,"href":"https:\/\/ozone-gold.mk\/sq\/wp-json\/wp\/v2\/pages\/17197\/revisions"}],"predecessor-version":[{"id":26700,"href":"https:\/\/ozone-gold.mk\/sq\/wp-json\/wp\/v2\/pages\/17197\/revisions\/26700"}],"wp:attachment":[{"href":"https:\/\/ozone-gold.mk\/sq\/wp-json\/wp\/v2\/media?parent=17197"}],"curies":[{"name":"wp","href":"https:\/\/api.w.org\/{rel}","templated":true}]}}