{"id":21053,"date":"2022-06-06T11:30:50","date_gmt":"2022-06-06T08:30:50","guid":{"rendered":"https:\/\/ozone-gold.mk\/?page_id=21053"},"modified":"2022-06-06T11:41:44","modified_gmt":"2022-06-06T08:41:44","slug":"21053-2","status":"publish","type":"page","link":"https:\/\/ozone-gold.mk\/sq\/21053-2\/","title":{"rendered":"Akcija"},"content":{"rendered":"<div class=\"woocommerce columns-3\"><div class=\"products row row-small large-columns-3 medium-columns-3 small-columns-1 has-shadow row-box-shadow-1 has-equal-box-heights equalize-box\">\n<div class=\"product-small col has-hover product type-product post-20587 status-publish first instock product_cat-kremi-za-specifichni-nameni product_tag-122 has-post-thumbnail sale taxable shipping-taxable purchasable product-type-simple\">\n\t<div class=\"col-inner\">\n\t\n<div class=\"badge-container absolute left top z-1\">\n<div class=\"callout badge badge-circle\"><div class=\"badge-inner secondary on-sale\"><span class=\"onsale\">-30%<\/span><\/div><\/div>\n<\/div>\n\t<div class=\"product-small box\">\n\t\t<div class=\"box-image\">\n\t\t\t<div class=\"image-fade_in_back\">\n\t\t\t\t<a href=\"https:\/\/ozone-gold.mk\/sq\/produkt\/ozone-gold-pso-cream-krema-za-psorijaza\/\" aria-label=\"OZONE GOLD \u2013 PSO CREAM 1 &amp; 2 \/ \u041a\u0420\u0415\u041c\u0418 \u041f\u0420\u041e\u0422\u0418\u0412 \u041f\u0421\u041e\u0420\u0418\u0408\u0410\u0417\u0410 1 &amp; 2\">\n\t\t\t\t\t<img loading=\"lazy\" decoding=\"async\" width=\"886\" height=\"886\" src=\"https:\/\/ozone-gold.mk\/wp-content\/uploads\/2022\/04\/Objavi-Ozone-Gold-novi-proizvodi-11.04.2022_6.jpg\" class=\"attachment-woocommerce_thumbnail size-woocommerce_thumbnail\" alt=\"OZONE GOLD \u2013 PSO CREAM 1 &amp; 2 \/ \u041a\u0420\u0415\u041c\u0418 \u041f\u0420\u041e\u0422\u0418\u0412 \u041f\u0421\u041e\u0420\u0418\u0408\u0410\u0417\u0410 1 &amp; 2\" srcset=\"https:\/\/ozone-gold.mk\/wp-content\/uploads\/2022\/04\/Objavi-Ozone-Gold-novi-proizvodi-11.04.2022_6.jpg 886w, https:\/\/ozone-gold.mk\/wp-content\/uploads\/2022\/04\/Objavi-Ozone-Gold-novi-proizvodi-11.04.2022_6-100x100.jpg 100w, https:\/\/ozone-gold.mk\/wp-content\/uploads\/2022\/04\/Objavi-Ozone-Gold-novi-proizvodi-11.04.2022_6-500x500.jpg 500w, https:\/\/ozone-gold.mk\/wp-content\/uploads\/2022\/04\/Objavi-Ozone-Gold-novi-proizvodi-11.04.2022_6-300x300.jpg 300w, https:\/\/ozone-gold.mk\/wp-content\/uploads\/2022\/04\/Objavi-Ozone-Gold-novi-proizvodi-11.04.2022_6-150x150.jpg 150w, https:\/\/ozone-gold.mk\/wp-content\/uploads\/2022\/04\/Objavi-Ozone-Gold-novi-proizvodi-11.04.2022_6-768x768.jpg 768w, https:\/\/ozone-gold.mk\/wp-content\/uploads\/2022\/04\/Objavi-Ozone-Gold-novi-proizvodi-11.04.2022_6-12x12.jpg 12w\" sizes=\"auto, (max-width: 886px) 100vw, 886px\" \/>\t\t\t\t<\/a>\n\t\t\t<\/div>\n\t\t\t<div class=\"image-tools is-small top right show-on-hover\">\n\t\t\t\t\t\t\t<\/div>\n\t\t\t<div class=\"image-tools is-small hide-for-small bottom left show-on-hover\">\n\t\t\t\t\t\t\t<\/div>\n\t\t\t<div class=\"image-tools grid-tools text-center hide-for-small bottom hover-slide-in show-on-hover\">\n\t\t\t\t  <a class=\"quick-view\" data-prod=\"20587\" href=\"#quick-view\">Quick View<\/a>\t\t\t<\/div>\n\t\t\t\t\t<\/div>\n\n\t\t<div class=\"box-text box-text-products text-center grid-style-2\">\n\t\t\t<div class=\"title-wrapper\">\t\t<p class=\"category uppercase is-smaller no-text-overflow product-cat op-7\">\n\t\t\tKREM\u00cbRA P\u00cbR Q\u00cbLLIM SPECIFIK\t\t<\/p>\n\t<p class=\"name product-title woocommerce-loop-product__title\"><a href=\"https:\/\/ozone-gold.mk\/sq\/produkt\/ozone-gold-pso-cream-krema-za-psorijaza\/\" class=\"woocommerce-LoopProduct-link woocommerce-loop-product__link\">OZON GOLD \u2013 PSO KREM 1 &amp; 2 \/ KREM KUND\u00cbR PSORIASIS 1 &amp; 2<\/a><\/p><\/div><div class=\"price-wrapper\">\n\t<span class=\"price\"><del aria-hidden=\"true\"><span class=\"woocommerce-Price-amount amount\"><bdi>2.990&nbsp;<span class=\"woocommerce-Price-currencySymbol\">denar\u00eb<\/span><\/bdi><\/span><\/del> <span class=\"screen-reader-text\" data-no-translation=\"\" data-trp-gettext=\"\">\u00c7mimi origjinal qe: 2.990&nbsp;&#x434;&#x435;&#x43d;.<\/span><ins aria-hidden=\"true\"><span class=\"woocommerce-Price-amount amount\"><bdi>2.100&nbsp;<span class=\"woocommerce-Price-currencySymbol\">denar\u00eb<\/span><\/bdi><\/span><\/ins><span class=\"screen-reader-text\" data-no-translation=\"\" data-trp-gettext=\"\">\u00c7mimi i tanish\u00ebm \u00ebsht\u00eb: 2.100&nbsp;&#x434;&#x435;&#x43d;.<\/span> <small class=\"woocommerce-price-suffix\">\u00c7mimi me TVSH<\/small><\/span>\n<\/div><div class=\"add-to-cart-button\"><a href=\"\/sq\/wp-json\/wp\/v2\/pages\/21053?add-to-cart=20587\" aria-describedby=\"woocommerce_loop_add_to_cart_link_describedby_20587\" data-quantity=\"1\" class=\"primary is-small mb-0 button product_type_simple add_to_cart_button ajax_add_to_cart is-outline\" data-product_id=\"20587\" data-product_sku=\"722777886594\" aria-label=\"Shtoje n\u00eb shport\u00eb: \u201cOZONE GOLD \u2013 PSO CREAM 1 &amp; 2 \/ \u041a\u0420\u0415\u041c\u0418 \u041f\u0420\u041e\u0422\u0418\u0412 \u041f\u0421\u041e\u0420\u0418\u0408\u0410\u0417\u0410 1 &amp; 2\u201d\" rel=\"nofollow\" data-success_message=\"\u201cOZONE GOLD \u2013 PSO CREAM 1 &amp; 2 \/ \u041a\u0420\u0415\u041c\u0418 \u041f\u0420\u041e\u0422\u0418\u0412 \u041f\u0421\u041e\u0420\u0418\u0408\u0410\u0417\u0410 1 &amp; 2\u201d u shtua n\u00eb shport\u00ebn tuaj\" role=\"button\" data-no-translation=\"\" data-trp-gettext=\"\" data-no-translation-aria-label=\"\" data-no-translation-data-success_message=\"\">BLEJE TANI<\/a><\/div>\t<span id=\"woocommerce_loop_add_to_cart_link_describedby_20587\" class=\"screen-reader-text\">\n\t\t\t<\/span>\n\t\t<\/div>\n\t<\/div>\n\t\t<\/div>\n<\/div><div class=\"product-small col has-hover product type-product post-34 status-publish instock product_cat-ozone-home-ozonatori has-post-thumbnail sale taxable shipping-taxable purchasable product-type-simple\">\n\t<div class=\"col-inner\">\n\t\n<div class=\"badge-container absolute left top z-1\">\n<div class=\"callout badge badge-circle\"><div class=\"badge-inner secondary on-sale\"><span class=\"onsale\">-50%<\/span><\/div><\/div>\n<\/div>\n\t<div class=\"product-small box\">\n\t\t<div class=\"box-image\">\n\t\t\t<div class=\"image-fade_in_back\">\n\t\t\t\t<a href=\"https:\/\/ozone-gold.mk\/sq\/produkt\/ozone-home-air-screen\/\" aria-label=\"OZONE HOME - Air screen\">\n\t\t\t\t\t<img loading=\"lazy\" decoding=\"async\" width=\"1000\" height=\"1000\" src=\"https:\/\/ozone-gold.mk\/wp-content\/uploads\/2021\/05\/Ozone-home-scaled-1-1000x1000.jpg\" class=\"attachment-woocommerce_thumbnail size-woocommerce_thumbnail\" alt=\"OZONE HOME - Air screen\" srcset=\"https:\/\/ozone-gold.mk\/wp-content\/uploads\/2021\/05\/Ozone-home-scaled-1-1000x1000.jpg 1000w, https:\/\/ozone-gold.mk\/wp-content\/uploads\/2021\/05\/Ozone-home-scaled-1-100x100.jpg 100w, https:\/\/ozone-gold.mk\/wp-content\/uploads\/2021\/05\/Ozone-home-scaled-1-150x150.jpg 150w\" sizes=\"auto, (max-width: 1000px) 100vw, 1000px\" \/>\t\t\t\t<\/a>\n\t\t\t<\/div>\n\t\t\t<div class=\"image-tools is-small top right show-on-hover\">\n\t\t\t\t\t\t\t<\/div>\n\t\t\t<div class=\"image-tools is-small hide-for-small bottom left show-on-hover\">\n\t\t\t\t\t\t\t<\/div>\n\t\t\t<div class=\"image-tools grid-tools text-center hide-for-small bottom hover-slide-in show-on-hover\">\n\t\t\t\t  <a class=\"quick-view\" data-prod=\"34\" href=\"#quick-view\">Quick View<\/a>\t\t\t<\/div>\n\t\t\t\t\t<\/div>\n\n\t\t<div class=\"box-text box-text-products text-center grid-style-2\">\n\t\t\t<div class=\"title-wrapper\">\t\t<p class=\"category uppercase is-smaller no-text-overflow product-cat op-7\">\n\t\t\tOZONE HOME (Ozonizuesit)\t\t<\/p>\n\t<p class=\"name product-title woocommerce-loop-product__title\"><a href=\"https:\/\/ozone-gold.mk\/sq\/produkt\/ozone-home-air-screen\/\" class=\"woocommerce-LoopProduct-link woocommerce-loop-product__link\">OZONE HOME &#8211; Air screen<\/a><\/p><\/div><div class=\"price-wrapper\"><div class=\"star-rating star-rating--inline\" role=\"img\" aria-label=\"Vler\u00ebsuar me 5.00 nga 5\" data-no-translation-aria-label=\"\"><span style=\"width:100%\" data-no-translation=\"\" data-trp-gettext=\"\">Vler\u00ebsuar me <strong class=\"rating\">5.00<\/strong> nga 5<\/span><\/div>\n\t<span class=\"price\"><del aria-hidden=\"true\"><span class=\"woocommerce-Price-amount amount\"><bdi>13.500&nbsp;<span class=\"woocommerce-Price-currencySymbol\">denar\u00eb<\/span><\/bdi><\/span><\/del> <span class=\"screen-reader-text\" data-no-translation=\"\" data-trp-gettext=\"\">\u00c7mimi origjinal qe: 13.500&nbsp;&#x434;&#x435;&#x43d;.<\/span><ins aria-hidden=\"true\"><span class=\"woocommerce-Price-amount amount\"><bdi>6.750&nbsp;<span class=\"woocommerce-Price-currencySymbol\">denar\u00eb<\/span><\/bdi><\/span><\/ins><span class=\"screen-reader-text\" data-no-translation=\"\" data-trp-gettext=\"\">\u00c7mimi i tanish\u00ebm \u00ebsht\u00eb: 6.750&nbsp;&#x434;&#x435;&#x43d;.<\/span> <small class=\"woocommerce-price-suffix\">\u00c7mimi me TVSH<\/small><\/span>\n<\/div><div class=\"add-to-cart-button\"><a href=\"\/sq\/wp-json\/wp\/v2\/pages\/21053?add-to-cart=34\" aria-describedby=\"woocommerce_loop_add_to_cart_link_describedby_34\" data-quantity=\"1\" class=\"primary is-small mb-0 button product_type_simple add_to_cart_button ajax_add_to_cart is-outline\" data-product_id=\"34\" data-product_sku=\"0750122525201\" aria-label=\"Shtoje n\u00eb shport\u00eb: \u201cOZONE HOME - Air screen\u201d\" rel=\"nofollow\" data-success_message=\"\u201cOZONE HOME - Air screen\u201d u shtua n\u00eb shport\u00ebn tuaj\" role=\"button\" data-no-translation=\"\" data-trp-gettext=\"\" data-no-translation-aria-label=\"\" data-no-translation-data-success_message=\"\">BLEJE TANI<\/a><\/div>\t<span id=\"woocommerce_loop_add_to_cart_link_describedby_34\" class=\"screen-reader-text\">\n\t\t\t<\/span>\n\t\t<\/div>\n\t<\/div>\n\t\t<\/div>\n<\/div><\/div><!-- row -->\n<\/div>","protected":false},"excerpt":{"rendered":"","protected":false},"author":654,"featured_media":0,"parent":0,"menu_order":0,"comment_status":"closed","ping_status":"closed","template":"","meta":{"footnotes":""},"class_list":["post-21053","page","type-page","status-publish","hentry"],"yoast_head":"<!-- This site is optimized with the Yoast SEO Premium plugin v26.2 (Yoast SEO v27.4) - https:\/\/yoast.com\/product\/yoast-seo-premium-wordpress\/ -->\n<title>Akcija - OZONE GOLD<\/title>\n<meta name=\"robots\" content=\"index, follow, max-snippet:-1, max-image-preview:large, max-video-preview:-1\" \/>\n<link rel=\"canonical\" href=\"https:\/\/ozone-gold.mk\/sq\/21053-2\/\" \/>\n<meta property=\"og:locale\" content=\"sq_AL\" \/>\n<meta property=\"og:type\" content=\"article\" \/>\n<meta property=\"og:title\" content=\"Akcija\" \/>\n<meta property=\"og:url\" content=\"https:\/\/ozone-gold.mk\/sq\/21053-2\/\" \/>\n<meta property=\"og:site_name\" content=\"OZONE GOLD\" \/>\n<meta property=\"article:modified_time\" content=\"2022-06-06T08:41:44+00:00\" \/>\n<meta name=\"twitter:card\" content=\"summary_large_image\" \/>\n<script type=\"application\/ld+json\" class=\"yoast-schema-graph\">{\"@context\":\"https:\\\/\\\/schema.org\",\"@graph\":[{\"@type\":\"WebPage\",\"@id\":\"https:\\\/\\\/ozone-gold.mk\\\/en\\\/21053-2\\\/\",\"url\":\"https:\\\/\\\/ozone-gold.mk\\\/en\\\/21053-2\\\/\",\"name\":\"Akcija - OZONE GOLD\",\"isPartOf\":{\"@id\":\"https:\\\/\\\/ozone-gold.mk\\\/sq\\\/#website\"},\"datePublished\":\"2022-06-06T08:30:50+00:00\",\"dateModified\":\"2022-06-06T08:41:44+00:00\",\"breadcrumb\":{\"@id\":\"https:\\\/\\\/ozone-gold.mk\\\/en\\\/21053-2\\\/#breadcrumb\"},\"inLanguage\":\"sq\",\"potentialAction\":[{\"@type\":\"ReadAction\",\"target\":[\"https:\\\/\\\/ozone-gold.mk\\\/en\\\/21053-2\\\/\"]}]},{\"@type\":\"BreadcrumbList\",\"@id\":\"https:\\\/\\\/ozone-gold.mk\\\/en\\\/21053-2\\\/#breadcrumb\",\"itemListElement\":[{\"@type\":\"ListItem\",\"position\":1,\"name\":\"Home\",\"item\":\"https:\\\/\\\/ozone-gold.mk\\\/\"},{\"@type\":\"ListItem\",\"position\":2,\"name\":\"Akcija\"}]},{\"@type\":\"WebSite\",\"@id\":\"https:\\\/\\\/ozone-gold.mk\\\/sq\\\/#website\",\"url\":\"https:\\\/\\\/ozone-gold.mk\\\/sq\\\/\",\"name\":\"OZONE GOLD\",\"description\":\"\",\"potentialAction\":[{\"@type\":\"SearchAction\",\"target\":{\"@type\":\"EntryPoint\",\"urlTemplate\":\"https:\\\/\\\/ozone-gold.mk\\\/sq\\\/?s={search_term_string}\"},\"query-input\":{\"@type\":\"PropertyValueSpecification\",\"valueRequired\":true,\"valueName\":\"search_term_string\"}}],\"inLanguage\":\"sq\"}]}<\/script>\n<!-- \/ Yoast SEO Premium plugin. -->","yoast_head_json":{"title":"Akcija - OZONE GOLD","robots":{"index":"index","follow":"follow","max-snippet":"max-snippet:-1","max-image-preview":"max-image-preview:large","max-video-preview":"max-video-preview:-1"},"canonical":"https:\/\/ozone-gold.mk\/sq\/21053-2\/","og_locale":"sq_AL","og_type":"article","og_title":"Akcija","og_url":"https:\/\/ozone-gold.mk\/sq\/21053-2\/","og_site_name":"OZONE GOLD","article_modified_time":"2022-06-06T08:41:44+00:00","twitter_card":"summary_large_image","schema":{"@context":"https:\/\/schema.org","@graph":[{"@type":"WebPage","@id":"https:\/\/ozone-gold.mk\/en\/21053-2\/","url":"https:\/\/ozone-gold.mk\/en\/21053-2\/","name":"Akcija - OZONE GOLD","isPartOf":{"@id":"https:\/\/ozone-gold.mk\/sq\/#website"},"datePublished":"2022-06-06T08:30:50+00:00","dateModified":"2022-06-06T08:41:44+00:00","breadcrumb":{"@id":"https:\/\/ozone-gold.mk\/en\/21053-2\/#breadcrumb"},"inLanguage":"sq","potentialAction":[{"@type":"ReadAction","target":["https:\/\/ozone-gold.mk\/en\/21053-2\/"]}]},{"@type":"BreadcrumbList","@id":"https:\/\/ozone-gold.mk\/en\/21053-2\/#breadcrumb","itemListElement":[{"@type":"ListItem","position":1,"name":"Home","item":"https:\/\/ozone-gold.mk\/"},{"@type":"ListItem","position":2,"name":"Akcija"}]},{"@type":"WebSite","@id":"https:\/\/ozone-gold.mk\/sq\/#website","url":"https:\/\/ozone-gold.mk\/sq\/","name":"OZONE GOLD","description":"","potentialAction":[{"@type":"SearchAction","target":{"@type":"EntryPoint","urlTemplate":"https:\/\/ozone-gold.mk\/sq\/?s={search_term_string}"},"query-input":{"@type":"PropertyValueSpecification","valueRequired":true,"valueName":"search_term_string"}}],"inLanguage":"sq"}]}},"_links":{"self":[{"href":"https:\/\/ozone-gold.mk\/sq\/wp-json\/wp\/v2\/pages\/21053","targetHints":{"allow":["GET"]}}],"collection":[{"href":"https:\/\/ozone-gold.mk\/sq\/wp-json\/wp\/v2\/pages"}],"about":[{"href":"https:\/\/ozone-gold.mk\/sq\/wp-json\/wp\/v2\/types\/page"}],"author":[{"embeddable":true,"href":"https:\/\/ozone-gold.mk\/sq\/wp-json\/wp\/v2\/users\/654"}],"replies":[{"embeddable":true,"href":"https:\/\/ozone-gold.mk\/sq\/wp-json\/wp\/v2\/comments?post=21053"}],"version-history":[{"count":0,"href":"https:\/\/ozone-gold.mk\/sq\/wp-json\/wp\/v2\/pages\/21053\/revisions"}],"wp:attachment":[{"href":"https:\/\/ozone-gold.mk\/sq\/wp-json\/wp\/v2\/media?parent=21053"}],"curies":[{"name":"wp","href":"https:\/\/api.w.org\/{rel}","templated":true}]}}