{"id":16404,"date":"2021-05-06T11:10:58","date_gmt":"2021-05-06T11:10:58","guid":{"rendered":"https:\/\/new.ozone-gold.mk\/?post_type=product&#038;p=30"},"modified":"2026-02-16T11:32:58","modified_gmt":"2026-02-16T10:32:58","slug":"ozone-gold-shampoo-with-ozone-sampon-so-ozon-330ml","status":"publish","type":"product","link":"https:\/\/ozone-gold.mk\/sq\/produkt\/ozone-gold-shampoo-with-ozone-sampon-so-ozon-330ml\/","title":{"rendered":"OZONE GOLD \u2013 SHAMPOO WITH OZONE SHAMPO ME OZON \u2013 330ml"},"content":{"rendered":"<h2><strong>SHAMPO ME OZON<\/strong><\/h2>\n<h3><strong>Karakteristikat<\/strong><strong>:<br \/>\n<\/strong><\/h3>\n<ul>\n<li><strong>Vaj ulliri i ozonizuar:<\/strong> Ndihmon n\u00eb ruajtjen e sh\u00ebndetit t\u00eb flok\u00ebve dhe skalpit, fal\u00eb vetive t\u00eb tij hidratuese dhe rigjeneruese.<\/li>\n<li><strong>Argan:<\/strong> I njohur p\u00ebr p\u00ebrb\u00ebr\u00ebsit e tij ushqyes q\u00eb mb\u00ebshtesin rritjen e sh\u00ebndetshme t\u00eb flok\u00ebve dhe i b\u00ebjn\u00eb flok\u00ebt t\u00eb but\u00eb dhe me shk\u00eblqim.<\/li>\n<li><strong>Keratin\u00eb<\/strong> Keratina e sh\u00ebndetshme dhe e fort\u00eb n\u00eb shampon ndihmon n\u00eb forcimin e fijet e flok\u00ebve, parandalon thyerjen dhe p\u00ebrmir\u00ebson pamjen e flok\u00ebve.<\/li>\n<li><strong>Veti antibakteriale dhe antifungale:<\/strong> K\u00ebta p\u00ebrb\u00ebr\u00ebs ndihmojn\u00eb n\u00eb pastrimin e skalpit dhe p\u00ebrmir\u00ebsimin e sh\u00ebndetit t\u00eb flok\u00ebve.<\/li>\n<li><strong>Ulja e r\u00ebnies s\u00eb flok\u00ebve:<\/strong> Shamponi stimulon rritjen e flok\u00ebve dhe forcon fijet, duke reduktuar k\u00ebshtu r\u00ebnien e tyre.<\/li>\n<\/ul>\n<h3><strong>P\u00ebrb\u00ebrje:<\/strong><\/h3>\n<p>Aqua, Cocamidopropyl Betaine, Aqua, Sodium Lauroyl Methyl Isethionate, Cocamide Dea, Sodium Chloride, Glycerin, Argania Spinosa Kernel Oil, Hydrolyzed Keratin, Peg-7 Glyceryl Cocoate, Nigella Sativa Seed Oil, Aloe Barbadensis Leaf Extract, Melaleuca Alternifolia Leaf Oil, Ozonized Olive Oil, Peg-12 Dimethicone, Citric Acid, Benzyl, Alcohol, Methylchloroisothiazolinone, Methylisothiazolinone<\/p>\n<h3><strong>Paralajm\u00ebrimet:<\/strong><\/h3>\n<p>T\u00eb mbahet larg f\u00ebmij\u00ebve. T\u00eb mos g\u00eblltitet. T\u00eb mos ekspozohet ndaj rrezeve t\u00eb drejtp\u00ebrdrejta t\u00eb diellit. T\u00eb ruhet n\u00eb nj\u00eb vend t\u00eb ftoht\u00eb dhe t\u00eb that\u00eb. T\u00eb shmanget kontakt me syt\u00eb. N\u00eb rast t\u00eb efekteve an\u00ebsore, kontaktit me syt\u00eb ose g\u00eblltitjes s\u00eb produktit, kontaktoni me mjekun tuaj.<\/p>\n<h3><strong>Ndihmon n\u00eb:<\/strong><\/h3>\n<p>\u00cbsht\u00eb efektive ve\u00e7an\u00ebrisht n\u00eb problemet e flok\u00ebve (acarime dhe ekzema) dhe humbjen e flok\u00ebve.<\/p>\n<h3><strong>P\u00ebrdorimi<\/strong><strong>:<\/strong><\/h3>\n<p>\u00cbsht\u00eb e p\u00ebrshtatshme p\u00ebr p\u00ebrdorim t\u00eb p\u00ebrditsh\u00ebm.<\/p>\n<hr \/>\n<p><img loading=\"lazy\" decoding=\"async\" class=\"size-medium wp-image-14271 alignleft\" src=\"https:\/\/ozone-gold.mk\/wp-content\/uploads\/2021\/05\/OZONE-GOLD-SHAMPOO-WITH-OZONE-2.jpeg\" alt=\"OZONE GOLD - SHAMPOO WITH OZONE -\u0428\u0410\u041c\u041f\u041e\u041d \u0421\u041e \u041e\u0417\u041e\u041d ozone gold \u0430\u0440\u0433\u0430\u043d \u043a\u0435\u0440\u0430\u0442\u0438\u043d \u043e\u0437\u043e\u043d \u0448\u0430\u043c\u043f\u043e\u043d \u043e\u043f\u0430\u0453\u0430\u045a\u0435 \u043d\u0430 \u043a\u043e\u0441\u0430 \u0440\u0430\u0441\u0442 \u043d\u0430 \u043a\u043e\u0441\u0430 \u0437\u0433\u0443\u0441\u043d\u0443\u0432\u0430\u045a\u0435 \u043d\u0430 \u043a\u043e\u0441\u0430 \u043c\u0430\u0441\u043b\u0438\u043d\u043e\u0432\u043e \u043c\u0430\u0441\u043b\u043e\" width=\"400\" height=\"400\" \/><\/p>\n<h2><strong>Linqe t\u00eb dobishme:<\/strong><\/h2>\n<p><a href=\"\/sq\/produkt\/ozone-gold-anti-hair-loss-serum-protiv-zaguba-na-kosa-50ml\/\">OZONE GOLD \u2013 ANTI HAIR LOSS SERUM \u0421\u0415\u0420\u0423\u041c \u041f\u0420\u041e\u0422\u0418\u0412 \u0417\u0410\u0413\u0423\u0411\u0410 \u041d\u0410 \u041a\u041e\u0421\u0410 \u2013 50ml<\/a><\/p>\n<p><a href=\"\/sq\/produkt\/ozone-gold-hair-care-serum-za-nega-na-kosa-so-ozon-argan\/\">OZONE GOLD \u2013 HAIR CARE SERUM \u0421\u0415\u0420\u0423\u041c \u0417\u0410 \u041d\u0415\u0413\u0410 \u041d\u0410 \u041a\u041e\u0421\u0410 \u0421\u041e \u041e\u0417\u041e\u041d, \u0410\u0420\u0413\u0410\u041d, \u041a\u0415\u0420\u0410\u0422\u0418\u041d \u2013 100ml<\/a><\/p>\n<p><a href=\"https:\/\/pubmed.ncbi.nlm.nih.gov\/8869367\/\" target=\"_blank\" rel=\"sponsored noopener\" data-schema-attribute=\"\">Efektet e autokimoterapis\u00eb me ozon t\u00eb flok\u00ebve<\/a><\/p>","protected":false},"excerpt":{"rendered":"<p>Shamponi i duhur \u00ebsht\u00eb \u00e7el\u00ebsi p\u00ebr flok\u00eb t\u00eb sh\u00ebndetsh\u00ebm.\nShamponi Ozone Gold p\u00ebrmban vaj ulliri t\u00eb ozonuar, argan dhe keratin\u00eb q\u00eb p\u00ebrmir\u00ebsojn\u00eb sh\u00ebndetin e flok\u00ebve dhe t\u00eb skalpit.\nP\u00ebrb\u00ebr\u00ebsit antibakterial\u00eb dhe antifungal\u00eb pastrojn\u00eb skalpin, reduktojn\u00eb r\u00ebnien e flok\u00ebve, i forcojn\u00eb ato dhe stimulojn\u00eb rigjenerimin dhe rritjen e flok\u00ebve.<\/p>","protected":false},"featured_media":17332,"comment_status":"open","ping_status":"closed","template":"","meta":[],"product_brand":[],"product_cat":[18,22],"product_tag":[],"class_list":{"0":"post-16404","1":"product","2":"type-product","3":"status-publish","4":"has-post-thumbnail","6":"product_cat-kozmetika","7":"product_cat-nega-na-kosa","9":"first","10":"instock","11":"taxable","12":"shipping-taxable","13":"purchasable","14":"product-type-simple"},"yoast_head":"<!-- This site is optimized with the Yoast SEO Premium plugin v26.2 (Yoast SEO v27.2) - https:\/\/yoast.com\/product\/yoast-seo-premium-wordpress\/ -->\n<title>OZONE GOLD \u0428\u0410\u041c\u041f\u041e\u041d \u0421\u041e \u041e\u0417\u041e\u041d \u041f\u0420\u041e\u0422\u0418\u0412 \u041e\u041f\u0410\u0403\u0410\u040a\u0415<\/title>\n<meta name=\"description\" content=\"Ozone Gold \u0448\u0430\u043c\u043f\u043e\u043d \u0441\u043e \u043e\u0437\u043e\u043d \u2013 \u0437\u0430 \u0437\u0434\u0440\u0430\u0432\u0430 \u043a\u043e\u0441\u0430 \u0438 \u0441\u043a\u0430\u043b\u043f, \u0441\u043e \u043e\u0437\u043e\u043d\u0438\u0440\u0430\u043d\u043e \u043c\u0430\u0441\u043b\u0438\u043d\u043e\u0432\u043e \u043c\u0430\u0441\u043b\u043e, \u0430\u0440\u0433\u0430\u043d \u0438 \u043a\u0435\u0440\u0430\u0442\u0438\u043d, \u043d\u0430\u043c\u0430\u043b\u0443\u0432\u0430 \u043e\u043f\u0430\u0453\u0430\u045a\u0435 \u0438 \u0441\u0442\u0438\u043c\u0443\u043b\u0438\u0440\u0430 \u0440\u0430\u0441\u0442 \u043d\u0430 \u043a\u043e\u0441\u0430\u0442\u0430.\" \/>\n<meta name=\"robots\" content=\"index, follow, max-snippet:-1, max-image-preview:large, max-video-preview:-1\" \/>\n<link rel=\"canonical\" href=\"https:\/\/ozone-gold.mk\/sq\/produkt\/ozone-gold-shampoo-with-ozone-sampon-so-ozon-330ml\/\" \/>\n<meta property=\"og:locale\" content=\"sq_AL\" \/>\n<meta property=\"og:type\" content=\"article\" \/>\n<meta property=\"og:title\" content=\"OZONE GOLD - SHAMPOO WITH OZONE \u0428\u0410\u041c\u041f\u041e\u041d \u0421\u041e \u041e\u0417\u041e\u041d - 330ml\" \/>\n<meta property=\"og:description\" content=\"Ozone Gold \u0448\u0430\u043c\u043f\u043e\u043d \u0441\u043e \u043e\u0437\u043e\u043d \u2013 \u0437\u0430 \u0437\u0434\u0440\u0430\u0432\u0430 \u043a\u043e\u0441\u0430 \u0438 \u0441\u043a\u0430\u043b\u043f, \u0441\u043e \u043e\u0437\u043e\u043d\u0438\u0440\u0430\u043d\u043e \u043c\u0430\u0441\u043b\u0438\u043d\u043e\u0432\u043e \u043c\u0430\u0441\u043b\u043e, \u0430\u0440\u0433\u0430\u043d \u0438 \u043a\u0435\u0440\u0430\u0442\u0438\u043d, \u043d\u0430\u043c\u0430\u043b\u0443\u0432\u0430 \u043e\u043f\u0430\u0453\u0430\u045a\u0435 \u0438 \u0441\u0442\u0438\u043c\u0443\u043b\u0438\u0440\u0430 \u0440\u0430\u0441\u0442 \u043d\u0430 \u043a\u043e\u0441\u0430\u0442\u0430.\" \/>\n<meta property=\"og:url\" content=\"https:\/\/ozone-gold.mk\/sq\/produkt\/ozone-gold-shampoo-with-ozone-sampon-so-ozon-330ml\/\" \/>\n<meta property=\"og:site_name\" content=\"OZONE GOLD\" \/>\n<meta property=\"article:modified_time\" content=\"2026-02-16T10:32:58+00:00\" \/>\n<meta property=\"og:image\" content=\"https:\/\/ozone-gold.mk\/wp-content\/uploads\/2021\/05\/Artboard-11.jpg\" \/>\n\t<meta property=\"og:image:width\" content=\"2000\" \/>\n\t<meta property=\"og:image:height\" content=\"2000\" \/>\n\t<meta property=\"og:image:type\" content=\"image\/jpeg\" \/>\n<meta name=\"twitter:card\" content=\"summary_large_image\" \/>\n<meta name=\"twitter:label1\" content=\"Price\" \/>\n\t<meta name=\"twitter:data1\" content=\"870&nbsp;&#x434;&#x435;&#x43d; \u0426\u0435\u043d\u0430 \u0441\u043e \u0414\u0414\u0412\" \/>\n\t<meta name=\"twitter:label2\" content=\"Availability\" \/>\n\t<meta name=\"twitter:data2\" content=\"In stock\" \/>\n<script type=\"application\/ld+json\" class=\"yoast-schema-graph\">{\"@context\":\"https:\/\/schema.org\",\"@graph\":[{\"@type\":\"WebPage\",\"@id\":\"https:\/\/ozone-gold.mk\/produkt\/ozone-gold-shampoo-with-ozone-sampon-so-ozon-330ml\/\",\"url\":\"https:\/\/ozone-gold.mk\/produkt\/ozone-gold-shampoo-with-ozone-sampon-so-ozon-330ml\/\",\"name\":\"OZONE GOLD \u0428\u0410\u041c\u041f\u041e\u041d \u0421\u041e \u041e\u0417\u041e\u041d \u041f\u0420\u041e\u0422\u0418\u0412 \u041e\u041f\u0410\u0403\u0410\u040a\u0415\",\"isPartOf\":{\"@id\":\"https:\/\/ozone-gold.mk\/sq\/#website\"},\"primaryImageOfPage\":{\"@id\":\"https:\/\/ozone-gold.mk\/produkt\/ozone-gold-shampoo-with-ozone-sampon-so-ozon-330ml\/#primaryimage\"},\"image\":{\"@id\":\"https:\/\/ozone-gold.mk\/produkt\/ozone-gold-shampoo-with-ozone-sampon-so-ozon-330ml\/#primaryimage\"},\"thumbnailUrl\":\"https:\/\/ozone-gold.mk\/wp-content\/uploads\/2021\/05\/Artboard-11.jpg\",\"datePublished\":\"2021-05-06T11:10:58+00:00\",\"dateModified\":\"2026-02-16T10:32:58+00:00\",\"description\":\"Ozone Gold \u0448\u0430\u043c\u043f\u043e\u043d \u0441\u043e \u043e\u0437\u043e\u043d \u2013 \u0437\u0430 \u0437\u0434\u0440\u0430\u0432\u0430 \u043a\u043e\u0441\u0430 \u0438 \u0441\u043a\u0430\u043b\u043f, \u0441\u043e \u043e\u0437\u043e\u043d\u0438\u0440\u0430\u043d\u043e \u043c\u0430\u0441\u043b\u0438\u043d\u043e\u0432\u043e \u043c\u0430\u0441\u043b\u043e, \u0430\u0440\u0433\u0430\u043d \u0438 \u043a\u0435\u0440\u0430\u0442\u0438\u043d, \u043d\u0430\u043c\u0430\u043b\u0443\u0432\u0430 \u043e\u043f\u0430\u0453\u0430\u045a\u0435 \u0438 \u0441\u0442\u0438\u043c\u0443\u043b\u0438\u0440\u0430 \u0440\u0430\u0441\u0442 \u043d\u0430 \u043a\u043e\u0441\u0430\u0442\u0430.\",\"breadcrumb\":{\"@id\":\"https:\/\/ozone-gold.mk\/produkt\/ozone-gold-shampoo-with-ozone-sampon-so-ozon-330ml\/#breadcrumb\"},\"inLanguage\":\"sq\",\"potentialAction\":[{\"@type\":\"ReadAction\",\"target\":[\"https:\/\/ozone-gold.mk\/produkt\/ozone-gold-shampoo-with-ozone-sampon-so-ozon-330ml\/\"]}]},{\"@type\":\"ImageObject\",\"inLanguage\":\"sq\",\"@id\":\"https:\/\/ozone-gold.mk\/produkt\/ozone-gold-shampoo-with-ozone-sampon-so-ozon-330ml\/#primaryimage\",\"url\":\"https:\/\/ozone-gold.mk\/wp-content\/uploads\/2021\/05\/Artboard-11.jpg\",\"contentUrl\":\"https:\/\/ozone-gold.mk\/wp-content\/uploads\/2021\/05\/Artboard-11.jpg\",\"width\":2000,\"height\":2000},{\"@type\":\"BreadcrumbList\",\"@id\":\"https:\/\/ozone-gold.mk\/produkt\/ozone-gold-shampoo-with-ozone-sampon-so-ozon-330ml\/#breadcrumb\",\"itemListElement\":[{\"@type\":\"ListItem\",\"position\":1,\"name\":\"Home\",\"item\":\"https:\/\/ozone-gold.mk\/\"},{\"@type\":\"ListItem\",\"position\":2,\"name\":\"\u041f\u0440\u043e\u0434\u0430\u0432\u043d\u0438\u0446\u0430\",\"item\":\"https:\/\/ozone-gold.mk\/shop\/\"},{\"@type\":\"ListItem\",\"position\":3,\"name\":\"OZONE GOLD &#8211; SHAMPOO WITH OZONE \u0428\u0410\u041c\u041f\u041e\u041d \u0421\u041e \u041e\u0417\u041e\u041d &#8211; 330ml\"}]},{\"@type\":\"WebSite\",\"@id\":\"https:\/\/ozone-gold.mk\/sq\/#website\",\"url\":\"https:\/\/ozone-gold.mk\/sq\/\",\"name\":\"OZONE GOLD\",\"description\":\"\",\"potentialAction\":[{\"@type\":\"SearchAction\",\"target\":{\"@type\":\"EntryPoint\",\"urlTemplate\":\"https:\/\/ozone-gold.mk\/sq\/?s={search_term_string}\"},\"query-input\":{\"@type\":\"PropertyValueSpecification\",\"valueRequired\":true,\"valueName\":\"search_term_string\"}}],\"inLanguage\":\"sq\"}]}<\/script>\n<meta property=\"product:price:amount\" content=\"870\" \/>\n<meta property=\"product:price:currency\" content=\"MKD\" \/>\n<meta property=\"og:availability\" content=\"instock\" \/>\n<meta property=\"product:availability\" content=\"instock\" \/>\n<meta property=\"product:retailer_item_id\" content=\"8680885440935\" \/>\n<meta property=\"product:condition\" content=\"new\" \/>\n<!-- \/ Yoast SEO Premium plugin. -->","yoast_head_json":{"title":"OZONE GOLD \u0428\u0410\u041c\u041f\u041e\u041d \u0421\u041e \u041e\u0417\u041e\u041d \u041f\u0420\u041e\u0422\u0418\u0412 \u041e\u041f\u0410\u0403\u0410\u040a\u0415","description":"Ozone Gold \u0448\u0430\u043c\u043f\u043e\u043d \u0441\u043e \u043e\u0437\u043e\u043d \u2013 \u0437\u0430 \u0437\u0434\u0440\u0430\u0432\u0430 \u043a\u043e\u0441\u0430 \u0438 \u0441\u043a\u0430\u043b\u043f, \u0441\u043e \u043e\u0437\u043e\u043d\u0438\u0440\u0430\u043d\u043e \u043c\u0430\u0441\u043b\u0438\u043d\u043e\u0432\u043e \u043c\u0430\u0441\u043b\u043e, \u0430\u0440\u0433\u0430\u043d \u0438 \u043a\u0435\u0440\u0430\u0442\u0438\u043d, \u043d\u0430\u043c\u0430\u043b\u0443\u0432\u0430 \u043e\u043f\u0430\u0453\u0430\u045a\u0435 \u0438 \u0441\u0442\u0438\u043c\u0443\u043b\u0438\u0440\u0430 \u0440\u0430\u0441\u0442 \u043d\u0430 \u043a\u043e\u0441\u0430\u0442\u0430.","robots":{"index":"index","follow":"follow","max-snippet":"max-snippet:-1","max-image-preview":"max-image-preview:large","max-video-preview":"max-video-preview:-1"},"canonical":"https:\/\/ozone-gold.mk\/sq\/produkt\/ozone-gold-shampoo-with-ozone-sampon-so-ozon-330ml\/","og_locale":"sq_AL","og_type":"article","og_title":"OZONE GOLD - SHAMPOO WITH OZONE \u0428\u0410\u041c\u041f\u041e\u041d \u0421\u041e \u041e\u0417\u041e\u041d - 330ml","og_description":"Ozone Gold \u0448\u0430\u043c\u043f\u043e\u043d \u0441\u043e \u043e\u0437\u043e\u043d \u2013 \u0437\u0430 \u0437\u0434\u0440\u0430\u0432\u0430 \u043a\u043e\u0441\u0430 \u0438 \u0441\u043a\u0430\u043b\u043f, \u0441\u043e \u043e\u0437\u043e\u043d\u0438\u0440\u0430\u043d\u043e \u043c\u0430\u0441\u043b\u0438\u043d\u043e\u0432\u043e \u043c\u0430\u0441\u043b\u043e, \u0430\u0440\u0433\u0430\u043d \u0438 \u043a\u0435\u0440\u0430\u0442\u0438\u043d, \u043d\u0430\u043c\u0430\u043b\u0443\u0432\u0430 \u043e\u043f\u0430\u0453\u0430\u045a\u0435 \u0438 \u0441\u0442\u0438\u043c\u0443\u043b\u0438\u0440\u0430 \u0440\u0430\u0441\u0442 \u043d\u0430 \u043a\u043e\u0441\u0430\u0442\u0430.","og_url":"https:\/\/ozone-gold.mk\/sq\/produkt\/ozone-gold-shampoo-with-ozone-sampon-so-ozon-330ml\/","og_site_name":"OZONE GOLD","article_modified_time":"2026-02-16T10:32:58+00:00","og_image":[{"width":2000,"height":2000,"url":"https:\/\/ozone-gold.mk\/wp-content\/uploads\/2021\/05\/Artboard-11.jpg","type":"image\/jpeg"}],"twitter_card":"summary_large_image","twitter_misc":{"Price":"870&nbsp;&#x434;&#x435;&#x43d; \u0426\u0435\u043d\u0430 \u0441\u043e \u0414\u0414\u0412","Availability":"In stock"},"schema":{"@context":"https:\/\/schema.org","@graph":[{"@type":"WebPage","@id":"https:\/\/ozone-gold.mk\/produkt\/ozone-gold-shampoo-with-ozone-sampon-so-ozon-330ml\/","url":"https:\/\/ozone-gold.mk\/produkt\/ozone-gold-shampoo-with-ozone-sampon-so-ozon-330ml\/","name":"OZONE GOLD \u0428\u0410\u041c\u041f\u041e\u041d \u0421\u041e \u041e\u0417\u041e\u041d \u041f\u0420\u041e\u0422\u0418\u0412 \u041e\u041f\u0410\u0403\u0410\u040a\u0415","isPartOf":{"@id":"https:\/\/ozone-gold.mk\/sq\/#website"},"primaryImageOfPage":{"@id":"https:\/\/ozone-gold.mk\/produkt\/ozone-gold-shampoo-with-ozone-sampon-so-ozon-330ml\/#primaryimage"},"image":{"@id":"https:\/\/ozone-gold.mk\/produkt\/ozone-gold-shampoo-with-ozone-sampon-so-ozon-330ml\/#primaryimage"},"thumbnailUrl":"https:\/\/ozone-gold.mk\/wp-content\/uploads\/2021\/05\/Artboard-11.jpg","datePublished":"2021-05-06T11:10:58+00:00","dateModified":"2026-02-16T10:32:58+00:00","description":"Ozone Gold \u0448\u0430\u043c\u043f\u043e\u043d \u0441\u043e \u043e\u0437\u043e\u043d \u2013 \u0437\u0430 \u0437\u0434\u0440\u0430\u0432\u0430 \u043a\u043e\u0441\u0430 \u0438 \u0441\u043a\u0430\u043b\u043f, \u0441\u043e \u043e\u0437\u043e\u043d\u0438\u0440\u0430\u043d\u043e \u043c\u0430\u0441\u043b\u0438\u043d\u043e\u0432\u043e \u043c\u0430\u0441\u043b\u043e, \u0430\u0440\u0433\u0430\u043d \u0438 \u043a\u0435\u0440\u0430\u0442\u0438\u043d, \u043d\u0430\u043c\u0430\u043b\u0443\u0432\u0430 \u043e\u043f\u0430\u0453\u0430\u045a\u0435 \u0438 \u0441\u0442\u0438\u043c\u0443\u043b\u0438\u0440\u0430 \u0440\u0430\u0441\u0442 \u043d\u0430 \u043a\u043e\u0441\u0430\u0442\u0430.","breadcrumb":{"@id":"https:\/\/ozone-gold.mk\/produkt\/ozone-gold-shampoo-with-ozone-sampon-so-ozon-330ml\/#breadcrumb"},"inLanguage":"sq","potentialAction":[{"@type":"ReadAction","target":["https:\/\/ozone-gold.mk\/produkt\/ozone-gold-shampoo-with-ozone-sampon-so-ozon-330ml\/"]}]},{"@type":"ImageObject","inLanguage":"sq","@id":"https:\/\/ozone-gold.mk\/produkt\/ozone-gold-shampoo-with-ozone-sampon-so-ozon-330ml\/#primaryimage","url":"https:\/\/ozone-gold.mk\/wp-content\/uploads\/2021\/05\/Artboard-11.jpg","contentUrl":"https:\/\/ozone-gold.mk\/wp-content\/uploads\/2021\/05\/Artboard-11.jpg","width":2000,"height":2000},{"@type":"BreadcrumbList","@id":"https:\/\/ozone-gold.mk\/produkt\/ozone-gold-shampoo-with-ozone-sampon-so-ozon-330ml\/#breadcrumb","itemListElement":[{"@type":"ListItem","position":1,"name":"Home","item":"https:\/\/ozone-gold.mk\/"},{"@type":"ListItem","position":2,"name":"\u041f\u0440\u043e\u0434\u0430\u0432\u043d\u0438\u0446\u0430","item":"https:\/\/ozone-gold.mk\/shop\/"},{"@type":"ListItem","position":3,"name":"OZONE GOLD &#8211; SHAMPOO WITH OZONE \u0428\u0410\u041c\u041f\u041e\u041d \u0421\u041e \u041e\u0417\u041e\u041d &#8211; 330ml"}]},{"@type":"WebSite","@id":"https:\/\/ozone-gold.mk\/sq\/#website","url":"https:\/\/ozone-gold.mk\/sq\/","name":"OZONE GOLD","description":"","potentialAction":[{"@type":"SearchAction","target":{"@type":"EntryPoint","urlTemplate":"https:\/\/ozone-gold.mk\/sq\/?s={search_term_string}"},"query-input":{"@type":"PropertyValueSpecification","valueRequired":true,"valueName":"search_term_string"}}],"inLanguage":"sq"}]},"product_price_amount":"870","product_price_currency":"MKD","og_availability":"instock","product_availability":"instock","product_retailer_item_id":"8680885440935","product_condition":"new"},"_links":{"self":[{"href":"https:\/\/ozone-gold.mk\/sq\/wp-json\/wp\/v2\/product\/16404","targetHints":{"allow":["GET"]}}],"collection":[{"href":"https:\/\/ozone-gold.mk\/sq\/wp-json\/wp\/v2\/product"}],"about":[{"href":"https:\/\/ozone-gold.mk\/sq\/wp-json\/wp\/v2\/types\/product"}],"replies":[{"embeddable":true,"href":"https:\/\/ozone-gold.mk\/sq\/wp-json\/wp\/v2\/comments?post=16404"}],"wp:featuredmedia":[{"embeddable":true,"href":"https:\/\/ozone-gold.mk\/sq\/wp-json\/wp\/v2\/media\/17332"}],"wp:attachment":[{"href":"https:\/\/ozone-gold.mk\/sq\/wp-json\/wp\/v2\/media?parent=16404"}],"wp:term":[{"taxonomy":"product_brand","embeddable":true,"href":"https:\/\/ozone-gold.mk\/sq\/wp-json\/wp\/v2\/product_brand?post=16404"},{"taxonomy":"product_cat","embeddable":true,"href":"https:\/\/ozone-gold.mk\/sq\/wp-json\/wp\/v2\/product_cat?post=16404"},{"taxonomy":"product_tag","embeddable":true,"href":"https:\/\/ozone-gold.mk\/sq\/wp-json\/wp\/v2\/product_tag?post=16404"}],"curies":[{"name":"wp","href":"https:\/\/api.w.org\/{rel}","templated":true}]}}