{"id":18905,"date":"2021-11-24T00:01:50","date_gmt":"2021-11-24T01:01:50","guid":{"rendered":"https:\/\/ozone-gold.mk\/?post_type=product&#038;p=18905"},"modified":"2026-04-08T13:28:46","modified_gmt":"2026-04-08T11:28:46","slug":"ozone-gold-ozonized-massage-gel-ozoniran-gel-za-masaza-50ml-2","status":"publish","type":"product","link":"https:\/\/ozone-gold.mk\/sq\/produkt\/ozone-gold-ozonized-massage-gel-ozoniran-gel-za-masaza-50ml-2\/","title":{"rendered":"OZONE GOLD \u2013 OZONIZED MASSAGE GEL - GEL I OZONUAR P\u00cbR MASAZH \u2013 50ml"},"content":{"rendered":"<h2><strong>\u041e\u0417\u041e\u041d\u0418\u0420\u0410\u041d \u0413\u0415\u041b \u0417\u0410 \u041c\u0410\u0421\u0410\u0416\u0410<\/strong><\/h2>\n<h3><strong>Karakteristikat:<\/strong><\/h3>\n<p>Xheli i ozonuar p\u00ebr masazh Ozone Gold \u00ebsht\u00eb ideal p\u00ebr nj\u00eb masazh t\u00eb thell\u00eb dhe relaksues.\nP\u00ebrve\u00e7 vajit ulliri t\u00eb ozonuar, ai p\u00ebrmban edhe vajra natyral\u00eb t\u00eb p\u00ebrzgjedhur me kujdes q\u00eb rivitalizojn\u00eb trupin dhe mendjen.<\/p>\n<ul>\n<li>P\u00ebrmban vajra nga rozmarina, kantarioni, piperi, nenexhiku, eukaliptusi dhe xhenxhefili.<\/li>\n<li>Ndihmon n\u00eb relaksimin e muskujve dhe p\u00ebrmir\u00ebsimin e qarkullimit.<\/li>\n<li>Ushqen dhe freskon l\u00ebkur\u00ebn, duke e l\u00ebn\u00eb t\u00eb but\u00eb dhe t\u00eb l\u00ebmuar.<\/li>\n<li>I p\u00ebrsosur p\u00ebr t\u2019u p\u00ebrdorur pas aktivitetit fizik ose p\u00ebr reduktimin e stresit.<\/li>\n<\/ul>\n<h3><strong>P\u00ebrb\u00ebrje:<\/strong><\/h3>\n<p>Ozonized Olive Oil, Thymus Vulgaris Oil, Rosmarinus Officinalis Leaf Oil, Hypericum Perforatum Oil, Mentha Piperita Oil, Eugenia Caryophyllus Flower Oil, Nigella Sativa Seed Oil, Cinnamomum Camphora Bark Oil, Eucalyptus Globulus Leaf Oil, Prunus Amygdalus Dulcis Oil, Zingiber Officinale Root Oil.<\/p>\n<h3><strong>Paralajm\u00ebrimet:<\/strong><\/h3>\n<ul>\n<li>T\u00eb mbahet larg nga f\u00ebmij\u00ebt.<\/li>\n<li>Mos e g\u00eblltisni.<\/li>\n<li>T\u00eb mos g\u00eblltitet dhe t\u00eb mos ekspozohet n\u00eb drit\u00eb t\u00eb drejtp\u00ebrdrejt\u00eb dielli.<\/li>\n<li>T\u00eb ruhet n\u00eb nj\u00eb vend t\u00eb ftoht\u00eb dhe t\u00eb that\u00eb.<\/li>\n<li>T\u00eb shmanget kontakti me syt\u00eb. N\u00eb rast kontakti, shp\u00eblajeni menj\u00ebher\u00eb.<\/li>\n<\/ul>\n<h3><strong>M\u00ebnyra e p\u00ebrdorimit:<\/strong><\/h3>\n<ul>\n<li>Aplikoni nj\u00eb sasi t\u00eb vog\u00ebl n\u00eb zon\u00ebn q\u00eb do t\u00eb masazhohet.<\/li>\n<li>Masazhojeni me l\u00ebvizje rrethore derisa t\u00eb p\u00ebrthithet plot\u00ebsisht.<\/li>\n<li>I p\u00ebrshtatsh\u00ebm p\u00ebr p\u00ebrdorim t\u00eb p\u00ebrditsh\u00ebm dhe p\u00ebr t\u00eb gjitha llojet e l\u00ebkur\u00ebs.<\/li>\n<\/ul>\n<hr \/>\n<p><img loading=\"lazy\" decoding=\"async\" class=\"alignleft wp-image-14344 size-medium\" src=\"https:\/\/ozone-gold.mk\/wp-content\/uploads\/2021\/05\/OZONE-GOLD-%E2%80%93-OZONIZED-MASSAGE-GEL-2.jpeg\" alt=\"Ozone Gold \u043e\u0437\u043e\u043d\u0438\u0440\u0430\u043d \u0433\u0435\u043b \u0437\u0430 \u043c\u0430\u0441\u0430\u0436\u0430 - \u0440\u0435\u043b\u0430\u043a\u0441\u0438\u0440\u0430\u0447\u043a\u0430 \u043c\u0430\u0441\u0430\u0436\u0430, \u0440\u0435\u0432\u0438\u0442\u0430\u043b\u0438\u0437\u0430\u0446\u0438\u0458\u0430 \u043d\u0430 \u043a\u043e\u0436\u0430 \u0438 \u043c\u0443\u0441\u043a\u0443\u043b\u0438\" width=\"400\" height=\"400\" \/><\/p>\n<h2><strong>Linqe t\u00eb dobishme:<\/strong><\/h2>\n<ul>\n<li><a href=\"\/sq\/produkt\/ozone-gold-ozone-factor-ozonirano-maslinovo-maslo-vo-kapsula\/\">OZONE GOLD \u2013 OZONE FACTOR CAPSULES<\/a><\/li>\n<li><a href=\"https:\/\/pubmed.ncbi.nlm.nih.gov\/29207120\/\" target=\"_blank\" rel=\"noopener\">Veprim antibakterial nga aplikimi lokal i ozonit.<\/a><\/li>\n<li><a href=\"https:\/\/pubmed.ncbi.nlm.nih.gov\/29536625\/\" target=\"_blank\" rel=\"noopener\">Terapia me ozon p\u00ebr trajtimin e plag\u00ebve kronike<\/a><\/li>\n<\/ul>","protected":false},"excerpt":{"rendered":"<p>Geli me ozon p\u00ebr masazh nga Ozone Gold \u00ebsht\u00eb ideal p\u00ebr masazh t\u00eb thell\u00eb. P\u00ebrve\u00e7 vajit t\u00eb ullirit t\u00eb ozonuar, geli p\u00ebr masazh p\u00ebrmban vajra t\u00eb tjera me cil\u00ebsi t\u00eb lart\u00eb t\u00eb rozmarin\u00ebs, kantarionit, piperit, nenexhikut, eukaliptit dhe xhenxhefilit q\u00eb kontribuojn\u00eb n\u00eb relaksimin dhe rigjall\u00ebrimin e l\u00ebkur\u00ebs dhe muskujve.<\/p>","protected":false},"featured_media":17331,"comment_status":"open","ping_status":"closed","template":"","meta":[],"product_brand":[],"product_cat":[18,23],"product_tag":[],"class_list":{"0":"post-18905","1":"product","2":"type-product","3":"status-publish","4":"has-post-thumbnail","6":"product_cat-kozmetika","7":"product_cat-kremi-za-specifichni-nameni","9":"first","10":"instock","11":"sale","12":"taxable","13":"shipping-taxable","14":"purchasable","15":"product-type-simple"},"yoast_head":"<!-- This site is optimized with the Yoast SEO Premium plugin v26.2 (Yoast SEO v27.2) - https:\/\/yoast.com\/product\/yoast-seo-premium-wordpress\/ -->\n<title>OZONE GOLD \u041e\u0417\u041e\u041d\u0418\u0420\u0410\u041d \u0413\u0415\u041b \u0417\u0410 \u041c\u0410\u0421\u0410\u0416\u0410 - 50\u043c\u043b<\/title>\n<meta name=\"description\" content=\"OZONE GOLD \u041e\u0417\u041e\u041d\u0418\u0420\u0410\u041d \u0413\u0415\u041b \u0417\u0410 \u041c\u0410\u0421\u0410\u0416\u0410 - \u0438\u0434\u0435\u0430\u043b\u0435\u043d \u0437\u0430 \u0434\u043b\u0430\u0431\u0438\u043d\u0441\u043a\u0430 \u043c\u0430\u0441\u0430\u0436\u0430, \u0441\u043e \u043e\u0437\u043e\u043d\u0438\u0437\u0438\u0440\u0430\u043d\u043e \u043c\u0430\u0441\u043b\u043e \u0438 \u043f\u0440\u0438\u0440\u043e\u0434\u043d\u0438 \u0435\u043a\u0441\u0442\u0440\u0430\u043a\u0442\u0438 \u0437\u0430 \u0440\u0435\u043b\u0430\u043a\u0441\u0430\u0446\u0438\u0458\u0430 \u0438 \u0440\u0435\u0432\u0438\u0442\u0430\u043b\u0438\u0437\u0430\u0446\u0438\u0458\u0430 \u043d\u0430 \u043a\u043e\u0436\u0430\u0442\u0430.\" \/>\n<meta name=\"robots\" content=\"index, follow, max-snippet:-1, max-image-preview:large, max-video-preview:-1\" \/>\n<link rel=\"canonical\" href=\"https:\/\/ozone-gold.mk\/sq\/produkt\/ozone-gold-ozonized-massage-gel-ozoniran-gel-za-masaza-50ml-2\/\" \/>\n<meta property=\"og:locale\" content=\"sq_AL\" \/>\n<meta property=\"og:type\" content=\"article\" \/>\n<meta property=\"og:title\" content=\"OZONE GOLD - OZONIZED MASSAGE GEL \u041e\u0417\u041e\u041d\u0418\u0420\u0410\u041d \u0413\u0415\u041b \u0417\u0410 \u041c\u0410\u0421\u0410\u0416\u0410 - 50ml\" \/>\n<meta property=\"og:description\" content=\"OZONE GOLD \u041e\u0417\u041e\u041d\u0418\u0420\u0410\u041d \u0413\u0415\u041b \u0417\u0410 \u041c\u0410\u0421\u0410\u0416\u0410 - \u0438\u0434\u0435\u0430\u043b\u0435\u043d \u0437\u0430 \u0434\u043b\u0430\u0431\u0438\u043d\u0441\u043a\u0430 \u043c\u0430\u0441\u0430\u0436\u0430, \u0441\u043e \u043e\u0437\u043e\u043d\u0438\u0437\u0438\u0440\u0430\u043d\u043e \u043c\u0430\u0441\u043b\u043e \u0438 \u043f\u0440\u0438\u0440\u043e\u0434\u043d\u0438 \u0435\u043a\u0441\u0442\u0440\u0430\u043a\u0442\u0438 \u0437\u0430 \u0440\u0435\u043b\u0430\u043a\u0441\u0430\u0446\u0438\u0458\u0430 \u0438 \u0440\u0435\u0432\u0438\u0442\u0430\u043b\u0438\u0437\u0430\u0446\u0438\u0458\u0430 \u043d\u0430 \u043a\u043e\u0436\u0430\u0442\u0430.\" \/>\n<meta property=\"og:url\" content=\"https:\/\/ozone-gold.mk\/sq\/produkt\/ozone-gold-ozonized-massage-gel-ozoniran-gel-za-masaza-50ml-2\/\" \/>\n<meta property=\"og:site_name\" content=\"OZONE GOLD\" \/>\n<meta property=\"article:modified_time\" content=\"2026-04-08T11:28:46+00:00\" \/>\n<meta property=\"og:image\" content=\"https:\/\/ozone-gold.mk\/wp-content\/uploads\/2021\/05\/Artboard-10.jpg\" \/>\n\t<meta property=\"og:image:width\" content=\"2000\" \/>\n\t<meta property=\"og:image:height\" content=\"2000\" \/>\n\t<meta property=\"og:image:type\" content=\"image\/jpeg\" \/>\n<meta name=\"twitter:card\" content=\"summary_large_image\" \/>\n<meta name=\"twitter:label1\" content=\"Price\" \/>\n\t<meta name=\"twitter:data1\" content=\"1.360&nbsp;&#x434;&#x435;&#x43d; \u0426\u0435\u043d\u0430 \u0441\u043e \u0414\u0414\u0412\" \/>\n\t<meta name=\"twitter:label2\" content=\"Availability\" \/>\n\t<meta name=\"twitter:data2\" content=\"In stock\" \/>\n<script type=\"application\/ld+json\" class=\"yoast-schema-graph\">{\"@context\":\"https:\/\/schema.org\",\"@graph\":[{\"@type\":\"WebPage\",\"@id\":\"https:\/\/ozone-gold.mk\/produkt\/ozone-gold-ozonized-massage-gel-ozoniran-gel-za-masaza-50ml-2\/\",\"url\":\"https:\/\/ozone-gold.mk\/produkt\/ozone-gold-ozonized-massage-gel-ozoniran-gel-za-masaza-50ml-2\/\",\"name\":\"OZONE GOLD \u041e\u0417\u041e\u041d\u0418\u0420\u0410\u041d \u0413\u0415\u041b \u0417\u0410 \u041c\u0410\u0421\u0410\u0416\u0410 - 50\u043c\u043b\",\"isPartOf\":{\"@id\":\"https:\/\/ozone-gold.mk\/sq\/#website\"},\"primaryImageOfPage\":{\"@id\":\"https:\/\/ozone-gold.mk\/produkt\/ozone-gold-ozonized-massage-gel-ozoniran-gel-za-masaza-50ml-2\/#primaryimage\"},\"image\":{\"@id\":\"https:\/\/ozone-gold.mk\/produkt\/ozone-gold-ozonized-massage-gel-ozoniran-gel-za-masaza-50ml-2\/#primaryimage\"},\"thumbnailUrl\":\"https:\/\/ozone-gold.mk\/wp-content\/uploads\/2021\/05\/Artboard-10.jpg\",\"datePublished\":\"2021-11-24T01:01:50+00:00\",\"dateModified\":\"2026-04-08T11:28:46+00:00\",\"description\":\"OZONE GOLD \u041e\u0417\u041e\u041d\u0418\u0420\u0410\u041d \u0413\u0415\u041b \u0417\u0410 \u041c\u0410\u0421\u0410\u0416\u0410 - \u0438\u0434\u0435\u0430\u043b\u0435\u043d \u0437\u0430 \u0434\u043b\u0430\u0431\u0438\u043d\u0441\u043a\u0430 \u043c\u0430\u0441\u0430\u0436\u0430, \u0441\u043e \u043e\u0437\u043e\u043d\u0438\u0437\u0438\u0440\u0430\u043d\u043e \u043c\u0430\u0441\u043b\u043e \u0438 \u043f\u0440\u0438\u0440\u043e\u0434\u043d\u0438 \u0435\u043a\u0441\u0442\u0440\u0430\u043a\u0442\u0438 \u0437\u0430 \u0440\u0435\u043b\u0430\u043a\u0441\u0430\u0446\u0438\u0458\u0430 \u0438 \u0440\u0435\u0432\u0438\u0442\u0430\u043b\u0438\u0437\u0430\u0446\u0438\u0458\u0430 \u043d\u0430 \u043a\u043e\u0436\u0430\u0442\u0430.\",\"breadcrumb\":{\"@id\":\"https:\/\/ozone-gold.mk\/produkt\/ozone-gold-ozonized-massage-gel-ozoniran-gel-za-masaza-50ml-2\/#breadcrumb\"},\"inLanguage\":\"sq\",\"potentialAction\":[{\"@type\":\"ReadAction\",\"target\":[\"https:\/\/ozone-gold.mk\/produkt\/ozone-gold-ozonized-massage-gel-ozoniran-gel-za-masaza-50ml-2\/\"]}]},{\"@type\":\"ImageObject\",\"inLanguage\":\"sq\",\"@id\":\"https:\/\/ozone-gold.mk\/produkt\/ozone-gold-ozonized-massage-gel-ozoniran-gel-za-masaza-50ml-2\/#primaryimage\",\"url\":\"https:\/\/ozone-gold.mk\/wp-content\/uploads\/2021\/05\/Artboard-10.jpg\",\"contentUrl\":\"https:\/\/ozone-gold.mk\/wp-content\/uploads\/2021\/05\/Artboard-10.jpg\",\"width\":2000,\"height\":2000},{\"@type\":\"BreadcrumbList\",\"@id\":\"https:\/\/ozone-gold.mk\/produkt\/ozone-gold-ozonized-massage-gel-ozoniran-gel-za-masaza-50ml-2\/#breadcrumb\",\"itemListElement\":[{\"@type\":\"ListItem\",\"position\":1,\"name\":\"Home\",\"item\":\"https:\/\/ozone-gold.mk\/\"},{\"@type\":\"ListItem\",\"position\":2,\"name\":\"\u041f\u0440\u043e\u0434\u0430\u0432\u043d\u0438\u0446\u0430\",\"item\":\"https:\/\/ozone-gold.mk\/shop\/\"},{\"@type\":\"ListItem\",\"position\":3,\"name\":\"OZONE GOLD &#8211; OZONIZED MASSAGE GEL \u041e\u0417\u041e\u041d\u0418\u0420\u0410\u041d \u0413\u0415\u041b \u0417\u0410 \u041c\u0410\u0421\u0410\u0416\u0410 &#8211; 50ml\"}]},{\"@type\":\"WebSite\",\"@id\":\"https:\/\/ozone-gold.mk\/sq\/#website\",\"url\":\"https:\/\/ozone-gold.mk\/sq\/\",\"name\":\"OZONE GOLD\",\"description\":\"\",\"potentialAction\":[{\"@type\":\"SearchAction\",\"target\":{\"@type\":\"EntryPoint\",\"urlTemplate\":\"https:\/\/ozone-gold.mk\/sq\/?s={search_term_string}\"},\"query-input\":{\"@type\":\"PropertyValueSpecification\",\"valueRequired\":true,\"valueName\":\"search_term_string\"}}],\"inLanguage\":\"sq\"}]}<\/script>\n<meta property=\"product:price:amount\" content=\"1360\" \/>\n<meta property=\"product:price:currency\" content=\"MKD\" \/>\n<meta property=\"og:availability\" content=\"instock\" \/>\n<meta property=\"product:availability\" content=\"instock\" \/>\n<meta property=\"product:retailer_item_id\" content=\"8680885440812-1\" \/>\n<meta property=\"product:condition\" content=\"new\" \/>\n<!-- \/ Yoast SEO Premium plugin. -->","yoast_head_json":{"title":"OZONE GOLD \u041e\u0417\u041e\u041d\u0418\u0420\u0410\u041d \u0413\u0415\u041b \u0417\u0410 \u041c\u0410\u0421\u0410\u0416\u0410 - 50\u043c\u043b","description":"OZONE GOLD \u041e\u0417\u041e\u041d\u0418\u0420\u0410\u041d \u0413\u0415\u041b \u0417\u0410 \u041c\u0410\u0421\u0410\u0416\u0410 - \u0438\u0434\u0435\u0430\u043b\u0435\u043d \u0437\u0430 \u0434\u043b\u0430\u0431\u0438\u043d\u0441\u043a\u0430 \u043c\u0430\u0441\u0430\u0436\u0430, \u0441\u043e \u043e\u0437\u043e\u043d\u0438\u0437\u0438\u0440\u0430\u043d\u043e \u043c\u0430\u0441\u043b\u043e \u0438 \u043f\u0440\u0438\u0440\u043e\u0434\u043d\u0438 \u0435\u043a\u0441\u0442\u0440\u0430\u043a\u0442\u0438 \u0437\u0430 \u0440\u0435\u043b\u0430\u043a\u0441\u0430\u0446\u0438\u0458\u0430 \u0438 \u0440\u0435\u0432\u0438\u0442\u0430\u043b\u0438\u0437\u0430\u0446\u0438\u0458\u0430 \u043d\u0430 \u043a\u043e\u0436\u0430\u0442\u0430.","robots":{"index":"index","follow":"follow","max-snippet":"max-snippet:-1","max-image-preview":"max-image-preview:large","max-video-preview":"max-video-preview:-1"},"canonical":"https:\/\/ozone-gold.mk\/sq\/produkt\/ozone-gold-ozonized-massage-gel-ozoniran-gel-za-masaza-50ml-2\/","og_locale":"sq_AL","og_type":"article","og_title":"OZONE GOLD - OZONIZED MASSAGE GEL \u041e\u0417\u041e\u041d\u0418\u0420\u0410\u041d \u0413\u0415\u041b \u0417\u0410 \u041c\u0410\u0421\u0410\u0416\u0410 - 50ml","og_description":"OZONE GOLD \u041e\u0417\u041e\u041d\u0418\u0420\u0410\u041d \u0413\u0415\u041b \u0417\u0410 \u041c\u0410\u0421\u0410\u0416\u0410 - \u0438\u0434\u0435\u0430\u043b\u0435\u043d \u0437\u0430 \u0434\u043b\u0430\u0431\u0438\u043d\u0441\u043a\u0430 \u043c\u0430\u0441\u0430\u0436\u0430, \u0441\u043e \u043e\u0437\u043e\u043d\u0438\u0437\u0438\u0440\u0430\u043d\u043e \u043c\u0430\u0441\u043b\u043e \u0438 \u043f\u0440\u0438\u0440\u043e\u0434\u043d\u0438 \u0435\u043a\u0441\u0442\u0440\u0430\u043a\u0442\u0438 \u0437\u0430 \u0440\u0435\u043b\u0430\u043a\u0441\u0430\u0446\u0438\u0458\u0430 \u0438 \u0440\u0435\u0432\u0438\u0442\u0430\u043b\u0438\u0437\u0430\u0446\u0438\u0458\u0430 \u043d\u0430 \u043a\u043e\u0436\u0430\u0442\u0430.","og_url":"https:\/\/ozone-gold.mk\/sq\/produkt\/ozone-gold-ozonized-massage-gel-ozoniran-gel-za-masaza-50ml-2\/","og_site_name":"OZONE GOLD","article_modified_time":"2026-04-08T11:28:46+00:00","og_image":[{"width":2000,"height":2000,"url":"https:\/\/ozone-gold.mk\/wp-content\/uploads\/2021\/05\/Artboard-10.jpg","type":"image\/jpeg"}],"twitter_card":"summary_large_image","twitter_misc":{"Price":"1.360&nbsp;&#x434;&#x435;&#x43d; \u0426\u0435\u043d\u0430 \u0441\u043e \u0414\u0414\u0412","Availability":"In stock"},"schema":{"@context":"https:\/\/schema.org","@graph":[{"@type":"WebPage","@id":"https:\/\/ozone-gold.mk\/produkt\/ozone-gold-ozonized-massage-gel-ozoniran-gel-za-masaza-50ml-2\/","url":"https:\/\/ozone-gold.mk\/produkt\/ozone-gold-ozonized-massage-gel-ozoniran-gel-za-masaza-50ml-2\/","name":"OZONE GOLD \u041e\u0417\u041e\u041d\u0418\u0420\u0410\u041d \u0413\u0415\u041b \u0417\u0410 \u041c\u0410\u0421\u0410\u0416\u0410 - 50\u043c\u043b","isPartOf":{"@id":"https:\/\/ozone-gold.mk\/sq\/#website"},"primaryImageOfPage":{"@id":"https:\/\/ozone-gold.mk\/produkt\/ozone-gold-ozonized-massage-gel-ozoniran-gel-za-masaza-50ml-2\/#primaryimage"},"image":{"@id":"https:\/\/ozone-gold.mk\/produkt\/ozone-gold-ozonized-massage-gel-ozoniran-gel-za-masaza-50ml-2\/#primaryimage"},"thumbnailUrl":"https:\/\/ozone-gold.mk\/wp-content\/uploads\/2021\/05\/Artboard-10.jpg","datePublished":"2021-11-24T01:01:50+00:00","dateModified":"2026-04-08T11:28:46+00:00","description":"OZONE GOLD \u041e\u0417\u041e\u041d\u0418\u0420\u0410\u041d \u0413\u0415\u041b \u0417\u0410 \u041c\u0410\u0421\u0410\u0416\u0410 - \u0438\u0434\u0435\u0430\u043b\u0435\u043d \u0437\u0430 \u0434\u043b\u0430\u0431\u0438\u043d\u0441\u043a\u0430 \u043c\u0430\u0441\u0430\u0436\u0430, \u0441\u043e \u043e\u0437\u043e\u043d\u0438\u0437\u0438\u0440\u0430\u043d\u043e \u043c\u0430\u0441\u043b\u043e \u0438 \u043f\u0440\u0438\u0440\u043e\u0434\u043d\u0438 \u0435\u043a\u0441\u0442\u0440\u0430\u043a\u0442\u0438 \u0437\u0430 \u0440\u0435\u043b\u0430\u043a\u0441\u0430\u0446\u0438\u0458\u0430 \u0438 \u0440\u0435\u0432\u0438\u0442\u0430\u043b\u0438\u0437\u0430\u0446\u0438\u0458\u0430 \u043d\u0430 \u043a\u043e\u0436\u0430\u0442\u0430.","breadcrumb":{"@id":"https:\/\/ozone-gold.mk\/produkt\/ozone-gold-ozonized-massage-gel-ozoniran-gel-za-masaza-50ml-2\/#breadcrumb"},"inLanguage":"sq","potentialAction":[{"@type":"ReadAction","target":["https:\/\/ozone-gold.mk\/produkt\/ozone-gold-ozonized-massage-gel-ozoniran-gel-za-masaza-50ml-2\/"]}]},{"@type":"ImageObject","inLanguage":"sq","@id":"https:\/\/ozone-gold.mk\/produkt\/ozone-gold-ozonized-massage-gel-ozoniran-gel-za-masaza-50ml-2\/#primaryimage","url":"https:\/\/ozone-gold.mk\/wp-content\/uploads\/2021\/05\/Artboard-10.jpg","contentUrl":"https:\/\/ozone-gold.mk\/wp-content\/uploads\/2021\/05\/Artboard-10.jpg","width":2000,"height":2000},{"@type":"BreadcrumbList","@id":"https:\/\/ozone-gold.mk\/produkt\/ozone-gold-ozonized-massage-gel-ozoniran-gel-za-masaza-50ml-2\/#breadcrumb","itemListElement":[{"@type":"ListItem","position":1,"name":"Home","item":"https:\/\/ozone-gold.mk\/"},{"@type":"ListItem","position":2,"name":"\u041f\u0440\u043e\u0434\u0430\u0432\u043d\u0438\u0446\u0430","item":"https:\/\/ozone-gold.mk\/shop\/"},{"@type":"ListItem","position":3,"name":"OZONE GOLD &#8211; OZONIZED MASSAGE GEL \u041e\u0417\u041e\u041d\u0418\u0420\u0410\u041d \u0413\u0415\u041b \u0417\u0410 \u041c\u0410\u0421\u0410\u0416\u0410 &#8211; 50ml"}]},{"@type":"WebSite","@id":"https:\/\/ozone-gold.mk\/sq\/#website","url":"https:\/\/ozone-gold.mk\/sq\/","name":"OZONE GOLD","description":"","potentialAction":[{"@type":"SearchAction","target":{"@type":"EntryPoint","urlTemplate":"https:\/\/ozone-gold.mk\/sq\/?s={search_term_string}"},"query-input":{"@type":"PropertyValueSpecification","valueRequired":true,"valueName":"search_term_string"}}],"inLanguage":"sq"}]},"product_price_amount":"1360","product_price_currency":"MKD","og_availability":"instock","product_availability":"instock","product_retailer_item_id":"8680885440812-1","product_condition":"new"},"_links":{"self":[{"href":"https:\/\/ozone-gold.mk\/sq\/wp-json\/wp\/v2\/product\/18905","targetHints":{"allow":["GET"]}}],"collection":[{"href":"https:\/\/ozone-gold.mk\/sq\/wp-json\/wp\/v2\/product"}],"about":[{"href":"https:\/\/ozone-gold.mk\/sq\/wp-json\/wp\/v2\/types\/product"}],"replies":[{"embeddable":true,"href":"https:\/\/ozone-gold.mk\/sq\/wp-json\/wp\/v2\/comments?post=18905"}],"wp:featuredmedia":[{"embeddable":true,"href":"https:\/\/ozone-gold.mk\/sq\/wp-json\/wp\/v2\/media\/17331"}],"wp:attachment":[{"href":"https:\/\/ozone-gold.mk\/sq\/wp-json\/wp\/v2\/media?parent=18905"}],"wp:term":[{"taxonomy":"product_brand","embeddable":true,"href":"https:\/\/ozone-gold.mk\/sq\/wp-json\/wp\/v2\/product_brand?post=18905"},{"taxonomy":"product_cat","embeddable":true,"href":"https:\/\/ozone-gold.mk\/sq\/wp-json\/wp\/v2\/product_cat?post=18905"},{"taxonomy":"product_tag","embeddable":true,"href":"https:\/\/ozone-gold.mk\/sq\/wp-json\/wp\/v2\/product_tag?post=18905"}],"curies":[{"name":"wp","href":"https:\/\/api.w.org\/{rel}","templated":true}]}}