{"id":18908,"date":"2021-11-24T00:01:56","date_gmt":"2021-11-24T00:01:56","guid":{"rendered":"https:\/\/ozone-gold.mk\/?post_type=product&#038;p=18908"},"modified":"2026-02-16T11:17:51","modified_gmt":"2026-02-16T10:17:51","slug":"ozone-gold-anti-aging-cream-krema-protiv-stareenje-so-ozon-i-aloe-vera-30ml-2","status":"publish","type":"product","link":"https:\/\/ozone-gold.mk\/sq\/produkt\/ozone-gold-anti-aging-cream-krema-protiv-stareenje-so-ozon-i-aloe-vera-30ml-2\/","title":{"rendered":"OZONE GOLD \u2013 ANTI-AGING CREAM KREM KUND\u00cbR PLAKJES ME OZON DHE ALOE VER\u00cb \u2013 30ml"},"content":{"rendered":"<h2><strong>\u041a\u0420\u0415\u041c\u0410 \u041f\u0420\u041e\u0422\u0418\u0412 \u0421\u0422\u0410\u0420\u0415\u0415\u040a\u0415 \u0421\u041e \u041e\u0417\u041e\u041d \u0418 \u0410\u041b\u041e\u0415 \u0412\u0415\u0420\u0410<\/strong><\/h2>\n<h3 style=\"text-align: left;\"><strong>Karakteristikat:<\/strong><\/h3>\n<p>Formula e vajit t\u00eb ullirit t\u00eb ozonuar dhe Aloe ver\u00ebs \u00ebsht\u00eb efektive n\u00eb zvog\u00eblimin e rrudhave. I jep l\u00ebkur\u00ebs nj\u00eb pamje t\u00eb fort\u00eb dhe elastike. Kjo formul\u00eb e fuqishme i jep l\u00ebkur\u00ebs nj\u00eb bukuri shtes\u00eb.<\/p>\n<h3><strong>P\u00ebrb\u00ebrje:<\/strong><\/h3>\n<p>Aqua, Ozonized Olive Oil, Paraffinum Liquidum, Panthenol, Petrolatum, Glyceryl Stearate, Ceteareth-20, Ceteareth-12, Cetearyl Alcohol, Cetyl Palmitate, Heptapeptide-15 Palmitate, Copper Palmitoyl, Heptapeptide-14, Lactic Acid, Glycolic Acid, Cetearyl Alcohol, Stearic Acid, Glycerin, Tocopherol, Phenoxyethanol, Ethylhexylglycerin, Dimethicone, Aloe Barbadensis Leaf Juice, Maltodextrin, Parfum, Allantoin, Carbomer, Disodium EDTA<\/p>\n<h3><strong>Paralajm\u00ebrimet:<\/strong><\/h3>\n<p>T\u00eb mbahet larg f\u00ebmij\u00ebve. T\u00eb mos g\u00eblltitet. T\u00eb mos ekspozohet ndaj rrezeve t\u00eb drejtp\u00ebrdrejta t\u00eb diellit. T\u00eb ruhet n\u00eb nj\u00eb vend t\u00eb ftoht\u00eb dhe t\u00eb that\u00eb. T\u00eb shmanget kontakt me syt\u00eb. N\u00eb rast t\u00eb efekteve an\u00ebsore, kontaktit me syt\u00eb ose g\u00eblltitjes s\u00eb produktit, kontaktoni me mjekun tuaj.<\/p>\n<h3><strong>M\u00ebnyra e p\u00ebrdorimit:<\/strong><\/h3>\n<p>Kremi aplikohet me majat e gishtave pra gjumit n\u00eb l\u00ebkur\u00eb t\u00eb past\u00ebr.<\/p>\n<p><img loading=\"lazy\" decoding=\"async\" class=\"wp-image-15914 size-medium alignleft\" src=\"https:\/\/ozone-gold.mk\/wp-content\/uploads\/2021\/05\/ZONE-GOLD-ANTI-AGING-CREAM-2.jpeg\" alt=\"\u041a\u0420\u0415\u041c\u0410 \u041f\u0420\u041e\u0422\u0418\u0412 \u0421\u0422\u0410\u0420\u0415\u0415\u040a\u0415 q10 q10 Krema q10 cream krema protiv stareenje krema protiv stareene krema za brcki krema protiv brcki bioaqua alternative bioaqua bioaqua alternativa mk pure essential oil gold day krema protiv brcki eucerin krema protiv brcki krema za brcki hidratantna krema hidratantna krema za lice hidratantna krema za lice za mrsna koza hidratantna krema za mrsna koza kozu hidratantna krema za lice forum hidratantna krema za lice dm hidratantna krema za lice sa spf hidratantna krema so spf hidratantna krema za raci hidratantna krema za obraz hidratantna krema za lice mk \u043a\u0440\u0435\u043c\u0430 \u043f\u0440\u043e\u0442\u0438\u0432 \u0441\u0442\u0430\u0440\u0435\u0435\u045a\u0435 krema protiv stareenje krema protiv stareene anti aging krema anti age krema za lice anti wrinkle nivea krema anti age krema za obraz anti age krema 30+ anti age krema 35+ anti age krema za oci krema za oci krema za okolu oci krema za oci antibiotik\" width=\"400\" height=\"400\" \/><\/p>\n<p>&nbsp;<\/p>\n<hr \/>\n<h2><strong>Linqe t\u00eb dobishme:<\/strong><\/h2>\n<p><a href=\"\/sq\/produkt\/ozone-gold-sun-cream-50spf-krema-za-sonce-50spf-50ml\/\">OZONE GOLD - SUN CREAM 50SPF KREM P\u00cbR MBROJTJE NGA DIELLI 50SPF \u2013 50ml<\/a><br \/>\n<a href=\"\/sq\/produkt\/ozone-gold-moisturizing-cream-15spf-hidratantna-krema-protiv-stareenje-so-ozon-i-aloe-vera-50ml\/\">OZONE GOLD \u2013 MOISTURIZING CREAM 15SPF KREM HIDRATUES KUND\u00cbR PLAKJES 15SPF ME OZON DHE ALOE VER\u00cb \u2013 50ml<\/a><br \/>\n<a href=\"\/sq\/produkt\/ozone-gold-ozone-factor-ozonirano-maslinovo-maslo-vo-kapsula\/\">OZONE GOLD \u2013 OZONE FACTOR OZONIZED OLIVE OIL SOFT GEL CAPSULES<\/a><br \/>\n<a title=\"Mekanizmat e veprimit t\u00eb p\u00ebrfshira n\u00eb terapin\u00eb me ozon n\u00eb s\u00ebmundjet e l\u00ebkur\u00ebs\" href=\"https:\/\/pubmed.ncbi.nlm.nih.gov\/29414657\/\" target=\"_blank\" rel=\"sponsored noopener\" data-schema-attribute=\"\">Mekanizmat e veprimit t\u00eb p\u00ebrfshira n\u00eb terapin\u00eb me ozon n\u00eb s\u00ebmundjet e l\u00ebkur\u00ebs<\/a><br \/>\n<a title=\"Rolet e ozonit n\u00eb s\u00ebmundjet e l\u00ebkur\u00ebs\" href=\"https:\/\/pubmed.ncbi.nlm.nih.gov\/29559592\/\" target=\"_blank\" rel=\"sponsored noopener\" data-schema-attribute=\"\">Rolet e ozonit n\u00eb s\u00ebmundjet e l\u00ebkur\u00ebs<\/a><br \/>\n<a title=\"Acidi hialuronik n\u00eb dermatologji\" href=\"https:\/\/pubmed.ncbi.nlm.nih.gov\/29282181\/\" target=\"_blank\" rel=\"sponsored noopener\" data-schema-attribute=\"\">Acidi hialuronik n\u00eb dermatologji<\/a><br \/>\n<a title=\"Acidi hialuronik dhe sh\u00ebrimi i plag\u00ebve\" href=\"https:\/\/pubmed.ncbi.nlm.nih.gov\/25877441\/\" target=\"_blank\" rel=\"sponsored noopener\" data-schema-attribute=\"\">Acidi hialuronik dhe sh\u00ebrimi i plag\u00ebve<\/a><\/p>","protected":false},"excerpt":{"rendered":"<ul>\n<li>Formula e vajit t\u00eb ullirit t\u00eb ozonuar dhe Aloe ver\u00ebs \u00ebsht\u00eb efektive n\u00eb zvog\u00eblimin e rrudhave. I jep l\u00ebkur\u00ebs nj\u00eb pamje t\u00eb fort\u00eb dhe elastike. Kjo formul\u00eb e fuqishme i jep l\u00ebkur\u00ebs nj\u00eb bukuri shtes\u00eb.<\/li>\n<li>Intendedsht\u00eb menduar p\u00ebr p\u00ebrdorim t\u00eb p\u00ebrditsh\u00ebm, dhe aplikohet n\u00eb mbr\u00ebmje n\u00eb l\u00ebkur\u00eb t\u00eb past\u00ebr.<\/li>\n<\/ul>","protected":false},"featured_media":17323,"comment_status":"open","ping_status":"closed","template":"","meta":[],"product_brand":[],"product_cat":[18,19],"product_tag":[],"class_list":{"0":"post-18908","1":"product","2":"type-product","3":"status-publish","4":"has-post-thumbnail","6":"product_cat-kozmetika","7":"product_cat-nega-na-lice","9":"first","10":"instock","11":"taxable","12":"shipping-taxable","13":"purchasable","14":"product-type-simple"},"yoast_head":"<!-- This site is optimized with the Yoast SEO Premium plugin v26.2 (Yoast SEO v27.2) - https:\/\/yoast.com\/product\/yoast-seo-premium-wordpress\/ -->\n<title>OZONE GOLD \u041a\u0420\u0415\u041c\u0410 \u041f\u0420\u041e\u0422\u0418\u0412 \u0421\u0422\u0410\u0420\u0415\u0415\u040a\u0415<\/title>\n<meta name=\"description\" content=\"OZONE GOLD \u041a\u0420\u0415\u041c\u0410 \u041f\u0420\u041e\u0422\u0418\u0412 \u0421\u0422\u0410\u0420\u0415\u0415\u040a\u0415 - \u0444\u043e\u0440\u043c\u0443\u043b\u0430 \u0441\u043e \u0410\u041b\u041e\u0415 \u0412\u0415\u0420\u0410 \u0438 \u041e\u0417\u041e\u041d \u043a\u043e\u0458\u0430 \u0434\u0435\u043b\u0443\u0432\u0430 \u0435\u0444\u0438\u043a\u0430\u0441\u043d\u043e \u043f\u0440\u0438 \u043d\u0430\u043c\u0430\u043b\u0443\u0432\u0430\u045a\u0435 \u043d\u0430 \u0431\u0440\u0447\u043a\u0438\u0442\u0435 \u0438 \u045d \u0434\u0430\u0432\u0430 \u0446\u0432\u0440\u0441\u0442 \u0438\u0437\u0433\u043b\u0435\u0434 \u043d\u0430 \u043a\u043e\u0436\u0430\u0442\u0430.\" \/>\n<meta name=\"robots\" content=\"index, follow, max-snippet:-1, max-image-preview:large, max-video-preview:-1\" \/>\n<link rel=\"canonical\" href=\"https:\/\/ozone-gold.mk\/sq\/produkt\/ozone-gold-anti-aging-cream-krema-protiv-stareenje-so-ozon-i-aloe-vera-30ml-2\/\" \/>\n<meta property=\"og:locale\" content=\"sq_AL\" \/>\n<meta property=\"og:type\" content=\"article\" \/>\n<meta property=\"og:title\" content=\"\u041eZONE GOLD - ANTI-AGING CREAM \u041a\u0420\u0415\u041c\u0410 \u041f\u0420\u041e\u0422\u0418\u0412 \u0421\u0422\u0410\u0420\u0415\u0415\u040a\u0415 \u0421\u041e \u041e\u0417\u041e\u041d \u0418 \u0410\u041b\u041e\u0415 \u0412\u0415\u0420\u0410 - 30ml\" \/>\n<meta property=\"og:description\" content=\"OZONE GOLD \u041a\u0420\u0415\u041c\u0410 \u041f\u0420\u041e\u0422\u0418\u0412 \u0421\u0422\u0410\u0420\u0415\u0415\u040a\u0415 - \u0444\u043e\u0440\u043c\u0443\u043b\u0430 \u0441\u043e \u0410\u041b\u041e\u0415 \u0412\u0415\u0420\u0410 \u0438 \u041e\u0417\u041e\u041d \u043a\u043e\u0458\u0430 \u0434\u0435\u043b\u0443\u0432\u0430 \u0435\u0444\u0438\u043a\u0430\u0441\u043d\u043e \u043f\u0440\u0438 \u043d\u0430\u043c\u0430\u043b\u0443\u0432\u0430\u045a\u0435 \u043d\u0430 \u0431\u0440\u0447\u043a\u0438\u0442\u0435 \u0438 \u045d \u0434\u0430\u0432\u0430 \u0446\u0432\u0440\u0441\u0442 \u0438\u0437\u0433\u043b\u0435\u0434 \u043d\u0430 \u043a\u043e\u0436\u0430\u0442\u0430.\" \/>\n<meta property=\"og:url\" content=\"https:\/\/ozone-gold.mk\/sq\/produkt\/ozone-gold-anti-aging-cream-krema-protiv-stareenje-so-ozon-i-aloe-vera-30ml-2\/\" \/>\n<meta property=\"og:site_name\" content=\"OZONE GOLD\" \/>\n<meta property=\"article:modified_time\" content=\"2026-02-16T10:17:51+00:00\" \/>\n<meta property=\"og:image\" content=\"https:\/\/ozone-gold.mk\/wp-content\/uploads\/2021\/05\/Artboard-2.jpg\" \/>\n\t<meta property=\"og:image:width\" content=\"2000\" \/>\n\t<meta property=\"og:image:height\" content=\"2000\" \/>\n\t<meta property=\"og:image:type\" content=\"image\/jpeg\" \/>\n<meta name=\"twitter:card\" content=\"summary_large_image\" \/>\n<meta name=\"twitter:label1\" content=\"Price\" \/>\n\t<meta name=\"twitter:data1\" content=\"2.050&nbsp;&#x434;&#x435;&#x43d; \u0426\u0435\u043d\u0430 \u0441\u043e \u0414\u0414\u0412\" \/>\n\t<meta name=\"twitter:label2\" content=\"Availability\" \/>\n\t<meta name=\"twitter:data2\" content=\"In stock\" \/>\n<script type=\"application\/ld+json\" class=\"yoast-schema-graph\">{\"@context\":\"https:\/\/schema.org\",\"@graph\":[{\"@type\":\"WebPage\",\"@id\":\"https:\/\/ozone-gold.mk\/produkt\/ozone-gold-anti-aging-cream-krema-protiv-stareenje-so-ozon-i-aloe-vera-30ml-2\/\",\"url\":\"https:\/\/ozone-gold.mk\/produkt\/ozone-gold-anti-aging-cream-krema-protiv-stareenje-so-ozon-i-aloe-vera-30ml-2\/\",\"name\":\"OZONE GOLD \u041a\u0420\u0415\u041c\u0410 \u041f\u0420\u041e\u0422\u0418\u0412 \u0421\u0422\u0410\u0420\u0415\u0415\u040a\u0415\",\"isPartOf\":{\"@id\":\"https:\/\/ozone-gold.mk\/sq\/#website\"},\"primaryImageOfPage\":{\"@id\":\"https:\/\/ozone-gold.mk\/produkt\/ozone-gold-anti-aging-cream-krema-protiv-stareenje-so-ozon-i-aloe-vera-30ml-2\/#primaryimage\"},\"image\":{\"@id\":\"https:\/\/ozone-gold.mk\/produkt\/ozone-gold-anti-aging-cream-krema-protiv-stareenje-so-ozon-i-aloe-vera-30ml-2\/#primaryimage\"},\"thumbnailUrl\":\"https:\/\/ozone-gold.mk\/wp-content\/uploads\/2021\/05\/Artboard-2.jpg\",\"datePublished\":\"2021-11-24T00:01:56+00:00\",\"dateModified\":\"2026-02-16T10:17:51+00:00\",\"description\":\"OZONE GOLD \u041a\u0420\u0415\u041c\u0410 \u041f\u0420\u041e\u0422\u0418\u0412 \u0421\u0422\u0410\u0420\u0415\u0415\u040a\u0415 - \u0444\u043e\u0440\u043c\u0443\u043b\u0430 \u0441\u043e \u0410\u041b\u041e\u0415 \u0412\u0415\u0420\u0410 \u0438 \u041e\u0417\u041e\u041d \u043a\u043e\u0458\u0430 \u0434\u0435\u043b\u0443\u0432\u0430 \u0435\u0444\u0438\u043a\u0430\u0441\u043d\u043e \u043f\u0440\u0438 \u043d\u0430\u043c\u0430\u043b\u0443\u0432\u0430\u045a\u0435 \u043d\u0430 \u0431\u0440\u0447\u043a\u0438\u0442\u0435 \u0438 \u045d \u0434\u0430\u0432\u0430 \u0446\u0432\u0440\u0441\u0442 \u0438\u0437\u0433\u043b\u0435\u0434 \u043d\u0430 \u043a\u043e\u0436\u0430\u0442\u0430.\",\"breadcrumb\":{\"@id\":\"https:\/\/ozone-gold.mk\/produkt\/ozone-gold-anti-aging-cream-krema-protiv-stareenje-so-ozon-i-aloe-vera-30ml-2\/#breadcrumb\"},\"inLanguage\":\"sq\",\"potentialAction\":[{\"@type\":\"ReadAction\",\"target\":[\"https:\/\/ozone-gold.mk\/produkt\/ozone-gold-anti-aging-cream-krema-protiv-stareenje-so-ozon-i-aloe-vera-30ml-2\/\"]}]},{\"@type\":\"ImageObject\",\"inLanguage\":\"sq\",\"@id\":\"https:\/\/ozone-gold.mk\/produkt\/ozone-gold-anti-aging-cream-krema-protiv-stareenje-so-ozon-i-aloe-vera-30ml-2\/#primaryimage\",\"url\":\"https:\/\/ozone-gold.mk\/wp-content\/uploads\/2021\/05\/Artboard-2.jpg\",\"contentUrl\":\"https:\/\/ozone-gold.mk\/wp-content\/uploads\/2021\/05\/Artboard-2.jpg\",\"width\":2000,\"height\":2000},{\"@type\":\"BreadcrumbList\",\"@id\":\"https:\/\/ozone-gold.mk\/produkt\/ozone-gold-anti-aging-cream-krema-protiv-stareenje-so-ozon-i-aloe-vera-30ml-2\/#breadcrumb\",\"itemListElement\":[{\"@type\":\"ListItem\",\"position\":1,\"name\":\"Home\",\"item\":\"https:\/\/ozone-gold.mk\/\"},{\"@type\":\"ListItem\",\"position\":2,\"name\":\"\u041f\u0440\u043e\u0434\u0430\u0432\u043d\u0438\u0446\u0430\",\"item\":\"https:\/\/ozone-gold.mk\/shop\/\"},{\"@type\":\"ListItem\",\"position\":3,\"name\":\"\u041eZONE GOLD &#8211; ANTI-AGING CREAM \u041a\u0420\u0415\u041c\u0410 \u041f\u0420\u041e\u0422\u0418\u0412 \u0421\u0422\u0410\u0420\u0415\u0415\u040a\u0415 \u0421\u041e \u041e\u0417\u041e\u041d \u0418 \u0410\u041b\u041e\u0415 \u0412\u0415\u0420\u0410 &#8211; 30ml\"}]},{\"@type\":\"WebSite\",\"@id\":\"https:\/\/ozone-gold.mk\/sq\/#website\",\"url\":\"https:\/\/ozone-gold.mk\/sq\/\",\"name\":\"OZONE GOLD\",\"description\":\"\",\"potentialAction\":[{\"@type\":\"SearchAction\",\"target\":{\"@type\":\"EntryPoint\",\"urlTemplate\":\"https:\/\/ozone-gold.mk\/sq\/?s={search_term_string}\"},\"query-input\":{\"@type\":\"PropertyValueSpecification\",\"valueRequired\":true,\"valueName\":\"search_term_string\"}}],\"inLanguage\":\"sq\"}]}<\/script>\n<meta property=\"product:price:amount\" content=\"2050\" \/>\n<meta property=\"product:price:currency\" content=\"MKD\" \/>\n<meta property=\"og:availability\" content=\"instock\" \/>\n<meta property=\"product:availability\" content=\"instock\" \/>\n<meta property=\"product:retailer_item_id\" content=\"8680885440775-1\" \/>\n<meta property=\"product:condition\" content=\"new\" \/>\n<!-- \/ Yoast SEO Premium plugin. -->","yoast_head_json":{"title":"OZONE GOLD \u041a\u0420\u0415\u041c\u0410 \u041f\u0420\u041e\u0422\u0418\u0412 \u0421\u0422\u0410\u0420\u0415\u0415\u040a\u0415","description":"OZONE GOLD \u041a\u0420\u0415\u041c\u0410 \u041f\u0420\u041e\u0422\u0418\u0412 \u0421\u0422\u0410\u0420\u0415\u0415\u040a\u0415 - \u0444\u043e\u0440\u043c\u0443\u043b\u0430 \u0441\u043e \u0410\u041b\u041e\u0415 \u0412\u0415\u0420\u0410 \u0438 \u041e\u0417\u041e\u041d \u043a\u043e\u0458\u0430 \u0434\u0435\u043b\u0443\u0432\u0430 \u0435\u0444\u0438\u043a\u0430\u0441\u043d\u043e \u043f\u0440\u0438 \u043d\u0430\u043c\u0430\u043b\u0443\u0432\u0430\u045a\u0435 \u043d\u0430 \u0431\u0440\u0447\u043a\u0438\u0442\u0435 \u0438 \u045d \u0434\u0430\u0432\u0430 \u0446\u0432\u0440\u0441\u0442 \u0438\u0437\u0433\u043b\u0435\u0434 \u043d\u0430 \u043a\u043e\u0436\u0430\u0442\u0430.","robots":{"index":"index","follow":"follow","max-snippet":"max-snippet:-1","max-image-preview":"max-image-preview:large","max-video-preview":"max-video-preview:-1"},"canonical":"https:\/\/ozone-gold.mk\/sq\/produkt\/ozone-gold-anti-aging-cream-krema-protiv-stareenje-so-ozon-i-aloe-vera-30ml-2\/","og_locale":"sq_AL","og_type":"article","og_title":"\u041eZONE GOLD - ANTI-AGING CREAM \u041a\u0420\u0415\u041c\u0410 \u041f\u0420\u041e\u0422\u0418\u0412 \u0421\u0422\u0410\u0420\u0415\u0415\u040a\u0415 \u0421\u041e \u041e\u0417\u041e\u041d \u0418 \u0410\u041b\u041e\u0415 \u0412\u0415\u0420\u0410 - 30ml","og_description":"OZONE GOLD \u041a\u0420\u0415\u041c\u0410 \u041f\u0420\u041e\u0422\u0418\u0412 \u0421\u0422\u0410\u0420\u0415\u0415\u040a\u0415 - \u0444\u043e\u0440\u043c\u0443\u043b\u0430 \u0441\u043e \u0410\u041b\u041e\u0415 \u0412\u0415\u0420\u0410 \u0438 \u041e\u0417\u041e\u041d \u043a\u043e\u0458\u0430 \u0434\u0435\u043b\u0443\u0432\u0430 \u0435\u0444\u0438\u043a\u0430\u0441\u043d\u043e \u043f\u0440\u0438 \u043d\u0430\u043c\u0430\u043b\u0443\u0432\u0430\u045a\u0435 \u043d\u0430 \u0431\u0440\u0447\u043a\u0438\u0442\u0435 \u0438 \u045d \u0434\u0430\u0432\u0430 \u0446\u0432\u0440\u0441\u0442 \u0438\u0437\u0433\u043b\u0435\u0434 \u043d\u0430 \u043a\u043e\u0436\u0430\u0442\u0430.","og_url":"https:\/\/ozone-gold.mk\/sq\/produkt\/ozone-gold-anti-aging-cream-krema-protiv-stareenje-so-ozon-i-aloe-vera-30ml-2\/","og_site_name":"OZONE GOLD","article_modified_time":"2026-02-16T10:17:51+00:00","og_image":[{"width":2000,"height":2000,"url":"https:\/\/ozone-gold.mk\/wp-content\/uploads\/2021\/05\/Artboard-2.jpg","type":"image\/jpeg"}],"twitter_card":"summary_large_image","twitter_misc":{"Price":"2.050&nbsp;&#x434;&#x435;&#x43d; \u0426\u0435\u043d\u0430 \u0441\u043e \u0414\u0414\u0412","Availability":"In stock"},"schema":{"@context":"https:\/\/schema.org","@graph":[{"@type":"WebPage","@id":"https:\/\/ozone-gold.mk\/produkt\/ozone-gold-anti-aging-cream-krema-protiv-stareenje-so-ozon-i-aloe-vera-30ml-2\/","url":"https:\/\/ozone-gold.mk\/produkt\/ozone-gold-anti-aging-cream-krema-protiv-stareenje-so-ozon-i-aloe-vera-30ml-2\/","name":"OZONE GOLD \u041a\u0420\u0415\u041c\u0410 \u041f\u0420\u041e\u0422\u0418\u0412 \u0421\u0422\u0410\u0420\u0415\u0415\u040a\u0415","isPartOf":{"@id":"https:\/\/ozone-gold.mk\/sq\/#website"},"primaryImageOfPage":{"@id":"https:\/\/ozone-gold.mk\/produkt\/ozone-gold-anti-aging-cream-krema-protiv-stareenje-so-ozon-i-aloe-vera-30ml-2\/#primaryimage"},"image":{"@id":"https:\/\/ozone-gold.mk\/produkt\/ozone-gold-anti-aging-cream-krema-protiv-stareenje-so-ozon-i-aloe-vera-30ml-2\/#primaryimage"},"thumbnailUrl":"https:\/\/ozone-gold.mk\/wp-content\/uploads\/2021\/05\/Artboard-2.jpg","datePublished":"2021-11-24T00:01:56+00:00","dateModified":"2026-02-16T10:17:51+00:00","description":"OZONE GOLD \u041a\u0420\u0415\u041c\u0410 \u041f\u0420\u041e\u0422\u0418\u0412 \u0421\u0422\u0410\u0420\u0415\u0415\u040a\u0415 - \u0444\u043e\u0440\u043c\u0443\u043b\u0430 \u0441\u043e \u0410\u041b\u041e\u0415 \u0412\u0415\u0420\u0410 \u0438 \u041e\u0417\u041e\u041d \u043a\u043e\u0458\u0430 \u0434\u0435\u043b\u0443\u0432\u0430 \u0435\u0444\u0438\u043a\u0430\u0441\u043d\u043e \u043f\u0440\u0438 \u043d\u0430\u043c\u0430\u043b\u0443\u0432\u0430\u045a\u0435 \u043d\u0430 \u0431\u0440\u0447\u043a\u0438\u0442\u0435 \u0438 \u045d \u0434\u0430\u0432\u0430 \u0446\u0432\u0440\u0441\u0442 \u0438\u0437\u0433\u043b\u0435\u0434 \u043d\u0430 \u043a\u043e\u0436\u0430\u0442\u0430.","breadcrumb":{"@id":"https:\/\/ozone-gold.mk\/produkt\/ozone-gold-anti-aging-cream-krema-protiv-stareenje-so-ozon-i-aloe-vera-30ml-2\/#breadcrumb"},"inLanguage":"sq","potentialAction":[{"@type":"ReadAction","target":["https:\/\/ozone-gold.mk\/produkt\/ozone-gold-anti-aging-cream-krema-protiv-stareenje-so-ozon-i-aloe-vera-30ml-2\/"]}]},{"@type":"ImageObject","inLanguage":"sq","@id":"https:\/\/ozone-gold.mk\/produkt\/ozone-gold-anti-aging-cream-krema-protiv-stareenje-so-ozon-i-aloe-vera-30ml-2\/#primaryimage","url":"https:\/\/ozone-gold.mk\/wp-content\/uploads\/2021\/05\/Artboard-2.jpg","contentUrl":"https:\/\/ozone-gold.mk\/wp-content\/uploads\/2021\/05\/Artboard-2.jpg","width":2000,"height":2000},{"@type":"BreadcrumbList","@id":"https:\/\/ozone-gold.mk\/produkt\/ozone-gold-anti-aging-cream-krema-protiv-stareenje-so-ozon-i-aloe-vera-30ml-2\/#breadcrumb","itemListElement":[{"@type":"ListItem","position":1,"name":"Home","item":"https:\/\/ozone-gold.mk\/"},{"@type":"ListItem","position":2,"name":"\u041f\u0440\u043e\u0434\u0430\u0432\u043d\u0438\u0446\u0430","item":"https:\/\/ozone-gold.mk\/shop\/"},{"@type":"ListItem","position":3,"name":"\u041eZONE GOLD &#8211; ANTI-AGING CREAM \u041a\u0420\u0415\u041c\u0410 \u041f\u0420\u041e\u0422\u0418\u0412 \u0421\u0422\u0410\u0420\u0415\u0415\u040a\u0415 \u0421\u041e \u041e\u0417\u041e\u041d \u0418 \u0410\u041b\u041e\u0415 \u0412\u0415\u0420\u0410 &#8211; 30ml"}]},{"@type":"WebSite","@id":"https:\/\/ozone-gold.mk\/sq\/#website","url":"https:\/\/ozone-gold.mk\/sq\/","name":"OZONE GOLD","description":"","potentialAction":[{"@type":"SearchAction","target":{"@type":"EntryPoint","urlTemplate":"https:\/\/ozone-gold.mk\/sq\/?s={search_term_string}"},"query-input":{"@type":"PropertyValueSpecification","valueRequired":true,"valueName":"search_term_string"}}],"inLanguage":"sq"}]},"product_price_amount":"2050","product_price_currency":"MKD","og_availability":"instock","product_availability":"instock","product_retailer_item_id":"8680885440775-1","product_condition":"new"},"_links":{"self":[{"href":"https:\/\/ozone-gold.mk\/sq\/wp-json\/wp\/v2\/product\/18908","targetHints":{"allow":["GET"]}}],"collection":[{"href":"https:\/\/ozone-gold.mk\/sq\/wp-json\/wp\/v2\/product"}],"about":[{"href":"https:\/\/ozone-gold.mk\/sq\/wp-json\/wp\/v2\/types\/product"}],"replies":[{"embeddable":true,"href":"https:\/\/ozone-gold.mk\/sq\/wp-json\/wp\/v2\/comments?post=18908"}],"wp:featuredmedia":[{"embeddable":true,"href":"https:\/\/ozone-gold.mk\/sq\/wp-json\/wp\/v2\/media\/17323"}],"wp:attachment":[{"href":"https:\/\/ozone-gold.mk\/sq\/wp-json\/wp\/v2\/media?parent=18908"}],"wp:term":[{"taxonomy":"product_brand","embeddable":true,"href":"https:\/\/ozone-gold.mk\/sq\/wp-json\/wp\/v2\/product_brand?post=18908"},{"taxonomy":"product_cat","embeddable":true,"href":"https:\/\/ozone-gold.mk\/sq\/wp-json\/wp\/v2\/product_cat?post=18908"},{"taxonomy":"product_tag","embeddable":true,"href":"https:\/\/ozone-gold.mk\/sq\/wp-json\/wp\/v2\/product_tag?post=18908"}],"curies":[{"name":"wp","href":"https:\/\/api.w.org\/{rel}","templated":true}]}}