{"id":20585,"date":"2022-04-14T13:27:12","date_gmt":"2022-04-14T13:27:12","guid":{"rendered":"https:\/\/ozone-gold.mk\/?post_type=product&#038;p=20585"},"modified":"2026-04-08T13:28:44","modified_gmt":"2026-04-08T11:28:44","slug":"ozone-gold-danielas-secret-krema-za-race","status":"publish","type":"product","link":"https:\/\/ozone-gold.mk\/sq\/produkt\/ozone-gold-danielas-secret-krema-za-race\/","title":{"rendered":"OZONE GOLD - DANIELA'S SECRET \/ KREM DOR\u00cb - 75ml"},"content":{"rendered":"<h3><strong>Karakteristikat:<\/strong><\/h3>\n<ul>\n<li><strong>Vaj i ullirit i \u00e7ertifikuar bio<\/strong><br \/>\nI p\u00ebrgatitur nga vaj ulliri i ozonizuar me cil\u00ebsi t\u00eb lart\u00eb, i p\u00ebrftuar nga ullinj t\u00eb p\u00ebrzgjedhur me kujdes dhe t\u00eb certifikuar, gj\u00eb q\u00eb garanton cil\u00ebsi premium dhe siguri t\u00eb plot\u00eb.<\/li>\n<li><strong>Hidratim i thell\u00eb<\/strong><br \/>\nFormula e dizajnuar n\u00eb m\u00ebnyr\u00eb t\u00eb ve\u00e7ant\u00eb siguron hidratim intensiv, ruan lag\u00ebshtin\u00eb dhe ushqen vazhdimisht l\u00ebkur\u00ebn.<\/li>\n<li><strong>Efektive p\u00ebr reduktimin e rrudhave<\/strong><br \/>\nKombinimi i vajit t\u00eb ullirit t\u00eb ozonizuar me vitamina, minerale dhe aminoacide ndihmon n\u00eb reduktimin e rrudhave dhe njollave kafe n\u00eb l\u00ebkur\u00ebn e duarve. Me p\u00ebrdorim t\u00eb rregullt, do t\u00eb ndjeni nj\u00eb ndryshim t\u00eb v\u00ebrtet\u00eb.<\/li>\n<li><strong>Formula p\u00ebr absorbim t\u00eb shpejt\u00eb<\/strong><br \/>\nFal\u00eb baz\u00ebs s\u00eb saj t\u00eb ve\u00e7ant\u00eb, ky krem p\u00ebr duar absorbohet deri n\u00eb 4 her\u00eb m\u00eb shpejt se kremrat e zakonsh\u00ebm, duke e l\u00ebn\u00eb l\u00ebkur\u00ebn e duarve tuaj t\u00eb but\u00eb, delikate dhe t\u00eb l\u00ebmuar pas p\u00ebrdorimit.<\/li>\n<\/ul>\n<h3><strong>Cfare te presesh?<\/strong><\/h3>\n<ul>\n<li style=\"list-style-type: none;\">\n<ul>\n<li>L\u00ebkur\u00eb e p\u00ebrsosur, e but\u00eb dhe e l\u00ebmuar n\u00eb p\u00ebll\u00ebmb\u00eb<\/li>\n<li>Reduktim i rrudhave dhe njollave kafe<\/li>\n<li>Hidratim dhe rigjenerim i thell\u00eb<\/li>\n<li>Kujdes intensiv p\u00ebr efekt m\u00ebndafshi<\/li>\n<\/ul>\n<\/li>\n<\/ul>\n<h3><strong>P\u00ebrfitimet:<\/strong><\/h3>\n<p>Ofron kujdes intensiv t\u00eb l\u00ebkur\u00ebs n\u00eb p\u00ebll\u00ebmb\u00eb. Ruan lag\u00ebshtin\u00eb dhe ushqen l\u00ebkur\u00ebn p\u00ebr t\u00eb reduktuar shfaqjen e rrudhave dhe njollave kafe me p\u00ebrdorim t\u00eb rregullt. Nuk l\u00eb ndjenj\u00ebn e yndyr\u00ebs dhe jep nj\u00eb but\u00ebsi t\u00eb m\u00ebndafsht\u00eb.<\/p>\n<h3><strong>P\u00ebrb\u00ebrje:<\/strong><\/h3>\n<p>AQUA, POLYGLYCERYL-8 C12-20 ACID ESTER, OZONIZED OLIVE OIL, HIPPOPHAE RHAMNOIDES OIL, ALOE BARBADENSIS LEAF JUICE POWDER, PARFUM, COUMARIN, EUGENOL, CINAMAL<\/p>\n<h3><strong>M\u00ebnyra e p\u00ebrdorimit:<\/strong><\/h3>\n<p>Rekomandohet t\u00eb p\u00ebrdoret 3 her\u00eb n\u00eb dit\u00eb n\u00eb m\u00ebngjes, mesdit\u00eb dhe mbr\u00ebmje.<\/p>","protected":false},"excerpt":{"rendered":"<p>Fal\u00eb baz\u00ebs s\u00eb saj t\u00eb ve\u00e7ant\u00eb, kremi p\u00ebr duar absorbohet 4 her\u00eb m\u00eb shpejt se kremrat e zakonsh\u00ebm.\nSiguron kujdes intensiv p\u00ebr l\u00ebkur\u00ebn e duarve, duke ruajtur lag\u00ebshtin\u00eb dhe duke ushqyer l\u00ebkur\u00ebn p\u00ebr t\u00eb reduktuar shfaqjen e rrudhave dhe njollave kafe me p\u00ebrdorim t\u00eb vazhduesh\u00ebm.\nNuk l\u00eb ndjesi vajore dhe ofron but\u00ebsi m\u00ebndafshi.<\/p>","protected":false},"featured_media":20586,"comment_status":"open","ping_status":"closed","template":"","meta":[],"product_brand":[],"product_cat":[24],"product_tag":[122],"class_list":{"0":"post-20585","1":"product","2":"type-product","3":"status-publish","4":"has-post-thumbnail","6":"product_cat-programa-za-nega-na-lice-i-telo","7":"product_tag-122","9":"first","10":"instock","11":"sale","12":"taxable","13":"shipping-taxable","14":"purchasable","15":"product-type-simple"},"yoast_head":"<!-- This site is optimized with the Yoast SEO Premium plugin v26.2 (Yoast SEO v27.2) - https:\/\/yoast.com\/product\/yoast-seo-premium-wordpress\/ -->\n<title>OZONE GOLD \u041a\u0420\u0415\u041c\u0410 \u0417\u0410 \u0420\u0410\u0426\u0415 - DANIELA&#039;S SECRET<\/title>\n<meta name=\"description\" content=\"OZONE GOLD \u041a\u0440\u0435\u043c\u0430 \u0437\u0430 \u0440\u0430\u0446\u0435 - \u043e\u0432\u043e\u0437\u043c\u043e\u0436\u0443\u0432\u0430 \u0438\u043d\u0442\u0435\u043d\u0437\u0438\u0432\u043d\u0430 \u043d\u0435\u0433\u0430 \u043d\u0430 \u043a\u043e\u0436\u0430\u0442\u0430 \u043d\u0430 \u0434\u043b\u0430\u043d\u043a\u0438\u0442\u0435, \u0458\u0430 \u0437\u0430\u0434\u0440\u0436\u0443\u0432\u0430 \u0432\u043b\u0430\u0436\u043d\u043e\u0441\u0442\u0430 \u0438 \u0458\u0430 \u043f\u043e\u0442\u0445\u0440\u0430\u043d\u0443\u0432\u0430, \u043d\u0430\u043c\u0430\u043b\u0443\u0432\u0430\u0458\u045c\u0438 \u0433\u0438 \u0431\u0440\u0447\u043a\u0438\u0442\u0435 \u0438 \u043a\u0430\u0444\u0435\u0430\u0432\u0438\u0442\u0435 \u0434\u0430\u043c\u043a\u0438\" \/>\n<meta name=\"robots\" content=\"index, follow, max-snippet:-1, max-image-preview:large, max-video-preview:-1\" \/>\n<link rel=\"canonical\" href=\"https:\/\/ozone-gold.mk\/sq\/produkt\/ozone-gold-danielas-secret-krema-za-race\/\" \/>\n<meta property=\"og:locale\" content=\"sq_AL\" \/>\n<meta property=\"og:type\" content=\"article\" \/>\n<meta property=\"og:title\" content=\"OZONE GOLD \u2013 DANIELA&#039;S SECRET \/ \u041a\u0420\u0415\u041c\u0410 \u0417\u0410 \u0420\u0410\u0426\u0415 - 75ml\" \/>\n<meta property=\"og:description\" content=\"OZONE GOLD \u041a\u0440\u0435\u043c\u0430 \u0437\u0430 \u0440\u0430\u0446\u0435 - \u043e\u0432\u043e\u0437\u043c\u043e\u0436\u0443\u0432\u0430 \u0438\u043d\u0442\u0435\u043d\u0437\u0438\u0432\u043d\u0430 \u043d\u0435\u0433\u0430 \u043d\u0430 \u043a\u043e\u0436\u0430\u0442\u0430 \u043d\u0430 \u0434\u043b\u0430\u043d\u043a\u0438\u0442\u0435, \u0458\u0430 \u0437\u0430\u0434\u0440\u0436\u0443\u0432\u0430 \u0432\u043b\u0430\u0436\u043d\u043e\u0441\u0442\u0430 \u0438 \u0458\u0430 \u043f\u043e\u0442\u0445\u0440\u0430\u043d\u0443\u0432\u0430, \u043d\u0430\u043c\u0430\u043b\u0443\u0432\u0430\u0458\u045c\u0438 \u0433\u0438 \u0431\u0440\u0447\u043a\u0438\u0442\u0435 \u0438 \u043a\u0430\u0444\u0435\u0430\u0432\u0438\u0442\u0435 \u0434\u0430\u043c\u043a\u0438\" \/>\n<meta property=\"og:url\" content=\"https:\/\/ozone-gold.mk\/sq\/produkt\/ozone-gold-danielas-secret-krema-za-race\/\" \/>\n<meta property=\"og:site_name\" content=\"OZONE GOLD\" \/>\n<meta property=\"article:modified_time\" content=\"2026-04-08T11:28:44+00:00\" \/>\n<meta property=\"og:image\" content=\"https:\/\/ozone-gold.mk\/wp-content\/uploads\/2022\/04\/Objavi-Ozone-Gold-novi-proizvodi-11.04.2022_5.jpg\" \/>\n\t<meta property=\"og:image:width\" content=\"1772\" \/>\n\t<meta property=\"og:image:height\" content=\"1772\" \/>\n\t<meta property=\"og:image:type\" content=\"image\/jpeg\" \/>\n<meta name=\"twitter:card\" content=\"summary_large_image\" \/>\n<meta name=\"twitter:label1\" content=\"Price\" \/>\n\t<meta name=\"twitter:data1\" content=\"246&nbsp;&#x434;&#x435;&#x43d; \u0426\u0435\u043d\u0430 \u0441\u043e \u0414\u0414\u0412\" \/>\n\t<meta name=\"twitter:label2\" content=\"Availability\" \/>\n\t<meta name=\"twitter:data2\" content=\"In stock\" \/>\n<script type=\"application\/ld+json\" class=\"yoast-schema-graph\">{\"@context\":\"https:\/\/schema.org\",\"@graph\":[{\"@type\":\"WebPage\",\"@id\":\"https:\/\/ozone-gold.mk\/produkt\/ozone-gold-danielas-secret-krema-za-race\/\",\"url\":\"https:\/\/ozone-gold.mk\/produkt\/ozone-gold-danielas-secret-krema-za-race\/\",\"name\":\"OZONE GOLD \u041a\u0420\u0415\u041c\u0410 \u0417\u0410 \u0420\u0410\u0426\u0415 - DANIELA'S SECRET\",\"isPartOf\":{\"@id\":\"https:\/\/ozone-gold.mk\/sq\/#website\"},\"primaryImageOfPage\":{\"@id\":\"https:\/\/ozone-gold.mk\/produkt\/ozone-gold-danielas-secret-krema-za-race\/#primaryimage\"},\"image\":{\"@id\":\"https:\/\/ozone-gold.mk\/produkt\/ozone-gold-danielas-secret-krema-za-race\/#primaryimage\"},\"thumbnailUrl\":\"https:\/\/ozone-gold.mk\/wp-content\/uploads\/2022\/04\/Objavi-Ozone-Gold-novi-proizvodi-11.04.2022_5.jpg\",\"datePublished\":\"2022-04-14T13:27:12+00:00\",\"dateModified\":\"2026-04-08T11:28:44+00:00\",\"description\":\"OZONE GOLD \u041a\u0440\u0435\u043c\u0430 \u0437\u0430 \u0440\u0430\u0446\u0435 - \u043e\u0432\u043e\u0437\u043c\u043e\u0436\u0443\u0432\u0430 \u0438\u043d\u0442\u0435\u043d\u0437\u0438\u0432\u043d\u0430 \u043d\u0435\u0433\u0430 \u043d\u0430 \u043a\u043e\u0436\u0430\u0442\u0430 \u043d\u0430 \u0434\u043b\u0430\u043d\u043a\u0438\u0442\u0435, \u0458\u0430 \u0437\u0430\u0434\u0440\u0436\u0443\u0432\u0430 \u0432\u043b\u0430\u0436\u043d\u043e\u0441\u0442\u0430 \u0438 \u0458\u0430 \u043f\u043e\u0442\u0445\u0440\u0430\u043d\u0443\u0432\u0430, \u043d\u0430\u043c\u0430\u043b\u0443\u0432\u0430\u0458\u045c\u0438 \u0433\u0438 \u0431\u0440\u0447\u043a\u0438\u0442\u0435 \u0438 \u043a\u0430\u0444\u0435\u0430\u0432\u0438\u0442\u0435 \u0434\u0430\u043c\u043a\u0438\",\"breadcrumb\":{\"@id\":\"https:\/\/ozone-gold.mk\/produkt\/ozone-gold-danielas-secret-krema-za-race\/#breadcrumb\"},\"inLanguage\":\"sq\",\"potentialAction\":[{\"@type\":\"ReadAction\",\"target\":[\"https:\/\/ozone-gold.mk\/produkt\/ozone-gold-danielas-secret-krema-za-race\/\"]}]},{\"@type\":\"ImageObject\",\"inLanguage\":\"sq\",\"@id\":\"https:\/\/ozone-gold.mk\/produkt\/ozone-gold-danielas-secret-krema-za-race\/#primaryimage\",\"url\":\"https:\/\/ozone-gold.mk\/wp-content\/uploads\/2022\/04\/Objavi-Ozone-Gold-novi-proizvodi-11.04.2022_5.jpg\",\"contentUrl\":\"https:\/\/ozone-gold.mk\/wp-content\/uploads\/2022\/04\/Objavi-Ozone-Gold-novi-proizvodi-11.04.2022_5.jpg\",\"width\":1772,\"height\":1772},{\"@type\":\"BreadcrumbList\",\"@id\":\"https:\/\/ozone-gold.mk\/produkt\/ozone-gold-danielas-secret-krema-za-race\/#breadcrumb\",\"itemListElement\":[{\"@type\":\"ListItem\",\"position\":1,\"name\":\"Home\",\"item\":\"https:\/\/ozone-gold.mk\/\"},{\"@type\":\"ListItem\",\"position\":2,\"name\":\"\u041f\u0440\u043e\u0434\u0430\u0432\u043d\u0438\u0446\u0430\",\"item\":\"https:\/\/ozone-gold.mk\/shop\/\"},{\"@type\":\"ListItem\",\"position\":3,\"name\":\"OZONE GOLD \u2013 DANIELA&#8217;S SECRET \/ \u041a\u0420\u0415\u041c\u0410 \u0417\u0410 \u0420\u0410\u0426\u0415 &#8211; 75ml\"}]},{\"@type\":\"WebSite\",\"@id\":\"https:\/\/ozone-gold.mk\/sq\/#website\",\"url\":\"https:\/\/ozone-gold.mk\/sq\/\",\"name\":\"OZONE GOLD\",\"description\":\"\",\"potentialAction\":[{\"@type\":\"SearchAction\",\"target\":{\"@type\":\"EntryPoint\",\"urlTemplate\":\"https:\/\/ozone-gold.mk\/sq\/?s={search_term_string}\"},\"query-input\":{\"@type\":\"PropertyValueSpecification\",\"valueRequired\":true,\"valueName\":\"search_term_string\"}}],\"inLanguage\":\"sq\"}]}<\/script>\n<meta property=\"product:price:amount\" content=\"246\" \/>\n<meta property=\"product:price:currency\" content=\"MKD\" \/>\n<meta property=\"og:availability\" content=\"instock\" \/>\n<meta property=\"product:availability\" content=\"instock\" \/>\n<meta property=\"product:retailer_item_id\" content=\"722777886617\" \/>\n<meta property=\"product:condition\" content=\"new\" \/>\n<!-- \/ Yoast SEO Premium plugin. -->","yoast_head_json":{"title":"OZONE GOLD \u041a\u0420\u0415\u041c\u0410 \u0417\u0410 \u0420\u0410\u0426\u0415 - DANIELA'S SECRET","description":"OZONE GOLD \u041a\u0440\u0435\u043c\u0430 \u0437\u0430 \u0440\u0430\u0446\u0435 - \u043e\u0432\u043e\u0437\u043c\u043e\u0436\u0443\u0432\u0430 \u0438\u043d\u0442\u0435\u043d\u0437\u0438\u0432\u043d\u0430 \u043d\u0435\u0433\u0430 \u043d\u0430 \u043a\u043e\u0436\u0430\u0442\u0430 \u043d\u0430 \u0434\u043b\u0430\u043d\u043a\u0438\u0442\u0435, \u0458\u0430 \u0437\u0430\u0434\u0440\u0436\u0443\u0432\u0430 \u0432\u043b\u0430\u0436\u043d\u043e\u0441\u0442\u0430 \u0438 \u0458\u0430 \u043f\u043e\u0442\u0445\u0440\u0430\u043d\u0443\u0432\u0430, \u043d\u0430\u043c\u0430\u043b\u0443\u0432\u0430\u0458\u045c\u0438 \u0433\u0438 \u0431\u0440\u0447\u043a\u0438\u0442\u0435 \u0438 \u043a\u0430\u0444\u0435\u0430\u0432\u0438\u0442\u0435 \u0434\u0430\u043c\u043a\u0438","robots":{"index":"index","follow":"follow","max-snippet":"max-snippet:-1","max-image-preview":"max-image-preview:large","max-video-preview":"max-video-preview:-1"},"canonical":"https:\/\/ozone-gold.mk\/sq\/produkt\/ozone-gold-danielas-secret-krema-za-race\/","og_locale":"sq_AL","og_type":"article","og_title":"OZONE GOLD \u2013 DANIELA'S SECRET \/ \u041a\u0420\u0415\u041c\u0410 \u0417\u0410 \u0420\u0410\u0426\u0415 - 75ml","og_description":"OZONE GOLD \u041a\u0440\u0435\u043c\u0430 \u0437\u0430 \u0440\u0430\u0446\u0435 - \u043e\u0432\u043e\u0437\u043c\u043e\u0436\u0443\u0432\u0430 \u0438\u043d\u0442\u0435\u043d\u0437\u0438\u0432\u043d\u0430 \u043d\u0435\u0433\u0430 \u043d\u0430 \u043a\u043e\u0436\u0430\u0442\u0430 \u043d\u0430 \u0434\u043b\u0430\u043d\u043a\u0438\u0442\u0435, \u0458\u0430 \u0437\u0430\u0434\u0440\u0436\u0443\u0432\u0430 \u0432\u043b\u0430\u0436\u043d\u043e\u0441\u0442\u0430 \u0438 \u0458\u0430 \u043f\u043e\u0442\u0445\u0440\u0430\u043d\u0443\u0432\u0430, \u043d\u0430\u043c\u0430\u043b\u0443\u0432\u0430\u0458\u045c\u0438 \u0433\u0438 \u0431\u0440\u0447\u043a\u0438\u0442\u0435 \u0438 \u043a\u0430\u0444\u0435\u0430\u0432\u0438\u0442\u0435 \u0434\u0430\u043c\u043a\u0438","og_url":"https:\/\/ozone-gold.mk\/sq\/produkt\/ozone-gold-danielas-secret-krema-za-race\/","og_site_name":"OZONE GOLD","article_modified_time":"2026-04-08T11:28:44+00:00","og_image":[{"width":1772,"height":1772,"url":"https:\/\/ozone-gold.mk\/wp-content\/uploads\/2022\/04\/Objavi-Ozone-Gold-novi-proizvodi-11.04.2022_5.jpg","type":"image\/jpeg"}],"twitter_card":"summary_large_image","twitter_misc":{"Price":"246&nbsp;&#x434;&#x435;&#x43d; \u0426\u0435\u043d\u0430 \u0441\u043e \u0414\u0414\u0412","Availability":"In stock"},"schema":{"@context":"https:\/\/schema.org","@graph":[{"@type":"WebPage","@id":"https:\/\/ozone-gold.mk\/produkt\/ozone-gold-danielas-secret-krema-za-race\/","url":"https:\/\/ozone-gold.mk\/produkt\/ozone-gold-danielas-secret-krema-za-race\/","name":"OZONE GOLD \u041a\u0420\u0415\u041c\u0410 \u0417\u0410 \u0420\u0410\u0426\u0415 - DANIELA'S SECRET","isPartOf":{"@id":"https:\/\/ozone-gold.mk\/sq\/#website"},"primaryImageOfPage":{"@id":"https:\/\/ozone-gold.mk\/produkt\/ozone-gold-danielas-secret-krema-za-race\/#primaryimage"},"image":{"@id":"https:\/\/ozone-gold.mk\/produkt\/ozone-gold-danielas-secret-krema-za-race\/#primaryimage"},"thumbnailUrl":"https:\/\/ozone-gold.mk\/wp-content\/uploads\/2022\/04\/Objavi-Ozone-Gold-novi-proizvodi-11.04.2022_5.jpg","datePublished":"2022-04-14T13:27:12+00:00","dateModified":"2026-04-08T11:28:44+00:00","description":"OZONE GOLD \u041a\u0440\u0435\u043c\u0430 \u0437\u0430 \u0440\u0430\u0446\u0435 - \u043e\u0432\u043e\u0437\u043c\u043e\u0436\u0443\u0432\u0430 \u0438\u043d\u0442\u0435\u043d\u0437\u0438\u0432\u043d\u0430 \u043d\u0435\u0433\u0430 \u043d\u0430 \u043a\u043e\u0436\u0430\u0442\u0430 \u043d\u0430 \u0434\u043b\u0430\u043d\u043a\u0438\u0442\u0435, \u0458\u0430 \u0437\u0430\u0434\u0440\u0436\u0443\u0432\u0430 \u0432\u043b\u0430\u0436\u043d\u043e\u0441\u0442\u0430 \u0438 \u0458\u0430 \u043f\u043e\u0442\u0445\u0440\u0430\u043d\u0443\u0432\u0430, \u043d\u0430\u043c\u0430\u043b\u0443\u0432\u0430\u0458\u045c\u0438 \u0433\u0438 \u0431\u0440\u0447\u043a\u0438\u0442\u0435 \u0438 \u043a\u0430\u0444\u0435\u0430\u0432\u0438\u0442\u0435 \u0434\u0430\u043c\u043a\u0438","breadcrumb":{"@id":"https:\/\/ozone-gold.mk\/produkt\/ozone-gold-danielas-secret-krema-za-race\/#breadcrumb"},"inLanguage":"sq","potentialAction":[{"@type":"ReadAction","target":["https:\/\/ozone-gold.mk\/produkt\/ozone-gold-danielas-secret-krema-za-race\/"]}]},{"@type":"ImageObject","inLanguage":"sq","@id":"https:\/\/ozone-gold.mk\/produkt\/ozone-gold-danielas-secret-krema-za-race\/#primaryimage","url":"https:\/\/ozone-gold.mk\/wp-content\/uploads\/2022\/04\/Objavi-Ozone-Gold-novi-proizvodi-11.04.2022_5.jpg","contentUrl":"https:\/\/ozone-gold.mk\/wp-content\/uploads\/2022\/04\/Objavi-Ozone-Gold-novi-proizvodi-11.04.2022_5.jpg","width":1772,"height":1772},{"@type":"BreadcrumbList","@id":"https:\/\/ozone-gold.mk\/produkt\/ozone-gold-danielas-secret-krema-za-race\/#breadcrumb","itemListElement":[{"@type":"ListItem","position":1,"name":"Home","item":"https:\/\/ozone-gold.mk\/"},{"@type":"ListItem","position":2,"name":"\u041f\u0440\u043e\u0434\u0430\u0432\u043d\u0438\u0446\u0430","item":"https:\/\/ozone-gold.mk\/shop\/"},{"@type":"ListItem","position":3,"name":"OZONE GOLD \u2013 DANIELA&#8217;S SECRET \/ \u041a\u0420\u0415\u041c\u0410 \u0417\u0410 \u0420\u0410\u0426\u0415 &#8211; 75ml"}]},{"@type":"WebSite","@id":"https:\/\/ozone-gold.mk\/sq\/#website","url":"https:\/\/ozone-gold.mk\/sq\/","name":"OZONE GOLD","description":"","potentialAction":[{"@type":"SearchAction","target":{"@type":"EntryPoint","urlTemplate":"https:\/\/ozone-gold.mk\/sq\/?s={search_term_string}"},"query-input":{"@type":"PropertyValueSpecification","valueRequired":true,"valueName":"search_term_string"}}],"inLanguage":"sq"}]},"product_price_amount":"246","product_price_currency":"MKD","og_availability":"instock","product_availability":"instock","product_retailer_item_id":"722777886617","product_condition":"new"},"_links":{"self":[{"href":"https:\/\/ozone-gold.mk\/sq\/wp-json\/wp\/v2\/product\/20585","targetHints":{"allow":["GET"]}}],"collection":[{"href":"https:\/\/ozone-gold.mk\/sq\/wp-json\/wp\/v2\/product"}],"about":[{"href":"https:\/\/ozone-gold.mk\/sq\/wp-json\/wp\/v2\/types\/product"}],"replies":[{"embeddable":true,"href":"https:\/\/ozone-gold.mk\/sq\/wp-json\/wp\/v2\/comments?post=20585"}],"wp:featuredmedia":[{"embeddable":true,"href":"https:\/\/ozone-gold.mk\/sq\/wp-json\/wp\/v2\/media\/20586"}],"wp:attachment":[{"href":"https:\/\/ozone-gold.mk\/sq\/wp-json\/wp\/v2\/media?parent=20585"}],"wp:term":[{"taxonomy":"product_brand","embeddable":true,"href":"https:\/\/ozone-gold.mk\/sq\/wp-json\/wp\/v2\/product_brand?post=20585"},{"taxonomy":"product_cat","embeddable":true,"href":"https:\/\/ozone-gold.mk\/sq\/wp-json\/wp\/v2\/product_cat?post=20585"},{"taxonomy":"product_tag","embeddable":true,"href":"https:\/\/ozone-gold.mk\/sq\/wp-json\/wp\/v2\/product_tag?post=20585"}],"curies":[{"name":"wp","href":"https:\/\/api.w.org\/{rel}","templated":true}]}}