{"id":20588,"date":"2022-04-14T13:26:29","date_gmt":"2022-04-14T14:26:29","guid":{"rendered":"https:\/\/ozone-gold.mk\/?post_type=product&#038;p=20588"},"modified":"2026-04-15T07:40:29","modified_gmt":"2026-04-15T05:40:29","slug":"ozone-gold-ecz-cream-krema-za-egzema","status":"publish","type":"product","link":"https:\/\/ozone-gold.mk\/sq\/produkt\/ozone-gold-ecz-cream-krema-za-egzema\/","title":{"rendered":"OZON GOLD - KREM ECZ \/ KREM KUND\u00cbR EKZEM\u00cbS - 15ml"},"content":{"rendered":"<h3><strong>Karakteristikat<\/strong><\/h3>\n<ul>\n<li><strong>Veprim qet\u00ebsues:<\/strong> Kremi kund\u00ebr ekzem\u00ebs, i bazuar n\u00eb vaj ulliri t\u00eb ozonuar, qet\u00ebson shpejt l\u00ebkur\u00ebn e irrituar. Q\u00eb pas p\u00ebrdorimit t\u00eb par\u00eb, eliminon kruajtjen e shkaktuar nga ekzema dhe ofron leht\u00ebsim t\u00eb menj\u00ebhersh\u00ebm.<\/li>\n<li><strong>Hidratim dhe rigjenerim:<\/strong> L\u00ebkura e prirur ndaj ekzem\u00ebs ka nevoj\u00eb p\u00ebr kujdes intensiv. Kremi siguron hidratim t\u00eb thell\u00eb dhe ndihmon n\u00eb rikthimin e barrier\u00ebs natyrale mbrojt\u00ebse t\u00eb l\u00ebkur\u00ebs.<\/li>\n<li><strong>Siguri:<\/strong> Formula \u00ebsht\u00eb e but\u00eb dhe natyrale, pa p\u00ebrb\u00ebr\u00ebs t\u00eb d\u00ebmsh\u00ebm. \u00cbsht\u00eb e p\u00ebrshtatshme p\u00ebr l\u00ebkur\u00eb t\u00eb ndjeshme dhe e sigurt p\u00ebr p\u00ebrdorim t\u00eb p\u00ebrditsh\u00ebm.<\/li>\n<\/ul>\n<h3><strong>Cfare te presesh?<\/strong><\/h3>\n<ul>\n<li>Leht\u00ebsim i shpejt\u00eb pas p\u00ebrdorimit t\u00eb par\u00eb<\/li>\n<li>Reduktim i irritimeve dhe skuqjeve<\/li>\n<li>Rikthim i qelizave dhe elasticitetit t\u00eb l\u00ebkur\u00ebs<\/li>\n<li>Hidratim dhe rigjenerim i thell\u00eb<\/li>\n<\/ul>\n<h3><strong>P\u00ebrfitimet:<\/strong><\/h3>\n<ul>\n<li>Ndihmon rigjenerimin natyral t\u00eb l\u00ebkur\u00ebs.<\/li>\n<li>Qet\u00ebson l\u00ebkur\u00ebn e that\u00eb dhe t\u00eb irrituar t\u00eb shkaktuar nga ekzema.<\/li>\n<li>Mbron l\u00ebkur\u00ebn nga ndikimet e jashtme dhe ruan but\u00ebsin\u00eb e saj.<\/li>\n<\/ul>\n<h3><strong>P\u00ebrb\u00ebrje:<\/strong><\/h3>\n<p>Petrolatum, Propylene Glycol, Glycerin, Paraffinum Liquidum, Stearic Acid, Cetrimonium Chloride, Ceteareth-12, Sodium Cetearyl Sulfate, Octyldodecanol, Tocopheryl Acetate, Allantoin, Lavandula Angustifolia Oil, Aqua, Glyceryl Stearate, Cetearyl Alcohol, PEG-40 Castor Oil, PEG-100 Stearate, Dimethiconol, Panthenol, Rose Oil Essence, Citronellol, Geraniol, Linalool, Limonene, Citral, Eugenol, Farnesol.<\/p>\n<h3><strong>M\u00ebnyra e p\u00ebrdorimit:<\/strong><\/h3>\n<ul>\n<li>Aplikoni nj\u00eb sasi t\u00eb vog\u00ebl n\u00eb zon\u00ebn e prekur dy her\u00eb n\u00eb dit\u00eb \u2013 n\u00eb m\u00ebngjes dhe n\u00eb mbr\u00ebmje.<\/li>\n<li>Vazhdoni p\u00ebrdorimin p\u00ebr t\u00eb pakt\u00ebn nj\u00eb muaj p\u00ebr rezultate t\u00eb q\u00ebndrueshme.<\/li>\n<li>N\u00ebse \u00ebsht\u00eb e nevojshme, p\u00ebrdoreni disa her\u00eb n\u00eb dit\u00eb n\u00eb l\u00ebkur\u00eb t\u00eb that\u00eb.<\/li>\n<\/ul>","protected":false},"excerpt":{"rendered":"<p>Kremi i ekzem\u00ebs ndihmon n\u00eb eliminimin e kruajtjes q\u00eb n\u00eb p\u00ebrdorimin e par\u00eb. Ofron rigjenerim dhe hidratim t\u00eb l\u00ebkur\u00ebs, qet\u00ebson l\u00ebkur\u00ebn e irrituar dhe t\u00eb d\u00ebmtuar.<\/p>","protected":false},"featured_media":20590,"comment_status":"open","ping_status":"closed","template":"","meta":[],"product_brand":[],"product_cat":[23],"product_tag":[122],"class_list":{"0":"post-20588","1":"product","2":"type-product","3":"status-publish","4":"has-post-thumbnail","6":"product_cat-kremi-za-specifichni-nameni","7":"product_tag-122","9":"first","10":"instock","11":"taxable","12":"shipping-taxable","13":"purchasable","14":"product-type-simple"},"yoast_head":"<!-- This site is optimized with the Yoast SEO Premium plugin v26.2 (Yoast SEO v27.2) - https:\/\/yoast.com\/product\/yoast-seo-premium-wordpress\/ -->\n<title>OZONE GOLD \u041a\u0420\u0415\u041c\u0410 \u041f\u0420\u041e\u0422\u0418\u0412 \u0415\u0413\u0417\u0415\u041c\u0410 - 15\u043c\u043b<\/title>\n<meta name=\"description\" content=\"\u041eZONE GOLD \u041a\u0440\u0435\u043c\u0430 \u043f\u0440\u043e\u0442\u0438\u0432 \u0435\u0433\u0437\u0435\u043c\u0430 \u043a\u043e\u0458\u0430 \u0433\u043e \u0435\u043b\u0438\u043c\u0438\u043d\u0438\u0440\u0430 \u0447\u0435\u0448\u0430\u045a\u0435\u0442\u043e, \u043e\u0432\u043e\u0437\u043c\u043e\u0436\u0443\u0432\u0430 \u0440\u0435\u0433\u0435\u043d\u0435\u0440\u0430\u0446\u0438\u0458\u0430 \u0438 \u0445\u0438\u0434\u0440\u0430\u0442\u0430\u0446\u0438\u0458\u0430 \u043d\u0430 \u043a\u043e\u0436\u0430\u0442\u0430, \u0441\u043c\u0438\u0440\u0443\u0432\u0430\u0458\u045c\u0438 \u0458\u0430 \u0438\u0440\u0438\u0442\u0438\u0440\u0430\u043d\u0430\u0442\u0430 \u0438 \u043e\u0448\u0442\u0435\u0442\u0435\u043d\u0430 \u043a\u043e\u0436\u0430.\" \/>\n<meta name=\"robots\" content=\"index, follow, max-snippet:-1, max-image-preview:large, max-video-preview:-1\" \/>\n<link rel=\"canonical\" href=\"https:\/\/ozone-gold.mk\/sq\/produkt\/ozone-gold-ecz-cream-krema-za-egzema\/\" \/>\n<meta property=\"og:locale\" content=\"sq_AL\" \/>\n<meta property=\"og:type\" content=\"article\" \/>\n<meta property=\"og:title\" content=\"OZONE GOLD \u2013 ECZ CREAM \/ \u041a\u0420\u0415\u041c\u0410 \u041f\u0420\u041e\u0422\u0418\u0412 \u0415\u0413\u0417\u0415\u041c\u0410 - 15ml\" \/>\n<meta property=\"og:description\" content=\"\u041eZONE GOLD \u041a\u0440\u0435\u043c\u0430 \u043f\u0440\u043e\u0442\u0438\u0432 \u0435\u0433\u0437\u0435\u043c\u0430 \u043a\u043e\u0458\u0430 \u0433\u043e \u0435\u043b\u0438\u043c\u0438\u043d\u0438\u0440\u0430 \u0447\u0435\u0448\u0430\u045a\u0435\u0442\u043e, \u043e\u0432\u043e\u0437\u043c\u043e\u0436\u0443\u0432\u0430 \u0440\u0435\u0433\u0435\u043d\u0435\u0440\u0430\u0446\u0438\u0458\u0430 \u0438 \u0445\u0438\u0434\u0440\u0430\u0442\u0430\u0446\u0438\u0458\u0430 \u043d\u0430 \u043a\u043e\u0436\u0430\u0442\u0430, \u0441\u043c\u0438\u0440\u0443\u0432\u0430\u0458\u045c\u0438 \u0458\u0430 \u0438\u0440\u0438\u0442\u0438\u0440\u0430\u043d\u0430\u0442\u0430 \u0438 \u043e\u0448\u0442\u0435\u0442\u0435\u043d\u0430 \u043a\u043e\u0436\u0430.\" \/>\n<meta property=\"og:url\" content=\"https:\/\/ozone-gold.mk\/sq\/produkt\/ozone-gold-ecz-cream-krema-za-egzema\/\" \/>\n<meta property=\"og:site_name\" content=\"OZONE GOLD\" \/>\n<meta property=\"article:modified_time\" content=\"2026-04-15T05:40:29+00:00\" \/>\n<meta property=\"og:image\" content=\"https:\/\/ozone-gold.mk\/wp-content\/uploads\/2022\/04\/Objavi-Ozone-Gold-novi-proizvodi-11.04.2022_7.jpg\" \/>\n\t<meta property=\"og:image:width\" content=\"886\" \/>\n\t<meta property=\"og:image:height\" content=\"886\" \/>\n\t<meta property=\"og:image:type\" content=\"image\/jpeg\" \/>\n<meta name=\"twitter:card\" content=\"summary_large_image\" \/>\n<meta name=\"twitter:label1\" content=\"Price\" \/>\n\t<meta name=\"twitter:data1\" content=\"1.370&nbsp;&#x434;&#x435;&#x43d; \u0426\u0435\u043d\u0430 \u0441\u043e \u0414\u0414\u0412\" \/>\n\t<meta name=\"twitter:label2\" content=\"Availability\" \/>\n\t<meta name=\"twitter:data2\" content=\"In stock\" \/>\n<script type=\"application\/ld+json\" class=\"yoast-schema-graph\">{\"@context\":\"https:\/\/schema.org\",\"@graph\":[{\"@type\":\"WebPage\",\"@id\":\"https:\/\/ozone-gold.mk\/produkt\/ozone-gold-ecz-cream-krema-za-egzema\/\",\"url\":\"https:\/\/ozone-gold.mk\/produkt\/ozone-gold-ecz-cream-krema-za-egzema\/\",\"name\":\"OZONE GOLD \u041a\u0420\u0415\u041c\u0410 \u041f\u0420\u041e\u0422\u0418\u0412 \u0415\u0413\u0417\u0415\u041c\u0410 - 15\u043c\u043b\",\"isPartOf\":{\"@id\":\"https:\/\/ozone-gold.mk\/sq\/#website\"},\"primaryImageOfPage\":{\"@id\":\"https:\/\/ozone-gold.mk\/produkt\/ozone-gold-ecz-cream-krema-za-egzema\/#primaryimage\"},\"image\":{\"@id\":\"https:\/\/ozone-gold.mk\/produkt\/ozone-gold-ecz-cream-krema-za-egzema\/#primaryimage\"},\"thumbnailUrl\":\"https:\/\/ozone-gold.mk\/wp-content\/uploads\/2022\/04\/Objavi-Ozone-Gold-novi-proizvodi-11.04.2022_7.jpg\",\"datePublished\":\"2022-04-14T14:26:29+00:00\",\"dateModified\":\"2026-04-15T05:40:29+00:00\",\"description\":\"\u041eZONE GOLD \u041a\u0440\u0435\u043c\u0430 \u043f\u0440\u043e\u0442\u0438\u0432 \u0435\u0433\u0437\u0435\u043c\u0430 \u043a\u043e\u0458\u0430 \u0433\u043e \u0435\u043b\u0438\u043c\u0438\u043d\u0438\u0440\u0430 \u0447\u0435\u0448\u0430\u045a\u0435\u0442\u043e, \u043e\u0432\u043e\u0437\u043c\u043e\u0436\u0443\u0432\u0430 \u0440\u0435\u0433\u0435\u043d\u0435\u0440\u0430\u0446\u0438\u0458\u0430 \u0438 \u0445\u0438\u0434\u0440\u0430\u0442\u0430\u0446\u0438\u0458\u0430 \u043d\u0430 \u043a\u043e\u0436\u0430\u0442\u0430, \u0441\u043c\u0438\u0440\u0443\u0432\u0430\u0458\u045c\u0438 \u0458\u0430 \u0438\u0440\u0438\u0442\u0438\u0440\u0430\u043d\u0430\u0442\u0430 \u0438 \u043e\u0448\u0442\u0435\u0442\u0435\u043d\u0430 \u043a\u043e\u0436\u0430.\",\"breadcrumb\":{\"@id\":\"https:\/\/ozone-gold.mk\/produkt\/ozone-gold-ecz-cream-krema-za-egzema\/#breadcrumb\"},\"inLanguage\":\"sq\",\"potentialAction\":[{\"@type\":\"ReadAction\",\"target\":[\"https:\/\/ozone-gold.mk\/produkt\/ozone-gold-ecz-cream-krema-za-egzema\/\"]}]},{\"@type\":\"ImageObject\",\"inLanguage\":\"sq\",\"@id\":\"https:\/\/ozone-gold.mk\/produkt\/ozone-gold-ecz-cream-krema-za-egzema\/#primaryimage\",\"url\":\"https:\/\/ozone-gold.mk\/wp-content\/uploads\/2022\/04\/Objavi-Ozone-Gold-novi-proizvodi-11.04.2022_7.jpg\",\"contentUrl\":\"https:\/\/ozone-gold.mk\/wp-content\/uploads\/2022\/04\/Objavi-Ozone-Gold-novi-proizvodi-11.04.2022_7.jpg\",\"width\":886,\"height\":886},{\"@type\":\"BreadcrumbList\",\"@id\":\"https:\/\/ozone-gold.mk\/produkt\/ozone-gold-ecz-cream-krema-za-egzema\/#breadcrumb\",\"itemListElement\":[{\"@type\":\"ListItem\",\"position\":1,\"name\":\"Home\",\"item\":\"https:\/\/ozone-gold.mk\/\"},{\"@type\":\"ListItem\",\"position\":2,\"name\":\"\u041f\u0440\u043e\u0434\u0430\u0432\u043d\u0438\u0446\u0430\",\"item\":\"https:\/\/ozone-gold.mk\/shop\/\"},{\"@type\":\"ListItem\",\"position\":3,\"name\":\"OZONE GOLD \u2013 ECZ CREAM \/ \u041a\u0420\u0415\u041c\u0410 \u041f\u0420\u041e\u0422\u0418\u0412 \u0415\u0413\u0417\u0415\u041c\u0410 &#8211; 15ml\"}]},{\"@type\":\"WebSite\",\"@id\":\"https:\/\/ozone-gold.mk\/sq\/#website\",\"url\":\"https:\/\/ozone-gold.mk\/sq\/\",\"name\":\"OZONE GOLD\",\"description\":\"\",\"potentialAction\":[{\"@type\":\"SearchAction\",\"target\":{\"@type\":\"EntryPoint\",\"urlTemplate\":\"https:\/\/ozone-gold.mk\/sq\/?s={search_term_string}\"},\"query-input\":{\"@type\":\"PropertyValueSpecification\",\"valueRequired\":true,\"valueName\":\"search_term_string\"}}],\"inLanguage\":\"sq\"}]}<\/script>\n<meta property=\"product:price:amount\" content=\"1370\" \/>\n<meta property=\"product:price:currency\" content=\"MKD\" \/>\n<meta property=\"og:availability\" content=\"instock\" \/>\n<meta property=\"product:availability\" content=\"instock\" \/>\n<meta property=\"product:retailer_item_id\" content=\"722777886600\" \/>\n<meta property=\"product:condition\" content=\"new\" \/>\n<!-- \/ Yoast SEO Premium plugin. -->","yoast_head_json":{"title":"OZONE GOLD \u041a\u0420\u0415\u041c\u0410 \u041f\u0420\u041e\u0422\u0418\u0412 \u0415\u0413\u0417\u0415\u041c\u0410 - 15\u043c\u043b","description":"\u041eZONE GOLD \u041a\u0440\u0435\u043c\u0430 \u043f\u0440\u043e\u0442\u0438\u0432 \u0435\u0433\u0437\u0435\u043c\u0430 \u043a\u043e\u0458\u0430 \u0433\u043e \u0435\u043b\u0438\u043c\u0438\u043d\u0438\u0440\u0430 \u0447\u0435\u0448\u0430\u045a\u0435\u0442\u043e, \u043e\u0432\u043e\u0437\u043c\u043e\u0436\u0443\u0432\u0430 \u0440\u0435\u0433\u0435\u043d\u0435\u0440\u0430\u0446\u0438\u0458\u0430 \u0438 \u0445\u0438\u0434\u0440\u0430\u0442\u0430\u0446\u0438\u0458\u0430 \u043d\u0430 \u043a\u043e\u0436\u0430\u0442\u0430, \u0441\u043c\u0438\u0440\u0443\u0432\u0430\u0458\u045c\u0438 \u0458\u0430 \u0438\u0440\u0438\u0442\u0438\u0440\u0430\u043d\u0430\u0442\u0430 \u0438 \u043e\u0448\u0442\u0435\u0442\u0435\u043d\u0430 \u043a\u043e\u0436\u0430.","robots":{"index":"index","follow":"follow","max-snippet":"max-snippet:-1","max-image-preview":"max-image-preview:large","max-video-preview":"max-video-preview:-1"},"canonical":"https:\/\/ozone-gold.mk\/sq\/produkt\/ozone-gold-ecz-cream-krema-za-egzema\/","og_locale":"sq_AL","og_type":"article","og_title":"OZONE GOLD \u2013 ECZ CREAM \/ \u041a\u0420\u0415\u041c\u0410 \u041f\u0420\u041e\u0422\u0418\u0412 \u0415\u0413\u0417\u0415\u041c\u0410 - 15ml","og_description":"\u041eZONE GOLD \u041a\u0440\u0435\u043c\u0430 \u043f\u0440\u043e\u0442\u0438\u0432 \u0435\u0433\u0437\u0435\u043c\u0430 \u043a\u043e\u0458\u0430 \u0433\u043e \u0435\u043b\u0438\u043c\u0438\u043d\u0438\u0440\u0430 \u0447\u0435\u0448\u0430\u045a\u0435\u0442\u043e, \u043e\u0432\u043e\u0437\u043c\u043e\u0436\u0443\u0432\u0430 \u0440\u0435\u0433\u0435\u043d\u0435\u0440\u0430\u0446\u0438\u0458\u0430 \u0438 \u0445\u0438\u0434\u0440\u0430\u0442\u0430\u0446\u0438\u0458\u0430 \u043d\u0430 \u043a\u043e\u0436\u0430\u0442\u0430, \u0441\u043c\u0438\u0440\u0443\u0432\u0430\u0458\u045c\u0438 \u0458\u0430 \u0438\u0440\u0438\u0442\u0438\u0440\u0430\u043d\u0430\u0442\u0430 \u0438 \u043e\u0448\u0442\u0435\u0442\u0435\u043d\u0430 \u043a\u043e\u0436\u0430.","og_url":"https:\/\/ozone-gold.mk\/sq\/produkt\/ozone-gold-ecz-cream-krema-za-egzema\/","og_site_name":"OZONE GOLD","article_modified_time":"2026-04-15T05:40:29+00:00","og_image":[{"width":886,"height":886,"url":"https:\/\/ozone-gold.mk\/wp-content\/uploads\/2022\/04\/Objavi-Ozone-Gold-novi-proizvodi-11.04.2022_7.jpg","type":"image\/jpeg"}],"twitter_card":"summary_large_image","twitter_misc":{"Price":"1.370&nbsp;&#x434;&#x435;&#x43d; \u0426\u0435\u043d\u0430 \u0441\u043e \u0414\u0414\u0412","Availability":"In stock"},"schema":{"@context":"https:\/\/schema.org","@graph":[{"@type":"WebPage","@id":"https:\/\/ozone-gold.mk\/produkt\/ozone-gold-ecz-cream-krema-za-egzema\/","url":"https:\/\/ozone-gold.mk\/produkt\/ozone-gold-ecz-cream-krema-za-egzema\/","name":"OZONE GOLD \u041a\u0420\u0415\u041c\u0410 \u041f\u0420\u041e\u0422\u0418\u0412 \u0415\u0413\u0417\u0415\u041c\u0410 - 15\u043c\u043b","isPartOf":{"@id":"https:\/\/ozone-gold.mk\/sq\/#website"},"primaryImageOfPage":{"@id":"https:\/\/ozone-gold.mk\/produkt\/ozone-gold-ecz-cream-krema-za-egzema\/#primaryimage"},"image":{"@id":"https:\/\/ozone-gold.mk\/produkt\/ozone-gold-ecz-cream-krema-za-egzema\/#primaryimage"},"thumbnailUrl":"https:\/\/ozone-gold.mk\/wp-content\/uploads\/2022\/04\/Objavi-Ozone-Gold-novi-proizvodi-11.04.2022_7.jpg","datePublished":"2022-04-14T14:26:29+00:00","dateModified":"2026-04-15T05:40:29+00:00","description":"\u041eZONE GOLD \u041a\u0440\u0435\u043c\u0430 \u043f\u0440\u043e\u0442\u0438\u0432 \u0435\u0433\u0437\u0435\u043c\u0430 \u043a\u043e\u0458\u0430 \u0433\u043e \u0435\u043b\u0438\u043c\u0438\u043d\u0438\u0440\u0430 \u0447\u0435\u0448\u0430\u045a\u0435\u0442\u043e, \u043e\u0432\u043e\u0437\u043c\u043e\u0436\u0443\u0432\u0430 \u0440\u0435\u0433\u0435\u043d\u0435\u0440\u0430\u0446\u0438\u0458\u0430 \u0438 \u0445\u0438\u0434\u0440\u0430\u0442\u0430\u0446\u0438\u0458\u0430 \u043d\u0430 \u043a\u043e\u0436\u0430\u0442\u0430, \u0441\u043c\u0438\u0440\u0443\u0432\u0430\u0458\u045c\u0438 \u0458\u0430 \u0438\u0440\u0438\u0442\u0438\u0440\u0430\u043d\u0430\u0442\u0430 \u0438 \u043e\u0448\u0442\u0435\u0442\u0435\u043d\u0430 \u043a\u043e\u0436\u0430.","breadcrumb":{"@id":"https:\/\/ozone-gold.mk\/produkt\/ozone-gold-ecz-cream-krema-za-egzema\/#breadcrumb"},"inLanguage":"sq","potentialAction":[{"@type":"ReadAction","target":["https:\/\/ozone-gold.mk\/produkt\/ozone-gold-ecz-cream-krema-za-egzema\/"]}]},{"@type":"ImageObject","inLanguage":"sq","@id":"https:\/\/ozone-gold.mk\/produkt\/ozone-gold-ecz-cream-krema-za-egzema\/#primaryimage","url":"https:\/\/ozone-gold.mk\/wp-content\/uploads\/2022\/04\/Objavi-Ozone-Gold-novi-proizvodi-11.04.2022_7.jpg","contentUrl":"https:\/\/ozone-gold.mk\/wp-content\/uploads\/2022\/04\/Objavi-Ozone-Gold-novi-proizvodi-11.04.2022_7.jpg","width":886,"height":886},{"@type":"BreadcrumbList","@id":"https:\/\/ozone-gold.mk\/produkt\/ozone-gold-ecz-cream-krema-za-egzema\/#breadcrumb","itemListElement":[{"@type":"ListItem","position":1,"name":"Home","item":"https:\/\/ozone-gold.mk\/"},{"@type":"ListItem","position":2,"name":"\u041f\u0440\u043e\u0434\u0430\u0432\u043d\u0438\u0446\u0430","item":"https:\/\/ozone-gold.mk\/shop\/"},{"@type":"ListItem","position":3,"name":"OZONE GOLD \u2013 ECZ CREAM \/ \u041a\u0420\u0415\u041c\u0410 \u041f\u0420\u041e\u0422\u0418\u0412 \u0415\u0413\u0417\u0415\u041c\u0410 &#8211; 15ml"}]},{"@type":"WebSite","@id":"https:\/\/ozone-gold.mk\/sq\/#website","url":"https:\/\/ozone-gold.mk\/sq\/","name":"OZONE GOLD","description":"","potentialAction":[{"@type":"SearchAction","target":{"@type":"EntryPoint","urlTemplate":"https:\/\/ozone-gold.mk\/sq\/?s={search_term_string}"},"query-input":{"@type":"PropertyValueSpecification","valueRequired":true,"valueName":"search_term_string"}}],"inLanguage":"sq"}]},"product_price_amount":"1370","product_price_currency":"MKD","og_availability":"instock","product_availability":"instock","product_retailer_item_id":"722777886600","product_condition":"new"},"_links":{"self":[{"href":"https:\/\/ozone-gold.mk\/sq\/wp-json\/wp\/v2\/product\/20588","targetHints":{"allow":["GET"]}}],"collection":[{"href":"https:\/\/ozone-gold.mk\/sq\/wp-json\/wp\/v2\/product"}],"about":[{"href":"https:\/\/ozone-gold.mk\/sq\/wp-json\/wp\/v2\/types\/product"}],"replies":[{"embeddable":true,"href":"https:\/\/ozone-gold.mk\/sq\/wp-json\/wp\/v2\/comments?post=20588"}],"wp:featuredmedia":[{"embeddable":true,"href":"https:\/\/ozone-gold.mk\/sq\/wp-json\/wp\/v2\/media\/20590"}],"wp:attachment":[{"href":"https:\/\/ozone-gold.mk\/sq\/wp-json\/wp\/v2\/media?parent=20588"}],"wp:term":[{"taxonomy":"product_brand","embeddable":true,"href":"https:\/\/ozone-gold.mk\/sq\/wp-json\/wp\/v2\/product_brand?post=20588"},{"taxonomy":"product_cat","embeddable":true,"href":"https:\/\/ozone-gold.mk\/sq\/wp-json\/wp\/v2\/product_cat?post=20588"},{"taxonomy":"product_tag","embeddable":true,"href":"https:\/\/ozone-gold.mk\/sq\/wp-json\/wp\/v2\/product_tag?post=20588"}],"curies":[{"name":"wp","href":"https:\/\/api.w.org\/{rel}","templated":true}]}}