{"id":26121,"date":"2024-11-01T13:33:42","date_gmt":"2024-11-01T13:33:42","guid":{"rendered":"https:\/\/ozone-gold.mk\/?post_type=product&#038;p=26121"},"modified":"2026-02-16T11:14:55","modified_gmt":"2026-02-16T10:14:55","slug":"ozone-gold-gel-za-tushiranje-cokolado","status":"publish","type":"product","link":"https:\/\/ozone-gold.mk\/sq\/produkt\/ozone-gold-gel-za-tushiranje-cokolado\/","title":{"rendered":"OZONE GOLD \u2013 XHEL DUSHI ME \u00c7OKOLLAT\u00cb"},"content":{"rendered":"<h3>OZONE GOLD \u2013 XHEL DUSHI ME \u00c7OKOLLAT\u00cb<\/h3>\n<p>Xheli i dushit me arom\u00eb \u00e7okollate nga Ozone Gold ju ofron k\u00ebnaq\u00ebsi dhe kujdes maksimal p\u00ebr l\u00ebkur\u00ebn tuaj.\nPas p\u00ebrdorimit, l\u00ebkura b\u00ebhet e but\u00eb si m\u00ebndafsh, e hidratuar dhe e ushqyer, nd\u00ebrsa aroma magjike e \u00e7okollat\u00ebs e b\u00ebn p\u00ebrvoj\u00ebn tuaj t\u00eb dushit plot\u00ebsisht relaksuese dhe luksoze.\nFormulimi \u00ebsht\u00eb i testuar dermatologjikisht dhe i p\u00ebrshtatsh\u00ebm p\u00ebr \u00e7do lloj l\u00ebkure.<\/p>\n<ul>\n<li>Hidratim i thell\u00eb q\u00eb e mban l\u00ebkur\u00ebn t\u00eb but\u00eb dhe elastike.<\/li>\n<li>Tekstur\u00eb e pasur dhe m\u00ebndafshe, q\u00eb ofron ndjesi delikate dhe freski gjat\u00eb gjith\u00eb dit\u00ebs.<\/li>\n<li>Arom\u00eb natyrale \u00e7okollate q\u00eb relakson dhe freskon trupin dhe mendjen.<\/li>\n<li>I p\u00ebrshtatsh\u00ebm p\u00ebr t\u00eb gjitha llojet e l\u00ebkur\u00ebs, fal\u00eb p\u00ebrb\u00ebrjes s\u00eb kujdesshme q\u00eb e mban l\u00ebkur\u00ebn t\u00eb sh\u00ebndetshme dhe t\u00eb mbrojtur.<\/li>\n<\/ul>\n<p>&nbsp;<\/p>\n<h3><strong>P\u00ebrb\u00ebrje: <\/strong><\/h3>\n<p>Aqua, Sodium Laureth Sulfate, Sodium Chloride, Cocamide DEA, Cocamidopropyl Betaine, Glycerin, Parfum, Sodium Benzoate, Panthenol, Glycol Distearate, Cocamide MIPA, Laureth-10, Tetrasodium EDTA, Sodium Hydroxide, Citric Acid, Magnesium Nitrate, Methylchloroisothiazolinone, Magnesium Chloride, Methylisothiazolinone, Sodium Sulfate, Coumarin, CI 16255, CI 19140.<\/p>","protected":false},"excerpt":{"rendered":"<p>Xheli i dushit Ozone Gold me arom\u00eb \u00e7okollate e b\u00ebn l\u00ebkur\u00ebn t\u00eb but\u00eb, t\u00eb l\u00ebmuar si m\u00ebndafsh dhe t\u00eb hidratuar, nd\u00ebrsa aroma luksoze e \u00e7okollat\u00ebs e pasuron p\u00ebrvoj\u00ebn tuaj.\nFormula \u00ebsht\u00eb e testuar dermatologjikisht dhe e p\u00ebrshtatshme p\u00ebr t\u00eb gjitha llojet e l\u00ebkur\u00ebs.<\/p>","protected":false},"featured_media":26123,"comment_status":"open","ping_status":"closed","template":"","meta":[],"product_brand":[],"product_cat":[18,24],"product_tag":[124],"class_list":{"0":"post-26121","1":"product","2":"type-product","3":"status-publish","4":"has-post-thumbnail","6":"product_cat-kozmetika","7":"product_cat-programa-za-nega-na-lice-i-telo","8":"product_tag-gel-za-tusiranje","10":"first","11":"instock","12":"taxable","13":"shipping-taxable","14":"purchasable","15":"product-type-simple"},"yoast_head":"<!-- This site is optimized with the Yoast SEO Premium plugin v26.2 (Yoast SEO v27.2) - https:\/\/yoast.com\/product\/yoast-seo-premium-wordpress\/ -->\n<title>OZONE GOLD \u0413\u0415\u041b \u0417\u0410 \u0422\u0423\u0428\u0418\u0420\u0410\u040a\u0415 \u0427\u041e\u041a\u041e\u041b\u0410\u0414\u041e<\/title>\n<meta name=\"description\" content=\"\u0413\u0435\u043b \u0437\u0430 \u0442\u0443\u0448\u0438\u0440\u0430\u045a\u0435 \u0441\u043e \u043c\u0438\u0440\u0438\u0441 \u043d\u0430 \u0447\u043e\u043a\u043e\u043b\u0430\u0434\u043e \u043e\u0434 Ozone Gold - \u0458\u0430 \u043f\u0440\u0430\u0432\u0438 \u043a\u043e\u0436\u0430\u0442\u0430 \u0441\u0432\u0438\u043b\u0435\u043d\u043a\u0430\u0441\u0442\u043e \u043c\u0435\u043a\u0430 \u0438 \u0445\u0438\u0434\u0440\u0438\u0440\u0430\u043d\u0430, \u0441\u043e \u043f\u0440\u0435\u043a\u0440\u0430\u0441\u0435\u043d \u043c\u0438\u0440\u0438\u0441. \u0411\u0435\u0437\u0431\u0435\u0434\u0435\u043d \u0437\u0430 \u0441\u0438\u0442\u0435 \u0442\u0438\u043f\u043e\u0432\u0438 \u043a\u043e\u0436\u0430.\" \/>\n<meta name=\"robots\" content=\"index, follow, max-snippet:-1, max-image-preview:large, max-video-preview:-1\" \/>\n<link rel=\"canonical\" href=\"https:\/\/ozone-gold.mk\/sq\/produkt\/ozone-gold-gel-za-tushiranje-cokolado\/\" \/>\n<meta property=\"og:locale\" content=\"sq_AL\" \/>\n<meta property=\"og:type\" content=\"article\" \/>\n<meta property=\"og:title\" content=\"OZONE GOLD - \u0413\u0415\u041b \u0417\u0410 \u0422\u0423\u0428\u0418\u0420\u0410\u040a\u0415 \u0427\u041e\u041a\u041e\u041b\u0410\u0414\u041e\" \/>\n<meta property=\"og:description\" content=\"\u0413\u0435\u043b \u0437\u0430 \u0442\u0443\u0448\u0438\u0440\u0430\u045a\u0435 \u0441\u043e \u043c\u0438\u0440\u0438\u0441 \u043d\u0430 \u0447\u043e\u043a\u043e\u043b\u0430\u0434\u043e \u043e\u0434 Ozone Gold - \u0458\u0430 \u043f\u0440\u0430\u0432\u0438 \u043a\u043e\u0436\u0430\u0442\u0430 \u0441\u0432\u0438\u043b\u0435\u043d\u043a\u0430\u0441\u0442\u043e \u043c\u0435\u043a\u0430 \u0438 \u0445\u0438\u0434\u0440\u0438\u0440\u0430\u043d\u0430, \u0441\u043e \u043f\u0440\u0435\u043a\u0440\u0430\u0441\u0435\u043d \u043c\u0438\u0440\u0438\u0441. \u0411\u0435\u0437\u0431\u0435\u0434\u0435\u043d \u0437\u0430 \u0441\u0438\u0442\u0435 \u0442\u0438\u043f\u043e\u0432\u0438 \u043a\u043e\u0436\u0430.\" \/>\n<meta property=\"og:url\" content=\"https:\/\/ozone-gold.mk\/sq\/produkt\/ozone-gold-gel-za-tushiranje-cokolado\/\" \/>\n<meta property=\"og:site_name\" content=\"OZONE GOLD\" \/>\n<meta property=\"article:modified_time\" content=\"2026-02-16T10:14:55+00:00\" \/>\n<meta property=\"og:image\" content=\"https:\/\/ozone-gold.mk\/wp-content\/uploads\/2024\/11\/SG2-1.jpg\" \/>\n\t<meta property=\"og:image:width\" content=\"2000\" \/>\n\t<meta property=\"og:image:height\" content=\"2000\" \/>\n\t<meta property=\"og:image:type\" content=\"image\/jpeg\" \/>\n<meta name=\"twitter:card\" content=\"summary_large_image\" \/>\n<meta name=\"twitter:label1\" content=\"Price\" \/>\n\t<meta name=\"twitter:data1\" content=\"240&nbsp;&#x434;&#x435;&#x43d; \u0426\u0435\u043d\u0430 \u0441\u043e \u0414\u0414\u0412\" \/>\n\t<meta name=\"twitter:label2\" content=\"Availability\" \/>\n\t<meta name=\"twitter:data2\" content=\"In stock\" \/>\n<script type=\"application\/ld+json\" class=\"yoast-schema-graph\">{\"@context\":\"https:\/\/schema.org\",\"@graph\":[{\"@type\":\"WebPage\",\"@id\":\"https:\/\/ozone-gold.mk\/produkt\/ozone-gold-gel-za-tushiranje-cokolado\/\",\"url\":\"https:\/\/ozone-gold.mk\/produkt\/ozone-gold-gel-za-tushiranje-cokolado\/\",\"name\":\"OZONE GOLD \u0413\u0415\u041b \u0417\u0410 \u0422\u0423\u0428\u0418\u0420\u0410\u040a\u0415 \u0427\u041e\u041a\u041e\u041b\u0410\u0414\u041e\",\"isPartOf\":{\"@id\":\"https:\/\/ozone-gold.mk\/sq\/#website\"},\"primaryImageOfPage\":{\"@id\":\"https:\/\/ozone-gold.mk\/produkt\/ozone-gold-gel-za-tushiranje-cokolado\/#primaryimage\"},\"image\":{\"@id\":\"https:\/\/ozone-gold.mk\/produkt\/ozone-gold-gel-za-tushiranje-cokolado\/#primaryimage\"},\"thumbnailUrl\":\"https:\/\/ozone-gold.mk\/wp-content\/uploads\/2024\/11\/SG2-1.jpg\",\"datePublished\":\"2024-11-01T13:33:42+00:00\",\"dateModified\":\"2026-02-16T10:14:55+00:00\",\"description\":\"\u0413\u0435\u043b \u0437\u0430 \u0442\u0443\u0448\u0438\u0440\u0430\u045a\u0435 \u0441\u043e \u043c\u0438\u0440\u0438\u0441 \u043d\u0430 \u0447\u043e\u043a\u043e\u043b\u0430\u0434\u043e \u043e\u0434 Ozone Gold - \u0458\u0430 \u043f\u0440\u0430\u0432\u0438 \u043a\u043e\u0436\u0430\u0442\u0430 \u0441\u0432\u0438\u043b\u0435\u043d\u043a\u0430\u0441\u0442\u043e \u043c\u0435\u043a\u0430 \u0438 \u0445\u0438\u0434\u0440\u0438\u0440\u0430\u043d\u0430, \u0441\u043e \u043f\u0440\u0435\u043a\u0440\u0430\u0441\u0435\u043d \u043c\u0438\u0440\u0438\u0441. \u0411\u0435\u0437\u0431\u0435\u0434\u0435\u043d \u0437\u0430 \u0441\u0438\u0442\u0435 \u0442\u0438\u043f\u043e\u0432\u0438 \u043a\u043e\u0436\u0430.\",\"breadcrumb\":{\"@id\":\"https:\/\/ozone-gold.mk\/produkt\/ozone-gold-gel-za-tushiranje-cokolado\/#breadcrumb\"},\"inLanguage\":\"sq\",\"potentialAction\":[{\"@type\":\"ReadAction\",\"target\":[\"https:\/\/ozone-gold.mk\/produkt\/ozone-gold-gel-za-tushiranje-cokolado\/\"]}]},{\"@type\":\"ImageObject\",\"inLanguage\":\"sq\",\"@id\":\"https:\/\/ozone-gold.mk\/produkt\/ozone-gold-gel-za-tushiranje-cokolado\/#primaryimage\",\"url\":\"https:\/\/ozone-gold.mk\/wp-content\/uploads\/2024\/11\/SG2-1.jpg\",\"contentUrl\":\"https:\/\/ozone-gold.mk\/wp-content\/uploads\/2024\/11\/SG2-1.jpg\",\"width\":2000,\"height\":2000},{\"@type\":\"BreadcrumbList\",\"@id\":\"https:\/\/ozone-gold.mk\/produkt\/ozone-gold-gel-za-tushiranje-cokolado\/#breadcrumb\",\"itemListElement\":[{\"@type\":\"ListItem\",\"position\":1,\"name\":\"Home\",\"item\":\"https:\/\/ozone-gold.mk\/\"},{\"@type\":\"ListItem\",\"position\":2,\"name\":\"\u041f\u0440\u043e\u0434\u0430\u0432\u043d\u0438\u0446\u0430\",\"item\":\"https:\/\/ozone-gold.mk\/shop\/\"},{\"@type\":\"ListItem\",\"position\":3,\"name\":\"OZONE GOLD &#8211; \u0413\u0415\u041b \u0417\u0410 \u0422\u0423\u0428\u0418\u0420\u0410\u040a\u0415 \u0427\u041e\u041a\u041e\u041b\u0410\u0414\u041e\"}]},{\"@type\":\"WebSite\",\"@id\":\"https:\/\/ozone-gold.mk\/sq\/#website\",\"url\":\"https:\/\/ozone-gold.mk\/sq\/\",\"name\":\"OZONE GOLD\",\"description\":\"\",\"potentialAction\":[{\"@type\":\"SearchAction\",\"target\":{\"@type\":\"EntryPoint\",\"urlTemplate\":\"https:\/\/ozone-gold.mk\/sq\/?s={search_term_string}\"},\"query-input\":{\"@type\":\"PropertyValueSpecification\",\"valueRequired\":true,\"valueName\":\"search_term_string\"}}],\"inLanguage\":\"sq\"}]}<\/script>\n<meta property=\"product:price:amount\" content=\"240\" \/>\n<meta property=\"product:price:currency\" content=\"MKD\" \/>\n<meta property=\"og:availability\" content=\"instock\" \/>\n<meta property=\"product:availability\" content=\"instock\" \/>\n<meta property=\"product:retailer_item_id\" content=\"8680885440911-1\" \/>\n<meta property=\"product:condition\" content=\"new\" \/>\n<!-- \/ Yoast SEO Premium plugin. -->","yoast_head_json":{"title":"OZONE GOLD \u0413\u0415\u041b \u0417\u0410 \u0422\u0423\u0428\u0418\u0420\u0410\u040a\u0415 \u0427\u041e\u041a\u041e\u041b\u0410\u0414\u041e","description":"\u0413\u0435\u043b \u0437\u0430 \u0442\u0443\u0448\u0438\u0440\u0430\u045a\u0435 \u0441\u043e \u043c\u0438\u0440\u0438\u0441 \u043d\u0430 \u0447\u043e\u043a\u043e\u043b\u0430\u0434\u043e \u043e\u0434 Ozone Gold - \u0458\u0430 \u043f\u0440\u0430\u0432\u0438 \u043a\u043e\u0436\u0430\u0442\u0430 \u0441\u0432\u0438\u043b\u0435\u043d\u043a\u0430\u0441\u0442\u043e \u043c\u0435\u043a\u0430 \u0438 \u0445\u0438\u0434\u0440\u0438\u0440\u0430\u043d\u0430, \u0441\u043e \u043f\u0440\u0435\u043a\u0440\u0430\u0441\u0435\u043d \u043c\u0438\u0440\u0438\u0441. \u0411\u0435\u0437\u0431\u0435\u0434\u0435\u043d \u0437\u0430 \u0441\u0438\u0442\u0435 \u0442\u0438\u043f\u043e\u0432\u0438 \u043a\u043e\u0436\u0430.","robots":{"index":"index","follow":"follow","max-snippet":"max-snippet:-1","max-image-preview":"max-image-preview:large","max-video-preview":"max-video-preview:-1"},"canonical":"https:\/\/ozone-gold.mk\/sq\/produkt\/ozone-gold-gel-za-tushiranje-cokolado\/","og_locale":"sq_AL","og_type":"article","og_title":"OZONE GOLD - \u0413\u0415\u041b \u0417\u0410 \u0422\u0423\u0428\u0418\u0420\u0410\u040a\u0415 \u0427\u041e\u041a\u041e\u041b\u0410\u0414\u041e","og_description":"\u0413\u0435\u043b \u0437\u0430 \u0442\u0443\u0448\u0438\u0440\u0430\u045a\u0435 \u0441\u043e \u043c\u0438\u0440\u0438\u0441 \u043d\u0430 \u0447\u043e\u043a\u043e\u043b\u0430\u0434\u043e \u043e\u0434 Ozone Gold - \u0458\u0430 \u043f\u0440\u0430\u0432\u0438 \u043a\u043e\u0436\u0430\u0442\u0430 \u0441\u0432\u0438\u043b\u0435\u043d\u043a\u0430\u0441\u0442\u043e \u043c\u0435\u043a\u0430 \u0438 \u0445\u0438\u0434\u0440\u0438\u0440\u0430\u043d\u0430, \u0441\u043e \u043f\u0440\u0435\u043a\u0440\u0430\u0441\u0435\u043d \u043c\u0438\u0440\u0438\u0441. \u0411\u0435\u0437\u0431\u0435\u0434\u0435\u043d \u0437\u0430 \u0441\u0438\u0442\u0435 \u0442\u0438\u043f\u043e\u0432\u0438 \u043a\u043e\u0436\u0430.","og_url":"https:\/\/ozone-gold.mk\/sq\/produkt\/ozone-gold-gel-za-tushiranje-cokolado\/","og_site_name":"OZONE GOLD","article_modified_time":"2026-02-16T10:14:55+00:00","og_image":[{"width":2000,"height":2000,"url":"https:\/\/ozone-gold.mk\/wp-content\/uploads\/2024\/11\/SG2-1.jpg","type":"image\/jpeg"}],"twitter_card":"summary_large_image","twitter_misc":{"Price":"240&nbsp;&#x434;&#x435;&#x43d; \u0426\u0435\u043d\u0430 \u0441\u043e \u0414\u0414\u0412","Availability":"In stock"},"schema":{"@context":"https:\/\/schema.org","@graph":[{"@type":"WebPage","@id":"https:\/\/ozone-gold.mk\/produkt\/ozone-gold-gel-za-tushiranje-cokolado\/","url":"https:\/\/ozone-gold.mk\/produkt\/ozone-gold-gel-za-tushiranje-cokolado\/","name":"OZONE GOLD \u0413\u0415\u041b \u0417\u0410 \u0422\u0423\u0428\u0418\u0420\u0410\u040a\u0415 \u0427\u041e\u041a\u041e\u041b\u0410\u0414\u041e","isPartOf":{"@id":"https:\/\/ozone-gold.mk\/sq\/#website"},"primaryImageOfPage":{"@id":"https:\/\/ozone-gold.mk\/produkt\/ozone-gold-gel-za-tushiranje-cokolado\/#primaryimage"},"image":{"@id":"https:\/\/ozone-gold.mk\/produkt\/ozone-gold-gel-za-tushiranje-cokolado\/#primaryimage"},"thumbnailUrl":"https:\/\/ozone-gold.mk\/wp-content\/uploads\/2024\/11\/SG2-1.jpg","datePublished":"2024-11-01T13:33:42+00:00","dateModified":"2026-02-16T10:14:55+00:00","description":"\u0413\u0435\u043b \u0437\u0430 \u0442\u0443\u0448\u0438\u0440\u0430\u045a\u0435 \u0441\u043e \u043c\u0438\u0440\u0438\u0441 \u043d\u0430 \u0447\u043e\u043a\u043e\u043b\u0430\u0434\u043e \u043e\u0434 Ozone Gold - \u0458\u0430 \u043f\u0440\u0430\u0432\u0438 \u043a\u043e\u0436\u0430\u0442\u0430 \u0441\u0432\u0438\u043b\u0435\u043d\u043a\u0430\u0441\u0442\u043e \u043c\u0435\u043a\u0430 \u0438 \u0445\u0438\u0434\u0440\u0438\u0440\u0430\u043d\u0430, \u0441\u043e \u043f\u0440\u0435\u043a\u0440\u0430\u0441\u0435\u043d \u043c\u0438\u0440\u0438\u0441. \u0411\u0435\u0437\u0431\u0435\u0434\u0435\u043d \u0437\u0430 \u0441\u0438\u0442\u0435 \u0442\u0438\u043f\u043e\u0432\u0438 \u043a\u043e\u0436\u0430.","breadcrumb":{"@id":"https:\/\/ozone-gold.mk\/produkt\/ozone-gold-gel-za-tushiranje-cokolado\/#breadcrumb"},"inLanguage":"sq","potentialAction":[{"@type":"ReadAction","target":["https:\/\/ozone-gold.mk\/produkt\/ozone-gold-gel-za-tushiranje-cokolado\/"]}]},{"@type":"ImageObject","inLanguage":"sq","@id":"https:\/\/ozone-gold.mk\/produkt\/ozone-gold-gel-za-tushiranje-cokolado\/#primaryimage","url":"https:\/\/ozone-gold.mk\/wp-content\/uploads\/2024\/11\/SG2-1.jpg","contentUrl":"https:\/\/ozone-gold.mk\/wp-content\/uploads\/2024\/11\/SG2-1.jpg","width":2000,"height":2000},{"@type":"BreadcrumbList","@id":"https:\/\/ozone-gold.mk\/produkt\/ozone-gold-gel-za-tushiranje-cokolado\/#breadcrumb","itemListElement":[{"@type":"ListItem","position":1,"name":"Home","item":"https:\/\/ozone-gold.mk\/"},{"@type":"ListItem","position":2,"name":"\u041f\u0440\u043e\u0434\u0430\u0432\u043d\u0438\u0446\u0430","item":"https:\/\/ozone-gold.mk\/shop\/"},{"@type":"ListItem","position":3,"name":"OZONE GOLD &#8211; \u0413\u0415\u041b \u0417\u0410 \u0422\u0423\u0428\u0418\u0420\u0410\u040a\u0415 \u0427\u041e\u041a\u041e\u041b\u0410\u0414\u041e"}]},{"@type":"WebSite","@id":"https:\/\/ozone-gold.mk\/sq\/#website","url":"https:\/\/ozone-gold.mk\/sq\/","name":"OZONE GOLD","description":"","potentialAction":[{"@type":"SearchAction","target":{"@type":"EntryPoint","urlTemplate":"https:\/\/ozone-gold.mk\/sq\/?s={search_term_string}"},"query-input":{"@type":"PropertyValueSpecification","valueRequired":true,"valueName":"search_term_string"}}],"inLanguage":"sq"}]},"product_price_amount":"240","product_price_currency":"MKD","og_availability":"instock","product_availability":"instock","product_retailer_item_id":"8680885440911-1","product_condition":"new"},"_links":{"self":[{"href":"https:\/\/ozone-gold.mk\/sq\/wp-json\/wp\/v2\/product\/26121","targetHints":{"allow":["GET"]}}],"collection":[{"href":"https:\/\/ozone-gold.mk\/sq\/wp-json\/wp\/v2\/product"}],"about":[{"href":"https:\/\/ozone-gold.mk\/sq\/wp-json\/wp\/v2\/types\/product"}],"replies":[{"embeddable":true,"href":"https:\/\/ozone-gold.mk\/sq\/wp-json\/wp\/v2\/comments?post=26121"}],"wp:featuredmedia":[{"embeddable":true,"href":"https:\/\/ozone-gold.mk\/sq\/wp-json\/wp\/v2\/media\/26123"}],"wp:attachment":[{"href":"https:\/\/ozone-gold.mk\/sq\/wp-json\/wp\/v2\/media?parent=26121"}],"wp:term":[{"taxonomy":"product_brand","embeddable":true,"href":"https:\/\/ozone-gold.mk\/sq\/wp-json\/wp\/v2\/product_brand?post=26121"},{"taxonomy":"product_cat","embeddable":true,"href":"https:\/\/ozone-gold.mk\/sq\/wp-json\/wp\/v2\/product_cat?post=26121"},{"taxonomy":"product_tag","embeddable":true,"href":"https:\/\/ozone-gold.mk\/sq\/wp-json\/wp\/v2\/product_tag?post=26121"}],"curies":[{"name":"wp","href":"https:\/\/api.w.org\/{rel}","templated":true}]}}