{"id":26124,"date":"2024-11-01T13:47:22","date_gmt":"2024-11-01T13:47:22","guid":{"rendered":"https:\/\/ozone-gold.mk\/?post_type=product&#038;p=26124"},"modified":"2026-02-16T11:14:35","modified_gmt":"2026-02-16T10:14:35","slug":"ozone-gold-gel-za-tushiranje-vanila-karamela","status":"publish","type":"product","link":"https:\/\/ozone-gold.mk\/sq\/produkt\/ozone-gold-gel-za-tushiranje-vanila-karamela\/","title":{"rendered":"OZONE GOLD \u2013 XHEL DUSHI VANILJE-KARAMEL"},"content":{"rendered":"<h3>OZONE GOLD \u2013 XHEL DUSHI VANILJE-KARAMEL<\/h3>\n<p>Xheli i dushit Ozone Gold Vanilje-Karamel\u00eb \u2013 zgjidhja perfekte p\u00ebr l\u00ebkur\u00eb t\u00eb that\u00eb, t\u00eb dehidratuar dhe t\u00eb ashp\u00ebr.\nRiktheni freskin\u00eb dhe but\u00ebsin\u00eb e l\u00ebkur\u00ebs suaj me k\u00ebt\u00eb xhel q\u00eb ofron nj\u00eb arom\u00eb t\u00eb parezistueshme vaniljeje dhe karamele.\nFormula efektive e xhelit, me f\u00ebrkim t\u00eb but\u00eb, rikthen shk\u00eblqimin natyral t\u00eb l\u00ebkur\u00ebs, siguron hidratim intensiv dhe kujdes t\u00eb thell\u00eb.\nAroma magjeps\u00ebse e vanilje-karamel\u00ebs do ta kthej\u00eb dushin tuaj n\u00eb nj\u00eb p\u00ebrvoj\u00eb unike dhe relaksuese.<\/p>\n<ul>\n<li>Siguron hidratim t\u00eb thell\u00eb, duke rikthyer freskin\u00eb dhe but\u00ebsin\u00eb e l\u00ebkur\u00ebs.<\/li>\n<li>Rinovon shk\u00eblqimin natyral t\u00eb l\u00ebkur\u00ebs dhe e b\u00ebn at\u00eb t\u00eb but\u00eb si m\u00ebndafsh.<\/li>\n<li>Ofron freski afatgjat\u00eb me nj\u00eb arom\u00eb t\u00eb but\u00eb vanilje-karamel\u00eb q\u00eb relakson dhe rifreskon.<\/li>\n<li>I p\u00ebrshtatsh\u00ebm p\u00ebr t\u00eb gjitha llojet e l\u00ebkur\u00ebs, ve\u00e7an\u00ebrisht p\u00ebr l\u00ebkur\u00eb t\u00eb that\u00eb dhe t\u00eb ashp\u00ebr.<\/li>\n<\/ul>\n<h3><strong>P\u00ebrb\u00ebrje: <\/strong><\/h3>\n<p>Aqua, Sodium Laureth Sulfate, Sodium Chloride, Cocamide DEA, Cocamidopropyl Betaine, Glycerin, Parfum, Sodium Benzoate, Panthenol, Glycol Distearate, Cocamide MIPA, Laureth-10, Tetrasodium EDTA, Sodium Hydroxide, Citric acid, Magnesium nitrate, Methylchloroisothiazolinone, Magnesium chloride, Methylisothiazolinone, Sodium Sulfate, Coumarin, CI 16255, CI 19140, CI 28440<\/p>","protected":false},"excerpt":{"rendered":"<p>Xheli i dushit Ozone Gold me arom\u00eb vanilje-karamel\u00eb \u00ebsht\u00eb zgjidhja ideale p\u00ebr l\u00ebkur\u00eb t\u00eb that\u00eb, t\u00eb dehidratuar dhe t\u00eb ashp\u00ebr. Formula e but\u00eb siguron hidratim intensiv dhe i rikthen shk\u00eblqimin natyral l\u00ebkur\u00ebs.<\/p>","protected":false},"featured_media":26125,"comment_status":"open","ping_status":"closed","template":"","meta":[],"product_brand":[],"product_cat":[18,24],"product_tag":[124],"class_list":{"0":"post-26124","1":"product","2":"type-product","3":"status-publish","4":"has-post-thumbnail","6":"product_cat-kozmetika","7":"product_cat-programa-za-nega-na-lice-i-telo","8":"product_tag-gel-za-tusiranje","10":"first","11":"instock","12":"taxable","13":"shipping-taxable","14":"purchasable","15":"product-type-simple"},"yoast_head":"<!-- This site is optimized with the Yoast SEO Premium plugin v26.2 (Yoast SEO v27.2) - https:\/\/yoast.com\/product\/yoast-seo-premium-wordpress\/ -->\n<title>OZONE GOLD \u0413\u0415\u041b \u0417\u0410 \u0422\u0423\u0428\u0418\u0420\u0410\u040a\u0415 \u0412\u0410\u041d\u0418\u041b\u0410-\u041a\u0410\u0420\u0410\u041c\u0415\u041b\u0410<\/title>\n<meta name=\"description\" content=\"OZONE GOLD \u0433\u0435\u043b \u0437\u0430 \u0442\u0443\u0448\u0438\u0440\u0430\u045a\u0435 \u0441\u043e \u0432\u0430\u043d\u0438\u043b\u0430-\u043a\u0430\u0440\u0430\u043c\u0435\u043b\u0430 \u0445\u0438\u0434\u0440\u0438\u0440\u0430, \u043d\u0435\u0433\u0443\u0432\u0430 \u0438 \u0458\u0430 \u0432\u0440\u0430\u045c\u0430 \u043c\u0435\u043a\u043e\u0441\u0442\u0430 \u043d\u0430 \u043a\u043e\u0436\u0430\u0442\u0430. \u0423\u0436\u0438\u0432\u0430\u0458\u0442\u0435 \u0432\u043e \u0434\u043e\u043b\u0433\u043e\u0442\u0440\u0430\u0458\u043d\u0438\u043e\u0442 \u043e\u0441\u0432\u0435\u0436\u0443\u0432\u0430\u0447\u043a\u0438 \u043c\u0438\u0440\u0438\u0441!\" \/>\n<meta name=\"robots\" content=\"index, follow, max-snippet:-1, max-image-preview:large, max-video-preview:-1\" \/>\n<link rel=\"canonical\" href=\"https:\/\/ozone-gold.mk\/sq\/produkt\/ozone-gold-gel-za-tushiranje-vanila-karamela\/\" \/>\n<meta property=\"og:locale\" content=\"sq_AL\" \/>\n<meta property=\"og:type\" content=\"article\" \/>\n<meta property=\"og:title\" content=\"OZONE GOLD - \u0413\u0415\u041b \u0417\u0410 \u0422\u0423\u0428\u0418\u0420\u0410\u040a\u0415 \u0412\u0410\u041d\u0418\u041b\u0410-\u041a\u0410\u0420\u0410\u041c\u0415\u041b\u0410\" \/>\n<meta property=\"og:description\" content=\"OZONE GOLD \u0433\u0435\u043b \u0437\u0430 \u0442\u0443\u0448\u0438\u0440\u0430\u045a\u0435 \u0441\u043e \u0432\u0430\u043d\u0438\u043b\u0430-\u043a\u0430\u0440\u0430\u043c\u0435\u043b\u0430 \u0445\u0438\u0434\u0440\u0438\u0440\u0430, \u043d\u0435\u0433\u0443\u0432\u0430 \u0438 \u0458\u0430 \u0432\u0440\u0430\u045c\u0430 \u043c\u0435\u043a\u043e\u0441\u0442\u0430 \u043d\u0430 \u043a\u043e\u0436\u0430\u0442\u0430. \u0423\u0436\u0438\u0432\u0430\u0458\u0442\u0435 \u0432\u043e \u0434\u043e\u043b\u0433\u043e\u0442\u0440\u0430\u0458\u043d\u0438\u043e\u0442 \u043e\u0441\u0432\u0435\u0436\u0443\u0432\u0430\u0447\u043a\u0438 \u043c\u0438\u0440\u0438\u0441!\" \/>\n<meta property=\"og:url\" content=\"https:\/\/ozone-gold.mk\/sq\/produkt\/ozone-gold-gel-za-tushiranje-vanila-karamela\/\" \/>\n<meta property=\"og:site_name\" content=\"OZONE GOLD\" \/>\n<meta property=\"article:modified_time\" content=\"2026-02-16T10:14:35+00:00\" \/>\n<meta property=\"og:image\" content=\"https:\/\/ozone-gold.mk\/wp-content\/uploads\/2024\/11\/SG1-1.jpg\" \/>\n\t<meta property=\"og:image:width\" content=\"2000\" \/>\n\t<meta property=\"og:image:height\" content=\"2000\" \/>\n\t<meta property=\"og:image:type\" content=\"image\/jpeg\" \/>\n<meta name=\"twitter:card\" content=\"summary_large_image\" \/>\n<meta name=\"twitter:label1\" content=\"Price\" \/>\n\t<meta name=\"twitter:data1\" content=\"240&nbsp;&#x434;&#x435;&#x43d; \u0426\u0435\u043d\u0430 \u0441\u043e \u0414\u0414\u0412\" \/>\n\t<meta name=\"twitter:label2\" content=\"Availability\" \/>\n\t<meta name=\"twitter:data2\" content=\"In stock\" \/>\n<script type=\"application\/ld+json\" class=\"yoast-schema-graph\">{\"@context\":\"https:\/\/schema.org\",\"@graph\":[{\"@type\":\"WebPage\",\"@id\":\"https:\/\/ozone-gold.mk\/produkt\/ozone-gold-gel-za-tushiranje-vanila-karamela\/\",\"url\":\"https:\/\/ozone-gold.mk\/produkt\/ozone-gold-gel-za-tushiranje-vanila-karamela\/\",\"name\":\"OZONE GOLD \u0413\u0415\u041b \u0417\u0410 \u0422\u0423\u0428\u0418\u0420\u0410\u040a\u0415 \u0412\u0410\u041d\u0418\u041b\u0410-\u041a\u0410\u0420\u0410\u041c\u0415\u041b\u0410\",\"isPartOf\":{\"@id\":\"https:\/\/ozone-gold.mk\/sq\/#website\"},\"primaryImageOfPage\":{\"@id\":\"https:\/\/ozone-gold.mk\/produkt\/ozone-gold-gel-za-tushiranje-vanila-karamela\/#primaryimage\"},\"image\":{\"@id\":\"https:\/\/ozone-gold.mk\/produkt\/ozone-gold-gel-za-tushiranje-vanila-karamela\/#primaryimage\"},\"thumbnailUrl\":\"https:\/\/ozone-gold.mk\/wp-content\/uploads\/2024\/11\/SG1-1.jpg\",\"datePublished\":\"2024-11-01T13:47:22+00:00\",\"dateModified\":\"2026-02-16T10:14:35+00:00\",\"description\":\"OZONE GOLD \u0433\u0435\u043b \u0437\u0430 \u0442\u0443\u0448\u0438\u0440\u0430\u045a\u0435 \u0441\u043e \u0432\u0430\u043d\u0438\u043b\u0430-\u043a\u0430\u0440\u0430\u043c\u0435\u043b\u0430 \u0445\u0438\u0434\u0440\u0438\u0440\u0430, \u043d\u0435\u0433\u0443\u0432\u0430 \u0438 \u0458\u0430 \u0432\u0440\u0430\u045c\u0430 \u043c\u0435\u043a\u043e\u0441\u0442\u0430 \u043d\u0430 \u043a\u043e\u0436\u0430\u0442\u0430. \u0423\u0436\u0438\u0432\u0430\u0458\u0442\u0435 \u0432\u043e \u0434\u043e\u043b\u0433\u043e\u0442\u0440\u0430\u0458\u043d\u0438\u043e\u0442 \u043e\u0441\u0432\u0435\u0436\u0443\u0432\u0430\u0447\u043a\u0438 \u043c\u0438\u0440\u0438\u0441!\",\"breadcrumb\":{\"@id\":\"https:\/\/ozone-gold.mk\/produkt\/ozone-gold-gel-za-tushiranje-vanila-karamela\/#breadcrumb\"},\"inLanguage\":\"sq\",\"potentialAction\":[{\"@type\":\"ReadAction\",\"target\":[\"https:\/\/ozone-gold.mk\/produkt\/ozone-gold-gel-za-tushiranje-vanila-karamela\/\"]}]},{\"@type\":\"ImageObject\",\"inLanguage\":\"sq\",\"@id\":\"https:\/\/ozone-gold.mk\/produkt\/ozone-gold-gel-za-tushiranje-vanila-karamela\/#primaryimage\",\"url\":\"https:\/\/ozone-gold.mk\/wp-content\/uploads\/2024\/11\/SG1-1.jpg\",\"contentUrl\":\"https:\/\/ozone-gold.mk\/wp-content\/uploads\/2024\/11\/SG1-1.jpg\",\"width\":2000,\"height\":2000},{\"@type\":\"BreadcrumbList\",\"@id\":\"https:\/\/ozone-gold.mk\/produkt\/ozone-gold-gel-za-tushiranje-vanila-karamela\/#breadcrumb\",\"itemListElement\":[{\"@type\":\"ListItem\",\"position\":1,\"name\":\"Home\",\"item\":\"https:\/\/ozone-gold.mk\/\"},{\"@type\":\"ListItem\",\"position\":2,\"name\":\"\u041f\u0440\u043e\u0434\u0430\u0432\u043d\u0438\u0446\u0430\",\"item\":\"https:\/\/ozone-gold.mk\/shop\/\"},{\"@type\":\"ListItem\",\"position\":3,\"name\":\"OZONE GOLD &#8211; \u0413\u0415\u041b \u0417\u0410 \u0422\u0423\u0428\u0418\u0420\u0410\u040a\u0415 \u0412\u0410\u041d\u0418\u041b\u0410-\u041a\u0410\u0420\u0410\u041c\u0415\u041b\u0410\"}]},{\"@type\":\"WebSite\",\"@id\":\"https:\/\/ozone-gold.mk\/sq\/#website\",\"url\":\"https:\/\/ozone-gold.mk\/sq\/\",\"name\":\"OZONE GOLD\",\"description\":\"\",\"potentialAction\":[{\"@type\":\"SearchAction\",\"target\":{\"@type\":\"EntryPoint\",\"urlTemplate\":\"https:\/\/ozone-gold.mk\/sq\/?s={search_term_string}\"},\"query-input\":{\"@type\":\"PropertyValueSpecification\",\"valueRequired\":true,\"valueName\":\"search_term_string\"}}],\"inLanguage\":\"sq\"}]}<\/script>\n<meta property=\"product:price:amount\" content=\"240\" \/>\n<meta property=\"product:price:currency\" content=\"MKD\" \/>\n<meta property=\"og:availability\" content=\"instock\" \/>\n<meta property=\"product:availability\" content=\"instock\" \/>\n<meta property=\"product:retailer_item_id\" content=\"8680885440911-1-1\" \/>\n<meta property=\"product:condition\" content=\"new\" \/>\n<!-- \/ Yoast SEO Premium plugin. -->","yoast_head_json":{"title":"OZONE GOLD \u0413\u0415\u041b \u0417\u0410 \u0422\u0423\u0428\u0418\u0420\u0410\u040a\u0415 \u0412\u0410\u041d\u0418\u041b\u0410-\u041a\u0410\u0420\u0410\u041c\u0415\u041b\u0410","description":"OZONE GOLD \u0433\u0435\u043b \u0437\u0430 \u0442\u0443\u0448\u0438\u0440\u0430\u045a\u0435 \u0441\u043e \u0432\u0430\u043d\u0438\u043b\u0430-\u043a\u0430\u0440\u0430\u043c\u0435\u043b\u0430 \u0445\u0438\u0434\u0440\u0438\u0440\u0430, \u043d\u0435\u0433\u0443\u0432\u0430 \u0438 \u0458\u0430 \u0432\u0440\u0430\u045c\u0430 \u043c\u0435\u043a\u043e\u0441\u0442\u0430 \u043d\u0430 \u043a\u043e\u0436\u0430\u0442\u0430. \u0423\u0436\u0438\u0432\u0430\u0458\u0442\u0435 \u0432\u043e \u0434\u043e\u043b\u0433\u043e\u0442\u0440\u0430\u0458\u043d\u0438\u043e\u0442 \u043e\u0441\u0432\u0435\u0436\u0443\u0432\u0430\u0447\u043a\u0438 \u043c\u0438\u0440\u0438\u0441!","robots":{"index":"index","follow":"follow","max-snippet":"max-snippet:-1","max-image-preview":"max-image-preview:large","max-video-preview":"max-video-preview:-1"},"canonical":"https:\/\/ozone-gold.mk\/sq\/produkt\/ozone-gold-gel-za-tushiranje-vanila-karamela\/","og_locale":"sq_AL","og_type":"article","og_title":"OZONE GOLD - \u0413\u0415\u041b \u0417\u0410 \u0422\u0423\u0428\u0418\u0420\u0410\u040a\u0415 \u0412\u0410\u041d\u0418\u041b\u0410-\u041a\u0410\u0420\u0410\u041c\u0415\u041b\u0410","og_description":"OZONE GOLD \u0433\u0435\u043b \u0437\u0430 \u0442\u0443\u0448\u0438\u0440\u0430\u045a\u0435 \u0441\u043e \u0432\u0430\u043d\u0438\u043b\u0430-\u043a\u0430\u0440\u0430\u043c\u0435\u043b\u0430 \u0445\u0438\u0434\u0440\u0438\u0440\u0430, \u043d\u0435\u0433\u0443\u0432\u0430 \u0438 \u0458\u0430 \u0432\u0440\u0430\u045c\u0430 \u043c\u0435\u043a\u043e\u0441\u0442\u0430 \u043d\u0430 \u043a\u043e\u0436\u0430\u0442\u0430. \u0423\u0436\u0438\u0432\u0430\u0458\u0442\u0435 \u0432\u043e \u0434\u043e\u043b\u0433\u043e\u0442\u0440\u0430\u0458\u043d\u0438\u043e\u0442 \u043e\u0441\u0432\u0435\u0436\u0443\u0432\u0430\u0447\u043a\u0438 \u043c\u0438\u0440\u0438\u0441!","og_url":"https:\/\/ozone-gold.mk\/sq\/produkt\/ozone-gold-gel-za-tushiranje-vanila-karamela\/","og_site_name":"OZONE GOLD","article_modified_time":"2026-02-16T10:14:35+00:00","og_image":[{"width":2000,"height":2000,"url":"https:\/\/ozone-gold.mk\/wp-content\/uploads\/2024\/11\/SG1-1.jpg","type":"image\/jpeg"}],"twitter_card":"summary_large_image","twitter_misc":{"Price":"240&nbsp;&#x434;&#x435;&#x43d; \u0426\u0435\u043d\u0430 \u0441\u043e \u0414\u0414\u0412","Availability":"In stock"},"schema":{"@context":"https:\/\/schema.org","@graph":[{"@type":"WebPage","@id":"https:\/\/ozone-gold.mk\/produkt\/ozone-gold-gel-za-tushiranje-vanila-karamela\/","url":"https:\/\/ozone-gold.mk\/produkt\/ozone-gold-gel-za-tushiranje-vanila-karamela\/","name":"OZONE GOLD \u0413\u0415\u041b \u0417\u0410 \u0422\u0423\u0428\u0418\u0420\u0410\u040a\u0415 \u0412\u0410\u041d\u0418\u041b\u0410-\u041a\u0410\u0420\u0410\u041c\u0415\u041b\u0410","isPartOf":{"@id":"https:\/\/ozone-gold.mk\/sq\/#website"},"primaryImageOfPage":{"@id":"https:\/\/ozone-gold.mk\/produkt\/ozone-gold-gel-za-tushiranje-vanila-karamela\/#primaryimage"},"image":{"@id":"https:\/\/ozone-gold.mk\/produkt\/ozone-gold-gel-za-tushiranje-vanila-karamela\/#primaryimage"},"thumbnailUrl":"https:\/\/ozone-gold.mk\/wp-content\/uploads\/2024\/11\/SG1-1.jpg","datePublished":"2024-11-01T13:47:22+00:00","dateModified":"2026-02-16T10:14:35+00:00","description":"OZONE GOLD \u0433\u0435\u043b \u0437\u0430 \u0442\u0443\u0448\u0438\u0440\u0430\u045a\u0435 \u0441\u043e \u0432\u0430\u043d\u0438\u043b\u0430-\u043a\u0430\u0440\u0430\u043c\u0435\u043b\u0430 \u0445\u0438\u0434\u0440\u0438\u0440\u0430, \u043d\u0435\u0433\u0443\u0432\u0430 \u0438 \u0458\u0430 \u0432\u0440\u0430\u045c\u0430 \u043c\u0435\u043a\u043e\u0441\u0442\u0430 \u043d\u0430 \u043a\u043e\u0436\u0430\u0442\u0430. \u0423\u0436\u0438\u0432\u0430\u0458\u0442\u0435 \u0432\u043e \u0434\u043e\u043b\u0433\u043e\u0442\u0440\u0430\u0458\u043d\u0438\u043e\u0442 \u043e\u0441\u0432\u0435\u0436\u0443\u0432\u0430\u0447\u043a\u0438 \u043c\u0438\u0440\u0438\u0441!","breadcrumb":{"@id":"https:\/\/ozone-gold.mk\/produkt\/ozone-gold-gel-za-tushiranje-vanila-karamela\/#breadcrumb"},"inLanguage":"sq","potentialAction":[{"@type":"ReadAction","target":["https:\/\/ozone-gold.mk\/produkt\/ozone-gold-gel-za-tushiranje-vanila-karamela\/"]}]},{"@type":"ImageObject","inLanguage":"sq","@id":"https:\/\/ozone-gold.mk\/produkt\/ozone-gold-gel-za-tushiranje-vanila-karamela\/#primaryimage","url":"https:\/\/ozone-gold.mk\/wp-content\/uploads\/2024\/11\/SG1-1.jpg","contentUrl":"https:\/\/ozone-gold.mk\/wp-content\/uploads\/2024\/11\/SG1-1.jpg","width":2000,"height":2000},{"@type":"BreadcrumbList","@id":"https:\/\/ozone-gold.mk\/produkt\/ozone-gold-gel-za-tushiranje-vanila-karamela\/#breadcrumb","itemListElement":[{"@type":"ListItem","position":1,"name":"Home","item":"https:\/\/ozone-gold.mk\/"},{"@type":"ListItem","position":2,"name":"\u041f\u0440\u043e\u0434\u0430\u0432\u043d\u0438\u0446\u0430","item":"https:\/\/ozone-gold.mk\/shop\/"},{"@type":"ListItem","position":3,"name":"OZONE GOLD &#8211; \u0413\u0415\u041b \u0417\u0410 \u0422\u0423\u0428\u0418\u0420\u0410\u040a\u0415 \u0412\u0410\u041d\u0418\u041b\u0410-\u041a\u0410\u0420\u0410\u041c\u0415\u041b\u0410"}]},{"@type":"WebSite","@id":"https:\/\/ozone-gold.mk\/sq\/#website","url":"https:\/\/ozone-gold.mk\/sq\/","name":"OZONE GOLD","description":"","potentialAction":[{"@type":"SearchAction","target":{"@type":"EntryPoint","urlTemplate":"https:\/\/ozone-gold.mk\/sq\/?s={search_term_string}"},"query-input":{"@type":"PropertyValueSpecification","valueRequired":true,"valueName":"search_term_string"}}],"inLanguage":"sq"}]},"product_price_amount":"240","product_price_currency":"MKD","og_availability":"instock","product_availability":"instock","product_retailer_item_id":"8680885440911-1-1","product_condition":"new"},"_links":{"self":[{"href":"https:\/\/ozone-gold.mk\/sq\/wp-json\/wp\/v2\/product\/26124","targetHints":{"allow":["GET"]}}],"collection":[{"href":"https:\/\/ozone-gold.mk\/sq\/wp-json\/wp\/v2\/product"}],"about":[{"href":"https:\/\/ozone-gold.mk\/sq\/wp-json\/wp\/v2\/types\/product"}],"replies":[{"embeddable":true,"href":"https:\/\/ozone-gold.mk\/sq\/wp-json\/wp\/v2\/comments?post=26124"}],"wp:featuredmedia":[{"embeddable":true,"href":"https:\/\/ozone-gold.mk\/sq\/wp-json\/wp\/v2\/media\/26125"}],"wp:attachment":[{"href":"https:\/\/ozone-gold.mk\/sq\/wp-json\/wp\/v2\/media?parent=26124"}],"wp:term":[{"taxonomy":"product_brand","embeddable":true,"href":"https:\/\/ozone-gold.mk\/sq\/wp-json\/wp\/v2\/product_brand?post=26124"},{"taxonomy":"product_cat","embeddable":true,"href":"https:\/\/ozone-gold.mk\/sq\/wp-json\/wp\/v2\/product_cat?post=26124"},{"taxonomy":"product_tag","embeddable":true,"href":"https:\/\/ozone-gold.mk\/sq\/wp-json\/wp\/v2\/product_tag?post=26124"}],"curies":[{"name":"wp","href":"https:\/\/api.w.org\/{rel}","templated":true}]}}