{"id":26227,"date":"2024-11-20T07:38:35","date_gmt":"2024-11-20T06:38:35","guid":{"rendered":"https:\/\/ozone-gold.mk\/?post_type=product&#038;p=26227"},"modified":"2026-04-08T13:50:23","modified_gmt":"2026-04-08T11:50:23","slug":"ozone-gold-ozone-factor-ozonirano-maslinovo-maslo-vo-kapsula-1plus1","status":"publish","type":"product","link":"https:\/\/ozone-gold.mk\/sq\/produkt\/ozone-gold-ozone-factor-ozonirano-maslinovo-maslo-vo-kapsula-1plus1\/","title":{"rendered":"OZONE GOLD \u2013 \u041e\u0417\u041e\u041d\u0418\u0420\u0410\u041d\u041e \u041c\u0410\u0421\u041b\u0418\u041d\u041e\u0412\u041e \u041c\u0410\u0421\u041b\u041e \u0412\u041e \u041a\u0410\u041f\u0421\u0423\u041b\u0410 1+1 \u041f\u041e\u0414\u0410\u0420\u041e\u041a"},"content":{"rendered":"<h2>VAJ I ULLIRIT ME OZON N\u00cb KAPSUL\u00cb<\/h2>\n<h3><strong>Ndihmon n\u00eb:<\/strong><\/h3>\n<ol>\n<li>Shkat\u00ebrron bakteret, k\u00ebrpudhat dhe viruset n\u00eb trupin.<\/li>\n<li>P\u00ebrdoret p\u00ebr parandalimin e p\u00ebrditsh\u00ebm dhe p\u00ebrmir\u00ebsimin e gjendjes s\u00eb p\u00ebrgjithshme sh\u00ebndet\u00ebsore t\u00eb organizmit. Forcon sistemin imunitar dhe vitalitetin.<\/li>\n<li>P\u00ebrmir\u00ebson furnizimin me oksigjen t\u00eb indeve \/ organeve me 2 deri n\u00eb 10 her\u00eb.<\/li>\n<li>Aktivizon sistemet aktioksiduese n\u00eb trup dhe redukton intensitetin e peroksidimit t\u00eb lipideve.<\/li>\n<li>P\u00ebrshpejton qarkullimin e gjakut n\u00eb kapilaret p\u00ebrmes efektit t\u00eb zvog\u00eblimit t\u00eb gjakut.<\/li>\n<li>P\u00ebr qarkullim m\u00eb t\u00eb mir\u00eb dhe rrjedhje t\u00eb pand\u00ebrprer\u00eb t\u00eb gjakut.<\/li>\n<li>Parandalon yndyr\u00ebsin\u00eb e m\u00ebl\u00e7is\u00eb.<\/li>\n<li>Rrit sasin\u00eb e enzimave dhe substancave biologjike aktive q\u00eb zvog\u00eblohen me plakjen e trupit.<\/li>\n<li>Ka efekt analgjetik, leht\u00ebson dhimbjet n\u00eb trup (madje edhe dhimbjet kronike).<\/li>\n<li>Mund\u00ebson rrjedhjen e gjakut n\u00eb nivelin normal dhe mund\u00ebson rregullimin e qarkullimit t\u00eb gjakut duke zgjeruar ato t\u00eb p\u00ebrmendura.<\/li>\n<li>Stabilizon presionin e lart\u00eb t\u00eb gjakut brenda 2 deri n\u00eb 10 dit\u00eb pas p\u00ebrdorimit dhe mir\u00ebmban n\u00eb nivelin normal.<\/li>\n<li>Trajton \u00e7rregullimet e qarkullimit t\u00eb gjakut si vena me vari\u00e7e dhe leht\u00ebson dhimbjen.<\/li>\n<li>Zvog\u00eblon efektet negative nga pirja e duhanit.<\/li>\n<li>Forcon dhe rregullon sistemin imunitar.<\/li>\n<li>Rrit metabolizmin qelizor, duke lejuar q\u00eb depozitat e celulitit t\u00eb lirohen n\u00eb m\u00ebnyr\u00eb jasht\u00ebqelizore.<\/li>\n<li>Rrit alkalinitetin e organizmit dhe rregullon vler\u00ebn e pH t\u00eb qelizave n\u00eb nj\u00eb nivel alkalin t\u00eb sh\u00ebndetsh\u00ebm.<\/li>\n<li>Rrit metabolizmin qelizor, duke lejuar q\u00eb depozitat e celulitit t\u00eb lirohen n\u00eb m\u00ebnyr\u00eb jasht\u00ebqelizore.<\/li>\n<li>Parandalon paraqitjen e skleroz\u00ebs intime dhe zvog\u00eblon kolesterolin membranoz.<\/li>\n<li>Zvog\u00eblon sheqerin n\u00eb gjak.<\/li>\n<li>Parandalon formimin e grumbullimit t\u00eb trombociteve.<\/li>\n<li>Parandalon grumbullimin e elementeve t\u00eb formuar n\u00eb gjak.<\/li>\n<li>Rrit furnizimin me oksigjen t\u00eb qelizave t\u00eb trurit.<\/li>\n<li>Eliminon problemet si\u00e7 jan\u00eb: humbja e baraspesh\u00ebs, kok\u00ebdhimbje e madhe, shqet\u00ebsime vizuale dhe probleme me humbjen e t\u00eb folurit dhe kujtes\u00ebs, t\u00eb cilat jan\u00eb shkaktuar nga bllokimi i en\u00ebve t\u00eb gjakut cerebrale.<\/li>\n<li>Rrit sekretimin e hormonit t\u00eb lumturis\u00eb (endorfin\u00ebs) dhe hormonit t\u00eb rinis\u00eb (melatonin\u00ebs) n\u00eb tru.<\/li>\n<li>Me rritjen e sasis\u00eb s\u00eb oksigjenit q\u00eb sekretohet nga qelizat e trurit, neuronet fillojn\u00eb t\u00eb prodhojn\u00eb m\u00eb shum\u00eb energji, metabolizmi rritet dhe komunikimi mes tyre b\u00ebhet m\u00eb intensiv. P\u00ebr at\u00eb shkak ai \u00ebsht\u00eb efikas kund\u00ebr s\u00ebmundjeve t\u00eb tilla si s\u00ebmundja e Alzheimerit dhe s\u00ebmundja e Parkinsonit.<\/li>\n<li>P\u00ebr shkak se qelizat e trurit funksionojn\u00eb m\u00eb mir\u00eb me shum\u00eb oksigjen, gjithashtu p\u00ebrmir\u00ebson aktivitetet e trupit. P\u00ebr shembull, mekanizmat hormonale hyjn\u00eb n\u00eb veprim (te grat\u00eb me \u00e7rregullime menstruale hormonet balancohen, problemet menstruale eliminohen, cikli riprodhues rregullohet (dhe te burrat)).<\/li>\n<li>Tek grat\u00eb, pastron murin e mitr\u00ebs, l\u00ebviz vezoret dhe p\u00ebrmir\u00ebson funksionin e tyre dhe cil\u00ebsia e vez\u00ebve rritet. Eliminon \u00e7rregullimet menstruale dhe dhimbjet menstruale. Balancon hormonet.<\/li>\n<li>P\u00ebrmes p\u00ebrmir\u00ebsimit t\u00eb qarkullimit t\u00eb gjakut dhe oksigjenimit, p\u00ebrmir\u00ebson produktivitetin tek meshkujt, p\u00ebrkat\u00ebsisht rrit cil\u00ebsin\u00eb, l\u00ebvizshm\u00ebrin\u00eb dhe numrin e spermatozoideve.<\/li>\n<li>Ndihmon gjat\u00eb lodhjes, pagjum\u00ebsis\u00eb, munges\u00ebs s\u00eb energjis\u00eb, problemeve t\u00eb p\u00ebrqendrimit dhe lodhjes kronike.<\/li>\n<li>Rrit rezistenc\u00ebn e trupit.<\/li>\n<li>Rregullon problemin e gjumit.<\/li>\n<li>\u00cbsht\u00eb efikas n\u00eb urtikarin\u00eb kronike dhe alergjin\u00eb e p\u00ebrgjithshme.<\/li>\n<li>Ndihmon n\u00eb zhdukjen e infeksioneve t\u00eb Helicobacter pylori.<\/li>\n<li>Rregullon tretjen e ushqimit dhe eliminon problemin e kapsll\u00ebkut.<\/li>","protected":false},"excerpt":{"rendered":"<h3><strong>KAPSULA E PAR\u00cb E OZONATUAR P\u00cbR OZONTERAPI ORALE<\/strong><\/h3>\n<p>Vaji i ozonuar i ullirit n\u00eb kapsul\u00ebn e Ozon Gold \u00ebsht\u00eb mjaft i fuqish\u00ebm p\u00ebr t\u00eb forcuar sistemin imunitar dhe p\u00ebr t\u00eb p\u00ebrmir\u00ebsuar vitalitetin, sepse ozoni \u00ebsht\u00eb nj\u00eb antioksidant q\u00eb ndihmon trupin t\u00eb furnizoj\u00eb me oksigjen dhe t\u00eb eliminoj\u00eb shpejt k\u00ebrpudhat, bakteret dhe viruset dhe t\u00eb mbrohet nga s\u00ebmundjet. \u00cbsht\u00eb i shk\u00eblqyer p\u00ebr rregullimin e tretjes, ndihmon n\u00eb rregullimin e Helicobacter Pylori si dhe rregullimin e alergjive kronike. Lista e p\u00ebrfitimeve \u00ebsht\u00eb e gjat\u00eb..., dhe m\u00eb e r\u00ebnd\u00ebsishmja \u00ebsht\u00eb se p\u00ebrdorimi i rregullt i k\u00ebtyre kapsulave do t\u00eb p\u00ebrmir\u00ebsoj\u00eb pun\u00ebn e t\u00eb gjitha qelizave dhe organeve t\u00eb trupit. Do t\u00eb keni m\u00eb shum\u00eb energji dhe do t\u00eb p\u00ebrmir\u00ebsoni sh\u00ebndetin e t\u00eb gjith\u00eb organizmit.<\/p>","protected":false},"featured_media":27783,"comment_status":"open","ping_status":"closed","template":"","meta":[],"product_brand":[],"product_cat":[25,30],"product_tag":[],"class_list":{"0":"post-26227","1":"product","2":"type-product","3":"status-publish","4":"has-post-thumbnail","6":"product_cat-ozone-factor","7":"product_cat-promotivni-proizvodi","9":"first","10":"instock","11":"sale","12":"taxable","13":"shipping-taxable","14":"purchasable","15":"product-type-simple"},"yoast_head":"<!-- This site is optimized with the Yoast SEO Premium plugin v26.2 (Yoast SEO v27.2) - https:\/\/yoast.com\/product\/yoast-seo-premium-wordpress\/ -->\n<title>OZONE GOLD \u2013 \u041e\u0417\u041e\u041d\u0418\u0420\u0410\u041d\u041e \u041c\u0410\u0421\u041b\u0418\u041d\u041e\u0412\u041e \u041c\u0410\u0421\u041b\u041e \u0412\u041e \u041a\u0410\u041f\u0421\u0423\u041b\u0410 1+1 \u041f\u041e\u0414\u0410\u0420\u041e\u041a - OZONE GOLD<\/title>\n<meta name=\"robots\" content=\"index, follow, max-snippet:-1, max-image-preview:large, max-video-preview:-1\" \/>\n<link rel=\"canonical\" href=\"https:\/\/ozone-gold.mk\/sq\/produkt\/ozone-gold-ozone-factor-ozonirano-maslinovo-maslo-vo-kapsula-1plus1\/\" \/>\n<meta property=\"og:locale\" content=\"sq_AL\" \/>\n<meta property=\"og:type\" content=\"article\" \/>\n<meta property=\"og:title\" content=\"OZONE GOLD \u2013 \u041e\u0417\u041e\u041d\u0418\u0420\u0410\u041d\u041e \u041c\u0410\u0421\u041b\u0418\u041d\u041e\u0412\u041e \u041c\u0410\u0421\u041b\u041e \u0412\u041e \u041a\u0410\u041f\u0421\u0423\u041b\u0410 1+1 \u041f\u041e\u0414\u0410\u0420\u041e\u041a\" \/>\n<meta property=\"og:description\" content=\"\u041f\u0420\u0412\u0410\u0422\u0410 \u041e\u0417\u041e\u041d\u0418\u0420\u0410\u041d\u0410 \u041a\u0410\u041f\u0421\u0423\u041b\u0410 \u0417\u0410 \u041e\u0420\u0410\u041b\u041d\u0410 \u041e\u0417\u041e\u041d\u041e\u0422\u0415\u0420\u0410\u041f\u0418\u0408\u0410 \u041e\u0437\u043e\u043d\u0438\u0440\u0430\u043d\u043e\u0442\u043e \u043c\u0430\u0441\u043b\u0438\u043d\u043e\u0432\u043e \u043c\u0430\u0441\u043b\u043e \u0432\u043e \u043a\u0430\u043f\u0441\u0443\u043b\u0430 Ozone Gold \u0435 \u0434\u043e\u0432\u043e\u043b\u043d\u043e \u043c\u043e\u045c\u043d\u043e \u0437\u0430 \u0437\u0430\u0458\u0430\u043a\u043d\u0443\u0432\u0430\u045a\u0435 \u043d\u0430 \u0438\u043c\u0443\u043d\u043e\u043b\u043e\u0448\u043a\u0438\u043e\u0442 \u0441\u0438\u0441\u0442\u0435\u043c \u0438 \u043f\u043e\u0434\u043e\u0431\u0440\u0443\u0432\u0430\u045a\u0435 \u043d\u0430 \u0432\u0438\u0442\u0430\u043b\u043d\u043e\u0441\u0442\u0430, \u0431\u0438\u0434\u0435\u0458\u045c\u0438 \u043e\u0437\u043e\u043d\u043e\u0442 \u0435 \u0430\u043d\u0442\u0438\u043e\u043a\u0441\u0438\u0434\u0430\u043d\u0442 \u0448\u0442\u043e \u043c\u0443 \u043f\u043e\u043c\u0430\u0433\u0430 \u043d\u0430 \u0442\u0435\u043b\u043e\u0442\u043e \u0434\u0430 \u0441\u0435 \u0441\u043d\u0430\u0431\u0434\u0443\u0432\u0430 \u0441\u043e \u043a\u0438\u0441\u043b\u043e\u0440\u043e\u0434 \u0438 \u0431\u0440\u0437\u043e \u0434\u0430 \u0433\u0438 \u0435\u043b\u0438\u043c\u0438\u043d\u0438\u0440\u0430 \u0433\u0430\u0431\u0438\u0442\u0435, \u0431\u0430\u043a\u0442\u0435\u0440\u0438\u0438\u0442\u0435 \u0438 \u0432\u0438\u0440\u0443\u0441\u0438\u0442\u0435 \u0438 \u0434\u0430 \u0441\u0435 \u043e\u0434\u0431\u0440\u0430\u043d\u0438 \u043e\u0434 \u0431\u043e\u043b\u0435\u0441\u0442\u0438. \u041e\u0434\u043b\u0438\u0447\u0435\u043d \u0435 \u0437\u0430 \u0440\u0435\u0433\u0443\u043b\u0438\u0440\u0430\u045a\u0435 \u043d\u0430 \u0432\u0430\u0440\u0435\u045a\u0435\u0442\u043e, \u043f\u043e\u043c\u0430\u0433\u0430 \u0437\u0430 \u0440\u0435\u0433\u0443\u043b\u0438\u0440\u0430\u045a\u0435 \u043d\u0430 Helicobacter Pylori \u043a\u0430\u043a\u043e \u0438 \u0437\u0430 \u0440\u0435\u0433\u0443\u043b\u0438\u0440\u0430\u045a\u0435 \u043d\u0430 \u0445\u0440\u043e\u043d\u0438\u0447\u043d\u0438 \u0430\u043b\u0435\u0440\u0433\u0438\u0438. \u041b\u0438\u0441\u0442\u0430\u0442\u0430 \u043d\u0430 \u043f\u0440\u0438\u0434\u043e\u0431\u0438\u0432\u043a\u0438\u0442\u0435 \u0435 \u0434\u043e\u043b\u0433\u0430\u2026, a \u043d\u0430\u0458\u0432\u0430\u0436\u043d\u043e \u0435 \u0448\u0442\u043e \u0440\u0435\u0434\u043e\u0432\u043d\u043e\u0442\u043e \u043a\u043e\u0440\u0438\u0441\u0442\u0435\u045a\u0435 \u043d\u0430 \u043e\u0432\u0438\u0435 \u043a\u0430\u043f\u0441\u0443\u043b\u0438 \u045c\u0435 \u0458\u0430 \u043f\u043e\u0434\u043e\u0431\u0440\u0438 \u0440\u0430\u0431\u043e\u0442\u0430\u0442\u0430 \u043d\u0430 \u0441\u0438\u0442\u0435 \u043a\u043b\u0435\u0442\u043a\u0438 \u0438 \u043e\u0440\u0433\u0430\u043d\u0438 \u0432\u043e \u0442\u0435\u043b\u043e\u0442\u043e. \u040c\u0435 \u0438\u043c\u0430\u0442\u0435 \u043f\u043e\u0432\u0435\u045c\u0435 \u0435\u043d\u0435\u0440\u0433\u0438\u0458\u0430 \u0438 \u045c\u0435 \u0433\u043e \u043f\u043e\u0434\u043e\u0431\u0440\u0438\u0442\u0435 \u0437\u0434\u0440\u0430\u0432\u0458\u0435\u0442\u043e \u043d\u0430 \u0446\u0435\u043b\u0438\u043e\u0442 \u043e\u0440\u0433\u0430\u043d\u0438\u0437\u0430\u043c.\" \/>\n<meta property=\"og:url\" content=\"https:\/\/ozone-gold.mk\/sq\/produkt\/ozone-gold-ozone-factor-ozonirano-maslinovo-maslo-vo-kapsula-1plus1\/\" \/>\n<meta property=\"og:site_name\" content=\"OZONE GOLD\" \/>\n<meta property=\"article:modified_time\" content=\"2026-04-08T11:50:23+00:00\" \/>\n<meta property=\"og:image\" content=\"https:\/\/www.ozone-gold.com\/wp-content\/uploads\/2018\/12\/Screenshot_1-2.jpg\" \/>\n<meta name=\"twitter:card\" content=\"summary_large_image\" \/>\n<meta name=\"twitter:label1\" content=\"Price\" \/>\n\t<meta name=\"twitter:data1\" content=\"1.550&nbsp;&#x434;&#x435;&#x43d; \u0426\u0435\u043d\u0430 \u0441\u043e \u0414\u0414\u0412\" \/>\n\t<meta name=\"twitter:label2\" content=\"Availability\" \/>\n\t<meta name=\"twitter:data2\" content=\"In stock\" \/>\n<script type=\"application\/ld+json\" class=\"yoast-schema-graph\">{\"@context\":\"https:\/\/schema.org\",\"@graph\":[{\"@type\":\"WebPage\",\"@id\":\"https:\/\/ozone-gold.mk\/produkt\/ozone-gold-ozone-factor-ozonirano-maslinovo-maslo-vo-kapsula-1plus1\/\",\"url\":\"https:\/\/ozone-gold.mk\/produkt\/ozone-gold-ozone-factor-ozonirano-maslinovo-maslo-vo-kapsula-1plus1\/\",\"name\":\"OZONE GOLD \u2013 \u041e\u0417\u041e\u041d\u0418\u0420\u0410\u041d\u041e \u041c\u0410\u0421\u041b\u0418\u041d\u041e\u0412\u041e \u041c\u0410\u0421\u041b\u041e \u0412\u041e \u041a\u0410\u041f\u0421\u0423\u041b\u0410 1+1 \u041f\u041e\u0414\u0410\u0420\u041e\u041a - OZONE GOLD\",\"isPartOf\":{\"@id\":\"https:\/\/ozone-gold.mk\/sq\/#website\"},\"primaryImageOfPage\":{\"@id\":\"https:\/\/ozone-gold.mk\/produkt\/ozone-gold-ozone-factor-ozonirano-maslinovo-maslo-vo-kapsula-1plus1\/#primaryimage\"},\"image\":{\"@id\":\"https:\/\/ozone-gold.mk\/produkt\/ozone-gold-ozone-factor-ozonirano-maslinovo-maslo-vo-kapsula-1plus1\/#primaryimage\"},\"thumbnailUrl\":\"https:\/\/ozone-gold.mk\/wp-content\/uploads\/2026\/04\/paket-2-post.jpg\",\"datePublished\":\"2024-11-20T06:38:35+00:00\",\"dateModified\":\"2026-04-08T11:50:23+00:00\",\"breadcrumb\":{\"@id\":\"https:\/\/ozone-gold.mk\/produkt\/ozone-gold-ozone-factor-ozonirano-maslinovo-maslo-vo-kapsula-1plus1\/#breadcrumb\"},\"inLanguage\":\"sq\",\"potentialAction\":[{\"@type\":\"ReadAction\",\"target\":[\"https:\/\/ozone-gold.mk\/produkt\/ozone-gold-ozone-factor-ozonirano-maslinovo-maslo-vo-kapsula-1plus1\/\"]}]},{\"@type\":\"ImageObject\",\"inLanguage\":\"sq\",\"@id\":\"https:\/\/ozone-gold.mk\/produkt\/ozone-gold-ozone-factor-ozonirano-maslinovo-maslo-vo-kapsula-1plus1\/#primaryimage\",\"url\":\"https:\/\/ozone-gold.mk\/wp-content\/uploads\/2026\/04\/paket-2-post.jpg\",\"contentUrl\":\"https:\/\/ozone-gold.mk\/wp-content\/uploads\/2026\/04\/paket-2-post.jpg\",\"width\":1920,\"height\":1920},{\"@type\":\"BreadcrumbList\",\"@id\":\"https:\/\/ozone-gold.mk\/produkt\/ozone-gold-ozone-factor-ozonirano-maslinovo-maslo-vo-kapsula-1plus1\/#breadcrumb\",\"itemListElement\":[{\"@type\":\"ListItem\",\"position\":1,\"name\":\"Home\",\"item\":\"https:\/\/ozone-gold.mk\/\"},{\"@type\":\"ListItem\",\"position\":2,\"name\":\"\u041f\u0440\u043e\u0434\u0430\u0432\u043d\u0438\u0446\u0430\",\"item\":\"https:\/\/ozone-gold.mk\/shop\/\"},{\"@type\":\"ListItem\",\"position\":3,\"name\":\"OZONE GOLD \u2013 \u041e\u0417\u041e\u041d\u0418\u0420\u0410\u041d\u041e \u041c\u0410\u0421\u041b\u0418\u041d\u041e\u0412\u041e \u041c\u0410\u0421\u041b\u041e \u0412\u041e \u041a\u0410\u041f\u0421\u0423\u041b\u0410 1+1 \u041f\u041e\u0414\u0410\u0420\u041e\u041a\"}]},{\"@type\":\"WebSite\",\"@id\":\"https:\/\/ozone-gold.mk\/sq\/#website\",\"url\":\"https:\/\/ozone-gold.mk\/sq\/\",\"name\":\"OZONE GOLD\",\"description\":\"\",\"potentialAction\":[{\"@type\":\"SearchAction\",\"target\":{\"@type\":\"EntryPoint\",\"urlTemplate\":\"https:\/\/ozone-gold.mk\/sq\/?s={search_term_string}\"},\"query-input\":{\"@type\":\"PropertyValueSpecification\",\"valueRequired\":true,\"valueName\":\"search_term_string\"}}],\"inLanguage\":\"sq\"}]}<\/script>\n<meta property=\"product:price:amount\" content=\"1550\" \/>\n<meta property=\"product:price:currency\" content=\"MKD\" \/>\n<meta property=\"og:availability\" content=\"instock\" \/>\n<meta property=\"product:availability\" content=\"instock\" \/>\n<meta property=\"product:retailer_item_id\" content=\"8680885440782-1\" \/>\n<meta property=\"product:condition\" content=\"new\" \/>\n<!-- \/ Yoast SEO Premium plugin. -->","yoast_head_json":{"title":"OZONE GOLD \u2013 \u041e\u0417\u041e\u041d\u0418\u0420\u0410\u041d\u041e \u041c\u0410\u0421\u041b\u0418\u041d\u041e\u0412\u041e \u041c\u0410\u0421\u041b\u041e \u0412\u041e \u041a\u0410\u041f\u0421\u0423\u041b\u0410 1+1 \u041f\u041e\u0414\u0410\u0420\u041e\u041a - OZONE GOLD","robots":{"index":"index","follow":"follow","max-snippet":"max-snippet:-1","max-image-preview":"max-image-preview:large","max-video-preview":"max-video-preview:-1"},"canonical":"https:\/\/ozone-gold.mk\/sq\/produkt\/ozone-gold-ozone-factor-ozonirano-maslinovo-maslo-vo-kapsula-1plus1\/","og_locale":"sq_AL","og_type":"article","og_title":"OZONE GOLD \u2013 \u041e\u0417\u041e\u041d\u0418\u0420\u0410\u041d\u041e \u041c\u0410\u0421\u041b\u0418\u041d\u041e\u0412\u041e \u041c\u0410\u0421\u041b\u041e \u0412\u041e \u041a\u0410\u041f\u0421\u0423\u041b\u0410 1+1 \u041f\u041e\u0414\u0410\u0420\u041e\u041a","og_description":"\u041f\u0420\u0412\u0410\u0422\u0410 \u041e\u0417\u041e\u041d\u0418\u0420\u0410\u041d\u0410 \u041a\u0410\u041f\u0421\u0423\u041b\u0410 \u0417\u0410 \u041e\u0420\u0410\u041b\u041d\u0410 \u041e\u0417\u041e\u041d\u041e\u0422\u0415\u0420\u0410\u041f\u0418\u0408\u0410 \u041e\u0437\u043e\u043d\u0438\u0440\u0430\u043d\u043e\u0442\u043e \u043c\u0430\u0441\u043b\u0438\u043d\u043e\u0432\u043e \u043c\u0430\u0441\u043b\u043e \u0432\u043e \u043a\u0430\u043f\u0441\u0443\u043b\u0430 Ozone Gold \u0435 \u0434\u043e\u0432\u043e\u043b\u043d\u043e \u043c\u043e\u045c\u043d\u043e \u0437\u0430 \u0437\u0430\u0458\u0430\u043a\u043d\u0443\u0432\u0430\u045a\u0435 \u043d\u0430 \u0438\u043c\u0443\u043d\u043e\u043b\u043e\u0448\u043a\u0438\u043e\u0442 \u0441\u0438\u0441\u0442\u0435\u043c \u0438 \u043f\u043e\u0434\u043e\u0431\u0440\u0443\u0432\u0430\u045a\u0435 \u043d\u0430 \u0432\u0438\u0442\u0430\u043b\u043d\u043e\u0441\u0442\u0430, \u0431\u0438\u0434\u0435\u0458\u045c\u0438 \u043e\u0437\u043e\u043d\u043e\u0442 \u0435 \u0430\u043d\u0442\u0438\u043e\u043a\u0441\u0438\u0434\u0430\u043d\u0442 \u0448\u0442\u043e \u043c\u0443 \u043f\u043e\u043c\u0430\u0433\u0430 \u043d\u0430 \u0442\u0435\u043b\u043e\u0442\u043e \u0434\u0430 \u0441\u0435 \u0441\u043d\u0430\u0431\u0434\u0443\u0432\u0430 \u0441\u043e \u043a\u0438\u0441\u043b\u043e\u0440\u043e\u0434 \u0438 \u0431\u0440\u0437\u043e \u0434\u0430 \u0433\u0438 \u0435\u043b\u0438\u043c\u0438\u043d\u0438\u0440\u0430 \u0433\u0430\u0431\u0438\u0442\u0435, \u0431\u0430\u043a\u0442\u0435\u0440\u0438\u0438\u0442\u0435 \u0438 \u0432\u0438\u0440\u0443\u0441\u0438\u0442\u0435 \u0438 \u0434\u0430 \u0441\u0435 \u043e\u0434\u0431\u0440\u0430\u043d\u0438 \u043e\u0434 \u0431\u043e\u043b\u0435\u0441\u0442\u0438. \u041e\u0434\u043b\u0438\u0447\u0435\u043d \u0435 \u0437\u0430 \u0440\u0435\u0433\u0443\u043b\u0438\u0440\u0430\u045a\u0435 \u043d\u0430 \u0432\u0430\u0440\u0435\u045a\u0435\u0442\u043e, \u043f\u043e\u043c\u0430\u0433\u0430 \u0437\u0430 \u0440\u0435\u0433\u0443\u043b\u0438\u0440\u0430\u045a\u0435 \u043d\u0430 Helicobacter Pylori \u043a\u0430\u043a\u043e \u0438 \u0437\u0430 \u0440\u0435\u0433\u0443\u043b\u0438\u0440\u0430\u045a\u0435 \u043d\u0430 \u0445\u0440\u043e\u043d\u0438\u0447\u043d\u0438 \u0430\u043b\u0435\u0440\u0433\u0438\u0438. \u041b\u0438\u0441\u0442\u0430\u0442\u0430 \u043d\u0430 \u043f\u0440\u0438\u0434\u043e\u0431\u0438\u0432\u043a\u0438\u0442\u0435 \u0435 \u0434\u043e\u043b\u0433\u0430\u2026, a \u043d\u0430\u0458\u0432\u0430\u0436\u043d\u043e \u0435 \u0448\u0442\u043e \u0440\u0435\u0434\u043e\u0432\u043d\u043e\u0442\u043e \u043a\u043e\u0440\u0438\u0441\u0442\u0435\u045a\u0435 \u043d\u0430 \u043e\u0432\u0438\u0435 \u043a\u0430\u043f\u0441\u0443\u043b\u0438 \u045c\u0435 \u0458\u0430 \u043f\u043e\u0434\u043e\u0431\u0440\u0438 \u0440\u0430\u0431\u043e\u0442\u0430\u0442\u0430 \u043d\u0430 \u0441\u0438\u0442\u0435 \u043a\u043b\u0435\u0442\u043a\u0438 \u0438 \u043e\u0440\u0433\u0430\u043d\u0438 \u0432\u043e \u0442\u0435\u043b\u043e\u0442\u043e. \u040c\u0435 \u0438\u043c\u0430\u0442\u0435 \u043f\u043e\u0432\u0435\u045c\u0435 \u0435\u043d\u0435\u0440\u0433\u0438\u0458\u0430 \u0438 \u045c\u0435 \u0433\u043e \u043f\u043e\u0434\u043e\u0431\u0440\u0438\u0442\u0435 \u0437\u0434\u0440\u0430\u0432\u0458\u0435\u0442\u043e \u043d\u0430 \u0446\u0435\u043b\u0438\u043e\u0442 \u043e\u0440\u0433\u0430\u043d\u0438\u0437\u0430\u043c.","og_url":"https:\/\/ozone-gold.mk\/sq\/produkt\/ozone-gold-ozone-factor-ozonirano-maslinovo-maslo-vo-kapsula-1plus1\/","og_site_name":"OZONE GOLD","article_modified_time":"2026-04-08T11:50:23+00:00","og_image":[{"url":"https:\/\/www.ozone-gold.com\/wp-content\/uploads\/2018\/12\/Screenshot_1-2.jpg","type":"","width":"","height":""}],"twitter_card":"summary_large_image","twitter_misc":{"Price":"1.550&nbsp;&#x434;&#x435;&#x43d; \u0426\u0435\u043d\u0430 \u0441\u043e \u0414\u0414\u0412","Availability":"In stock"},"schema":{"@context":"https:\/\/schema.org","@graph":[{"@type":"WebPage","@id":"https:\/\/ozone-gold.mk\/produkt\/ozone-gold-ozone-factor-ozonirano-maslinovo-maslo-vo-kapsula-1plus1\/","url":"https:\/\/ozone-gold.mk\/produkt\/ozone-gold-ozone-factor-ozonirano-maslinovo-maslo-vo-kapsula-1plus1\/","name":"OZONE GOLD \u2013 \u041e\u0417\u041e\u041d\u0418\u0420\u0410\u041d\u041e \u041c\u0410\u0421\u041b\u0418\u041d\u041e\u0412\u041e \u041c\u0410\u0421\u041b\u041e \u0412\u041e \u041a\u0410\u041f\u0421\u0423\u041b\u0410 1+1 \u041f\u041e\u0414\u0410\u0420\u041e\u041a - OZONE GOLD","isPartOf":{"@id":"https:\/\/ozone-gold.mk\/sq\/#website"},"primaryImageOfPage":{"@id":"https:\/\/ozone-gold.mk\/produkt\/ozone-gold-ozone-factor-ozonirano-maslinovo-maslo-vo-kapsula-1plus1\/#primaryimage"},"image":{"@id":"https:\/\/ozone-gold.mk\/produkt\/ozone-gold-ozone-factor-ozonirano-maslinovo-maslo-vo-kapsula-1plus1\/#primaryimage"},"thumbnailUrl":"https:\/\/ozone-gold.mk\/wp-content\/uploads\/2026\/04\/paket-2-post.jpg","datePublished":"2024-11-20T06:38:35+00:00","dateModified":"2026-04-08T11:50:23+00:00","breadcrumb":{"@id":"https:\/\/ozone-gold.mk\/produkt\/ozone-gold-ozone-factor-ozonirano-maslinovo-maslo-vo-kapsula-1plus1\/#breadcrumb"},"inLanguage":"sq","potentialAction":[{"@type":"ReadAction","target":["https:\/\/ozone-gold.mk\/produkt\/ozone-gold-ozone-factor-ozonirano-maslinovo-maslo-vo-kapsula-1plus1\/"]}]},{"@type":"ImageObject","inLanguage":"sq","@id":"https:\/\/ozone-gold.mk\/produkt\/ozone-gold-ozone-factor-ozonirano-maslinovo-maslo-vo-kapsula-1plus1\/#primaryimage","url":"https:\/\/ozone-gold.mk\/wp-content\/uploads\/2026\/04\/paket-2-post.jpg","contentUrl":"https:\/\/ozone-gold.mk\/wp-content\/uploads\/2026\/04\/paket-2-post.jpg","width":1920,"height":1920},{"@type":"BreadcrumbList","@id":"https:\/\/ozone-gold.mk\/produkt\/ozone-gold-ozone-factor-ozonirano-maslinovo-maslo-vo-kapsula-1plus1\/#breadcrumb","itemListElement":[{"@type":"ListItem","position":1,"name":"Home","item":"https:\/\/ozone-gold.mk\/"},{"@type":"ListItem","position":2,"name":"\u041f\u0440\u043e\u0434\u0430\u0432\u043d\u0438\u0446\u0430","item":"https:\/\/ozone-gold.mk\/shop\/"},{"@type":"ListItem","position":3,"name":"OZONE GOLD \u2013 \u041e\u0417\u041e\u041d\u0418\u0420\u0410\u041d\u041e \u041c\u0410\u0421\u041b\u0418\u041d\u041e\u0412\u041e \u041c\u0410\u0421\u041b\u041e \u0412\u041e \u041a\u0410\u041f\u0421\u0423\u041b\u0410 1+1 \u041f\u041e\u0414\u0410\u0420\u041e\u041a"}]},{"@type":"WebSite","@id":"https:\/\/ozone-gold.mk\/sq\/#website","url":"https:\/\/ozone-gold.mk\/sq\/","name":"OZONE GOLD","description":"","potentialAction":[{"@type":"SearchAction","target":{"@type":"EntryPoint","urlTemplate":"https:\/\/ozone-gold.mk\/sq\/?s={search_term_string}"},"query-input":{"@type":"PropertyValueSpecification","valueRequired":true,"valueName":"search_term_string"}}],"inLanguage":"sq"}]},"product_price_amount":"1550","product_price_currency":"MKD","og_availability":"instock","product_availability":"instock","product_retailer_item_id":"8680885440782-1","product_condition":"new"},"_links":{"self":[{"href":"https:\/\/ozone-gold.mk\/sq\/wp-json\/wp\/v2\/product\/26227","targetHints":{"allow":["GET"]}}],"collection":[{"href":"https:\/\/ozone-gold.mk\/sq\/wp-json\/wp\/v2\/product"}],"about":[{"href":"https:\/\/ozone-gold.mk\/sq\/wp-json\/wp\/v2\/types\/product"}],"replies":[{"embeddable":true,"href":"https:\/\/ozone-gold.mk\/sq\/wp-json\/wp\/v2\/comments?post=26227"}],"wp:featuredmedia":[{"embeddable":true,"href":"https:\/\/ozone-gold.mk\/sq\/wp-json\/wp\/v2\/media\/27783"}],"wp:attachment":[{"href":"https:\/\/ozone-gold.mk\/sq\/wp-json\/wp\/v2\/media?parent=26227"}],"wp:term":[{"taxonomy":"product_brand","embeddable":true,"href":"https:\/\/ozone-gold.mk\/sq\/wp-json\/wp\/v2\/product_brand?post=26227"},{"taxonomy":"product_cat","embeddable":true,"href":"https:\/\/ozone-gold.mk\/sq\/wp-json\/wp\/v2\/product_cat?post=26227"},{"taxonomy":"product_tag","embeddable":true,"href":"https:\/\/ozone-gold.mk\/sq\/wp-json\/wp\/v2\/product_tag?post=26227"}],"curies":[{"name":"wp","href":"https:\/\/api.w.org\/{rel}","templated":true}]}}