{"id":27506,"date":"2025-12-15T12:01:57","date_gmt":"2025-12-15T11:01:57","guid":{"rendered":"https:\/\/ozone-gold.mk\/?post_type=product&#038;p=27506"},"modified":"2026-03-23T08:54:48","modified_gmt":"2026-03-23T07:54:48","slug":"ozobox-gold","status":"publish","type":"product","link":"https:\/\/ozone-gold.mk\/sq\/produkt\/ozobox-gold\/","title":{"rendered":"Ozobox Gold"},"content":{"rendered":"<p style=\"text-align: center;\">OZOBOX GOLD ju mb\u00ebshtet n\u00eb aktivitetet tuaja t\u00eb p\u00ebrditshme p\u00ebr t\u00eb siguruar aj\u00ebr m\u00eb t\u00eb past\u00ebr p\u00ebr ju dhe m\u00eb t\u00eb dashurit tuaj, por\u2026 kjo nuk \u00ebsht\u00eb e gjitha.<\/p>\n<h1 style=\"text-align: center;\">OZOBOX GOLD ju mb\u00ebshtet n\u00eb aktivitetet tuaja t\u00eb p\u00ebrditshme p\u00ebr t\u00eb siguruar aj\u00ebr m\u00eb t\u00eb past\u00ebr p\u00ebr ju dhe m\u00eb t\u00eb dashurit tuaj, por\u2026 kjo nuk \u00ebsht\u00eb e gjitha.<\/h1>\n\t<div id=\"gap-2088998830\" class=\"gap-element clearfix\" style=\"display:block; height:auto;\">\n\t\t\n<style>\n#gap-2088998830 {\n  padding-top: 100px;\n}\n<\/style>\n\t<\/div>\n\t\n<div class=\"row align-middle\"  id=\"row-1601362923\">\n\n\t<div id=\"col-1223443495\" class=\"col medium-4 small-12 large-4\"  >\n\t\t\t\t<div class=\"col-inner\"  >\n\t\t\t\n\t\t\t\n<h1>Dizajn elegant<\/h1>\n<p>Me linjat e tij moderne dhe diskrete, Ozobox p\u00ebrfaq\u00ebson nj\u00eb element dekorativ q\u00eb p\u00ebrshtatet leht\u00ebsisht n\u00eb \u00e7do ambient sht\u00ebpiak. I leht\u00eb dhe ultra i qet\u00eb, \u00ebsht\u00eb i pajisur me ekran me prekje me ngjyra dhe udh\u00ebzime shum\u00ebgjuh\u00ebshe.<\/p>\n<h1>Ekologjik<\/h1>\n<p>Ozon, rreze UV dhe jone negative. Sistemi special p\u00ebr pastrim\u2013sanitim\u2013deodorim kombinon tre teknologji 100% natyrore dhe ekologjike q\u00eb punojn\u00eb n\u00eb m\u00ebnyr\u00eb sinergjike p\u00ebr nj\u00eb veprim t\u00eb trefisht\u00eb sanitar kund\u00ebr ndot\u00ebsve, mikropjes\u00ebzave dhe er\u00ebrave t\u00eb pak\u00ebndshme.<\/p>\n\t\t<\/div>\n\t\t\t\t\t<\/div>\n\n\t\n\n\t<div id=\"col-1362586186\" class=\"col medium-4 small-12 large-4\"  >\n\t\t\t\t<div class=\"col-inner text-center\"  >\n\t\t\t\n\t\t\t\n\t<div class=\"img has-hover x md-x lg-x y md-y lg-y\" id=\"image_292199142\">\n\t\t\t\t\t\t\t\t<div class=\"img-inner dark\" >\n\t\t\t<img loading=\"lazy\" decoding=\"async\" width=\"1000\" height=\"1000\" src=\"https:\/\/ozone-gold.mk\/wp-content\/uploads\/2025\/12\/ozobox.jpg\" class=\"attachment-original size-original\" alt=\"\" srcset=\"https:\/\/ozone-gold.mk\/wp-content\/uploads\/2025\/12\/ozobox.jpg 1000w, https:\/\/ozone-gold.mk\/wp-content\/uploads\/2025\/12\/ozobox-300x300.jpg 300w, https:\/\/ozone-gold.mk\/wp-content\/uploads\/2025\/12\/ozobox-768x768.jpg 768w, https:\/\/ozone-gold.mk\/wp-content\/uploads\/2025\/12\/ozobox-12x12.jpg 12w, https:\/\/ozone-gold.mk\/wp-content\/uploads\/2025\/12\/ozobox-100x100.jpg 100w\" sizes=\"auto, (max-width: 1000px) 100vw, 1000px\" \/>\t\t\t\t\t\t\n\t\t\t\t\t<\/div>\n\t\t\t\t\t\t\t\t\n<style>\n#image_292199142 {\n  width: 100%;\n}\n<\/style>\n\t<\/div>\n\t\n<a href=\"https:\/\/www-ozobox-eu.translate.goog\/?_x_tr_sl=auto&amp;_x_tr_tl=sq&amp;_x_tr_hl=en-US\" target=\"_blank\" class=\"button primary\" rel=\"noopener\"  >\n\t\t<span>Zbulo Ozobox<\/span>\n\t<\/a>\n\n\t\t<\/div>\n\t\t\t\t\t<\/div>\n\n\t\n\n\t<div id=\"col-1843256564\" class=\"col medium-4 small-12 large-4\"  >\n\t\t\t\t<div class=\"col-inner\"  >\n\t\t\t\n\t\t\t\n<h1>Pa filtra, detergjent\u00eb dhe instalim<\/h1>\n<p>Kompakt dhe i l\u00ebvizsh\u00ebm, nuk k\u00ebrkon instalim apo nd\u00ebrhyrje nd\u00ebrtimore. Sanitizon dhe deodoron pa nevoj\u00eb p\u00ebr filtra, kartrixhe, detergjent\u00eb apo shtesa kimike. Kursim real dhe i preksh\u00ebm \u2013 i mir\u00eb p\u00ebr ju dhe p\u00ebr mjedisin.<\/p>\n<h1>I certifikuar dhe i patentuar<\/h1>\n<p>Dizajni, teknologjia dhe prodhimi i Ozobox jan\u00eb plot\u00ebsisht italiane. Efikasiteti i tij \u00ebsht\u00eb konfirmuar me analiza mikrobiologjike dhe teste laboratorike, nd\u00ebrsa siguria garantohet me shenj\u00ebn CE. Ozobox ka dy patenta dhe \u00ebsht\u00eb i regjistruar si model dizajni italian dhe evropian.<\/p>\n\t\t<\/div>\n\t\t\t\t\t<\/div>\n\n\t\n<\/div>","protected":false},"excerpt":{"rendered":"<h1><strong>JA M\u00cb I P\u00cbRMIR\u00cbSUAR DHE EDHE M\u00cb I FUQISH\u00cbM<\/strong><\/h1>\n<p><strong>P\u00cbRPAR\u00cbSI T\u00cb REJA<\/strong><\/p>\n<ul>\n<li>Funksion p\u00ebr p\u00ebrdorim p\u00ebrmes Wi-Fi<\/li>\n<li>Uj\u00eb i filtruar dhe i pastruar n\u00eb m\u00ebnyr\u00eb sanitare<\/li>\n<li>Sanitim i hap\u00ebsirave t\u00eb m\u00ebdha<\/li>\n<\/ul>\n<a href=\"\/wp-content\/uploads\/2026\/02\/USER-MANUAL-MK.pdf\" class=\"button success is-success is-medium\"  >\n\t\t<span>Udh\u00ebzues P\u00ebrdorues<\/span>\n\t<\/a>","protected":false},"featured_media":27507,"comment_status":"open","ping_status":"closed","template":"","meta":[],"product_brand":[],"product_cat":[29],"product_tag":[],"class_list":{"0":"post-27506","1":"product","2":"type-product","3":"status-publish","4":"has-post-thumbnail","6":"product_cat-ozone-home-ozonatori","8":"first","9":"instock","10":"sale","11":"taxable","12":"shipping-taxable","13":"purchasable","14":"product-type-simple"},"yoast_head":"<!-- This site is optimized with the Yoast SEO Premium plugin v26.2 (Yoast SEO v27.2) - https:\/\/yoast.com\/product\/yoast-seo-premium-wordpress\/ -->\n<title>Ozobox Gold - OZONE GOLD<\/title>\n<meta name=\"description\" content=\"\u041d\u0430\u0458\u0434\u043e\u0431\u0440\u0438\u043e\u0442 \u0443\u0440\u0435\u0434 \u0437\u0430 \u043e\u0437\u043e\u043d\u0441\u043a\u0430 \u0442\u0435\u0440\u0430\u043f\u0438\u0458\u0430 \u043d\u0430 \u043f\u0430\u0437\u0430\u0440\u043e\u0442, \u0441\u043e \u043f\u043e\u0432\u0435\u045c\u0435 \u043d\u0430\u043c\u0435\u043d\u0438 \u0437\u0430 \u0432\u0430\u0448\u0438\u043e\u0442 \u0434\u043e\u043c \u0438 \u043f\u043e\u0432\u043e\u043b\u043d\u0430 \u0446\u0435\u043d\u0430, \u043a\u043e\u0458 \u045c\u0435 \u0432\u0438 \u0433\u043e \u043f\u043e\u043d\u0443\u0434\u0438 \u0441\u0435\u0442\u043e \u0448\u0442\u043e \u0432\u0438 \u0435 \u043f\u043e\u0442\u0440\u0435\u0431\u043d\u043e.\" \/>\n<meta name=\"robots\" content=\"index, follow, max-snippet:-1, max-image-preview:large, max-video-preview:-1\" \/>\n<link rel=\"canonical\" href=\"https:\/\/ozone-gold.mk\/sq\/produkt\/ozobox-gold\/\" \/>\n<meta property=\"og:locale\" content=\"sq_AL\" \/>\n<meta property=\"og:type\" content=\"article\" \/>\n<meta property=\"og:title\" content=\"Ozobox Gold\" \/>\n<meta property=\"og:description\" content=\"\u041d\u0430\u0458\u0434\u043e\u0431\u0440\u0438\u043e\u0442 \u0443\u0440\u0435\u0434 \u0437\u0430 \u043e\u0437\u043e\u043d\u0441\u043a\u0430 \u0442\u0435\u0440\u0430\u043f\u0438\u0458\u0430 \u043d\u0430 \u043f\u0430\u0437\u0430\u0440\u043e\u0442, \u0441\u043e \u043f\u043e\u0432\u0435\u045c\u0435 \u043d\u0430\u043c\u0435\u043d\u0438 \u0437\u0430 \u0432\u0430\u0448\u0438\u043e\u0442 \u0434\u043e\u043c \u0438 \u043f\u043e\u0432\u043e\u043b\u043d\u0430 \u0446\u0435\u043d\u0430, \u043a\u043e\u0458 \u045c\u0435 \u0432\u0438 \u0433\u043e \u043f\u043e\u043d\u0443\u0434\u0438 \u0441\u0435\u0442\u043e \u0448\u0442\u043e \u0432\u0438 \u0435 \u043f\u043e\u0442\u0440\u0435\u0431\u043d\u043e.\" \/>\n<meta property=\"og:url\" content=\"https:\/\/ozone-gold.mk\/sq\/produkt\/ozobox-gold\/\" \/>\n<meta property=\"og:site_name\" content=\"OZONE GOLD\" \/>\n<meta property=\"article:modified_time\" content=\"2026-03-23T07:54:48+00:00\" \/>\n<meta property=\"og:image\" content=\"https:\/\/ozone-gold.mk\/wp-content\/uploads\/2025\/12\/ozobox.jpg\" \/>\n\t<meta property=\"og:image:width\" content=\"1000\" \/>\n\t<meta property=\"og:image:height\" content=\"1000\" \/>\n\t<meta property=\"og:image:type\" content=\"image\/jpeg\" \/>\n<meta name=\"twitter:card\" content=\"summary_large_image\" \/>\n<meta name=\"twitter:label1\" content=\"Price\" \/>\n\t<meta name=\"twitter:data1\" content=\"33.999&nbsp;&#x434;&#x435;&#x43d; \u0426\u0435\u043d\u0430 \u0441\u043e \u0414\u0414\u0412\" \/>\n\t<meta name=\"twitter:label2\" content=\"Availability\" \/>\n\t<meta name=\"twitter:data2\" content=\"In stock\" \/>\n<script type=\"application\/ld+json\" class=\"yoast-schema-graph\">{\"@context\":\"https:\/\/schema.org\",\"@graph\":[{\"@type\":\"WebPage\",\"@id\":\"https:\/\/ozone-gold.mk\/produkt\/ozobox-gold\/\",\"url\":\"https:\/\/ozone-gold.mk\/produkt\/ozobox-gold\/\",\"name\":\"Ozobox Gold - OZONE GOLD\",\"isPartOf\":{\"@id\":\"https:\/\/ozone-gold.mk\/sq\/#website\"},\"primaryImageOfPage\":{\"@id\":\"https:\/\/ozone-gold.mk\/produkt\/ozobox-gold\/#primaryimage\"},\"image\":{\"@id\":\"https:\/\/ozone-gold.mk\/produkt\/ozobox-gold\/#primaryimage\"},\"thumbnailUrl\":\"https:\/\/ozone-gold.mk\/wp-content\/uploads\/2025\/12\/ozobox.jpg\",\"datePublished\":\"2025-12-15T11:01:57+00:00\",\"dateModified\":\"2026-03-23T07:54:48+00:00\",\"description\":\"\u041d\u0430\u0458\u0434\u043e\u0431\u0440\u0438\u043e\u0442 \u0443\u0440\u0435\u0434 \u0437\u0430 \u043e\u0437\u043e\u043d\u0441\u043a\u0430 \u0442\u0435\u0440\u0430\u043f\u0438\u0458\u0430 \u043d\u0430 \u043f\u0430\u0437\u0430\u0440\u043e\u0442, \u0441\u043e \u043f\u043e\u0432\u0435\u045c\u0435 \u043d\u0430\u043c\u0435\u043d\u0438 \u0437\u0430 \u0432\u0430\u0448\u0438\u043e\u0442 \u0434\u043e\u043c \u0438 \u043f\u043e\u0432\u043e\u043b\u043d\u0430 \u0446\u0435\u043d\u0430, \u043a\u043e\u0458 \u045c\u0435 \u0432\u0438 \u0433\u043e \u043f\u043e\u043d\u0443\u0434\u0438 \u0441\u0435\u0442\u043e \u0448\u0442\u043e \u0432\u0438 \u0435 \u043f\u043e\u0442\u0440\u0435\u0431\u043d\u043e.\",\"breadcrumb\":{\"@id\":\"https:\/\/ozone-gold.mk\/produkt\/ozobox-gold\/#breadcrumb\"},\"inLanguage\":\"sq\",\"potentialAction\":[{\"@type\":\"ReadAction\",\"target\":[\"https:\/\/ozone-gold.mk\/produkt\/ozobox-gold\/\"]}]},{\"@type\":\"ImageObject\",\"inLanguage\":\"sq\",\"@id\":\"https:\/\/ozone-gold.mk\/produkt\/ozobox-gold\/#primaryimage\",\"url\":\"https:\/\/ozone-gold.mk\/wp-content\/uploads\/2025\/12\/ozobox.jpg\",\"contentUrl\":\"https:\/\/ozone-gold.mk\/wp-content\/uploads\/2025\/12\/ozobox.jpg\",\"width\":1000,\"height\":1000},{\"@type\":\"BreadcrumbList\",\"@id\":\"https:\/\/ozone-gold.mk\/produkt\/ozobox-gold\/#breadcrumb\",\"itemListElement\":[{\"@type\":\"ListItem\",\"position\":1,\"name\":\"Home\",\"item\":\"https:\/\/ozone-gold.mk\/\"},{\"@type\":\"ListItem\",\"position\":2,\"name\":\"\u041f\u0440\u043e\u0434\u0430\u0432\u043d\u0438\u0446\u0430\",\"item\":\"https:\/\/ozone-gold.mk\/shop\/\"},{\"@type\":\"ListItem\",\"position\":3,\"name\":\"Ozobox Gold\"}]},{\"@type\":\"WebSite\",\"@id\":\"https:\/\/ozone-gold.mk\/sq\/#website\",\"url\":\"https:\/\/ozone-gold.mk\/sq\/\",\"name\":\"OZONE GOLD\",\"description\":\"\",\"potentialAction\":[{\"@type\":\"SearchAction\",\"target\":{\"@type\":\"EntryPoint\",\"urlTemplate\":\"https:\/\/ozone-gold.mk\/sq\/?s={search_term_string}\"},\"query-input\":{\"@type\":\"PropertyValueSpecification\",\"valueRequired\":true,\"valueName\":\"search_term_string\"}}],\"inLanguage\":\"sq\"}]}<\/script>\n<meta property=\"product:price:amount\" content=\"33999\" \/>\n<meta property=\"product:price:currency\" content=\"MKD\" \/>\n<meta property=\"og:availability\" content=\"instock\" \/>\n<meta property=\"product:availability\" content=\"instock\" \/>\n<meta property=\"product:retailer_item_id\" content=\"0750122525201-1\" \/>\n<meta property=\"product:condition\" content=\"new\" \/>\n<!-- \/ Yoast SEO Premium plugin. -->","yoast_head_json":{"title":"Ozobox Gold - OZONE GOLD","description":"\u041d\u0430\u0458\u0434\u043e\u0431\u0440\u0438\u043e\u0442 \u0443\u0440\u0435\u0434 \u0437\u0430 \u043e\u0437\u043e\u043d\u0441\u043a\u0430 \u0442\u0435\u0440\u0430\u043f\u0438\u0458\u0430 \u043d\u0430 \u043f\u0430\u0437\u0430\u0440\u043e\u0442, \u0441\u043e \u043f\u043e\u0432\u0435\u045c\u0435 \u043d\u0430\u043c\u0435\u043d\u0438 \u0437\u0430 \u0432\u0430\u0448\u0438\u043e\u0442 \u0434\u043e\u043c \u0438 \u043f\u043e\u0432\u043e\u043b\u043d\u0430 \u0446\u0435\u043d\u0430, \u043a\u043e\u0458 \u045c\u0435 \u0432\u0438 \u0433\u043e \u043f\u043e\u043d\u0443\u0434\u0438 \u0441\u0435\u0442\u043e \u0448\u0442\u043e \u0432\u0438 \u0435 \u043f\u043e\u0442\u0440\u0435\u0431\u043d\u043e.","robots":{"index":"index","follow":"follow","max-snippet":"max-snippet:-1","max-image-preview":"max-image-preview:large","max-video-preview":"max-video-preview:-1"},"canonical":"https:\/\/ozone-gold.mk\/sq\/produkt\/ozobox-gold\/","og_locale":"sq_AL","og_type":"article","og_title":"Ozobox Gold","og_description":"\u041d\u0430\u0458\u0434\u043e\u0431\u0440\u0438\u043e\u0442 \u0443\u0440\u0435\u0434 \u0437\u0430 \u043e\u0437\u043e\u043d\u0441\u043a\u0430 \u0442\u0435\u0440\u0430\u043f\u0438\u0458\u0430 \u043d\u0430 \u043f\u0430\u0437\u0430\u0440\u043e\u0442, \u0441\u043e \u043f\u043e\u0432\u0435\u045c\u0435 \u043d\u0430\u043c\u0435\u043d\u0438 \u0437\u0430 \u0432\u0430\u0448\u0438\u043e\u0442 \u0434\u043e\u043c \u0438 \u043f\u043e\u0432\u043e\u043b\u043d\u0430 \u0446\u0435\u043d\u0430, \u043a\u043e\u0458 \u045c\u0435 \u0432\u0438 \u0433\u043e \u043f\u043e\u043d\u0443\u0434\u0438 \u0441\u0435\u0442\u043e \u0448\u0442\u043e \u0432\u0438 \u0435 \u043f\u043e\u0442\u0440\u0435\u0431\u043d\u043e.","og_url":"https:\/\/ozone-gold.mk\/sq\/produkt\/ozobox-gold\/","og_site_name":"OZONE GOLD","article_modified_time":"2026-03-23T07:54:48+00:00","og_image":[{"width":1000,"height":1000,"url":"https:\/\/ozone-gold.mk\/wp-content\/uploads\/2025\/12\/ozobox.jpg","type":"image\/jpeg"}],"twitter_card":"summary_large_image","twitter_misc":{"Price":"33.999&nbsp;&#x434;&#x435;&#x43d; \u0426\u0435\u043d\u0430 \u0441\u043e \u0414\u0414\u0412","Availability":"In stock"},"schema":{"@context":"https:\/\/schema.org","@graph":[{"@type":"WebPage","@id":"https:\/\/ozone-gold.mk\/produkt\/ozobox-gold\/","url":"https:\/\/ozone-gold.mk\/produkt\/ozobox-gold\/","name":"Ozobox Gold - OZONE GOLD","isPartOf":{"@id":"https:\/\/ozone-gold.mk\/sq\/#website"},"primaryImageOfPage":{"@id":"https:\/\/ozone-gold.mk\/produkt\/ozobox-gold\/#primaryimage"},"image":{"@id":"https:\/\/ozone-gold.mk\/produkt\/ozobox-gold\/#primaryimage"},"thumbnailUrl":"https:\/\/ozone-gold.mk\/wp-content\/uploads\/2025\/12\/ozobox.jpg","datePublished":"2025-12-15T11:01:57+00:00","dateModified":"2026-03-23T07:54:48+00:00","description":"\u041d\u0430\u0458\u0434\u043e\u0431\u0440\u0438\u043e\u0442 \u0443\u0440\u0435\u0434 \u0437\u0430 \u043e\u0437\u043e\u043d\u0441\u043a\u0430 \u0442\u0435\u0440\u0430\u043f\u0438\u0458\u0430 \u043d\u0430 \u043f\u0430\u0437\u0430\u0440\u043e\u0442, \u0441\u043e \u043f\u043e\u0432\u0435\u045c\u0435 \u043d\u0430\u043c\u0435\u043d\u0438 \u0437\u0430 \u0432\u0430\u0448\u0438\u043e\u0442 \u0434\u043e\u043c \u0438 \u043f\u043e\u0432\u043e\u043b\u043d\u0430 \u0446\u0435\u043d\u0430, \u043a\u043e\u0458 \u045c\u0435 \u0432\u0438 \u0433\u043e \u043f\u043e\u043d\u0443\u0434\u0438 \u0441\u0435\u0442\u043e \u0448\u0442\u043e \u0432\u0438 \u0435 \u043f\u043e\u0442\u0440\u0435\u0431\u043d\u043e.","breadcrumb":{"@id":"https:\/\/ozone-gold.mk\/produkt\/ozobox-gold\/#breadcrumb"},"inLanguage":"sq","potentialAction":[{"@type":"ReadAction","target":["https:\/\/ozone-gold.mk\/produkt\/ozobox-gold\/"]}]},{"@type":"ImageObject","inLanguage":"sq","@id":"https:\/\/ozone-gold.mk\/produkt\/ozobox-gold\/#primaryimage","url":"https:\/\/ozone-gold.mk\/wp-content\/uploads\/2025\/12\/ozobox.jpg","contentUrl":"https:\/\/ozone-gold.mk\/wp-content\/uploads\/2025\/12\/ozobox.jpg","width":1000,"height":1000},{"@type":"BreadcrumbList","@id":"https:\/\/ozone-gold.mk\/produkt\/ozobox-gold\/#breadcrumb","itemListElement":[{"@type":"ListItem","position":1,"name":"Home","item":"https:\/\/ozone-gold.mk\/"},{"@type":"ListItem","position":2,"name":"\u041f\u0440\u043e\u0434\u0430\u0432\u043d\u0438\u0446\u0430","item":"https:\/\/ozone-gold.mk\/shop\/"},{"@type":"ListItem","position":3,"name":"Ozobox Gold"}]},{"@type":"WebSite","@id":"https:\/\/ozone-gold.mk\/sq\/#website","url":"https:\/\/ozone-gold.mk\/sq\/","name":"OZONE GOLD","description":"","potentialAction":[{"@type":"SearchAction","target":{"@type":"EntryPoint","urlTemplate":"https:\/\/ozone-gold.mk\/sq\/?s={search_term_string}"},"query-input":{"@type":"PropertyValueSpecification","valueRequired":true,"valueName":"search_term_string"}}],"inLanguage":"sq"}]},"product_price_amount":"33999","product_price_currency":"MKD","og_availability":"instock","product_availability":"instock","product_retailer_item_id":"0750122525201-1","product_condition":"new"},"_links":{"self":[{"href":"https:\/\/ozone-gold.mk\/sq\/wp-json\/wp\/v2\/product\/27506","targetHints":{"allow":["GET"]}}],"collection":[{"href":"https:\/\/ozone-gold.mk\/sq\/wp-json\/wp\/v2\/product"}],"about":[{"href":"https:\/\/ozone-gold.mk\/sq\/wp-json\/wp\/v2\/types\/product"}],"replies":[{"embeddable":true,"href":"https:\/\/ozone-gold.mk\/sq\/wp-json\/wp\/v2\/comments?post=27506"}],"wp:featuredmedia":[{"embeddable":true,"href":"https:\/\/ozone-gold.mk\/sq\/wp-json\/wp\/v2\/media\/27507"}],"wp:attachment":[{"href":"https:\/\/ozone-gold.mk\/sq\/wp-json\/wp\/v2\/media?parent=27506"}],"wp:term":[{"taxonomy":"product_brand","embeddable":true,"href":"https:\/\/ozone-gold.mk\/sq\/wp-json\/wp\/v2\/product_brand?post=27506"},{"taxonomy":"product_cat","embeddable":true,"href":"https:\/\/ozone-gold.mk\/sq\/wp-json\/wp\/v2\/product_cat?post=27506"},{"taxonomy":"product_tag","embeddable":true,"href":"https:\/\/ozone-gold.mk\/sq\/wp-json\/wp\/v2\/product_tag?post=27506"}],"curies":[{"name":"wp","href":"https:\/\/api.w.org\/{rel}","templated":true}]}}