{"id":27731,"date":"2026-03-16T11:53:23","date_gmt":"2026-03-16T10:53:23","guid":{"rendered":"https:\/\/ozone-gold.mk\/?post_type=product&#038;p=27731"},"modified":"2026-03-27T09:59:51","modified_gmt":"2026-03-27T08:59:51","slug":"ozobox-pro","status":"publish","type":"product","link":"https:\/\/ozone-gold.mk\/sq\/produkt\/ozobox-pro\/","title":{"rendered":"Ozobox PRO"},"content":{"rendered":"<section id=\"ozobox-pro-hero\">\n<h1>OZOBOX PRO: TRI TEKNOLOGJI T\u00cb KOMBINUARA KUND\u00cbR VIRUSEVE DHE BAKTEREVE<\/h1>\n<p>HAP\u00cbSIRA T\u00cb SANITARIZUARA DHE AJ\u00cbR M\u00cb I SH\u00cbNDETSH\u00cbM N\u00cb DYQANE, ZYRA DHE HAP\u00cbSIRA BIZNESI DHE ADMINISTRATIVE<\/p>\n<\/section>\n<section id=\"healthy-air\">\n<h2>Frym\u00ebmarrja e ajrit t\u00eb past\u00ebr \u00ebsht\u00eb thelb\u00ebsore p\u00ebr organizmin<\/h2>\n<h3>Aj\u00ebr m\u00eb i sh\u00ebndetsh\u00ebm dhe m\u00eb i leht\u00eb n\u00eb ambiente<\/h3>\n<p>OZOBOX PRO pastron dhe deodoron ajrin n\u00eb hap\u00ebsir\u00eb, duke e b\u00ebr\u00eb \u00e7do ambient m\u00eb t\u00eb k\u00ebndsh\u00ebm dhe m\u00eb t\u00eb p\u00ebrshtatsh\u00ebm p\u00ebr q\u00ebndrim. Fal\u00eb teknologjis\u00eb s\u00eb tij trefishe 100% ekologjike, \u00ebsht\u00eb n\u00eb gjendje t\u00eb eliminoj\u00eb viruse, baktere, polen, marimanga dhe ndihmon n\u00eb leht\u00ebsimin e simptomave t\u00eb astm\u00ebs dhe alergjive.<\/p>\n<\/section>\n<section id=\"features\">\n<h2>OZOBOX PRO \u00ebsht\u00eb pastrues\u2013sanitizues q\u00eb higjienizon dhe deodoron hap\u00ebsirat dhe ajrin<\/h2>\n<ul>\n<li>3 programe<\/li>\n<li>Ekran me prekje me ngjyra<\/li>\n<li>Sensor pranie<\/li>\n<li>Pajisje sigurie<\/li>\n<li>Pa filtra dhe kaseta<\/li>\n<li>Pa instalim<\/li>\n<li>Pa mir\u00ebmbajtje<\/li>\n<li>I l\u00ebvizsh\u00ebm<\/li>\n<li>P\u00ebr vendosje n\u00eb sip\u00ebrfaqe dhe n\u00eb mur<\/li>\n<li>Shum\u00eb i qet\u00eb<\/li>\n<li>I leht\u00eb dhe kompakt<\/li>\n<li>Rezistent ndaj goditjeve<\/li>\n<\/ul>\n<\/section>\n<section id=\"triple-technology\">\n<h2>OZOBOX PRO: ozonizator, jonizator dhe pastrues n\u00eb nj\u00eb p\u00ebr mir\u00ebqenie maksimale<\/h2>\n<p>OZOBOX PRO \u00ebsht\u00eb tre pajisje n\u00eb nj\u00eb, nj\u00eb koncentrim i v\u00ebrtet\u00eb teknologjie q\u00eb mund t\u00eb inaktivizoj\u00eb viruset dhe t\u00eb eliminoj\u00eb polenin, marimangat, mykun, bakteret, tymin dhe er\u00ebrat, duke prodhuar aj\u00ebr t\u00eb sh\u00ebndetsh\u00ebm sa her\u00eb q\u00eb nevojitet.<\/p>\n<p>Ozoni i past\u00ebr ka fuqi t\u00eb madhe sanitizuese, por \u00ebsht\u00eb gjithashtu agresiv ndaj mobilieve, pajisjeve elektrike dhe sip\u00ebrfaqeve n\u00ebse nuk dozohet sakt\u00eb.<\/p>\n<p>P\u00ebr t\u00eb shmangur \u00e7do problem t\u00eb mundsh\u00ebm, laboratori k\u00ebrkimor Ozobox ka zhvilluar nj\u00eb teknologji ekskluzive, unike, t\u00eb bazuar n\u00eb veprimin sinergjik dhe t\u00eb optimizuar t\u00eb tre substancave natyrore:<\/p>\n<div class=\"tech-columns\">\n<article>\n<h3>O\u2083 OKSIGJEN AKTIV \u2013 VEPRIM SANITIZUES<\/h3>\n<p>Eliminon agjent\u00ebt ndot\u00ebs pa l\u00ebn\u00eb mbetje.<\/p>\n<\/article>\n<article>\n<h3>JONE NEGATIVE \u2013 VEPRIM JONIZUES DHE DEODORUES<\/h3>\n<p>Vendosin grimcat e pluhurit dhe kan\u00eb efekte t\u00eb dobishme kund\u00ebr astm\u00ebs dhe alergjive.<\/p>\n<\/article>\n<article>\n<h3>RREZE UVC \u2013 PURIFIKIM DHE VEPRIM GERMICID<\/h3>\n<p>Ulin ndjesh\u00ebm ngarkes\u00ebn mikrobiale.<\/p>\n<\/article>\n<\/div>\n<p>Efikasiteti i Ozobox Pro \u00ebsht\u00eb akredituar nga Laboratori i Analizave Kimike n\u00eb Padova: redukton deri n\u00eb 87% numrin e baktereve, k\u00ebrpudhave dhe mykut n\u00eb aj\u00ebr dhe eliminon deri n\u00eb 90% t\u00eb disa prej baktereve kryesore n\u00eb sip\u00ebrfaqe, si Escherichia coli dhe Staphylococcus aureus.<\/p>\n<\/section>\n<section id=\"why-choose\">\n<h2>Pse t\u00eb zgjidhni OZOBOX PRO p\u00ebr vendin e pun\u00ebs<\/h2>\n<p>Jo t\u00eb gjith\u00eb gjenerator\u00ebt e ozonit jan\u00eb t\u00eb nj\u00ebjt\u00eb. Efikasiteti i tyre nuk varet nga sasia e ozonit q\u00eb prodhojn\u00eb, por nga raporti i sakt\u00eb midis sasis\u00eb, madh\u00ebsis\u00eb s\u00eb hap\u00ebsir\u00ebs dhe koh\u00ebs s\u00eb ekspozimit.<\/p>\n<p>OZOBOX PRO ka si pika t\u00eb forta thjesht\u00ebsin\u00eb n\u00eb p\u00ebrdorim dhe sigurin\u00eb.<\/p>\n<ul>\n<li>Aktivizim i thjesht\u00eb me \u00e7el\u00ebs p\u00ebr sanitizim.<\/li>\n<li>Program p\u00ebr pastrim dhe eliminim er\u00ebrash me nj\u00eb prekje.<\/li>\n<li>Pa instalim, gati p\u00ebr p\u00ebrdorim menj\u00ebher\u00eb.<\/li>\n<li>I l\u00ebvizsh\u00ebm dhe i leht\u00eb p\u00ebr t\u2019u zhvendosur.<\/li>\n<li>Mund t\u00eb vendoset edhe n\u00eb mur.<\/li>\n<li>Nuk k\u00ebrkon mir\u00ebmbajtje, pa filtra dhe kaseta.<\/li>\n<li>Sensor pranie dhe katalizator p\u00ebr ozon t\u00eb mbetur.<\/li>\n<li>Dizajn klasik dhe elegant.<\/li>\n<li>Projektuar, dizajnuar, patentuar, prodhuar dhe certifikuar n\u00eb Itali.<\/li>\n<\/ul>\n<\/section>\n<section id=\"solutions\">\n<h2>Tre zgjidhje p\u00ebr nj\u00eb ambient m\u00eb t\u00eb sigurt dhe m\u00eb t\u00eb k\u00ebndsh\u00ebm<\/h2>\n<article>\n<h3>Sanitizimi i hap\u00ebsir\u00ebs (vet\u00ebm p\u00ebr personel)<\/h3>\n<p>OZOBOX PRO sanitizon dhe sterilizon ambientin, duke vrar\u00eb bakteret dhe duke b\u00ebr\u00eb viruset inerte.<\/p>\n<\/article>\n<article>\n<h3>Gjenerim i ajrit t\u00eb past\u00ebr (edhe p\u00ebr klient\u00eb)<\/h3>\n<p>Ideal p\u00ebr persona me alergji dhe astm\u00eb: eliminon polenin, marimangat, mykun, bakteret, viruset dhe ndot\u00ebsit.<\/p>\n<\/article>\n<article>\n<h3>Eliminim i er\u00ebrave (edhe p\u00ebr klient\u00eb)<\/h3>\n<p>Eliminon er\u00ebrat biologjike dhe t\u00eb pak\u00ebndshme, p\u00ebrfshir\u00eb tymin.<\/p>\n<\/article>\n<\/section>\n<section id=\"programs\">\n<h2>Programet e sanitizimit<\/h2>\n<p>\u041f\u0440\u043e\u0433\u0440\u0430\u043c\u0438\u0442\u0435 \u0437\u0430 \u0441\u0430\u043d\u0438\u0442\u0438\u0437\u0430\u0446\u0438\u0458\u0430 \u0441\u0435 \u043f\u0440\u0435\u0441\u043c\u0435\u0442\u0430\u043d\u0438 \u0441\u043f\u043e\u0440\u0435\u0434 \u0433\u043e\u043b\u0435\u043c\u0438\u043d\u0430\u0442\u0430 \u043d\u0430 \u043f\u0440\u043e\u0441\u0442\u043e\u0440\u0438\u0458\u0430\u0442\u0430:<\/p>\n<ul>\n<li>deri n\u00eb 15 m\u00b2 (rreth 45 m\u00b3) \u2013 25 minuta<\/li>\n<li>deri n\u00eb 25 m\u00b2 (rreth 75 m\u00b3) \u2013 35 minuta<\/li>\n<li>deri n\u00eb 40 m\u00b2 (rreth 120 m\u00b3) \u2013 55 minuta<\/li>\n<li>deri n\u00eb 55 m\u00b2 (rreth 165 m\u00b3) \u2013 75 minuta<\/li>\n<li>deri n\u00eb 75 m\u00b2 (rreth 210 m\u00b3) \u2013 110 minuta<\/li>\n<\/ul>\n<p>\u00c7do program duhet t\u00eb respektohet sipas madh\u00ebsis\u00eb s\u00eb hap\u00ebsir\u00ebs p\u00ebr efikasitet maksimal. P\u00ebr hap\u00ebsira m\u00eb t\u00eb m\u00ebdha mund t\u00eb p\u00ebrdoren disa pajisje nj\u00ebkoh\u00ebsisht.<\/p>\n<\/section>\n<section id=\"certifications\">\n<h2>Certifikime<\/h2>\n<p>Ministria e Sh\u00ebndet\u00ebsis\u00eb n\u00eb Itali e njeh ozonin si agjent natyral p\u00ebr sterilizimin e hap\u00ebsirave t\u00eb kontaminuara me baktere, viruse dhe spore.<\/p>\n<p>OZOBOX PRO \u00ebsht\u00eb i certifikuar sipas direktivave evropiane:<\/p>\n<ul>\n<li>2014\/35\/EU \u2013 pajisje me tension t\u00eb ul\u00ebt<\/li>\n<li>2014\/30\/EU \u2013 kompatibilitet elektromagnetik<\/li>\n<li>2011\/65\/EU \u2013 direktiva RoHS<\/li>\n<\/ul>\n<p>Shenja CE mb\u00ebshtetet nga analiza laboratorike dhe teste p\u00ebr t\u00eb garantuar besueshm\u00ebri dhe siguri maksimale.<\/p>\n<\/section>","protected":false},"excerpt":{"rendered":"<p>OZOBOX PRO \u00ebsht\u00eb nj\u00eb pajisje e avancuar p\u00ebr pastrimin dhe sanitarizimin e ajrit q\u00eb kombinon ozonin, jonet negative dhe teknologjin\u00eb UVC p\u00ebr eliminimin e viruseve, baktereve, polenit, marimangave dhe er\u00ebrave t\u00eb pak\u00ebndshme. I dedikuar p\u00ebr dyqane, zyra dhe hap\u00ebsira t\u00eb tjera t\u00eb mbyllura, p\u00ebrmir\u00ebson cil\u00ebsin\u00eb e ajrit dhe ndihmon n\u00eb reduktimin e simptomave t\u00eb alergjive dhe astm\u00ebs. Pa filtra, pa instalim dhe pa mir\u00ebmbajtje, OZOBOX PRO \u00ebsht\u00eb i l\u00ebvizsh\u00ebm, i qet\u00eb dhe i thjesht\u00eb p\u00ebr p\u00ebrdorim, duke siguruar aj\u00ebr m\u00eb t\u00eb past\u00ebr dhe m\u00eb t\u00eb sh\u00ebndetsh\u00ebm n\u00eb \u00e7do koh\u00eb.<br \/>\n<a href=\"\/wp-content\/uploads\/2026\/03\/BROCHURE-OZOBOX-PRO.pdf\" class=\"button success is-success is-medium\"  >\n\t\t<span>Broshur\u00eb<\/span>\n\t<\/a>","protected":false},"featured_media":27754,"comment_status":"open","ping_status":"closed","template":"","meta":[],"product_brand":[],"product_cat":[29],"product_tag":[],"class_list":{"0":"post-27731","1":"product","2":"type-product","3":"status-publish","4":"has-post-thumbnail","6":"product_cat-ozone-home-ozonatori","8":"first","9":"instock","10":"sale","11":"taxable","12":"shipping-taxable","13":"purchasable","14":"product-type-simple"},"yoast_head":"<!-- This site is optimized with the Yoast SEO Premium plugin v26.2 (Yoast SEO v27.2) - https:\/\/yoast.com\/product\/yoast-seo-premium-wordpress\/ -->\n<title>Ozobox PRO - OZONE GOLD<\/title>\n<meta name=\"description\" content=\"\u041d\u0430\u0458\u0434\u043e\u0431\u0440\u0438\u043e\u0442 \u0443\u0440\u0435\u0434 \u0437\u0430 \u043e\u0437\u043e\u043d\u0441\u043a\u0430 \u0442\u0435\u0440\u0430\u043f\u0438\u0458\u0430 \u043d\u0430 \u043f\u0430\u0437\u0430\u0440\u043e\u0442, \u0441\u043e \u043f\u043e\u0432\u0435\u045c\u0435 \u043d\u0430\u043c\u0435\u043d\u0438 \u0437\u0430 \u0432\u0430\u0448\u0438\u043e\u0442 \u0434\u043e\u043c \u0438 \u043f\u043e\u0432\u043e\u043b\u043d\u0430 \u0446\u0435\u043d\u0430, \u043a\u043e\u0458 \u045c\u0435 \u0432\u0438 \u0433\u043e \u043f\u043e\u043d\u0443\u0434\u0438 \u0441\u0435\u0442\u043e \u0448\u0442\u043e \u0432\u0438 \u0435 \u043f\u043e\u0442\u0440\u0435\u0431\u043d\u043e.\" \/>\n<meta name=\"robots\" content=\"index, follow, max-snippet:-1, max-image-preview:large, max-video-preview:-1\" \/>\n<link rel=\"canonical\" href=\"https:\/\/ozone-gold.mk\/sq\/produkt\/ozobox-pro\/\" \/>\n<meta property=\"og:locale\" content=\"sq_AL\" \/>\n<meta property=\"og:type\" content=\"article\" \/>\n<meta property=\"og:title\" content=\"Ozobox PRO\" \/>\n<meta property=\"og:description\" content=\"\u041d\u0430\u0458\u0434\u043e\u0431\u0440\u0438\u043e\u0442 \u0443\u0440\u0435\u0434 \u0437\u0430 \u043e\u0437\u043e\u043d\u0441\u043a\u0430 \u0442\u0435\u0440\u0430\u043f\u0438\u0458\u0430 \u043d\u0430 \u043f\u0430\u0437\u0430\u0440\u043e\u0442, \u0441\u043e \u043f\u043e\u0432\u0435\u045c\u0435 \u043d\u0430\u043c\u0435\u043d\u0438 \u0437\u0430 \u0432\u0430\u0448\u0438\u043e\u0442 \u0434\u043e\u043c \u0438 \u043f\u043e\u0432\u043e\u043b\u043d\u0430 \u0446\u0435\u043d\u0430, \u043a\u043e\u0458 \u045c\u0435 \u0432\u0438 \u0433\u043e \u043f\u043e\u043d\u0443\u0434\u0438 \u0441\u0435\u0442\u043e \u0448\u0442\u043e \u0432\u0438 \u0435 \u043f\u043e\u0442\u0440\u0435\u0431\u043d\u043e.\" \/>\n<meta property=\"og:url\" content=\"https:\/\/ozone-gold.mk\/sq\/produkt\/ozobox-pro\/\" \/>\n<meta property=\"og:site_name\" content=\"OZONE GOLD\" \/>\n<meta property=\"article:modified_time\" content=\"2026-03-27T08:59:51+00:00\" \/>\n<meta property=\"og:image\" content=\"https:\/\/ozone-gold.mk\/wp-content\/uploads\/2026\/03\/Ozobox-PRO.jpg\" \/>\n\t<meta property=\"og:image:width\" content=\"1024\" \/>\n\t<meta property=\"og:image:height\" content=\"1024\" \/>\n\t<meta property=\"og:image:type\" content=\"image\/jpeg\" \/>\n<meta name=\"twitter:card\" content=\"summary_large_image\" \/>\n<meta name=\"twitter:label1\" content=\"Price\" \/>\n\t<meta name=\"twitter:data1\" content=\"36.549&nbsp;&#x434;&#x435;&#x43d; \u0426\u0435\u043d\u0430 \u0441\u043e \u0414\u0414\u0412\" \/>\n\t<meta name=\"twitter:label2\" content=\"Availability\" \/>\n\t<meta name=\"twitter:data2\" content=\"In stock\" \/>\n<script type=\"application\/ld+json\" class=\"yoast-schema-graph\">{\"@context\":\"https:\/\/schema.org\",\"@graph\":[{\"@type\":\"WebPage\",\"@id\":\"https:\/\/ozone-gold.mk\/produkt\/ozobox-pro\/\",\"url\":\"https:\/\/ozone-gold.mk\/produkt\/ozobox-pro\/\",\"name\":\"Ozobox PRO - OZONE GOLD\",\"isPartOf\":{\"@id\":\"https:\/\/ozone-gold.mk\/sq\/#website\"},\"primaryImageOfPage\":{\"@id\":\"https:\/\/ozone-gold.mk\/produkt\/ozobox-pro\/#primaryimage\"},\"image\":{\"@id\":\"https:\/\/ozone-gold.mk\/produkt\/ozobox-pro\/#primaryimage\"},\"thumbnailUrl\":\"https:\/\/ozone-gold.mk\/wp-content\/uploads\/2026\/03\/Ozobox-PRO.jpg\",\"datePublished\":\"2026-03-16T10:53:23+00:00\",\"dateModified\":\"2026-03-27T08:59:51+00:00\",\"description\":\"\u041d\u0430\u0458\u0434\u043e\u0431\u0440\u0438\u043e\u0442 \u0443\u0440\u0435\u0434 \u0437\u0430 \u043e\u0437\u043e\u043d\u0441\u043a\u0430 \u0442\u0435\u0440\u0430\u043f\u0438\u0458\u0430 \u043d\u0430 \u043f\u0430\u0437\u0430\u0440\u043e\u0442, \u0441\u043e \u043f\u043e\u0432\u0435\u045c\u0435 \u043d\u0430\u043c\u0435\u043d\u0438 \u0437\u0430 \u0432\u0430\u0448\u0438\u043e\u0442 \u0434\u043e\u043c \u0438 \u043f\u043e\u0432\u043e\u043b\u043d\u0430 \u0446\u0435\u043d\u0430, \u043a\u043e\u0458 \u045c\u0435 \u0432\u0438 \u0433\u043e \u043f\u043e\u043d\u0443\u0434\u0438 \u0441\u0435\u0442\u043e \u0448\u0442\u043e \u0432\u0438 \u0435 \u043f\u043e\u0442\u0440\u0435\u0431\u043d\u043e.\",\"breadcrumb\":{\"@id\":\"https:\/\/ozone-gold.mk\/produkt\/ozobox-pro\/#breadcrumb\"},\"inLanguage\":\"sq\",\"potentialAction\":[{\"@type\":\"ReadAction\",\"target\":[\"https:\/\/ozone-gold.mk\/produkt\/ozobox-pro\/\"]}]},{\"@type\":\"ImageObject\",\"inLanguage\":\"sq\",\"@id\":\"https:\/\/ozone-gold.mk\/produkt\/ozobox-pro\/#primaryimage\",\"url\":\"https:\/\/ozone-gold.mk\/wp-content\/uploads\/2026\/03\/Ozobox-PRO.jpg\",\"contentUrl\":\"https:\/\/ozone-gold.mk\/wp-content\/uploads\/2026\/03\/Ozobox-PRO.jpg\",\"width\":1024,\"height\":1024},{\"@type\":\"BreadcrumbList\",\"@id\":\"https:\/\/ozone-gold.mk\/produkt\/ozobox-pro\/#breadcrumb\",\"itemListElement\":[{\"@type\":\"ListItem\",\"position\":1,\"name\":\"Home\",\"item\":\"https:\/\/ozone-gold.mk\/\"},{\"@type\":\"ListItem\",\"position\":2,\"name\":\"\u041f\u0440\u043e\u0434\u0430\u0432\u043d\u0438\u0446\u0430\",\"item\":\"https:\/\/ozone-gold.mk\/shop\/\"},{\"@type\":\"ListItem\",\"position\":3,\"name\":\"Ozobox PRO\"}]},{\"@type\":\"WebSite\",\"@id\":\"https:\/\/ozone-gold.mk\/sq\/#website\",\"url\":\"https:\/\/ozone-gold.mk\/sq\/\",\"name\":\"OZONE GOLD\",\"description\":\"\",\"potentialAction\":[{\"@type\":\"SearchAction\",\"target\":{\"@type\":\"EntryPoint\",\"urlTemplate\":\"https:\/\/ozone-gold.mk\/sq\/?s={search_term_string}\"},\"query-input\":{\"@type\":\"PropertyValueSpecification\",\"valueRequired\":true,\"valueName\":\"search_term_string\"}}],\"inLanguage\":\"sq\"}]}<\/script>\n<meta property=\"product:price:amount\" content=\"36549\" \/>\n<meta property=\"product:price:currency\" content=\"MKD\" \/>\n<meta property=\"og:availability\" content=\"instock\" \/>\n<meta property=\"product:availability\" content=\"instock\" \/>\n<meta property=\"product:retailer_item_id\" content=\"0750122525201-750122525202\" \/>\n<meta property=\"product:condition\" content=\"new\" \/>\n<!-- \/ Yoast SEO Premium plugin. -->","yoast_head_json":{"title":"Ozobox PRO - OZONE GOLD","description":"\u041d\u0430\u0458\u0434\u043e\u0431\u0440\u0438\u043e\u0442 \u0443\u0440\u0435\u0434 \u0437\u0430 \u043e\u0437\u043e\u043d\u0441\u043a\u0430 \u0442\u0435\u0440\u0430\u043f\u0438\u0458\u0430 \u043d\u0430 \u043f\u0430\u0437\u0430\u0440\u043e\u0442, \u0441\u043e \u043f\u043e\u0432\u0435\u045c\u0435 \u043d\u0430\u043c\u0435\u043d\u0438 \u0437\u0430 \u0432\u0430\u0448\u0438\u043e\u0442 \u0434\u043e\u043c \u0438 \u043f\u043e\u0432\u043e\u043b\u043d\u0430 \u0446\u0435\u043d\u0430, \u043a\u043e\u0458 \u045c\u0435 \u0432\u0438 \u0433\u043e \u043f\u043e\u043d\u0443\u0434\u0438 \u0441\u0435\u0442\u043e \u0448\u0442\u043e \u0432\u0438 \u0435 \u043f\u043e\u0442\u0440\u0435\u0431\u043d\u043e.","robots":{"index":"index","follow":"follow","max-snippet":"max-snippet:-1","max-image-preview":"max-image-preview:large","max-video-preview":"max-video-preview:-1"},"canonical":"https:\/\/ozone-gold.mk\/sq\/produkt\/ozobox-pro\/","og_locale":"sq_AL","og_type":"article","og_title":"Ozobox PRO","og_description":"\u041d\u0430\u0458\u0434\u043e\u0431\u0440\u0438\u043e\u0442 \u0443\u0440\u0435\u0434 \u0437\u0430 \u043e\u0437\u043e\u043d\u0441\u043a\u0430 \u0442\u0435\u0440\u0430\u043f\u0438\u0458\u0430 \u043d\u0430 \u043f\u0430\u0437\u0430\u0440\u043e\u0442, \u0441\u043e \u043f\u043e\u0432\u0435\u045c\u0435 \u043d\u0430\u043c\u0435\u043d\u0438 \u0437\u0430 \u0432\u0430\u0448\u0438\u043e\u0442 \u0434\u043e\u043c \u0438 \u043f\u043e\u0432\u043e\u043b\u043d\u0430 \u0446\u0435\u043d\u0430, \u043a\u043e\u0458 \u045c\u0435 \u0432\u0438 \u0433\u043e \u043f\u043e\u043d\u0443\u0434\u0438 \u0441\u0435\u0442\u043e \u0448\u0442\u043e \u0432\u0438 \u0435 \u043f\u043e\u0442\u0440\u0435\u0431\u043d\u043e.","og_url":"https:\/\/ozone-gold.mk\/sq\/produkt\/ozobox-pro\/","og_site_name":"OZONE GOLD","article_modified_time":"2026-03-27T08:59:51+00:00","og_image":[{"width":1024,"height":1024,"url":"https:\/\/ozone-gold.mk\/wp-content\/uploads\/2026\/03\/Ozobox-PRO.jpg","type":"image\/jpeg"}],"twitter_card":"summary_large_image","twitter_misc":{"Price":"36.549&nbsp;&#x434;&#x435;&#x43d; \u0426\u0435\u043d\u0430 \u0441\u043e \u0414\u0414\u0412","Availability":"In stock"},"schema":{"@context":"https:\/\/schema.org","@graph":[{"@type":"WebPage","@id":"https:\/\/ozone-gold.mk\/produkt\/ozobox-pro\/","url":"https:\/\/ozone-gold.mk\/produkt\/ozobox-pro\/","name":"Ozobox PRO - OZONE GOLD","isPartOf":{"@id":"https:\/\/ozone-gold.mk\/sq\/#website"},"primaryImageOfPage":{"@id":"https:\/\/ozone-gold.mk\/produkt\/ozobox-pro\/#primaryimage"},"image":{"@id":"https:\/\/ozone-gold.mk\/produkt\/ozobox-pro\/#primaryimage"},"thumbnailUrl":"https:\/\/ozone-gold.mk\/wp-content\/uploads\/2026\/03\/Ozobox-PRO.jpg","datePublished":"2026-03-16T10:53:23+00:00","dateModified":"2026-03-27T08:59:51+00:00","description":"\u041d\u0430\u0458\u0434\u043e\u0431\u0440\u0438\u043e\u0442 \u0443\u0440\u0435\u0434 \u0437\u0430 \u043e\u0437\u043e\u043d\u0441\u043a\u0430 \u0442\u0435\u0440\u0430\u043f\u0438\u0458\u0430 \u043d\u0430 \u043f\u0430\u0437\u0430\u0440\u043e\u0442, \u0441\u043e \u043f\u043e\u0432\u0435\u045c\u0435 \u043d\u0430\u043c\u0435\u043d\u0438 \u0437\u0430 \u0432\u0430\u0448\u0438\u043e\u0442 \u0434\u043e\u043c \u0438 \u043f\u043e\u0432\u043e\u043b\u043d\u0430 \u0446\u0435\u043d\u0430, \u043a\u043e\u0458 \u045c\u0435 \u0432\u0438 \u0433\u043e \u043f\u043e\u043d\u0443\u0434\u0438 \u0441\u0435\u0442\u043e \u0448\u0442\u043e \u0432\u0438 \u0435 \u043f\u043e\u0442\u0440\u0435\u0431\u043d\u043e.","breadcrumb":{"@id":"https:\/\/ozone-gold.mk\/produkt\/ozobox-pro\/#breadcrumb"},"inLanguage":"sq","potentialAction":[{"@type":"ReadAction","target":["https:\/\/ozone-gold.mk\/produkt\/ozobox-pro\/"]}]},{"@type":"ImageObject","inLanguage":"sq","@id":"https:\/\/ozone-gold.mk\/produkt\/ozobox-pro\/#primaryimage","url":"https:\/\/ozone-gold.mk\/wp-content\/uploads\/2026\/03\/Ozobox-PRO.jpg","contentUrl":"https:\/\/ozone-gold.mk\/wp-content\/uploads\/2026\/03\/Ozobox-PRO.jpg","width":1024,"height":1024},{"@type":"BreadcrumbList","@id":"https:\/\/ozone-gold.mk\/produkt\/ozobox-pro\/#breadcrumb","itemListElement":[{"@type":"ListItem","position":1,"name":"Home","item":"https:\/\/ozone-gold.mk\/"},{"@type":"ListItem","position":2,"name":"\u041f\u0440\u043e\u0434\u0430\u0432\u043d\u0438\u0446\u0430","item":"https:\/\/ozone-gold.mk\/shop\/"},{"@type":"ListItem","position":3,"name":"Ozobox PRO"}]},{"@type":"WebSite","@id":"https:\/\/ozone-gold.mk\/sq\/#website","url":"https:\/\/ozone-gold.mk\/sq\/","name":"OZONE GOLD","description":"","potentialAction":[{"@type":"SearchAction","target":{"@type":"EntryPoint","urlTemplate":"https:\/\/ozone-gold.mk\/sq\/?s={search_term_string}"},"query-input":{"@type":"PropertyValueSpecification","valueRequired":true,"valueName":"search_term_string"}}],"inLanguage":"sq"}]},"product_price_amount":"36549","product_price_currency":"MKD","og_availability":"instock","product_availability":"instock","product_retailer_item_id":"0750122525201-750122525202","product_condition":"new"},"_links":{"self":[{"href":"https:\/\/ozone-gold.mk\/sq\/wp-json\/wp\/v2\/product\/27731","targetHints":{"allow":["GET"]}}],"collection":[{"href":"https:\/\/ozone-gold.mk\/sq\/wp-json\/wp\/v2\/product"}],"about":[{"href":"https:\/\/ozone-gold.mk\/sq\/wp-json\/wp\/v2\/types\/product"}],"replies":[{"embeddable":true,"href":"https:\/\/ozone-gold.mk\/sq\/wp-json\/wp\/v2\/comments?post=27731"}],"wp:featuredmedia":[{"embeddable":true,"href":"https:\/\/ozone-gold.mk\/sq\/wp-json\/wp\/v2\/media\/27754"}],"wp:attachment":[{"href":"https:\/\/ozone-gold.mk\/sq\/wp-json\/wp\/v2\/media?parent=27731"}],"wp:term":[{"taxonomy":"product_brand","embeddable":true,"href":"https:\/\/ozone-gold.mk\/sq\/wp-json\/wp\/v2\/product_brand?post=27731"},{"taxonomy":"product_cat","embeddable":true,"href":"https:\/\/ozone-gold.mk\/sq\/wp-json\/wp\/v2\/product_cat?post=27731"},{"taxonomy":"product_tag","embeddable":true,"href":"https:\/\/ozone-gold.mk\/sq\/wp-json\/wp\/v2\/product_tag?post=27731"}],"curies":[{"name":"wp","href":"https:\/\/api.w.org\/{rel}","templated":true}]}}