{"id":27776,"date":"2026-04-08T11:02:00","date_gmt":"2026-04-08T09:02:00","guid":{"rendered":"https:\/\/ozone-gold.mk\/?post_type=product&#038;p=27776"},"modified":"2026-04-08T13:32:43","modified_gmt":"2026-04-08T11:32:43","slug":"ozone-gold-promo-pack-intimate-spf50","status":"publish","type":"product","link":"https:\/\/ozone-gold.mk\/sq\/produkt\/ozone-gold-promo-pack-intimate-spf50\/","title":{"rendered":"OZONE GOLD &#8211;  \u041f\u0420\u041e\u041c\u041e\u0422\u0418\u0412\u0415\u041d \u041f\u0410\u041a\u0415\u0422 \u0421\u041f\u0420\u0415\u0408 \u0417\u0410 \u0418\u041d\u0422\u0418\u041c\u041d\u0410 \u041d\u0415\u0413\u0410 + \u041a\u0420\u0415\u041c\u0410 \u0417\u0410 \u0421\u041e\u041d\u0426\u0415 50SPF"},"content":{"rendered":"<h2><strong>Sprej p\u00ebr kujdes intim<\/strong><\/h2>\n<p>Ozone Gold\u00a0<strong>Spreji p\u00ebr kujdes intim<\/strong>\u00a0\u00ebsht\u00eb nj\u00eb produkt natyral q\u00eb ndihmon kund\u00ebr sekrecioneve vaginale, er\u00ebrave t\u00eb pak\u00ebndshme, irritimeve dhe kandid\u00ebs.\nMe formul\u00ebn e tij t\u00eb bazuar n\u00eb vaj ulliri t\u00eb ozonizuar, ky sprej mb\u00ebshtet higjien\u00ebn intime dhe ofron efekt afatgjat\u00eb.<\/p>\n<h2><strong>\u041a\u0420\u0415\u041c\u0410 \u0417\u0410 \u0421\u041e\u041d\u0426\u0415 50SPF<\/strong><\/h2>\n<p>Ky krem dielli ofron mbrojtje optimale nga rrezet UVA dhe UVB, e mban l\u00ebkur\u00ebn t\u00eb hidratuar, p\u00ebrthithet shpejt dhe nuk l\u00eb gjurm\u00eb. Parandalon s\u00ebmundjet e l\u00ebkur\u00ebs, plakjen, njollat dhe djegiet nga dielli.<\/p>","protected":false},"excerpt":{"rendered":"<div id=\"paketInfo\">\n<p>Paketa p\u00ebrmban:<\/p>\n<ul>\n<li><a href=\"https:\/\/ozone-gold.mk\/sq\/produkt\/ozone-gold-external-genital-spray-sprej-za-intimna-nega-28ml\/\">\u0421\u041f\u0420\u0415\u0408 \u0417\u0410 \u0418\u041d\u0422\u0418\u041c\u041d\u0410 \u041d\u0415\u0413\u0410 \u2013 28ml<\/a><\/li>\n<li><a href=\"https:\/\/ozone-gold.mk\/sq\/produkt\/ozone-gold-sun-cream-50spf-krema-za-sonce-50spf-50ml\/\">\u041a\u0420\u0415\u041c\u0410 \u0417\u0410 \u0421\u041e\u041d\u0426\u0415 50SPF &#8211; 50ml\n<p><\/a><\/li>\n<\/ul>\n<\/div>","protected":false},"featured_media":27787,"comment_status":"open","ping_status":"closed","template":"","meta":[],"product_brand":[],"product_cat":[18,19,20,30],"product_tag":[],"class_list":{"0":"post-27776","1":"product","2":"type-product","3":"status-publish","4":"has-post-thumbnail","6":"product_cat-kozmetika","7":"product_cat-nega-na-lice","8":"product_cat-programa-za-intimna-nega","9":"product_cat-promotivni-proizvodi","11":"first","12":"instock","13":"sale","14":"taxable","15":"shipping-taxable","16":"purchasable","17":"product-type-simple"},"yoast_head":"<!-- This site is optimized with the Yoast SEO Premium plugin v26.2 (Yoast SEO v27.2) - https:\/\/yoast.com\/product\/yoast-seo-premium-wordpress\/ -->\n<title>OZONE GOLD - \u041f\u0420\u041e\u041c\u041e\u0422\u0418\u0412\u0415\u041d \u041f\u0410\u041a\u0415\u0422 \u0421\u041f\u0420\u0415\u0408 \u0417\u0410 \u0418\u041d\u0422\u0418\u041c\u041d\u0410 \u041d\u0415\u0413\u0410 + \u041a\u0420\u0415\u041c\u0410 \u0417\u0410 \u0421\u041e\u041d\u0426\u0415 50SPF - OZONE GOLD<\/title>\n<meta name=\"robots\" content=\"index, follow, max-snippet:-1, max-image-preview:large, max-video-preview:-1\" \/>\n<link rel=\"canonical\" href=\"https:\/\/ozone-gold.mk\/sq\/produkt\/ozone-gold-promo-pack-intimate-spf50\/\" \/>\n<meta property=\"og:locale\" content=\"sq_AL\" \/>\n<meta property=\"og:type\" content=\"article\" \/>\n<meta property=\"og:title\" content=\"OZONE GOLD - \u041f\u0420\u041e\u041c\u041e\u0422\u0418\u0412\u0415\u041d \u041f\u0410\u041a\u0415\u0422 \u0421\u041f\u0420\u0415\u0408 \u0417\u0410 \u0418\u041d\u0422\u0418\u041c\u041d\u0410 \u041d\u0415\u0413\u0410 + \u041a\u0420\u0415\u041c\u0410 \u0417\u0410 \u0421\u041e\u041d\u0426\u0415 50SPF\" \/>\n<meta property=\"og:description\" content=\"\u041f\u0430\u043a\u0435\u0442\u043e\u0442 \u0441\u043e\u0434\u0440\u0436\u0438:   \u0421\u041f\u0420\u0415\u0408 \u0417\u0410 \u0418\u041d\u0422\u0418\u041c\u041d\u0410 \u041d\u0415\u0413\u0410 \u2013 28ml  \u041a\u0420\u0415\u041c\u0410 \u0417\u0410 \u0421\u041e\u041d\u0426\u0415 50SPF - 50ml\" \/>\n<meta property=\"og:url\" content=\"https:\/\/ozone-gold.mk\/sq\/produkt\/ozone-gold-promo-pack-intimate-spf50\/\" \/>\n<meta property=\"og:site_name\" content=\"OZONE GOLD\" \/>\n<meta property=\"article:modified_time\" content=\"2026-04-08T11:32:43+00:00\" \/>\n<meta property=\"og:image\" content=\"https:\/\/ozone-gold.mk\/wp-content\/uploads\/2026\/04\/paket-4-post.jpg\" \/>\n\t<meta property=\"og:image:width\" content=\"1920\" \/>\n\t<meta property=\"og:image:height\" content=\"1920\" \/>\n\t<meta property=\"og:image:type\" content=\"image\/jpeg\" \/>\n<meta name=\"twitter:card\" content=\"summary_large_image\" \/>\n<meta name=\"twitter:label1\" content=\"Price\" \/>\n\t<meta name=\"twitter:data1\" content=\"1.680&nbsp;&#x434;&#x435;&#x43d; \u0426\u0435\u043d\u0430 \u0441\u043e \u0414\u0414\u0412\" \/>\n\t<meta name=\"twitter:label2\" content=\"Availability\" \/>\n\t<meta name=\"twitter:data2\" content=\"In stock\" \/>\n<script type=\"application\/ld+json\" class=\"yoast-schema-graph\">{\"@context\":\"https:\/\/schema.org\",\"@graph\":[{\"@type\":\"WebPage\",\"@id\":\"https:\/\/ozone-gold.mk\/produkt\/ozone-gold-promo-pack-intimate-spf50\/\",\"url\":\"https:\/\/ozone-gold.mk\/produkt\/ozone-gold-promo-pack-intimate-spf50\/\",\"name\":\"OZONE GOLD - \u041f\u0420\u041e\u041c\u041e\u0422\u0418\u0412\u0415\u041d \u041f\u0410\u041a\u0415\u0422 \u0421\u041f\u0420\u0415\u0408 \u0417\u0410 \u0418\u041d\u0422\u0418\u041c\u041d\u0410 \u041d\u0415\u0413\u0410 + \u041a\u0420\u0415\u041c\u0410 \u0417\u0410 \u0421\u041e\u041d\u0426\u0415 50SPF - OZONE GOLD\",\"isPartOf\":{\"@id\":\"https:\/\/ozone-gold.mk\/sq\/#website\"},\"primaryImageOfPage\":{\"@id\":\"https:\/\/ozone-gold.mk\/produkt\/ozone-gold-promo-pack-intimate-spf50\/#primaryimage\"},\"image\":{\"@id\":\"https:\/\/ozone-gold.mk\/produkt\/ozone-gold-promo-pack-intimate-spf50\/#primaryimage\"},\"thumbnailUrl\":\"https:\/\/ozone-gold.mk\/wp-content\/uploads\/2026\/04\/paket-4-post.jpg\",\"datePublished\":\"2026-04-08T09:02:00+00:00\",\"dateModified\":\"2026-04-08T11:32:43+00:00\",\"breadcrumb\":{\"@id\":\"https:\/\/ozone-gold.mk\/produkt\/ozone-gold-promo-pack-intimate-spf50\/#breadcrumb\"},\"inLanguage\":\"sq\",\"potentialAction\":[{\"@type\":\"ReadAction\",\"target\":[\"https:\/\/ozone-gold.mk\/produkt\/ozone-gold-promo-pack-intimate-spf50\/\"]}]},{\"@type\":\"ImageObject\",\"inLanguage\":\"sq\",\"@id\":\"https:\/\/ozone-gold.mk\/produkt\/ozone-gold-promo-pack-intimate-spf50\/#primaryimage\",\"url\":\"https:\/\/ozone-gold.mk\/wp-content\/uploads\/2026\/04\/paket-4-post.jpg\",\"contentUrl\":\"https:\/\/ozone-gold.mk\/wp-content\/uploads\/2026\/04\/paket-4-post.jpg\",\"width\":1920,\"height\":1920},{\"@type\":\"BreadcrumbList\",\"@id\":\"https:\/\/ozone-gold.mk\/produkt\/ozone-gold-promo-pack-intimate-spf50\/#breadcrumb\",\"itemListElement\":[{\"@type\":\"ListItem\",\"position\":1,\"name\":\"Home\",\"item\":\"https:\/\/ozone-gold.mk\/\"},{\"@type\":\"ListItem\",\"position\":2,\"name\":\"\u041f\u0440\u043e\u0434\u0430\u0432\u043d\u0438\u0446\u0430\",\"item\":\"https:\/\/ozone-gold.mk\/shop\/\"},{\"@type\":\"ListItem\",\"position\":3,\"name\":\"OZONE GOLD &#8211; \u041f\u0420\u041e\u041c\u041e\u0422\u0418\u0412\u0415\u041d \u041f\u0410\u041a\u0415\u0422 \u0421\u041f\u0420\u0415\u0408 \u0417\u0410 \u0418\u041d\u0422\u0418\u041c\u041d\u0410 \u041d\u0415\u0413\u0410 + \u041a\u0420\u0415\u041c\u0410 \u0417\u0410 \u0421\u041e\u041d\u0426\u0415 50SPF\"}]},{\"@type\":\"WebSite\",\"@id\":\"https:\/\/ozone-gold.mk\/sq\/#website\",\"url\":\"https:\/\/ozone-gold.mk\/sq\/\",\"name\":\"OZONE GOLD\",\"description\":\"\",\"potentialAction\":[{\"@type\":\"SearchAction\",\"target\":{\"@type\":\"EntryPoint\",\"urlTemplate\":\"https:\/\/ozone-gold.mk\/sq\/?s={search_term_string}\"},\"query-input\":{\"@type\":\"PropertyValueSpecification\",\"valueRequired\":true,\"valueName\":\"search_term_string\"}}],\"inLanguage\":\"sq\"}]}<\/script>\n<meta property=\"product:price:amount\" content=\"1680\" \/>\n<meta property=\"product:price:currency\" content=\"MKD\" \/>\n<meta property=\"og:availability\" content=\"instock\" \/>\n<meta property=\"product:availability\" content=\"instock\" \/>\n<meta property=\"product:condition\" content=\"new\" \/>\n<!-- \/ Yoast SEO Premium plugin. -->","yoast_head_json":{"title":"OZONE GOLD - \u041f\u0420\u041e\u041c\u041e\u0422\u0418\u0412\u0415\u041d \u041f\u0410\u041a\u0415\u0422 \u0421\u041f\u0420\u0415\u0408 \u0417\u0410 \u0418\u041d\u0422\u0418\u041c\u041d\u0410 \u041d\u0415\u0413\u0410 + \u041a\u0420\u0415\u041c\u0410 \u0417\u0410 \u0421\u041e\u041d\u0426\u0415 50SPF - OZONE GOLD","robots":{"index":"index","follow":"follow","max-snippet":"max-snippet:-1","max-image-preview":"max-image-preview:large","max-video-preview":"max-video-preview:-1"},"canonical":"https:\/\/ozone-gold.mk\/sq\/produkt\/ozone-gold-promo-pack-intimate-spf50\/","og_locale":"sq_AL","og_type":"article","og_title":"OZONE GOLD - \u041f\u0420\u041e\u041c\u041e\u0422\u0418\u0412\u0415\u041d \u041f\u0410\u041a\u0415\u0422 \u0421\u041f\u0420\u0415\u0408 \u0417\u0410 \u0418\u041d\u0422\u0418\u041c\u041d\u0410 \u041d\u0415\u0413\u0410 + \u041a\u0420\u0415\u041c\u0410 \u0417\u0410 \u0421\u041e\u041d\u0426\u0415 50SPF","og_description":"\u041f\u0430\u043a\u0435\u0442\u043e\u0442 \u0441\u043e\u0434\u0440\u0436\u0438:   \u0421\u041f\u0420\u0415\u0408 \u0417\u0410 \u0418\u041d\u0422\u0418\u041c\u041d\u0410 \u041d\u0415\u0413\u0410 \u2013 28ml  \u041a\u0420\u0415\u041c\u0410 \u0417\u0410 \u0421\u041e\u041d\u0426\u0415 50SPF - 50ml","og_url":"https:\/\/ozone-gold.mk\/sq\/produkt\/ozone-gold-promo-pack-intimate-spf50\/","og_site_name":"OZONE GOLD","article_modified_time":"2026-04-08T11:32:43+00:00","og_image":[{"width":1920,"height":1920,"url":"https:\/\/ozone-gold.mk\/wp-content\/uploads\/2026\/04\/paket-4-post.jpg","type":"image\/jpeg"}],"twitter_card":"summary_large_image","twitter_misc":{"Price":"1.680&nbsp;&#x434;&#x435;&#x43d; \u0426\u0435\u043d\u0430 \u0441\u043e \u0414\u0414\u0412","Availability":"In stock"},"schema":{"@context":"https:\/\/schema.org","@graph":[{"@type":"WebPage","@id":"https:\/\/ozone-gold.mk\/produkt\/ozone-gold-promo-pack-intimate-spf50\/","url":"https:\/\/ozone-gold.mk\/produkt\/ozone-gold-promo-pack-intimate-spf50\/","name":"OZONE GOLD - \u041f\u0420\u041e\u041c\u041e\u0422\u0418\u0412\u0415\u041d \u041f\u0410\u041a\u0415\u0422 \u0421\u041f\u0420\u0415\u0408 \u0417\u0410 \u0418\u041d\u0422\u0418\u041c\u041d\u0410 \u041d\u0415\u0413\u0410 + \u041a\u0420\u0415\u041c\u0410 \u0417\u0410 \u0421\u041e\u041d\u0426\u0415 50SPF - OZONE GOLD","isPartOf":{"@id":"https:\/\/ozone-gold.mk\/sq\/#website"},"primaryImageOfPage":{"@id":"https:\/\/ozone-gold.mk\/produkt\/ozone-gold-promo-pack-intimate-spf50\/#primaryimage"},"image":{"@id":"https:\/\/ozone-gold.mk\/produkt\/ozone-gold-promo-pack-intimate-spf50\/#primaryimage"},"thumbnailUrl":"https:\/\/ozone-gold.mk\/wp-content\/uploads\/2026\/04\/paket-4-post.jpg","datePublished":"2026-04-08T09:02:00+00:00","dateModified":"2026-04-08T11:32:43+00:00","breadcrumb":{"@id":"https:\/\/ozone-gold.mk\/produkt\/ozone-gold-promo-pack-intimate-spf50\/#breadcrumb"},"inLanguage":"sq","potentialAction":[{"@type":"ReadAction","target":["https:\/\/ozone-gold.mk\/produkt\/ozone-gold-promo-pack-intimate-spf50\/"]}]},{"@type":"ImageObject","inLanguage":"sq","@id":"https:\/\/ozone-gold.mk\/produkt\/ozone-gold-promo-pack-intimate-spf50\/#primaryimage","url":"https:\/\/ozone-gold.mk\/wp-content\/uploads\/2026\/04\/paket-4-post.jpg","contentUrl":"https:\/\/ozone-gold.mk\/wp-content\/uploads\/2026\/04\/paket-4-post.jpg","width":1920,"height":1920},{"@type":"BreadcrumbList","@id":"https:\/\/ozone-gold.mk\/produkt\/ozone-gold-promo-pack-intimate-spf50\/#breadcrumb","itemListElement":[{"@type":"ListItem","position":1,"name":"Home","item":"https:\/\/ozone-gold.mk\/"},{"@type":"ListItem","position":2,"name":"\u041f\u0440\u043e\u0434\u0430\u0432\u043d\u0438\u0446\u0430","item":"https:\/\/ozone-gold.mk\/shop\/"},{"@type":"ListItem","position":3,"name":"OZONE GOLD &#8211; \u041f\u0420\u041e\u041c\u041e\u0422\u0418\u0412\u0415\u041d \u041f\u0410\u041a\u0415\u0422 \u0421\u041f\u0420\u0415\u0408 \u0417\u0410 \u0418\u041d\u0422\u0418\u041c\u041d\u0410 \u041d\u0415\u0413\u0410 + \u041a\u0420\u0415\u041c\u0410 \u0417\u0410 \u0421\u041e\u041d\u0426\u0415 50SPF"}]},{"@type":"WebSite","@id":"https:\/\/ozone-gold.mk\/sq\/#website","url":"https:\/\/ozone-gold.mk\/sq\/","name":"OZONE GOLD","description":"","potentialAction":[{"@type":"SearchAction","target":{"@type":"EntryPoint","urlTemplate":"https:\/\/ozone-gold.mk\/sq\/?s={search_term_string}"},"query-input":{"@type":"PropertyValueSpecification","valueRequired":true,"valueName":"search_term_string"}}],"inLanguage":"sq"}]},"product_price_amount":"1680","product_price_currency":"MKD","og_availability":"instock","product_availability":"instock","product_condition":"new"},"_links":{"self":[{"href":"https:\/\/ozone-gold.mk\/sq\/wp-json\/wp\/v2\/product\/27776","targetHints":{"allow":["GET"]}}],"collection":[{"href":"https:\/\/ozone-gold.mk\/sq\/wp-json\/wp\/v2\/product"}],"about":[{"href":"https:\/\/ozone-gold.mk\/sq\/wp-json\/wp\/v2\/types\/product"}],"replies":[{"embeddable":true,"href":"https:\/\/ozone-gold.mk\/sq\/wp-json\/wp\/v2\/comments?post=27776"}],"wp:featuredmedia":[{"embeddable":true,"href":"https:\/\/ozone-gold.mk\/sq\/wp-json\/wp\/v2\/media\/27787"}],"wp:attachment":[{"href":"https:\/\/ozone-gold.mk\/sq\/wp-json\/wp\/v2\/media?parent=27776"}],"wp:term":[{"taxonomy":"product_brand","embeddable":true,"href":"https:\/\/ozone-gold.mk\/sq\/wp-json\/wp\/v2\/product_brand?post=27776"},{"taxonomy":"product_cat","embeddable":true,"href":"https:\/\/ozone-gold.mk\/sq\/wp-json\/wp\/v2\/product_cat?post=27776"},{"taxonomy":"product_tag","embeddable":true,"href":"https:\/\/ozone-gold.mk\/sq\/wp-json\/wp\/v2\/product_tag?post=27776"}],"curies":[{"name":"wp","href":"https:\/\/api.w.org\/{rel}","templated":true}]}}