{"id":27779,"date":"2026-04-08T11:29:33","date_gmt":"2026-04-08T09:29:33","guid":{"rendered":"https:\/\/ozone-gold.mk\/?post_type=product&#038;p=27779"},"modified":"2026-04-08T13:32:09","modified_gmt":"2026-04-08T11:32:09","slug":"ozone-gold-%d0%bf%d1%80%d0%be%d0%bc%d0%be%d1%82%d0%b8%d0%b2%d0%b5%d0%bd-%d0%bf%d0%b0%d0%ba%d0%b5%d1%82-%d0%be%d0%b7%d0%be%d0%bd%d0%b8%d1%80%d0%b0%d0%bd%d0%b0-%d0%ba%d1%80%d0%b5%d0%bc%d0%b0-%d0%bf","status":"publish","type":"product","link":"https:\/\/ozone-gold.mk\/sq\/produkt\/ozone-gold-%d0%bf%d1%80%d0%be%d0%bc%d0%be%d1%82%d0%b8%d0%b2%d0%b5%d0%bd-%d0%bf%d0%b0%d0%ba%d0%b5%d1%82-%d0%be%d0%b7%d0%be%d0%bd%d0%b8%d1%80%d0%b0%d0%bd%d0%b0-%d0%ba%d1%80%d0%b5%d0%bc%d0%b0-%d0%bf\/","title":{"rendered":"OZONE GOLD &#8211; \u041f\u0420\u041e\u041c\u041e\u0422\u0418\u0412\u0415\u041d \u041f\u0410\u041a\u0415\u0422 \u041e\u0417\u041e\u041d\u0418\u0420\u0410\u041d\u0410 \u041a\u0420\u0415\u041c\u0410 \u041f\u0420\u041e\u0422\u0418\u0412 \u0411\u041e\u041b\u041a\u0410 + \u041f\u041e\u0414\u0410\u0420\u041e\u041a \u0413\u0415\u041b \u0417\u0410 \u0422\u0423\u0428\u0418\u0420\u0410\u040a\u0415"},"content":{"rendered":"<h2><strong>\u041e\u0417\u041e\u041d\u0418\u0420\u0410\u041d\u0410 \u041a\u0420\u0415\u041c\u0410 \u041f\u0420\u041e\u0422\u0418\u0412 \u0411\u041e\u041b\u041a\u0410<\/strong><\/h2>\n<h2><strong>Karakteristikat:<\/strong><\/h2>\n<p>Ozone Gold Kremi me ozon kund\u00ebr dhimbjes \u00ebsht\u00eb i pasuruar me vajra natyrale. Kremi kund\u00ebr dhimbjes nd\u00ebrvepron me substancat q\u00eb shkaktojn\u00eb dhimbjen (nd\u00ebrmjet\u00ebsuesit) me 2 mekanizma t\u00eb pavarur:<\/p>\n<h3><strong>Mekanizmi afatshkurt\u00ebr p\u00ebr zvog\u00eblimin e dhimbjes:<\/strong><\/h3>\n<p>jep efektin e qet\u00ebsimit afatshkurt\u00ebr i cili shkaktohet me reagim t\u00eb drejtp\u00ebrdrejt\u00eb t\u00eb oksidimit t\u00eb molekulave bio.<\/p>\n<h3 class=\"translation-block\">Mekanizmi afatgjat\u00eb p\u00ebr zvog\u00eblimin e dhimbjes:<\/h3>\n<p>aktivizohet nga efektet e reaksionit antioksidues. N\u00eb t\u00eb nj\u00ebjt\u00ebn koh\u00eb, ozoni kontrollon kalimin e tij n\u00ebp\u00ebr membran\u00ebs qelizore, duke rezultuar me nj\u00eb efekt qet\u00ebsues. Me stimulimin e sistemit natyror t\u00eb morfin\u00ebs, dhimbja zvog\u00eblohet, dhe n\u00eb t\u00eb nj\u00ebjt\u00ebn koh\u00eb reflekset e dhimbjes p\u00ebrmir\u00ebsohen. Gjithashtu \u00ebsht\u00eb treguar se ozoni p\u00ebrmir\u00ebson funksionin nervor.<\/p>","protected":false},"excerpt":{"rendered":"<div id=\"paketInfo\">\n<p>Paketa p\u00ebrmban:<\/p>\n<ul>\n<li><a href=\"https:\/\/ozone-gold.mk\/sq\/produkt\/ozone-gold-ozone-fix-cream-ozonirana-krema-protiv-bolka-50ml\/\">\u041e\u0417\u041e\u041d\u0418\u0420\u0410\u041d\u0410 \u041a\u0420\u0415\u041c\u0410 \u041f\u0420\u041e\u0422\u0418\u0412 \u0411\u041e\u041b\u041a\u0410 \u2013 50ml<\/a><\/li>\n<li><a href=\"https:\/\/ozone-gold.mk\/sq\/produkt\/ozone-gold-gel-za-tushiranje-vanila-karamela\/\">\u0413\u0415\u041b \u0417\u0410 \u0422\u0423\u0428\u0418\u0420\u0410\u040a\u0415 \u0412\u0410\u041d\u0418\u041b\u0410-\u041a\u0410\u0420\u0410\u041c\u0415\u041b\u0410 &#8211; 500ml<\/a><\/li>\n<\/ul>\n<\/div>","protected":false},"featured_media":27789,"comment_status":"open","ping_status":"closed","template":"","meta":[],"product_brand":[],"product_cat":[18,23,24,30],"product_tag":[],"class_list":{"0":"post-27779","1":"product","2":"type-product","3":"status-publish","4":"has-post-thumbnail","6":"product_cat-kozmetika","7":"product_cat-kremi-za-specifichni-nameni","8":"product_cat-programa-za-nega-na-lice-i-telo","9":"product_cat-promotivni-proizvodi","11":"first","12":"instock","13":"sale","14":"taxable","15":"shipping-taxable","16":"purchasable","17":"product-type-simple"},"yoast_head":"<!-- This site is optimized with the Yoast SEO Premium plugin v26.2 (Yoast SEO v27.2) - https:\/\/yoast.com\/product\/yoast-seo-premium-wordpress\/ -->\n<title>OZONE GOLD \u041e\u0417\u041e\u041d\u0418\u0420\u0410\u041d\u0410 \u041a\u0420\u0415\u041c\u0410 \u041f\u0420\u041e\u0422\u0418\u0412 \u0411\u041e\u041b\u041a\u0410 50\u043c\u043b<\/title>\n<meta name=\"description\" content=\"OZONE GOLD \u041e\u0417\u041e\u041d\u0418\u0420\u0410\u041d\u0410 \u041a\u0420\u0415\u041c\u0410 \u041f\u0420\u041e\u0422\u0418\u0412 \u0411\u041e\u041b\u041a\u0410 - \u0458\u0430 \u0441\u043c\u0438\u0440\u0443\u0432\u0430 \u0431\u043e\u043b\u043a\u0430\u0442\u0430 \u043f\u0440\u0435\u043a\u0443 \u043e\u043a\u0441\u0438\u0434\u0430\u0446\u0438\u0458\u0430 \u0438 \u0430\u043d\u0442\u0438\u043e\u043a\u0441\u0438\u0434\u0430\u043d\u0442\u043d\u043e \u0434\u0435\u0458\u0441\u0442\u0432\u043e, \u0441\u0442\u0438\u043c\u0443\u043b\u0438\u0440\u0430\u0458\u045c\u0438 \u0433\u043e \u043f\u0440\u0438\u0440\u043e\u0434\u043d\u0438\u043e\u0442 \u0441\u0438\u0441\u0442\u0435\u043c \u0437\u0430 \u0443\u0431\u043b\u0430\u0436\u0443\u0432\u0430\u045a\u0435.\" \/>\n<meta name=\"robots\" content=\"index, follow, max-snippet:-1, max-image-preview:large, max-video-preview:-1\" \/>\n<link rel=\"canonical\" href=\"https:\/\/ozone-gold.mk\/sq\/produkt\/ozone-gold-\u043f\u0440\u043e\u043c\u043e\u0442\u0438\u0432\u0435\u043d-\u043f\u0430\u043a\u0435\u0442-\u043e\u0437\u043e\u043d\u0438\u0440\u0430\u043d\u0430-\u043a\u0440\u0435\u043c\u0430-\u043f\/\" \/>\n<meta property=\"og:locale\" content=\"sq_AL\" \/>\n<meta property=\"og:type\" content=\"article\" \/>\n<meta property=\"og:title\" content=\"OZONE GOLD - \u041f\u0420\u041e\u041c\u041e\u0422\u0418\u0412\u0415\u041d \u041f\u0410\u041a\u0415\u0422 \u041e\u0417\u041e\u041d\u0418\u0420\u0410\u041d\u0410 \u041a\u0420\u0415\u041c\u0410 \u041f\u0420\u041e\u0422\u0418\u0412 \u0411\u041e\u041b\u041a\u0410 + \u041f\u041e\u0414\u0410\u0420\u041e\u041a \u0413\u0415\u041b \u0417\u0410 \u0422\u0423\u0428\u0418\u0420\u0410\u040a\u0415\" \/>\n<meta property=\"og:description\" content=\"OZONE GOLD \u041e\u0417\u041e\u041d\u0418\u0420\u0410\u041d\u0410 \u041a\u0420\u0415\u041c\u0410 \u041f\u0420\u041e\u0422\u0418\u0412 \u0411\u041e\u041b\u041a\u0410 - \u0458\u0430 \u0441\u043c\u0438\u0440\u0443\u0432\u0430 \u0431\u043e\u043b\u043a\u0430\u0442\u0430 \u043f\u0440\u0435\u043a\u0443 \u043e\u043a\u0441\u0438\u0434\u0430\u0446\u0438\u0458\u0430 \u0438 \u0430\u043d\u0442\u0438\u043e\u043a\u0441\u0438\u0434\u0430\u043d\u0442\u043d\u043e \u0434\u0435\u0458\u0441\u0442\u0432\u043e, \u0441\u0442\u0438\u043c\u0443\u043b\u0438\u0440\u0430\u0458\u045c\u0438 \u0433\u043e \u043f\u0440\u0438\u0440\u043e\u0434\u043d\u0438\u043e\u0442 \u0441\u0438\u0441\u0442\u0435\u043c \u0437\u0430 \u0443\u0431\u043b\u0430\u0436\u0443\u0432\u0430\u045a\u0435.\" \/>\n<meta property=\"og:url\" content=\"https:\/\/ozone-gold.mk\/sq\/produkt\/ozone-gold-\u043f\u0440\u043e\u043c\u043e\u0442\u0438\u0432\u0435\u043d-\u043f\u0430\u043a\u0435\u0442-\u043e\u0437\u043e\u043d\u0438\u0440\u0430\u043d\u0430-\u043a\u0440\u0435\u043c\u0430-\u043f\/\" \/>\n<meta property=\"og:site_name\" content=\"OZONE GOLD\" \/>\n<meta property=\"article:modified_time\" content=\"2026-04-08T11:32:09+00:00\" \/>\n<meta property=\"og:image\" content=\"https:\/\/ozone-gold.mk\/wp-content\/uploads\/2026\/04\/paket-5-post.jpg\" \/>\n\t<meta property=\"og:image:width\" content=\"1920\" \/>\n\t<meta property=\"og:image:height\" content=\"1920\" \/>\n\t<meta property=\"og:image:type\" content=\"image\/jpeg\" \/>\n<meta name=\"twitter:card\" content=\"summary_large_image\" \/>\n<meta name=\"twitter:label1\" content=\"Price\" \/>\n\t<meta name=\"twitter:data1\" content=\"680&nbsp;&#x434;&#x435;&#x43d; \u0426\u0435\u043d\u0430 \u0441\u043e \u0414\u0414\u0412\" \/>\n\t<meta name=\"twitter:label2\" content=\"Availability\" \/>\n\t<meta name=\"twitter:data2\" content=\"In stock\" \/>\n<script type=\"application\/ld+json\" class=\"yoast-schema-graph\">{\"@context\":\"https:\/\/schema.org\",\"@graph\":[{\"@type\":\"WebPage\",\"@id\":\"https:\/\/ozone-gold.mk\/produkt\/ozone-gold-%d0%bf%d1%80%d0%be%d0%bc%d0%be%d1%82%d0%b8%d0%b2%d0%b5%d0%bd-%d0%bf%d0%b0%d0%ba%d0%b5%d1%82-%d0%be%d0%b7%d0%be%d0%bd%d0%b8%d1%80%d0%b0%d0%bd%d0%b0-%d0%ba%d1%80%d0%b5%d0%bc%d0%b0-%d0%bf\/\",\"url\":\"https:\/\/ozone-gold.mk\/produkt\/ozone-gold-%d0%bf%d1%80%d0%be%d0%bc%d0%be%d1%82%d0%b8%d0%b2%d0%b5%d0%bd-%d0%bf%d0%b0%d0%ba%d0%b5%d1%82-%d0%be%d0%b7%d0%be%d0%bd%d0%b8%d1%80%d0%b0%d0%bd%d0%b0-%d0%ba%d1%80%d0%b5%d0%bc%d0%b0-%d0%bf\/\",\"name\":\"OZONE GOLD \u041e\u0417\u041e\u041d\u0418\u0420\u0410\u041d\u0410 \u041a\u0420\u0415\u041c\u0410 \u041f\u0420\u041e\u0422\u0418\u0412 \u0411\u041e\u041b\u041a\u0410 50\u043c\u043b\",\"isPartOf\":{\"@id\":\"https:\/\/ozone-gold.mk\/sq\/#website\"},\"primaryImageOfPage\":{\"@id\":\"https:\/\/ozone-gold.mk\/produkt\/ozone-gold-%d0%bf%d1%80%d0%be%d0%bc%d0%be%d1%82%d0%b8%d0%b2%d0%b5%d0%bd-%d0%bf%d0%b0%d0%ba%d0%b5%d1%82-%d0%be%d0%b7%d0%be%d0%bd%d0%b8%d1%80%d0%b0%d0%bd%d0%b0-%d0%ba%d1%80%d0%b5%d0%bc%d0%b0-%d0%bf\/#primaryimage\"},\"image\":{\"@id\":\"https:\/\/ozone-gold.mk\/produkt\/ozone-gold-%d0%bf%d1%80%d0%be%d0%bc%d0%be%d1%82%d0%b8%d0%b2%d0%b5%d0%bd-%d0%bf%d0%b0%d0%ba%d0%b5%d1%82-%d0%be%d0%b7%d0%be%d0%bd%d0%b8%d1%80%d0%b0%d0%bd%d0%b0-%d0%ba%d1%80%d0%b5%d0%bc%d0%b0-%d0%bf\/#primaryimage\"},\"thumbnailUrl\":\"https:\/\/ozone-gold.mk\/wp-content\/uploads\/2026\/04\/paket-5-post.jpg\",\"datePublished\":\"2026-04-08T09:29:33+00:00\",\"dateModified\":\"2026-04-08T11:32:09+00:00\",\"description\":\"OZONE GOLD \u041e\u0417\u041e\u041d\u0418\u0420\u0410\u041d\u0410 \u041a\u0420\u0415\u041c\u0410 \u041f\u0420\u041e\u0422\u0418\u0412 \u0411\u041e\u041b\u041a\u0410 - \u0458\u0430 \u0441\u043c\u0438\u0440\u0443\u0432\u0430 \u0431\u043e\u043b\u043a\u0430\u0442\u0430 \u043f\u0440\u0435\u043a\u0443 \u043e\u043a\u0441\u0438\u0434\u0430\u0446\u0438\u0458\u0430 \u0438 \u0430\u043d\u0442\u0438\u043e\u043a\u0441\u0438\u0434\u0430\u043d\u0442\u043d\u043e \u0434\u0435\u0458\u0441\u0442\u0432\u043e, \u0441\u0442\u0438\u043c\u0443\u043b\u0438\u0440\u0430\u0458\u045c\u0438 \u0433\u043e \u043f\u0440\u0438\u0440\u043e\u0434\u043d\u0438\u043e\u0442 \u0441\u0438\u0441\u0442\u0435\u043c \u0437\u0430 \u0443\u0431\u043b\u0430\u0436\u0443\u0432\u0430\u045a\u0435.\",\"breadcrumb\":{\"@id\":\"https:\/\/ozone-gold.mk\/produkt\/ozone-gold-%d0%bf%d1%80%d0%be%d0%bc%d0%be%d1%82%d0%b8%d0%b2%d0%b5%d0%bd-%d0%bf%d0%b0%d0%ba%d0%b5%d1%82-%d0%be%d0%b7%d0%be%d0%bd%d0%b8%d1%80%d0%b0%d0%bd%d0%b0-%d0%ba%d1%80%d0%b5%d0%bc%d0%b0-%d0%bf\/#breadcrumb\"},\"inLanguage\":\"sq\",\"potentialAction\":[{\"@type\":\"ReadAction\",\"target\":[\"https:\/\/ozone-gold.mk\/produkt\/ozone-gold-%d0%bf%d1%80%d0%be%d0%bc%d0%be%d1%82%d0%b8%d0%b2%d0%b5%d0%bd-%d0%bf%d0%b0%d0%ba%d0%b5%d1%82-%d0%be%d0%b7%d0%be%d0%bd%d0%b8%d1%80%d0%b0%d0%bd%d0%b0-%d0%ba%d1%80%d0%b5%d0%bc%d0%b0-%d0%bf\/\"]}]},{\"@type\":\"ImageObject\",\"inLanguage\":\"sq\",\"@id\":\"https:\/\/ozone-gold.mk\/produkt\/ozone-gold-%d0%bf%d1%80%d0%be%d0%bc%d0%be%d1%82%d0%b8%d0%b2%d0%b5%d0%bd-%d0%bf%d0%b0%d0%ba%d0%b5%d1%82-%d0%be%d0%b7%d0%be%d0%bd%d0%b8%d1%80%d0%b0%d0%bd%d0%b0-%d0%ba%d1%80%d0%b5%d0%bc%d0%b0-%d0%bf\/#primaryimage\",\"url\":\"https:\/\/ozone-gold.mk\/wp-content\/uploads\/2026\/04\/paket-5-post.jpg\",\"contentUrl\":\"https:\/\/ozone-gold.mk\/wp-content\/uploads\/2026\/04\/paket-5-post.jpg\",\"width\":1920,\"height\":1920},{\"@type\":\"BreadcrumbList\",\"@id\":\"https:\/\/ozone-gold.mk\/produkt\/ozone-gold-%d0%bf%d1%80%d0%be%d0%bc%d0%be%d1%82%d0%b8%d0%b2%d0%b5%d0%bd-%d0%bf%d0%b0%d0%ba%d0%b5%d1%82-%d0%be%d0%b7%d0%be%d0%bd%d0%b8%d1%80%d0%b0%d0%bd%d0%b0-%d0%ba%d1%80%d0%b5%d0%bc%d0%b0-%d0%bf\/#breadcrumb\",\"itemListElement\":[{\"@type\":\"ListItem\",\"position\":1,\"name\":\"Home\",\"item\":\"https:\/\/ozone-gold.mk\/\"},{\"@type\":\"ListItem\",\"position\":2,\"name\":\"\u041f\u0440\u043e\u0434\u0430\u0432\u043d\u0438\u0446\u0430\",\"item\":\"https:\/\/ozone-gold.mk\/shop\/\"},{\"@type\":\"ListItem\",\"position\":3,\"name\":\"OZONE GOLD &#8211; \u041f\u0420\u041e\u041c\u041e\u0422\u0418\u0412\u0415\u041d \u041f\u0410\u041a\u0415\u0422 \u041e\u0417\u041e\u041d\u0418\u0420\u0410\u041d\u0410 \u041a\u0420\u0415\u041c\u0410 \u041f\u0420\u041e\u0422\u0418\u0412 \u0411\u041e\u041b\u041a\u0410 + \u041f\u041e\u0414\u0410\u0420\u041e\u041a \u0413\u0415\u041b \u0417\u0410 \u0422\u0423\u0428\u0418\u0420\u0410\u040a\u0415\"}]},{\"@type\":\"WebSite\",\"@id\":\"https:\/\/ozone-gold.mk\/sq\/#website\",\"url\":\"https:\/\/ozone-gold.mk\/sq\/\",\"name\":\"OZONE GOLD\",\"description\":\"\",\"potentialAction\":[{\"@type\":\"SearchAction\",\"target\":{\"@type\":\"EntryPoint\",\"urlTemplate\":\"https:\/\/ozone-gold.mk\/sq\/?s={search_term_string}\"},\"query-input\":{\"@type\":\"PropertyValueSpecification\",\"valueRequired\":true,\"valueName\":\"search_term_string\"}}],\"inLanguage\":\"sq\"}]}<\/script>\n<meta property=\"product:price:amount\" content=\"680\" \/>\n<meta property=\"product:price:currency\" content=\"MKD\" \/>\n<meta property=\"og:availability\" content=\"instock\" \/>\n<meta property=\"product:availability\" content=\"instock\" \/>\n<meta property=\"product:retailer_item_id\" content=\"8680885440850-680885440851\" \/>\n<meta property=\"product:condition\" content=\"new\" \/>\n<!-- \/ Yoast SEO Premium plugin. -->","yoast_head_json":{"title":"OZONE GOLD \u041e\u0417\u041e\u041d\u0418\u0420\u0410\u041d\u0410 \u041a\u0420\u0415\u041c\u0410 \u041f\u0420\u041e\u0422\u0418\u0412 \u0411\u041e\u041b\u041a\u0410 50\u043c\u043b","description":"OZONE GOLD \u041e\u0417\u041e\u041d\u0418\u0420\u0410\u041d\u0410 \u041a\u0420\u0415\u041c\u0410 \u041f\u0420\u041e\u0422\u0418\u0412 \u0411\u041e\u041b\u041a\u0410 - \u0458\u0430 \u0441\u043c\u0438\u0440\u0443\u0432\u0430 \u0431\u043e\u043b\u043a\u0430\u0442\u0430 \u043f\u0440\u0435\u043a\u0443 \u043e\u043a\u0441\u0438\u0434\u0430\u0446\u0438\u0458\u0430 \u0438 \u0430\u043d\u0442\u0438\u043e\u043a\u0441\u0438\u0434\u0430\u043d\u0442\u043d\u043e \u0434\u0435\u0458\u0441\u0442\u0432\u043e, \u0441\u0442\u0438\u043c\u0443\u043b\u0438\u0440\u0430\u0458\u045c\u0438 \u0433\u043e \u043f\u0440\u0438\u0440\u043e\u0434\u043d\u0438\u043e\u0442 \u0441\u0438\u0441\u0442\u0435\u043c \u0437\u0430 \u0443\u0431\u043b\u0430\u0436\u0443\u0432\u0430\u045a\u0435.","robots":{"index":"index","follow":"follow","max-snippet":"max-snippet:-1","max-image-preview":"max-image-preview:large","max-video-preview":"max-video-preview:-1"},"canonical":"https:\/\/ozone-gold.mk\/sq\/produkt\/ozone-gold-\u043f\u0440\u043e\u043c\u043e\u0442\u0438\u0432\u0435\u043d-\u043f\u0430\u043a\u0435\u0442-\u043e\u0437\u043e\u043d\u0438\u0440\u0430\u043d\u0430-\u043a\u0440\u0435\u043c\u0430-\u043f\/","og_locale":"sq_AL","og_type":"article","og_title":"OZONE GOLD - \u041f\u0420\u041e\u041c\u041e\u0422\u0418\u0412\u0415\u041d \u041f\u0410\u041a\u0415\u0422 \u041e\u0417\u041e\u041d\u0418\u0420\u0410\u041d\u0410 \u041a\u0420\u0415\u041c\u0410 \u041f\u0420\u041e\u0422\u0418\u0412 \u0411\u041e\u041b\u041a\u0410 + \u041f\u041e\u0414\u0410\u0420\u041e\u041a \u0413\u0415\u041b \u0417\u0410 \u0422\u0423\u0428\u0418\u0420\u0410\u040a\u0415","og_description":"OZONE GOLD \u041e\u0417\u041e\u041d\u0418\u0420\u0410\u041d\u0410 \u041a\u0420\u0415\u041c\u0410 \u041f\u0420\u041e\u0422\u0418\u0412 \u0411\u041e\u041b\u041a\u0410 - \u0458\u0430 \u0441\u043c\u0438\u0440\u0443\u0432\u0430 \u0431\u043e\u043b\u043a\u0430\u0442\u0430 \u043f\u0440\u0435\u043a\u0443 \u043e\u043a\u0441\u0438\u0434\u0430\u0446\u0438\u0458\u0430 \u0438 \u0430\u043d\u0442\u0438\u043e\u043a\u0441\u0438\u0434\u0430\u043d\u0442\u043d\u043e \u0434\u0435\u0458\u0441\u0442\u0432\u043e, \u0441\u0442\u0438\u043c\u0443\u043b\u0438\u0440\u0430\u0458\u045c\u0438 \u0433\u043e \u043f\u0440\u0438\u0440\u043e\u0434\u043d\u0438\u043e\u0442 \u0441\u0438\u0441\u0442\u0435\u043c \u0437\u0430 \u0443\u0431\u043b\u0430\u0436\u0443\u0432\u0430\u045a\u0435.","og_url":"https:\/\/ozone-gold.mk\/sq\/produkt\/ozone-gold-\u043f\u0440\u043e\u043c\u043e\u0442\u0438\u0432\u0435\u043d-\u043f\u0430\u043a\u0435\u0442-\u043e\u0437\u043e\u043d\u0438\u0440\u0430\u043d\u0430-\u043a\u0440\u0435\u043c\u0430-\u043f\/","og_site_name":"OZONE GOLD","article_modified_time":"2026-04-08T11:32:09+00:00","og_image":[{"width":1920,"height":1920,"url":"https:\/\/ozone-gold.mk\/wp-content\/uploads\/2026\/04\/paket-5-post.jpg","type":"image\/jpeg"}],"twitter_card":"summary_large_image","twitter_misc":{"Price":"680&nbsp;&#x434;&#x435;&#x43d; \u0426\u0435\u043d\u0430 \u0441\u043e \u0414\u0414\u0412","Availability":"In stock"},"schema":{"@context":"https:\/\/schema.org","@graph":[{"@type":"WebPage","@id":"https:\/\/ozone-gold.mk\/produkt\/ozone-gold-%d0%bf%d1%80%d0%be%d0%bc%d0%be%d1%82%d0%b8%d0%b2%d0%b5%d0%bd-%d0%bf%d0%b0%d0%ba%d0%b5%d1%82-%d0%be%d0%b7%d0%be%d0%bd%d0%b8%d1%80%d0%b0%d0%bd%d0%b0-%d0%ba%d1%80%d0%b5%d0%bc%d0%b0-%d0%bf\/","url":"https:\/\/ozone-gold.mk\/produkt\/ozone-gold-%d0%bf%d1%80%d0%be%d0%bc%d0%be%d1%82%d0%b8%d0%b2%d0%b5%d0%bd-%d0%bf%d0%b0%d0%ba%d0%b5%d1%82-%d0%be%d0%b7%d0%be%d0%bd%d0%b8%d1%80%d0%b0%d0%bd%d0%b0-%d0%ba%d1%80%d0%b5%d0%bc%d0%b0-%d0%bf\/","name":"OZONE GOLD \u041e\u0417\u041e\u041d\u0418\u0420\u0410\u041d\u0410 \u041a\u0420\u0415\u041c\u0410 \u041f\u0420\u041e\u0422\u0418\u0412 \u0411\u041e\u041b\u041a\u0410 50\u043c\u043b","isPartOf":{"@id":"https:\/\/ozone-gold.mk\/sq\/#website"},"primaryImageOfPage":{"@id":"https:\/\/ozone-gold.mk\/produkt\/ozone-gold-%d0%bf%d1%80%d0%be%d0%bc%d0%be%d1%82%d0%b8%d0%b2%d0%b5%d0%bd-%d0%bf%d0%b0%d0%ba%d0%b5%d1%82-%d0%be%d0%b7%d0%be%d0%bd%d0%b8%d1%80%d0%b0%d0%bd%d0%b0-%d0%ba%d1%80%d0%b5%d0%bc%d0%b0-%d0%bf\/#primaryimage"},"image":{"@id":"https:\/\/ozone-gold.mk\/produkt\/ozone-gold-%d0%bf%d1%80%d0%be%d0%bc%d0%be%d1%82%d0%b8%d0%b2%d0%b5%d0%bd-%d0%bf%d0%b0%d0%ba%d0%b5%d1%82-%d0%be%d0%b7%d0%be%d0%bd%d0%b8%d1%80%d0%b0%d0%bd%d0%b0-%d0%ba%d1%80%d0%b5%d0%bc%d0%b0-%d0%bf\/#primaryimage"},"thumbnailUrl":"https:\/\/ozone-gold.mk\/wp-content\/uploads\/2026\/04\/paket-5-post.jpg","datePublished":"2026-04-08T09:29:33+00:00","dateModified":"2026-04-08T11:32:09+00:00","description":"OZONE GOLD \u041e\u0417\u041e\u041d\u0418\u0420\u0410\u041d\u0410 \u041a\u0420\u0415\u041c\u0410 \u041f\u0420\u041e\u0422\u0418\u0412 \u0411\u041e\u041b\u041a\u0410 - \u0458\u0430 \u0441\u043c\u0438\u0440\u0443\u0432\u0430 \u0431\u043e\u043b\u043a\u0430\u0442\u0430 \u043f\u0440\u0435\u043a\u0443 \u043e\u043a\u0441\u0438\u0434\u0430\u0446\u0438\u0458\u0430 \u0438 \u0430\u043d\u0442\u0438\u043e\u043a\u0441\u0438\u0434\u0430\u043d\u0442\u043d\u043e \u0434\u0435\u0458\u0441\u0442\u0432\u043e, \u0441\u0442\u0438\u043c\u0443\u043b\u0438\u0440\u0430\u0458\u045c\u0438 \u0433\u043e \u043f\u0440\u0438\u0440\u043e\u0434\u043d\u0438\u043e\u0442 \u0441\u0438\u0441\u0442\u0435\u043c \u0437\u0430 \u0443\u0431\u043b\u0430\u0436\u0443\u0432\u0430\u045a\u0435.","breadcrumb":{"@id":"https:\/\/ozone-gold.mk\/produkt\/ozone-gold-%d0%bf%d1%80%d0%be%d0%bc%d0%be%d1%82%d0%b8%d0%b2%d0%b5%d0%bd-%d0%bf%d0%b0%d0%ba%d0%b5%d1%82-%d0%be%d0%b7%d0%be%d0%bd%d0%b8%d1%80%d0%b0%d0%bd%d0%b0-%d0%ba%d1%80%d0%b5%d0%bc%d0%b0-%d0%bf\/#breadcrumb"},"inLanguage":"sq","potentialAction":[{"@type":"ReadAction","target":["https:\/\/ozone-gold.mk\/produkt\/ozone-gold-%d0%bf%d1%80%d0%be%d0%bc%d0%be%d1%82%d0%b8%d0%b2%d0%b5%d0%bd-%d0%bf%d0%b0%d0%ba%d0%b5%d1%82-%d0%be%d0%b7%d0%be%d0%bd%d0%b8%d1%80%d0%b0%d0%bd%d0%b0-%d0%ba%d1%80%d0%b5%d0%bc%d0%b0-%d0%bf\/"]}]},{"@type":"ImageObject","inLanguage":"sq","@id":"https:\/\/ozone-gold.mk\/produkt\/ozone-gold-%d0%bf%d1%80%d0%be%d0%bc%d0%be%d1%82%d0%b8%d0%b2%d0%b5%d0%bd-%d0%bf%d0%b0%d0%ba%d0%b5%d1%82-%d0%be%d0%b7%d0%be%d0%bd%d0%b8%d1%80%d0%b0%d0%bd%d0%b0-%d0%ba%d1%80%d0%b5%d0%bc%d0%b0-%d0%bf\/#primaryimage","url":"https:\/\/ozone-gold.mk\/wp-content\/uploads\/2026\/04\/paket-5-post.jpg","contentUrl":"https:\/\/ozone-gold.mk\/wp-content\/uploads\/2026\/04\/paket-5-post.jpg","width":1920,"height":1920},{"@type":"BreadcrumbList","@id":"https:\/\/ozone-gold.mk\/produkt\/ozone-gold-%d0%bf%d1%80%d0%be%d0%bc%d0%be%d1%82%d0%b8%d0%b2%d0%b5%d0%bd-%d0%bf%d0%b0%d0%ba%d0%b5%d1%82-%d0%be%d0%b7%d0%be%d0%bd%d0%b8%d1%80%d0%b0%d0%bd%d0%b0-%d0%ba%d1%80%d0%b5%d0%bc%d0%b0-%d0%bf\/#breadcrumb","itemListElement":[{"@type":"ListItem","position":1,"name":"Home","item":"https:\/\/ozone-gold.mk\/"},{"@type":"ListItem","position":2,"name":"\u041f\u0440\u043e\u0434\u0430\u0432\u043d\u0438\u0446\u0430","item":"https:\/\/ozone-gold.mk\/shop\/"},{"@type":"ListItem","position":3,"name":"OZONE GOLD &#8211; \u041f\u0420\u041e\u041c\u041e\u0422\u0418\u0412\u0415\u041d \u041f\u0410\u041a\u0415\u0422 \u041e\u0417\u041e\u041d\u0418\u0420\u0410\u041d\u0410 \u041a\u0420\u0415\u041c\u0410 \u041f\u0420\u041e\u0422\u0418\u0412 \u0411\u041e\u041b\u041a\u0410 + \u041f\u041e\u0414\u0410\u0420\u041e\u041a \u0413\u0415\u041b \u0417\u0410 \u0422\u0423\u0428\u0418\u0420\u0410\u040a\u0415"}]},{"@type":"WebSite","@id":"https:\/\/ozone-gold.mk\/sq\/#website","url":"https:\/\/ozone-gold.mk\/sq\/","name":"OZONE GOLD","description":"","potentialAction":[{"@type":"SearchAction","target":{"@type":"EntryPoint","urlTemplate":"https:\/\/ozone-gold.mk\/sq\/?s={search_term_string}"},"query-input":{"@type":"PropertyValueSpecification","valueRequired":true,"valueName":"search_term_string"}}],"inLanguage":"sq"}]},"product_price_amount":"680","product_price_currency":"MKD","og_availability":"instock","product_availability":"instock","product_retailer_item_id":"8680885440850-680885440851","product_condition":"new"},"_links":{"self":[{"href":"https:\/\/ozone-gold.mk\/sq\/wp-json\/wp\/v2\/product\/27779","targetHints":{"allow":["GET"]}}],"collection":[{"href":"https:\/\/ozone-gold.mk\/sq\/wp-json\/wp\/v2\/product"}],"about":[{"href":"https:\/\/ozone-gold.mk\/sq\/wp-json\/wp\/v2\/types\/product"}],"replies":[{"embeddable":true,"href":"https:\/\/ozone-gold.mk\/sq\/wp-json\/wp\/v2\/comments?post=27779"}],"wp:featuredmedia":[{"embeddable":true,"href":"https:\/\/ozone-gold.mk\/sq\/wp-json\/wp\/v2\/media\/27789"}],"wp:attachment":[{"href":"https:\/\/ozone-gold.mk\/sq\/wp-json\/wp\/v2\/media?parent=27779"}],"wp:term":[{"taxonomy":"product_brand","embeddable":true,"href":"https:\/\/ozone-gold.mk\/sq\/wp-json\/wp\/v2\/product_brand?post=27779"},{"taxonomy":"product_cat","embeddable":true,"href":"https:\/\/ozone-gold.mk\/sq\/wp-json\/wp\/v2\/product_cat?post=27779"},{"taxonomy":"product_tag","embeddable":true,"href":"https:\/\/ozone-gold.mk\/sq\/wp-json\/wp\/v2\/product_tag?post=27779"}],"curies":[{"name":"wp","href":"https:\/\/api.w.org\/{rel}","templated":true}]}}