{"id":34,"date":"2021-05-06T11:10:58","date_gmt":"2021-05-06T12:10:58","guid":{"rendered":"https:\/\/new.ozone-gold.mk\/?post_type=product&#038;p=34"},"modified":"2026-03-02T08:54:53","modified_gmt":"2026-03-02T07:54:53","slug":"ozone-home-air-screen","status":"publish","type":"product","link":"https:\/\/ozone-gold.mk\/sq\/produkt\/ozone-home-air-screen\/","title":{"rendered":"OZONE HOME &#8211; Air screen"},"content":{"rendered":"<h2>P\u00ebrfitimet:<\/h2>\n<h3>Oksigjenimi qelizor<\/h3>\n<p>Testuar nga mjek\u00ebt dhe shkenc\u00ebtar\u00ebt n\u00eb t\u00eb gjith\u00eb bot\u00ebn, oksigjeni aktiv dep\u00ebrton n\u00eb m\u00ebnyr\u00eb efektive n\u00eb trupin, duke ngadal\u00ebsuar procesin e plakjes. Fal\u00eb fuqis\u00eb s\u00eb tij t\u00eb madhe antioksiduese, krijon oksigjenim qelizor dhe lufton n\u00eb m\u00ebnyr\u00eb efektive p\u00ebr nj\u00eb jet\u00eb t\u00eb sh\u00ebndetshme dhe kund\u00ebr shum\u00eb s\u00ebmundjeve.<\/p>\n<h3>Fuqia e lart\u00eb e pastrimit<\/h3>\n<p>Fuqia dezinfektuese e ozonit tejkalon klorin, duke shkat\u00ebrruar protozoat, t\u00eb cilat klori nuk mund t'i shkat\u00ebrroj\u00eb. T\u00eb p\u00ebrdoret OzoneHome n\u00ebnkupton sigurimi i dhe mbrojtje e ushqimit nga substancat toksike, shkat\u00ebrrimi i viruseve, baktereve, pesticideve dhe kimikaljeve.<\/p>\n<h3>Gjenerator i oksigjenit triatomik me plazm\u00eb t\u00eb ftoht\u00eb<\/h3>\n<p>OzoneHome gjeneron oksigjen triatomik me ndih\u00ebm t\u00eb plazm\u00ebs s\u00eb ftoht\u00eb dhe me shkarkimin e koron\u00ebs q\u00eb punojn\u00eb nj\u00ebkoh\u00ebsisht, t\u00eb cilat n\u00eb kontakt me ajrin mund t\u2019i shkat\u00ebrrojn\u00eb n\u00eb m\u00ebnyr\u00eb efektive viruset, bakteret, formaldehidin, marimangat, polenin, duke vrar\u00eb reaksionet alergjike. Avantazhi i ozonit dhe joneve \u00ebsht\u00eb se gjithmon\u00eb do t\u00eb keni aj\u00ebr t\u00eb past\u00ebr dhe t\u00eb fresk\u00ebt pa hapur dritaret.<\/p>\n<h3>P\u00ebr kafsh\u00ebt tuaja sht\u00ebpiake<\/h3>\n<p>Ozoni ka fuqi q\u00eb t\u00eb shkat\u00ebrroj\u00eb arom\u00ebn e kafsh\u00ebs suaj. Pa p\u00ebrdorur ndonj\u00eb shampo, ozoni do t\u2019i shkat\u00ebrroj\u00eb virusin, bakteret dhe infeksionet n\u00eb l\u00ebkur\u00ebn e kafsh\u00ebs suaj, duke e b\u00ebr\u00eb leshin t\u00eb but\u00eb, t\u00eb fort\u00eb dhe aromatik.<\/p>","protected":false},"excerpt":{"rendered":"<p>Pajisja m\u00eb e mir\u00eb e terapis\u00eb me ozon q\u00eb mund t\u00eb gjendet n\u00eb treg me nj\u00eb \u00e7mim v\u00ebrtet t\u00eb p\u00ebrballuesh\u00ebm me p\u00ebrdorime t\u00eb shumta p\u00ebr sht\u00ebpin\u00eb tuaj, n\u00eb m\u00ebnyr\u00eb q\u00eb t'ju jap\u00eb gjith\u00e7ka q\u00eb ju nevojitet.<\/p>\n<ul>\n<li><a href=\"\/sq\/procistuvac-na-vozduhot\/\"><span lang=\"MK\">Pastrues ajri<\/span><\/a><\/li>\n<li><a href=\"\/sq\/pridobivki-od-dezinfekcija-na-hrana\/\"><span lang=\"MK\">P BRFITIMET NGA DISINFEKTIMI I USHQIMIT<\/span><\/a><\/li>\n<li><a href=\"\/sq\/zosto-treba-da-se-pie-ozonirana-voda\/\"><span lang=\"MK\">PSE DUHET T DR PIN UJ O TZ OZONIT?<\/span><\/a><\/li>\n<li><a href=\"\/sq\/ozonehome-i-ozonirano-maslo\/\"><span lang=\"MK\">OZONEHOME DHE VAJ OZONI<\/span><\/a><\/li>\n<li><a href=\"\/sq\/ozonehome-i-vasite-milenicinja\/\"><span lang=\"MK\">OZONEHOME DHE Kafsh\u00ebt tuaja sht\u00ebpiake<\/span><\/a><\/li>\n<li><a href=\"\/sq\/ozonehome-vo-domot\/\"><span lang=\"MK\">OZONEHOME N THE SHTPI<\/span><\/a><\/li>\n<li><a href=\"\/sq\/ozonehome-i-rastenijata\/\"><span lang=\"MK\">OZONEHOMA DHE BIMTST<\/span><\/a><\/li>\n<\/ul>\n<a href=\"\/wp-content\/uploads\/2021\/05\/Upatstvo-za-ozonator-Air-Screen.pdf\" class=\"button success is-success is-medium\"  >\n\t\t<span>Udh\u00ebzues P\u00ebrdorues<\/span>\n\t<\/a>","protected":false},"featured_media":87,"comment_status":"open","ping_status":"closed","template":"","meta":[],"product_brand":[],"product_cat":[29],"product_tag":[],"class_list":{"0":"post-34","1":"product","2":"type-product","3":"status-publish","4":"has-post-thumbnail","6":"product_cat-ozone-home-ozonatori","8":"first","9":"instock","10":"sale","11":"taxable","12":"shipping-taxable","13":"purchasable","14":"product-type-simple"},"yoast_head":"<!-- This site is optimized with the Yoast SEO Premium plugin v26.2 (Yoast SEO v27.2) - https:\/\/yoast.com\/product\/yoast-seo-premium-wordpress\/ -->\n<title>OZONE HOME - Air screen - OZONE GOLD<\/title>\n<meta name=\"description\" content=\"\u041d\u0430\u0458\u0434\u043e\u0431\u0440\u0438\u043e\u0442 \u0443\u0440\u0435\u0434 \u0437\u0430 \u043e\u0437\u043e\u043d\u0441\u043a\u0430 \u0442\u0435\u0440\u0430\u043f\u0438\u0458\u0430 \u043d\u0430 \u043f\u0430\u0437\u0430\u0440\u043e\u0442, \u0441\u043e \u043f\u043e\u0432\u0435\u045c\u0435 \u043d\u0430\u043c\u0435\u043d\u0438 \u0437\u0430 \u0432\u0430\u0448\u0438\u043e\u0442 \u0434\u043e\u043c \u0438 \u043f\u043e\u0432\u043e\u043b\u043d\u0430 \u0446\u0435\u043d\u0430, \u043a\u043e\u0458 \u045c\u0435 \u0432\u0438 \u0433\u043e \u043f\u043e\u043d\u0443\u0434\u0438 \u0441\u0435\u0442\u043e \u0448\u0442\u043e \u0432\u0438 \u0435 \u043f\u043e\u0442\u0440\u0435\u0431\u043d\u043e.\" \/>\n<meta name=\"robots\" content=\"index, follow, max-snippet:-1, max-image-preview:large, max-video-preview:-1\" \/>\n<link rel=\"canonical\" href=\"https:\/\/ozone-gold.mk\/sq\/produkt\/ozone-home-air-screen\/\" \/>\n<meta property=\"og:locale\" content=\"sq_AL\" \/>\n<meta property=\"og:type\" content=\"article\" \/>\n<meta property=\"og:title\" content=\"OZONE HOME - Air screen\" \/>\n<meta property=\"og:description\" content=\"\u041d\u0430\u0458\u0434\u043e\u0431\u0440\u0438\u043e\u0442 \u0443\u0440\u0435\u0434 \u0437\u0430 \u043e\u0437\u043e\u043d\u0441\u043a\u0430 \u0442\u0435\u0440\u0430\u043f\u0438\u0458\u0430 \u043d\u0430 \u043f\u0430\u0437\u0430\u0440\u043e\u0442, \u0441\u043e \u043f\u043e\u0432\u0435\u045c\u0435 \u043d\u0430\u043c\u0435\u043d\u0438 \u0437\u0430 \u0432\u0430\u0448\u0438\u043e\u0442 \u0434\u043e\u043c \u0438 \u043f\u043e\u0432\u043e\u043b\u043d\u0430 \u0446\u0435\u043d\u0430, \u043a\u043e\u0458 \u045c\u0435 \u0432\u0438 \u0433\u043e \u043f\u043e\u043d\u0443\u0434\u0438 \u0441\u0435\u0442\u043e \u0448\u0442\u043e \u0432\u0438 \u0435 \u043f\u043e\u0442\u0440\u0435\u0431\u043d\u043e.\" \/>\n<meta property=\"og:url\" content=\"https:\/\/ozone-gold.mk\/sq\/produkt\/ozone-home-air-screen\/\" \/>\n<meta property=\"og:site_name\" content=\"OZONE GOLD\" \/>\n<meta property=\"article:modified_time\" content=\"2026-03-02T07:54:53+00:00\" \/>\n<meta property=\"og:image\" content=\"https:\/\/ozone-gold.mk\/wp-content\/uploads\/2021\/05\/Ozone-home-scaled-1.jpg\" \/>\n\t<meta property=\"og:image:width\" content=\"2059\" \/>\n\t<meta property=\"og:image:height\" content=\"2560\" \/>\n\t<meta property=\"og:image:type\" content=\"image\/jpeg\" \/>\n<meta name=\"twitter:card\" content=\"summary_large_image\" \/>\n<meta name=\"twitter:label1\" content=\"Price\" \/>\n\t<meta name=\"twitter:data1\" content=\"6.750&nbsp;&#x434;&#x435;&#x43d; \u0426\u0435\u043d\u0430 \u0441\u043e \u0414\u0414\u0412\" \/>\n\t<meta name=\"twitter:label2\" content=\"Availability\" \/>\n\t<meta name=\"twitter:data2\" content=\"In stock\" \/>\n<script type=\"application\/ld+json\" class=\"yoast-schema-graph\">{\"@context\":\"https:\/\/schema.org\",\"@graph\":[{\"@type\":\"WebPage\",\"@id\":\"https:\/\/ozone-gold.mk\/produkt\/ozone-home-air-screen\/\",\"url\":\"https:\/\/ozone-gold.mk\/produkt\/ozone-home-air-screen\/\",\"name\":\"OZONE HOME - Air screen - OZONE GOLD\",\"isPartOf\":{\"@id\":\"https:\/\/ozone-gold.mk\/sq\/#website\"},\"primaryImageOfPage\":{\"@id\":\"https:\/\/ozone-gold.mk\/produkt\/ozone-home-air-screen\/#primaryimage\"},\"image\":{\"@id\":\"https:\/\/ozone-gold.mk\/produkt\/ozone-home-air-screen\/#primaryimage\"},\"thumbnailUrl\":\"https:\/\/ozone-gold.mk\/wp-content\/uploads\/2021\/05\/Ozone-home-scaled-1.jpg\",\"datePublished\":\"2021-05-06T12:10:58+00:00\",\"dateModified\":\"2026-03-02T07:54:53+00:00\",\"description\":\"\u041d\u0430\u0458\u0434\u043e\u0431\u0440\u0438\u043e\u0442 \u0443\u0440\u0435\u0434 \u0437\u0430 \u043e\u0437\u043e\u043d\u0441\u043a\u0430 \u0442\u0435\u0440\u0430\u043f\u0438\u0458\u0430 \u043d\u0430 \u043f\u0430\u0437\u0430\u0440\u043e\u0442, \u0441\u043e \u043f\u043e\u0432\u0435\u045c\u0435 \u043d\u0430\u043c\u0435\u043d\u0438 \u0437\u0430 \u0432\u0430\u0448\u0438\u043e\u0442 \u0434\u043e\u043c \u0438 \u043f\u043e\u0432\u043e\u043b\u043d\u0430 \u0446\u0435\u043d\u0430, \u043a\u043e\u0458 \u045c\u0435 \u0432\u0438 \u0433\u043e \u043f\u043e\u043d\u0443\u0434\u0438 \u0441\u0435\u0442\u043e \u0448\u0442\u043e \u0432\u0438 \u0435 \u043f\u043e\u0442\u0440\u0435\u0431\u043d\u043e.\",\"breadcrumb\":{\"@id\":\"https:\/\/ozone-gold.mk\/produkt\/ozone-home-air-screen\/#breadcrumb\"},\"inLanguage\":\"sq\",\"potentialAction\":[{\"@type\":\"ReadAction\",\"target\":[\"https:\/\/ozone-gold.mk\/produkt\/ozone-home-air-screen\/\"]}]},{\"@type\":\"ImageObject\",\"inLanguage\":\"sq\",\"@id\":\"https:\/\/ozone-gold.mk\/produkt\/ozone-home-air-screen\/#primaryimage\",\"url\":\"https:\/\/ozone-gold.mk\/wp-content\/uploads\/2021\/05\/Ozone-home-scaled-1.jpg\",\"contentUrl\":\"https:\/\/ozone-gold.mk\/wp-content\/uploads\/2021\/05\/Ozone-home-scaled-1.jpg\",\"width\":2059,\"height\":2560},{\"@type\":\"BreadcrumbList\",\"@id\":\"https:\/\/ozone-gold.mk\/produkt\/ozone-home-air-screen\/#breadcrumb\",\"itemListElement\":[{\"@type\":\"ListItem\",\"position\":1,\"name\":\"Home\",\"item\":\"https:\/\/ozone-gold.mk\/\"},{\"@type\":\"ListItem\",\"position\":2,\"name\":\"\u041f\u0440\u043e\u0434\u0430\u0432\u043d\u0438\u0446\u0430\",\"item\":\"https:\/\/ozone-gold.mk\/shop\/\"},{\"@type\":\"ListItem\",\"position\":3,\"name\":\"OZONE HOME &#8211; Air screen\"}]},{\"@type\":\"WebSite\",\"@id\":\"https:\/\/ozone-gold.mk\/sq\/#website\",\"url\":\"https:\/\/ozone-gold.mk\/sq\/\",\"name\":\"OZONE GOLD\",\"description\":\"\",\"potentialAction\":[{\"@type\":\"SearchAction\",\"target\":{\"@type\":\"EntryPoint\",\"urlTemplate\":\"https:\/\/ozone-gold.mk\/sq\/?s={search_term_string}\"},\"query-input\":{\"@type\":\"PropertyValueSpecification\",\"valueRequired\":true,\"valueName\":\"search_term_string\"}}],\"inLanguage\":\"sq\"}]}<\/script>\n<meta property=\"product:price:amount\" content=\"6750\" \/>\n<meta property=\"product:price:currency\" content=\"MKD\" \/>\n<meta property=\"og:availability\" content=\"instock\" \/>\n<meta property=\"product:availability\" content=\"instock\" \/>\n<meta property=\"product:retailer_item_id\" content=\"0750122525201\" \/>\n<meta property=\"product:condition\" content=\"new\" \/>\n<!-- \/ Yoast SEO Premium plugin. -->","yoast_head_json":{"title":"OZONE HOME - Air screen - OZONE GOLD","description":"\u041d\u0430\u0458\u0434\u043e\u0431\u0440\u0438\u043e\u0442 \u0443\u0440\u0435\u0434 \u0437\u0430 \u043e\u0437\u043e\u043d\u0441\u043a\u0430 \u0442\u0435\u0440\u0430\u043f\u0438\u0458\u0430 \u043d\u0430 \u043f\u0430\u0437\u0430\u0440\u043e\u0442, \u0441\u043e \u043f\u043e\u0432\u0435\u045c\u0435 \u043d\u0430\u043c\u0435\u043d\u0438 \u0437\u0430 \u0432\u0430\u0448\u0438\u043e\u0442 \u0434\u043e\u043c \u0438 \u043f\u043e\u0432\u043e\u043b\u043d\u0430 \u0446\u0435\u043d\u0430, \u043a\u043e\u0458 \u045c\u0435 \u0432\u0438 \u0433\u043e \u043f\u043e\u043d\u0443\u0434\u0438 \u0441\u0435\u0442\u043e \u0448\u0442\u043e \u0432\u0438 \u0435 \u043f\u043e\u0442\u0440\u0435\u0431\u043d\u043e.","robots":{"index":"index","follow":"follow","max-snippet":"max-snippet:-1","max-image-preview":"max-image-preview:large","max-video-preview":"max-video-preview:-1"},"canonical":"https:\/\/ozone-gold.mk\/sq\/produkt\/ozone-home-air-screen\/","og_locale":"sq_AL","og_type":"article","og_title":"OZONE HOME - Air screen","og_description":"\u041d\u0430\u0458\u0434\u043e\u0431\u0440\u0438\u043e\u0442 \u0443\u0440\u0435\u0434 \u0437\u0430 \u043e\u0437\u043e\u043d\u0441\u043a\u0430 \u0442\u0435\u0440\u0430\u043f\u0438\u0458\u0430 \u043d\u0430 \u043f\u0430\u0437\u0430\u0440\u043e\u0442, \u0441\u043e \u043f\u043e\u0432\u0435\u045c\u0435 \u043d\u0430\u043c\u0435\u043d\u0438 \u0437\u0430 \u0432\u0430\u0448\u0438\u043e\u0442 \u0434\u043e\u043c \u0438 \u043f\u043e\u0432\u043e\u043b\u043d\u0430 \u0446\u0435\u043d\u0430, \u043a\u043e\u0458 \u045c\u0435 \u0432\u0438 \u0433\u043e \u043f\u043e\u043d\u0443\u0434\u0438 \u0441\u0435\u0442\u043e \u0448\u0442\u043e \u0432\u0438 \u0435 \u043f\u043e\u0442\u0440\u0435\u0431\u043d\u043e.","og_url":"https:\/\/ozone-gold.mk\/sq\/produkt\/ozone-home-air-screen\/","og_site_name":"OZONE GOLD","article_modified_time":"2026-03-02T07:54:53+00:00","og_image":[{"width":2059,"height":2560,"url":"https:\/\/ozone-gold.mk\/wp-content\/uploads\/2021\/05\/Ozone-home-scaled-1.jpg","type":"image\/jpeg"}],"twitter_card":"summary_large_image","twitter_misc":{"Price":"6.750&nbsp;&#x434;&#x435;&#x43d; \u0426\u0435\u043d\u0430 \u0441\u043e \u0414\u0414\u0412","Availability":"In stock"},"schema":{"@context":"https:\/\/schema.org","@graph":[{"@type":"WebPage","@id":"https:\/\/ozone-gold.mk\/produkt\/ozone-home-air-screen\/","url":"https:\/\/ozone-gold.mk\/produkt\/ozone-home-air-screen\/","name":"OZONE HOME - Air screen - OZONE GOLD","isPartOf":{"@id":"https:\/\/ozone-gold.mk\/sq\/#website"},"primaryImageOfPage":{"@id":"https:\/\/ozone-gold.mk\/produkt\/ozone-home-air-screen\/#primaryimage"},"image":{"@id":"https:\/\/ozone-gold.mk\/produkt\/ozone-home-air-screen\/#primaryimage"},"thumbnailUrl":"https:\/\/ozone-gold.mk\/wp-content\/uploads\/2021\/05\/Ozone-home-scaled-1.jpg","datePublished":"2021-05-06T12:10:58+00:00","dateModified":"2026-03-02T07:54:53+00:00","description":"\u041d\u0430\u0458\u0434\u043e\u0431\u0440\u0438\u043e\u0442 \u0443\u0440\u0435\u0434 \u0437\u0430 \u043e\u0437\u043e\u043d\u0441\u043a\u0430 \u0442\u0435\u0440\u0430\u043f\u0438\u0458\u0430 \u043d\u0430 \u043f\u0430\u0437\u0430\u0440\u043e\u0442, \u0441\u043e \u043f\u043e\u0432\u0435\u045c\u0435 \u043d\u0430\u043c\u0435\u043d\u0438 \u0437\u0430 \u0432\u0430\u0448\u0438\u043e\u0442 \u0434\u043e\u043c \u0438 \u043f\u043e\u0432\u043e\u043b\u043d\u0430 \u0446\u0435\u043d\u0430, \u043a\u043e\u0458 \u045c\u0435 \u0432\u0438 \u0433\u043e \u043f\u043e\u043d\u0443\u0434\u0438 \u0441\u0435\u0442\u043e \u0448\u0442\u043e \u0432\u0438 \u0435 \u043f\u043e\u0442\u0440\u0435\u0431\u043d\u043e.","breadcrumb":{"@id":"https:\/\/ozone-gold.mk\/produkt\/ozone-home-air-screen\/#breadcrumb"},"inLanguage":"sq","potentialAction":[{"@type":"ReadAction","target":["https:\/\/ozone-gold.mk\/produkt\/ozone-home-air-screen\/"]}]},{"@type":"ImageObject","inLanguage":"sq","@id":"https:\/\/ozone-gold.mk\/produkt\/ozone-home-air-screen\/#primaryimage","url":"https:\/\/ozone-gold.mk\/wp-content\/uploads\/2021\/05\/Ozone-home-scaled-1.jpg","contentUrl":"https:\/\/ozone-gold.mk\/wp-content\/uploads\/2021\/05\/Ozone-home-scaled-1.jpg","width":2059,"height":2560},{"@type":"BreadcrumbList","@id":"https:\/\/ozone-gold.mk\/produkt\/ozone-home-air-screen\/#breadcrumb","itemListElement":[{"@type":"ListItem","position":1,"name":"Home","item":"https:\/\/ozone-gold.mk\/"},{"@type":"ListItem","position":2,"name":"\u041f\u0440\u043e\u0434\u0430\u0432\u043d\u0438\u0446\u0430","item":"https:\/\/ozone-gold.mk\/shop\/"},{"@type":"ListItem","position":3,"name":"OZONE HOME &#8211; Air screen"}]},{"@type":"WebSite","@id":"https:\/\/ozone-gold.mk\/sq\/#website","url":"https:\/\/ozone-gold.mk\/sq\/","name":"OZONE GOLD","description":"","potentialAction":[{"@type":"SearchAction","target":{"@type":"EntryPoint","urlTemplate":"https:\/\/ozone-gold.mk\/sq\/?s={search_term_string}"},"query-input":{"@type":"PropertyValueSpecification","valueRequired":true,"valueName":"search_term_string"}}],"inLanguage":"sq"}]},"product_price_amount":"6750","product_price_currency":"MKD","og_availability":"instock","product_availability":"instock","product_retailer_item_id":"0750122525201","product_condition":"new"},"_links":{"self":[{"href":"https:\/\/ozone-gold.mk\/sq\/wp-json\/wp\/v2\/product\/34","targetHints":{"allow":["GET"]}}],"collection":[{"href":"https:\/\/ozone-gold.mk\/sq\/wp-json\/wp\/v2\/product"}],"about":[{"href":"https:\/\/ozone-gold.mk\/sq\/wp-json\/wp\/v2\/types\/product"}],"replies":[{"embeddable":true,"href":"https:\/\/ozone-gold.mk\/sq\/wp-json\/wp\/v2\/comments?post=34"}],"wp:featuredmedia":[{"embeddable":true,"href":"https:\/\/ozone-gold.mk\/sq\/wp-json\/wp\/v2\/media\/87"}],"wp:attachment":[{"href":"https:\/\/ozone-gold.mk\/sq\/wp-json\/wp\/v2\/media?parent=34"}],"wp:term":[{"taxonomy":"product_brand","embeddable":true,"href":"https:\/\/ozone-gold.mk\/sq\/wp-json\/wp\/v2\/product_brand?post=34"},{"taxonomy":"product_cat","embeddable":true,"href":"https:\/\/ozone-gold.mk\/sq\/wp-json\/wp\/v2\/product_cat?post=34"},{"taxonomy":"product_tag","embeddable":true,"href":"https:\/\/ozone-gold.mk\/sq\/wp-json\/wp\/v2\/product_tag?post=34"}],"curies":[{"name":"wp","href":"https:\/\/api.w.org\/{rel}","templated":true}]}}