{"id":539,"date":"2021-05-06T11:10:57","date_gmt":"2021-05-06T12:10:57","guid":{"rendered":"https:\/\/new.ozone-gold.mk\/?post_type=product&#038;p=20"},"modified":"2026-02-16T11:16:38","modified_gmt":"2026-02-16T10:16:38","slug":"ozone-gold-external-genital-spray-sprej-za-intimna-nega-28ml","status":"publish","type":"product","link":"https:\/\/ozone-gold.mk\/sq\/produkt\/ozone-gold-external-genital-spray-sprej-za-intimna-nega-28ml\/","title":{"rendered":"OZONE GOLD \u2013 EXTERNAL GENITAL SPRAY \u2013 SPREJ P\u00cbR KUJDES INTIM \u2013 28ml"},"content":{"rendered":"<h2><strong>Sprej p\u00ebr kujdes intim<\/strong><\/h2>\n<p>Ozone Gold <strong>Spreji p\u00ebr kujdes intim<\/strong> \u00ebsht\u00eb nj\u00eb produkt natyral q\u00eb ndihmon kund\u00ebr sekrecioneve vaginale, er\u00ebrave t\u00eb pak\u00ebndshme, irritimeve dhe kandid\u00ebs.\nMe formul\u00ebn e tij t\u00eb bazuar n\u00eb vaj ulliri t\u00eb ozonizuar, ky sprej mb\u00ebshtet higjien\u00ebn intime dhe ofron efekt afatgjat\u00eb.<\/p>\n<h2><strong>Karakteristikat:<\/strong><\/h2>\n<h3><strong>Formul\u00eb p\u00ebr vajra esenciale<\/strong><\/h3>\n<p>Pjesa m\u00eb e madhe e formul\u00ebs son\u00eb p\u00ebr <strong>Ozone Gold sprejin p\u00ebr kujdes intim<\/strong> bazohet n\u00eb vajra esencial\u00eb.\nK\u00ebto p\u00ebrb\u00ebr\u00ebs natyral\u00eb jan\u00eb stabilizuar n\u00eb m\u00ebnyr\u00eb t\u00eb ve\u00e7ant\u00eb p\u00ebr t\u00eb garantuar p\u00ebrdorim afatgjat\u00eb, pa rrezikun e zhvillimit t\u00eb baktereve q\u00eb mund t\u00eb d\u00ebmtojn\u00eb l\u00ebkur\u00ebn tuaj.<\/p>\n<h3><strong>Paketim sanitar, en\u00eb pa aj\u00ebr (airless container)<\/strong><\/h3>\n<p>Higjiena \u00ebsht\u00eb shum\u00eb e r\u00ebnd\u00ebsishme, ve\u00e7an\u00ebrisht kur b\u00ebhet fjal\u00eb p\u00ebr kujdesin intim.\nP\u00ebr k\u00ebt\u00eb arsye, ne p\u00ebrdorim en\u00eb \u201cairless\u201d (shishe pa aj\u00ebr), t\u00eb cilat parandalojn\u00eb ekspozimin e produktit ndaj papast\u00ebrtive dhe grimcave t\u00eb d\u00ebmshme.<\/p>\n<h3><strong>Vaj i ullirit i \u00e7ertifikuar bio<\/strong><\/h3>\n<p>P\u00ebrb\u00ebrja e <strong>sprejit p\u00ebr kujdes intim<\/strong> p\u00ebrfshin vaj ulliri t\u00eb ozonizuar t\u00eb p\u00ebrftuar nga ullinjt\u00eb bio t\u00eb certifikuar.\nKy vaj ulliri \u00ebsht\u00eb zgjedhur me kujdes nga nj\u00eb rajon specifik, p\u00ebr t\u2019ju garantuar cil\u00ebsin\u00eb m\u00eb t\u00eb lart\u00eb t\u00eb produktit q\u00eb p\u00ebrdorni.<\/p>\n<h3><strong>Pa testim mbi kafsh\u00ebt<\/strong><\/h3>\n<p>Produktet tona nuk testohen n\u00eb kafsh\u00eb, q\u00eb do t\u00eb thot\u00eb se jan\u00eb t\u00eb prodhuara n\u00eb m\u00ebnyr\u00eb etike dhe t\u00eb sigurta p\u00ebr p\u00ebrdorim.<\/p>\n<h2><strong>\u041f\u0440\u0435\u0434\u043d\u043e\u0441\u0442\u0438:<\/strong><\/h2>\n<p><strong>Ozone Gold sprejin p\u00ebr kujdes intim<\/strong> Ndihmon n\u00eb ndalimin e gjakderdhjes pas lindjes dhe redukton sekrecionet vaginale, aromat e pak\u00ebndshme, irritimet dhe kandid\u00ebn.\nMe p\u00ebrdorim t\u00eb rregullt, do t\u00eb arrini rezultate afatgjata.<\/p>\n<h2><strong>P\u00ebrb\u00ebrje:<\/strong><\/h2>\n<p>Aqua, Thuja Occidentalis Bark Extract, Albizia Julibrissin Bark Extract, Potassium Sorbate, Sodium Benzoate<\/p>\n<h2><strong>P\u00ebrdorimi:<\/strong><\/h2>\n<p>Mund t\u00eb p\u00ebrdoret disa her\u00eb gjat\u00eb dit\u00ebs p\u00ebr rezultate m\u00eb t\u00eb mira.<\/p>\n<h2><strong>Ndihmon n\u00eb:<\/strong><\/h2>\n<ul>\n<li>Heqja e sekrecioneve vaginale<\/li>\n<li>Eliminimi i aromave t\u00eb pak\u00ebndshme<\/li>\n<li>Leht\u00ebsimi i irritimeve dhe kandid\u00ebs<\/li>\n<\/ul>\n<h2><strong>Paralajm\u00ebrimet:<\/strong><\/h2>\n<p>T\u00eb mbahet larg f\u00ebmij\u00ebve. T\u00eb mos g\u00eblltitet. T\u00eb mos ekspozohet ndaj rrezeve t\u00eb drejtp\u00ebrdrejta t\u00eb diellit. T\u00eb ruhet n\u00eb nj\u00eb vend t\u00eb ftoht\u00eb dhe t\u00eb that\u00eb. T\u00eb shmanget kontakt me syt\u00eb. N\u00eb rast t\u00eb efekteve an\u00ebsore, kontaktit me syt\u00eb ose g\u00eblltitjes s\u00eb produktit, kontaktoni me mjekun tuaj.<\/p>\n<p><img loading=\"lazy\" decoding=\"async\" class=\"size-medium wp-image-14193 alignleft\" src=\"https:\/\/ozone-gold.mk\/wp-content\/uploads\/2021\/05\/OZONE-GOLD-EXTERNAL-GENITAL-SPRAY-1-1.jpeg\" alt=\"OZONE GOLD - EXTERNAL GENITAL SPRAY - 2 \u0438\u043d\u0442\u0438\u043c\u0435\u043d \u0433\u0435\u043b intimen gel intimna nega \u0438\u043d\u0442\u0438\u043c\u043d\u0430 \u043d\u0435\u0433\u0430 \u043f\u0440\u043e\u0447\u0438\u0441\u0442\u0443\u0432\u0430\u045a\u0435 \u043d\u0430 \u0432\u0430\u0433\u0438\u043d\u0430\u0442\u0430 \u0447\u0435\u0448\u0430\u045a\u0435 \u043d\u0430 \u0443\u0441\u043d\u0438\u0442\u0435 \u043e\u0434 \u0432\u0430\u0433\u0438\u043d\u0430\u0442\u0430 \u0445\u0440\u0430\u043d\u0430 \u0437\u0430 \u0437\u0434\u0440\u0430\u0432\u0430 \u0432\u0430\u0433\u0438\u043d\u0430 procistuvanje na vaginata cesanje na usni od vagina hrana za zdrava vagina \u0433\u0430\u0431\u0438\u0447\u043d\u0438 \u0438\u043d\u0444\u0435\u043a\u0446\u0438\u0438 \u043d\u0430 \u0432\u0430\u0433\u0438\u043d\u0430\u0442\u0430 \u0432\u043d\u0430\u0442\u0440\u0435\u0448\u043d\u043e \u0447\u0435\u0448\u0430\u045a\u0435 \u043d\u0430 \u0432\u0430\u0433\u0438\u043d\u0430\u0442\u0430 \u0447\u0435\u0448\u0430\u045a\u0435 \u043d\u0430 \u0443\u0441\u043d\u0438\u0442\u0435 \u043e\u0434 \u0432\u0430\u0433\u0438\u043d\u0430\u0442\u0430 \u0432\u043e \u0431\u0440\u0435\u043c\u0435\u043d\u043e\u0441\u0442 \u0430\u043d\u0442\u0438\u0431\u0438\u043e\u0442\u0438\u043a \u0437\u0430 \u043a\u0430\u043d\u0434\u0438\u0434\u0430 \u043b\u0435\u043a \u0437\u0430 \u043a\u0430\u043d\u0434\u0438\u0434\u0430 \u0432\u0430\u0433\u0438\u043d\u0438\u0442\u0438\u0441 \u0432\u0430\u0433\u0438\u043d\u0438\u0442\u0438\u0441 \u0441\u0438\u043c\u043f\u0442\u043e\u043c\u0438 prirodni lek za gabicna infekcija gabicna infekcija \u0432\u0430\u0433\u0438\u043d\u0430\u043b\u0435\u0442\u0438 \u0437\u0430 \u043d\u0435\u043f\u0440\u0438\u0458\u0430\u0442\u043d\u0430 \u043c\u0438\u0440\u0438\u0437\u0431\u0430 belo pranje so miris \u0431\u0430\u043a\u0442\u0435\u0440\u0438\u0438 \u0432\u043e \u0432\u0430\u0433\u0438\u043d\u0430 neprijatna mirizba na teloto \u0437\u0435\u043b\u0435\u043d \u0432\u0430\u0433\u0438\u043d\u0430\u043b\u0435\u043d \u0438\u0441\u0446\u0435\u0434\u043e\u043a \u0432\u0430\u0433\u0438\u043d\u0430\u043b\u0435\u043d \u0438\u0441\u0446\u0435\u0434\u043e\u043a \u0432\u043e \u0431\u0440\u0435\u043c\u0435\u043d\u043e\u0441\u0442\u0430 \u0437\u0433\u043e\u043b\u0435\u043c\u0435\u043d \u0432\u0430\u0433\u0438\u043d\u0430\u043b\u0435\u043d \u0441\u0435\u043a\u0440\u0435\u0442 \u0440\u043e\u0437\u043e\u0432 \u0438\u0441\u0446\u0435\u0434\u043e\u043a \u0431\u0435\u043b \u0438\u0441\u0446\u0435\u0434\u043e\u043a \u043f\u0440\u0435\u0434 \u043c\u0435\u043d\u0441\u0442\u0440\u0443\u0430\u0446\u0438\u0458\u0430 \u0432\u043e\u0434\u0435\u043d \u0438\u0441\u0446\u0435\u0434\u043e\u043a \u0432\u0430\u0433\u0438\u043d\u0430\u043b\u0435\u043d \u0441\u0435\u043a\u0440\u0435\u0442 \u043f\u0440\u0435\u0434 \u043c\u0435\u043d\u0441\u0442\u0440\u0443\u0430\u0446\u0438\u0458\u0430 \u0432\u0430\u0433\u0438\u043d\u0430\u043b\u0435\u043d \u0438\u0441\u0446\u0435\u0434\u043e\u043a \u0432\u043e \u0440\u0430\u043d\u0430 \u0431\u0440\u0435\u043c\u0435\u043d\u043e\u0441\u0442\" width=\"400\" height=\"400\" \/><br \/>\n<img loading=\"lazy\" decoding=\"async\" class=\"size-medium wp-image-14193 alignleft\" src=\"https:\/\/ozone-gold.mk\/wp-content\/uploads\/2021\/05\/GTHS.jpg\" alt=\"Ozone Gold \u0441\u043f\u0440\u0435\u0458 \u0437\u0430 \u0438\u043d\u0442\u0438\u043c\u043d\u0430 \u043d\u0435\u0433\u0430 \u0432\u043e airless \u043f\u0430\u043a\u0443\u0432\u0430\u045a\u0435 Ozone Gold sprej za intimna nega ozoniran infekcija cesanje iritacija miris iscedok\" width=\"400\" height=\"400\" \/><br \/>\n<img loading=\"lazy\" decoding=\"async\" class=\"size-medium wp-image-14193 alignleft\" src=\"https:\/\/ozone-gold.mk\/wp-content\/uploads\/2021\/05\/OZONE-GOLD-EXTERNAL-GENITAL-SPRAY-2-1-500x500.jpeg\" alt=\"Ozone gold sprej za intimna nega so prskalka \u0441\u043f\u0440\u0435\u0458 \u0437\u0430 \u0438\u043d\u0442\u0438\u043c\u043d\u0430 \u043d\u0435\u0433\u0430 cesenje \u0447\u0435\u0448\u0435\u045a\u0435 krvarenje menstruacija ne sopira iritacija na vagina\" width=\"400\" height=\"400\" \/><\/p>\n<hr \/>\n<h2><strong>Linqe t\u00eb dobishme:<\/strong><\/h2>\n<p><a href=\"\/sq\/produkt\/ozone-gold-ozone-factor-ozonirano-maslinovo-maslo-vo-kapsula\/\">OZONE GOLD \u2013 OZONE FACTOR OZONIZED OLIVE OIL SOFT GEL CAPSULES<\/a><\/p>\n<p><a href=\"https:\/\/pubmed.ncbi.nlm.nih.gov\/29207120\/\" rel=\"sponsored\" data-schema-attribute=\"\">Efekti antibakterial nga aplikimi lokal i ozonit gjat\u00eb trajtimit t\u00eb infeksioneve t\u00eb l\u00ebkur\u00ebs<\/a><\/p>\n<p><a href=\"https:\/\/pubmed.ncbi.nlm.nih.gov\/29536625\/\" rel=\"sponsored\" data-schema-attribute=\"\">Terapia me ozon p\u00ebr trajtimin e plag\u00ebve kronike<\/a><\/p>","protected":false},"excerpt":{"rendered":"<p>Sprej natyral p\u00ebr kujdes intim, i cili ndihmon n\u00eb gjakderdhjen pas lindjes dhe heqjen e sekrecioneve vaginale, er\u00ebrave t\u00eb pak\u00ebndshme dhe iritimeve.\nEfektiv kund\u00ebr kandidoz\u00ebs dhe i p\u00ebrshtatsh\u00ebm p\u00ebr p\u00ebrdorim t\u00eb p\u00ebrditsh\u00ebm.<\/p>","protected":false},"featured_media":17341,"comment_status":"open","ping_status":"closed","template":"","meta":[],"product_brand":[],"product_cat":[18,20],"product_tag":[],"class_list":{"0":"post-539","1":"product","2":"type-product","3":"status-publish","4":"has-post-thumbnail","6":"product_cat-kozmetika","7":"product_cat-programa-za-intimna-nega","9":"first","10":"instock","11":"taxable","12":"shipping-taxable","13":"purchasable","14":"product-type-simple"},"yoast_head":"<!-- This site is optimized with the Yoast SEO Premium plugin v26.2 (Yoast SEO v27.2) - https:\/\/yoast.com\/product\/yoast-seo-premium-wordpress\/ -->\n<title>OZONE GOLD \u0421\u041f\u0420\u0415\u0408 \u0417\u0410 \u0418\u041d\u0422\u0418\u041c\u041d\u0410 \u041d\u0415\u0413\u0410 - 28\u043c\u043b<\/title>\n<meta name=\"description\" content=\"Ozone Gold \u0441\u043f\u0440\u0435\u0458 \u0437\u0430 \u0438\u043d\u0442\u0438\u043c\u043d\u0430 \u043d\u0435\u0433\u0430 \u0441\u043e \u043e\u0437\u043e\u043d\u0438\u0437\u0438\u0440\u0430\u043d\u043e \u043c\u0430\u0441\u043b\u0438\u043d\u043e\u0432\u043e \u043c\u0430\u0441\u043b\u043e. \u041f\u043e\u043c\u0430\u0433\u0430 \u043f\u0440\u0438 \u0432\u0430\u0433\u0438\u043d\u0430\u043b\u0435\u043d \u0438\u0441\u0446\u0435\u0434\u043e\u043a, \u043c\u0438\u0440\u0438\u0441 \u0438 \u0438\u0440\u0438\u0442\u0430\u0446\u0438\u0458\u0430. \u041f\u0440\u0438\u0440\u043e\u0434\u0435\u043d \u0442\u0440\u0435\u0442\u043c\u0430\u043d \u0437\u0430 \u0436\u0435\u043d\u0441\u043a\u0430 \u0445\u0438\u0433\u0438\u0435\u043d\u0430.\" \/>\n<meta name=\"robots\" content=\"index, follow, max-snippet:-1, max-image-preview:large, max-video-preview:-1\" \/>\n<link rel=\"canonical\" href=\"https:\/\/ozone-gold.mk\/sq\/produkt\/ozone-gold-external-genital-spray-sprej-za-intimna-nega-28ml\/\" \/>\n<meta property=\"og:locale\" content=\"sq_AL\" \/>\n<meta property=\"og:type\" content=\"article\" \/>\n<meta property=\"og:title\" content=\"\u0421\u041f\u0420\u0415\u0408 \u0417\u0410 \u0418\u041d\u0422\u0418\u041c\u041d\u0410 \u041d\u0415\u0413\u0410\" \/>\n<meta property=\"og:description\" content=\"\u041f\u043e\u0434\u0430\u0440\u0438 \u0441\u0432\u043e\u0458\u043e\u0442 \u043f\u0440\u0438\u0440\u043e\u0434\u0435\u043d \u0441\u043e\u0441\u0442\u0430\u0432 \u043f\u043e\u043c\u0430\u0433\u0430 \u043f\u0440\u0438 \u0437\u0430\u043f\u0438\u0440\u0430\u045a\u0435 \u043d\u0430 \u043a\u0440\u0432\u0430\u0440\u0435\u045a\u0435\u0442\u043e \u043f\u0440\u0438 \u0441\u0438\u043d\u0434\u0440\u043e\u043c\u043e\u0442 \u043d\u0430 \u043f\u043e\u0441\u0442\u043f\u043e\u0440\u043e\u0434\u0438\u043b\u043d\u043e \u0437\u0433\u043e\u043b\u0435\u043c\u0443\u0432\u0430\u045a\u0435 \u043d\u0430 \u043a\u0440\u0432\u0430\u0440\u0435\u045a\u0435\u0442\u043e.\" \/>\n<meta property=\"og:url\" content=\"https:\/\/ozone-gold.mk\/sq\/produkt\/ozone-gold-external-genital-spray-sprej-za-intimna-nega-28ml\/\" \/>\n<meta property=\"og:site_name\" content=\"OZONE GOLD\" \/>\n<meta property=\"article:modified_time\" content=\"2026-02-16T10:16:38+00:00\" \/>\n<meta name=\"twitter:card\" content=\"summary_large_image\" \/>\n<meta name=\"twitter:title\" content=\"\u0421\u041f\u0420\u0415\u0408 \u0417\u0410 \u0418\u041d\u0422\u0418\u041c\u041d\u0410 \u041d\u0415\u0413\u0410\" \/>\n<meta name=\"twitter:description\" content=\"\u041f\u043e\u0434\u0430\u0440\u0438 \u0441\u0432\u043e\u0458\u043e\u0442 \u043f\u0440\u0438\u0440\u043e\u0434\u0435\u043d \u0441\u043e\u0441\u0442\u0430\u0432 \u043f\u043e\u043c\u0430\u0433\u0430 \u043f\u0440\u0438 \u0437\u0430\u043f\u0438\u0440\u0430\u045a\u0435 \u043d\u0430 \u043a\u0440\u0432\u0430\u0440\u0435\u045a\u0435\u0442\u043e \u043f\u0440\u0438 \u0441\u0438\u043d\u0434\u0440\u043e\u043c\u043e\u0442 \u043d\u0430 \u043f\u043e\u0441\u0442\u043f\u043e\u0440\u043e\u0434\u0438\u043b\u043d\u043e \u0437\u0433\u043e\u043b\u0435\u043c\u0443\u0432\u0430\u045a\u0435 \u043d\u0430 \u043a\u0440\u0432\u0430\u0440\u0435\u045a\u0435\u0442\u043e.\" \/>\n<meta name=\"twitter:label1\" content=\"Price\" \/>\n\t<meta name=\"twitter:data1\" content=\"1.360&nbsp;&#x434;&#x435;&#x43d; \u0426\u0435\u043d\u0430 \u0441\u043e \u0414\u0414\u0412\" \/>\n\t<meta name=\"twitter:label2\" content=\"Availability\" \/>\n\t<meta name=\"twitter:data2\" content=\"In stock\" \/>\n<script type=\"application\/ld+json\" class=\"yoast-schema-graph\">{\"@context\":\"https:\/\/schema.org\",\"@graph\":[{\"@type\":\"WebPage\",\"@id\":\"https:\/\/ozone-gold.mk\/produkt\/ozone-gold-external-genital-spray-sprej-za-intimna-nega-28ml\/\",\"url\":\"https:\/\/ozone-gold.mk\/produkt\/ozone-gold-external-genital-spray-sprej-za-intimna-nega-28ml\/\",\"name\":\"OZONE GOLD \u0421\u041f\u0420\u0415\u0408 \u0417\u0410 \u0418\u041d\u0422\u0418\u041c\u041d\u0410 \u041d\u0415\u0413\u0410 - 28\u043c\u043b\",\"isPartOf\":{\"@id\":\"https:\/\/ozone-gold.mk\/sq\/#website\"},\"primaryImageOfPage\":{\"@id\":\"https:\/\/ozone-gold.mk\/produkt\/ozone-gold-external-genital-spray-sprej-za-intimna-nega-28ml\/#primaryimage\"},\"image\":{\"@id\":\"https:\/\/ozone-gold.mk\/produkt\/ozone-gold-external-genital-spray-sprej-za-intimna-nega-28ml\/#primaryimage\"},\"thumbnailUrl\":\"https:\/\/ozone-gold.mk\/wp-content\/uploads\/2021\/05\/GTHS.jpg\",\"datePublished\":\"2021-05-06T12:10:57+00:00\",\"dateModified\":\"2026-02-16T10:16:38+00:00\",\"description\":\"Ozone Gold \u0441\u043f\u0440\u0435\u0458 \u0437\u0430 \u0438\u043d\u0442\u0438\u043c\u043d\u0430 \u043d\u0435\u0433\u0430 \u0441\u043e \u043e\u0437\u043e\u043d\u0438\u0437\u0438\u0440\u0430\u043d\u043e \u043c\u0430\u0441\u043b\u0438\u043d\u043e\u0432\u043e \u043c\u0430\u0441\u043b\u043e. \u041f\u043e\u043c\u0430\u0433\u0430 \u043f\u0440\u0438 \u0432\u0430\u0433\u0438\u043d\u0430\u043b\u0435\u043d \u0438\u0441\u0446\u0435\u0434\u043e\u043a, \u043c\u0438\u0440\u0438\u0441 \u0438 \u0438\u0440\u0438\u0442\u0430\u0446\u0438\u0458\u0430. \u041f\u0440\u0438\u0440\u043e\u0434\u0435\u043d \u0442\u0440\u0435\u0442\u043c\u0430\u043d \u0437\u0430 \u0436\u0435\u043d\u0441\u043a\u0430 \u0445\u0438\u0433\u0438\u0435\u043d\u0430.\",\"breadcrumb\":{\"@id\":\"https:\/\/ozone-gold.mk\/produkt\/ozone-gold-external-genital-spray-sprej-za-intimna-nega-28ml\/#breadcrumb\"},\"inLanguage\":\"sq\",\"potentialAction\":[{\"@type\":\"ReadAction\",\"target\":[\"https:\/\/ozone-gold.mk\/produkt\/ozone-gold-external-genital-spray-sprej-za-intimna-nega-28ml\/\"]}]},{\"@type\":\"ImageObject\",\"inLanguage\":\"sq\",\"@id\":\"https:\/\/ozone-gold.mk\/produkt\/ozone-gold-external-genital-spray-sprej-za-intimna-nega-28ml\/#primaryimage\",\"url\":\"https:\/\/ozone-gold.mk\/wp-content\/uploads\/2021\/05\/GTHS.jpg\",\"contentUrl\":\"https:\/\/ozone-gold.mk\/wp-content\/uploads\/2021\/05\/GTHS.jpg\",\"width\":2000,\"height\":2000},{\"@type\":\"BreadcrumbList\",\"@id\":\"https:\/\/ozone-gold.mk\/produkt\/ozone-gold-external-genital-spray-sprej-za-intimna-nega-28ml\/#breadcrumb\",\"itemListElement\":[{\"@type\":\"ListItem\",\"position\":1,\"name\":\"Home\",\"item\":\"https:\/\/ozone-gold.mk\/\"},{\"@type\":\"ListItem\",\"position\":2,\"name\":\"\u041f\u0440\u043e\u0434\u0430\u0432\u043d\u0438\u0446\u0430\",\"item\":\"https:\/\/ozone-gold.mk\/shop\/\"},{\"@type\":\"ListItem\",\"position\":3,\"name\":\"OZONE GOLD &#8211; EXTERNAL GENITAL SPRAY \u0421\u041f\u0420\u0415\u0408 \u0417\u0410 \u0418\u041d\u0422\u0418\u041c\u041d\u0410 \u041d\u0415\u0413\u0410 &#8211; 28ml\"}]},{\"@type\":\"WebSite\",\"@id\":\"https:\/\/ozone-gold.mk\/sq\/#website\",\"url\":\"https:\/\/ozone-gold.mk\/sq\/\",\"name\":\"OZONE GOLD\",\"description\":\"\",\"potentialAction\":[{\"@type\":\"SearchAction\",\"target\":{\"@type\":\"EntryPoint\",\"urlTemplate\":\"https:\/\/ozone-gold.mk\/sq\/?s={search_term_string}\"},\"query-input\":{\"@type\":\"PropertyValueSpecification\",\"valueRequired\":true,\"valueName\":\"search_term_string\"}}],\"inLanguage\":\"sq\"}]}<\/script>\n<meta property=\"product:price:amount\" content=\"1360\" \/>\n<meta property=\"product:price:currency\" content=\"MKD\" \/>\n<meta property=\"og:availability\" content=\"instock\" \/>\n<meta property=\"product:availability\" content=\"instock\" \/>\n<meta property=\"product:retailer_item_id\" content=\"8680885440867\" \/>\n<meta property=\"product:condition\" content=\"new\" \/>\n<!-- \/ Yoast SEO Premium plugin. -->","yoast_head_json":{"title":"OZONE GOLD \u0421\u041f\u0420\u0415\u0408 \u0417\u0410 \u0418\u041d\u0422\u0418\u041c\u041d\u0410 \u041d\u0415\u0413\u0410 - 28\u043c\u043b","description":"Ozone Gold \u0441\u043f\u0440\u0435\u0458 \u0437\u0430 \u0438\u043d\u0442\u0438\u043c\u043d\u0430 \u043d\u0435\u0433\u0430 \u0441\u043e \u043e\u0437\u043e\u043d\u0438\u0437\u0438\u0440\u0430\u043d\u043e \u043c\u0430\u0441\u043b\u0438\u043d\u043e\u0432\u043e \u043c\u0430\u0441\u043b\u043e. \u041f\u043e\u043c\u0430\u0433\u0430 \u043f\u0440\u0438 \u0432\u0430\u0433\u0438\u043d\u0430\u043b\u0435\u043d \u0438\u0441\u0446\u0435\u0434\u043e\u043a, \u043c\u0438\u0440\u0438\u0441 \u0438 \u0438\u0440\u0438\u0442\u0430\u0446\u0438\u0458\u0430. \u041f\u0440\u0438\u0440\u043e\u0434\u0435\u043d \u0442\u0440\u0435\u0442\u043c\u0430\u043d \u0437\u0430 \u0436\u0435\u043d\u0441\u043a\u0430 \u0445\u0438\u0433\u0438\u0435\u043d\u0430.","robots":{"index":"index","follow":"follow","max-snippet":"max-snippet:-1","max-image-preview":"max-image-preview:large","max-video-preview":"max-video-preview:-1"},"canonical":"https:\/\/ozone-gold.mk\/sq\/produkt\/ozone-gold-external-genital-spray-sprej-za-intimna-nega-28ml\/","og_locale":"sq_AL","og_type":"article","og_title":"\u0421\u041f\u0420\u0415\u0408 \u0417\u0410 \u0418\u041d\u0422\u0418\u041c\u041d\u0410 \u041d\u0415\u0413\u0410","og_description":"\u041f\u043e\u0434\u0430\u0440\u0438 \u0441\u0432\u043e\u0458\u043e\u0442 \u043f\u0440\u0438\u0440\u043e\u0434\u0435\u043d \u0441\u043e\u0441\u0442\u0430\u0432 \u043f\u043e\u043c\u0430\u0433\u0430 \u043f\u0440\u0438 \u0437\u0430\u043f\u0438\u0440\u0430\u045a\u0435 \u043d\u0430 \u043a\u0440\u0432\u0430\u0440\u0435\u045a\u0435\u0442\u043e \u043f\u0440\u0438 \u0441\u0438\u043d\u0434\u0440\u043e\u043c\u043e\u0442 \u043d\u0430 \u043f\u043e\u0441\u0442\u043f\u043e\u0440\u043e\u0434\u0438\u043b\u043d\u043e \u0437\u0433\u043e\u043b\u0435\u043c\u0443\u0432\u0430\u045a\u0435 \u043d\u0430 \u043a\u0440\u0432\u0430\u0440\u0435\u045a\u0435\u0442\u043e.","og_url":"https:\/\/ozone-gold.mk\/sq\/produkt\/ozone-gold-external-genital-spray-sprej-za-intimna-nega-28ml\/","og_site_name":"OZONE GOLD","article_modified_time":"2026-02-16T10:16:38+00:00","twitter_card":"summary_large_image","twitter_title":"\u0421\u041f\u0420\u0415\u0408 \u0417\u0410 \u0418\u041d\u0422\u0418\u041c\u041d\u0410 \u041d\u0415\u0413\u0410","twitter_description":"\u041f\u043e\u0434\u0430\u0440\u0438 \u0441\u0432\u043e\u0458\u043e\u0442 \u043f\u0440\u0438\u0440\u043e\u0434\u0435\u043d \u0441\u043e\u0441\u0442\u0430\u0432 \u043f\u043e\u043c\u0430\u0433\u0430 \u043f\u0440\u0438 \u0437\u0430\u043f\u0438\u0440\u0430\u045a\u0435 \u043d\u0430 \u043a\u0440\u0432\u0430\u0440\u0435\u045a\u0435\u0442\u043e \u043f\u0440\u0438 \u0441\u0438\u043d\u0434\u0440\u043e\u043c\u043e\u0442 \u043d\u0430 \u043f\u043e\u0441\u0442\u043f\u043e\u0440\u043e\u0434\u0438\u043b\u043d\u043e \u0437\u0433\u043e\u043b\u0435\u043c\u0443\u0432\u0430\u045a\u0435 \u043d\u0430 \u043a\u0440\u0432\u0430\u0440\u0435\u045a\u0435\u0442\u043e.","twitter_misc":{"Price":"1.360&nbsp;&#x434;&#x435;&#x43d; \u0426\u0435\u043d\u0430 \u0441\u043e \u0414\u0414\u0412","Availability":"In stock"},"schema":{"@context":"https:\/\/schema.org","@graph":[{"@type":"WebPage","@id":"https:\/\/ozone-gold.mk\/produkt\/ozone-gold-external-genital-spray-sprej-za-intimna-nega-28ml\/","url":"https:\/\/ozone-gold.mk\/produkt\/ozone-gold-external-genital-spray-sprej-za-intimna-nega-28ml\/","name":"OZONE GOLD \u0421\u041f\u0420\u0415\u0408 \u0417\u0410 \u0418\u041d\u0422\u0418\u041c\u041d\u0410 \u041d\u0415\u0413\u0410 - 28\u043c\u043b","isPartOf":{"@id":"https:\/\/ozone-gold.mk\/sq\/#website"},"primaryImageOfPage":{"@id":"https:\/\/ozone-gold.mk\/produkt\/ozone-gold-external-genital-spray-sprej-za-intimna-nega-28ml\/#primaryimage"},"image":{"@id":"https:\/\/ozone-gold.mk\/produkt\/ozone-gold-external-genital-spray-sprej-za-intimna-nega-28ml\/#primaryimage"},"thumbnailUrl":"https:\/\/ozone-gold.mk\/wp-content\/uploads\/2021\/05\/GTHS.jpg","datePublished":"2021-05-06T12:10:57+00:00","dateModified":"2026-02-16T10:16:38+00:00","description":"Ozone Gold \u0441\u043f\u0440\u0435\u0458 \u0437\u0430 \u0438\u043d\u0442\u0438\u043c\u043d\u0430 \u043d\u0435\u0433\u0430 \u0441\u043e \u043e\u0437\u043e\u043d\u0438\u0437\u0438\u0440\u0430\u043d\u043e \u043c\u0430\u0441\u043b\u0438\u043d\u043e\u0432\u043e \u043c\u0430\u0441\u043b\u043e. \u041f\u043e\u043c\u0430\u0433\u0430 \u043f\u0440\u0438 \u0432\u0430\u0433\u0438\u043d\u0430\u043b\u0435\u043d \u0438\u0441\u0446\u0435\u0434\u043e\u043a, \u043c\u0438\u0440\u0438\u0441 \u0438 \u0438\u0440\u0438\u0442\u0430\u0446\u0438\u0458\u0430. \u041f\u0440\u0438\u0440\u043e\u0434\u0435\u043d \u0442\u0440\u0435\u0442\u043c\u0430\u043d \u0437\u0430 \u0436\u0435\u043d\u0441\u043a\u0430 \u0445\u0438\u0433\u0438\u0435\u043d\u0430.","breadcrumb":{"@id":"https:\/\/ozone-gold.mk\/produkt\/ozone-gold-external-genital-spray-sprej-za-intimna-nega-28ml\/#breadcrumb"},"inLanguage":"sq","potentialAction":[{"@type":"ReadAction","target":["https:\/\/ozone-gold.mk\/produkt\/ozone-gold-external-genital-spray-sprej-za-intimna-nega-28ml\/"]}]},{"@type":"ImageObject","inLanguage":"sq","@id":"https:\/\/ozone-gold.mk\/produkt\/ozone-gold-external-genital-spray-sprej-za-intimna-nega-28ml\/#primaryimage","url":"https:\/\/ozone-gold.mk\/wp-content\/uploads\/2021\/05\/GTHS.jpg","contentUrl":"https:\/\/ozone-gold.mk\/wp-content\/uploads\/2021\/05\/GTHS.jpg","width":2000,"height":2000},{"@type":"BreadcrumbList","@id":"https:\/\/ozone-gold.mk\/produkt\/ozone-gold-external-genital-spray-sprej-za-intimna-nega-28ml\/#breadcrumb","itemListElement":[{"@type":"ListItem","position":1,"name":"Home","item":"https:\/\/ozone-gold.mk\/"},{"@type":"ListItem","position":2,"name":"\u041f\u0440\u043e\u0434\u0430\u0432\u043d\u0438\u0446\u0430","item":"https:\/\/ozone-gold.mk\/shop\/"},{"@type":"ListItem","position":3,"name":"OZONE GOLD &#8211; EXTERNAL GENITAL SPRAY \u0421\u041f\u0420\u0415\u0408 \u0417\u0410 \u0418\u041d\u0422\u0418\u041c\u041d\u0410 \u041d\u0415\u0413\u0410 &#8211; 28ml"}]},{"@type":"WebSite","@id":"https:\/\/ozone-gold.mk\/sq\/#website","url":"https:\/\/ozone-gold.mk\/sq\/","name":"OZONE GOLD","description":"","potentialAction":[{"@type":"SearchAction","target":{"@type":"EntryPoint","urlTemplate":"https:\/\/ozone-gold.mk\/sq\/?s={search_term_string}"},"query-input":{"@type":"PropertyValueSpecification","valueRequired":true,"valueName":"search_term_string"}}],"inLanguage":"sq"}]},"product_price_amount":"1360","product_price_currency":"MKD","og_availability":"instock","product_availability":"instock","product_retailer_item_id":"8680885440867","product_condition":"new"},"_links":{"self":[{"href":"https:\/\/ozone-gold.mk\/sq\/wp-json\/wp\/v2\/product\/539","targetHints":{"allow":["GET"]}}],"collection":[{"href":"https:\/\/ozone-gold.mk\/sq\/wp-json\/wp\/v2\/product"}],"about":[{"href":"https:\/\/ozone-gold.mk\/sq\/wp-json\/wp\/v2\/types\/product"}],"replies":[{"embeddable":true,"href":"https:\/\/ozone-gold.mk\/sq\/wp-json\/wp\/v2\/comments?post=539"}],"wp:featuredmedia":[{"embeddable":true,"href":"https:\/\/ozone-gold.mk\/sq\/wp-json\/wp\/v2\/media\/17341"}],"wp:attachment":[{"href":"https:\/\/ozone-gold.mk\/sq\/wp-json\/wp\/v2\/media?parent=539"}],"wp:term":[{"taxonomy":"product_brand","embeddable":true,"href":"https:\/\/ozone-gold.mk\/sq\/wp-json\/wp\/v2\/product_brand?post=539"},{"taxonomy":"product_cat","embeddable":true,"href":"https:\/\/ozone-gold.mk\/sq\/wp-json\/wp\/v2\/product_cat?post=539"},{"taxonomy":"product_tag","embeddable":true,"href":"https:\/\/ozone-gold.mk\/sq\/wp-json\/wp\/v2\/product_tag?post=539"}],"curies":[{"name":"wp","href":"https:\/\/api.w.org\/{rel}","templated":true}]}}