{"id":541,"date":"2021-05-06T11:10:57","date_gmt":"2021-05-06T11:10:57","guid":{"rendered":"https:\/\/new.ozone-gold.mk\/?post_type=product&#038;p=22"},"modified":"2026-02-16T11:21:59","modified_gmt":"2026-02-16T10:21:59","slug":"ozone-gold-hair-care-serum-za-nega-na-kosa-so-ozon-argan","status":"publish","type":"product","link":"https:\/\/ozone-gold.mk\/sq\/produkt\/ozone-gold-hair-care-serum-za-nega-na-kosa-so-ozon-argan\/","title":{"rendered":"OZONE GOLD \u2013 HAIR CARE SERUM SERUM P\u00cbR KUJDES T\u00cb FLOK\u00cbVE ME OZON, ARGAN, KERATIN \u2013 100ml"},"content":{"rendered":"<h2><strong>SERUM P\u00cbR KUJDES T\u00cb FLOK\u00cbVE<\/strong><\/h2>\n<h3><strong>Karakteristikat:<\/strong><\/h3>\n<ul>\n<li>Hidraton dhe ushqen flok\u00ebt, duke i b\u00ebr\u00eb ato t\u00eb buta dhe me shk\u00eblqim.<\/li>\n<li>Rinovon pamjen e flok\u00ebve t\u00eb that\u00eb dhe pa jet\u00eb.<\/li>\n<li>\u00cbsht\u00eb i pasuruar me vaj ulliri t\u00eb ozonuar, argan dhe keratin\u00eb.<\/li>\n<li>Forcon flok\u00ebt dhe u jep atyre leht\u00ebsi dhe elasticitet.<\/li>\n<li>P\u00ebr rezultate m\u00eb t\u00eb mira, p\u00ebrdoreni s\u00eb bashku me shamponin Ozone Gold.<\/li>\n<\/ul>\n<h3><strong>P\u00ebrb\u00ebrje:<\/strong><\/h3>\n<p>\nOzonized Olive Oil, Cyclopentasiloxane, Dimethiconol, Argania Spinosa Kernel Oil, Hydrolyzed Keratin, Parfum.\n<\/p>\n<h3><strong>M\u00ebnyra e p\u00ebrdorimit:<\/strong><\/h3>\n<ul>\n<li>Aplikojeni n\u00eb flok\u00eb t\u00eb lagur ose t\u00eb that\u00eb n\u00eb gjith\u00eb gjat\u00ebsin\u00eb e tyre.<\/li>\n<li>N\u00ebse jan\u00eb t\u00eb d\u00ebmtuara vet\u00ebm majat, aplikojeni vet\u00ebm n\u00eb majat e flok\u00ebve.<\/li>\n<li>Serumi nuk shp\u00eblahet pas aplikimit.<\/li>\n<li>\u00cbsht\u00eb e p\u00ebrshtatshme p\u00ebr p\u00ebrdorim t\u00eb p\u00ebrditsh\u00ebm.<\/li>\n<\/ul>\n<h3><strong>Paralajm\u00ebrimet:<\/strong><\/h3>\n<ul>\n<li>T\u00eb mbahet larg nga f\u00ebmij\u00ebt.<\/li>\n<li>Mos e g\u00eblltisni.<\/li>\n<li>T\u00eb mos g\u00eblltitet dhe t\u00eb mos ekspozohet n\u00eb drit\u00eb t\u00eb drejtp\u00ebrdrejt\u00eb dielli.<\/li>\n<li>T\u00eb ruhet n\u00eb nj\u00eb vend t\u00eb ftoht\u00eb dhe t\u00eb that\u00eb.<\/li>\n<li>T\u00eb shmanget kontakti me syt\u00eb.<\/li>\n<li>N\u00eb rast kontakti me syt\u00eb ose efekte t\u00eb pad\u00ebshiruara, kontaktoni nj\u00eb mjek.<\/li>\n<\/ul>\n<hr \/>\n<p><img loading=\"lazy\" decoding=\"async\" class=\"wp-image-15008 size-medium alignleft\" src=\"https:\/\/www.ozone-gold.mk\/wp-content\/uploads\/2020\/07\/ivana-cajina-dnL6ZIpht2s-unsplash-small-400x400.jpg\" alt=\"ozone gold serum za nega na kosa\" width=\"400\" height=\"400\" \/><\/p>\n<h2><strong>Linqe t\u00eb dobishme:<\/strong><\/h2>\n<ul>\n<li><a href=\"\/sq\/produkt\/ozone-gold-shampoo-with-ozone-sampon-so-ozon-330ml\/\">OZONE GOLD \u2013 SHAMPOO WITH OZONE \u0428\u0410\u041c\u041f\u041e\u041d \u0421\u041e \u041e\u0417\u041e\u041d \u2013 330ml<\/a><\/li>\n<li><a href=\"\/sq\/produkt\/ozone-gold-hair-care-ozoniran-gel-za-nega-na-kosa-50ml\/\">OZONE GOLD \u2013 HAIR CARE \u041e\u0417\u041e\u041d\u0418\u0420\u0410\u041d \u0413\u0415\u041b \u0417\u0410 \u041d\u0415\u0413\u0410 \u041d\u0410 \u041a\u041e\u0421\u0410 \u2013 50ml<\/a><\/li>\n<li><a href=\"\/sq\/produkt\/ozone-gold-anti-hair-loss-serum-protiv-zaguba-na-kosa-50ml\/\">OZONE GOLD \u2013 ANTI HAIR LOSS SERUM \u0421\u0415\u0420\u0423\u041c \u041f\u0420\u041e\u0422\u0418\u0412 \u0417\u0410\u0413\u0423\u0411\u0410 \u041d\u0410 \u041a\u041e\u0421\u0410 \u2013 50ml<\/a><\/li>\n<li><a href=\"https:\/\/pubmed.ncbi.nlm.nih.gov\/8869367\/\" target=\"_blank\" rel=\"noopener\">Efektet e autokimoterapis\u00eb me ozon t\u00eb flok\u00ebve<\/a><\/li>\n<\/ul>","protected":false},"excerpt":{"rendered":"<p>Serumu p\u00ebr kujdes t\u00eb flok\u00ebve nga Ozone Gold, hidraton dhe ushqen flok\u00ebt p\u00ebr t\u00eb transformuar flok\u00ebt e that\u00eb, pa jet\u00eb n\u00eb flok\u00eb me shk\u00eblqim dhe t\u00eb but\u00eb n\u00eb prekje. Serumi \u00ebsht\u00eb i pasuruar me vaj t\u00eb ullirit t\u00eb ozonuar me argan dhe keratinin\u00eb, dhe i l\u00eb flok\u00ebt t\u00eb sh\u00ebndetsh\u00ebm, t\u00eb but\u00eb, t\u00eb leht\u00eb dhe me shk\u00eblqim. P\u00ebr rezultate m\u00eb t\u00eb mira, p\u00ebrdorni serumin n\u00eb kombinim me shampon ton\u00eb Ozone Gold.<\/p>","protected":false},"featured_media":17333,"comment_status":"open","ping_status":"closed","template":"","meta":[],"product_brand":[],"product_cat":[18,22],"product_tag":[],"class_list":{"0":"post-541","1":"product","2":"type-product","3":"status-publish","4":"has-post-thumbnail","6":"product_cat-kozmetika","7":"product_cat-nega-na-kosa","9":"first","10":"instock","11":"taxable","12":"shipping-taxable","13":"purchasable","14":"product-type-simple"},"yoast_head":"<!-- This site is optimized with the Yoast SEO Premium plugin v26.2 (Yoast SEO v27.2) - https:\/\/yoast.com\/product\/yoast-seo-premium-wordpress\/ -->\n<title>OZONE GOLD \u0421\u0415\u0420\u0423\u041c \u0417\u0410 \u041d\u0415\u0413\u0410 \u041d\u0410 \u041a\u041e\u0421\u0410<\/title>\n<meta name=\"description\" content=\"Ozone Gold \u0441\u0435\u0440\u0443\u043c \u0437\u0430 \u043d\u0435\u0433\u0430 \u043d\u0430 \u043a\u043e\u0441\u0430 \u0435 \u0437\u0431\u043e\u0433\u0430\u0442\u0435\u043d \u0441\u043e \u041e\u0417\u041e\u041d\u0418\u0417\u0418\u0420\u0410\u041d\u041e \u041c\u0410\u0421\u041b\u0418\u041d\u041e\u0412\u041e \u041c\u0410\u0421\u041b\u041e, \u0410\u0420\u0413\u0410\u041d \u0438 \u041a\u0415\u0420\u0410\u0422\u0418\u041d, \u0458\u0430 \u0445\u0438\u0434\u0440\u0438\u0440\u0430, \u0445\u0440\u0430\u043d\u0438 \u0438 \u0458\u0430 \u043f\u0440\u0430\u0432\u0438 \u043a\u043e\u0441\u0430\u0442\u0430 \u043c\u0435\u043a\u0430, \u0437\u0434\u0440\u0430\u0432\u0430 \u0438 \u0441\u0458\u0430\u0458\u043d\u0430.\" \/>\n<meta name=\"robots\" content=\"index, follow, max-snippet:-1, max-image-preview:large, max-video-preview:-1\" \/>\n<link rel=\"canonical\" href=\"https:\/\/ozone-gold.mk\/sq\/produkt\/ozone-gold-hair-care-serum-za-nega-na-kosa-so-ozon-argan\/\" \/>\n<meta property=\"og:locale\" content=\"sq_AL\" \/>\n<meta property=\"og:type\" content=\"article\" \/>\n<meta property=\"og:title\" content=\"OZONE GOLD - HAIR CARE SERUM \u0421\u0415\u0420\u0423\u041c \u0417\u0410 \u041d\u0415\u0413\u0410 \u041d\u0410 \u041a\u041e\u0421\u0410 \u0421\u041e \u041e\u0417\u041e\u041d, \u0410\u0420\u0413\u0410\u041d, \u041a\u0415\u0420\u0410\u0422\u0418\u041d - 100ml\" \/>\n<meta property=\"og:description\" content=\"Ozone Gold \u0441\u0435\u0440\u0443\u043c \u0437\u0430 \u043d\u0435\u0433\u0430 \u043d\u0430 \u043a\u043e\u0441\u0430 \u0435 \u0437\u0431\u043e\u0433\u0430\u0442\u0435\u043d \u0441\u043e \u041e\u0417\u041e\u041d\u0418\u0417\u0418\u0420\u0410\u041d\u041e \u041c\u0410\u0421\u041b\u0418\u041d\u041e\u0412\u041e \u041c\u0410\u0421\u041b\u041e, \u0410\u0420\u0413\u0410\u041d \u0438 \u041a\u0415\u0420\u0410\u0422\u0418\u041d, \u0458\u0430 \u0445\u0438\u0434\u0440\u0438\u0440\u0430, \u0445\u0440\u0430\u043d\u0438 \u0438 \u0458\u0430 \u043f\u0440\u0430\u0432\u0438 \u043a\u043e\u0441\u0430\u0442\u0430 \u043c\u0435\u043a\u0430, \u0437\u0434\u0440\u0430\u0432\u0430 \u0438 \u0441\u0458\u0430\u0458\u043d\u0430.\" \/>\n<meta property=\"og:url\" content=\"https:\/\/ozone-gold.mk\/sq\/produkt\/ozone-gold-hair-care-serum-za-nega-na-kosa-so-ozon-argan\/\" \/>\n<meta property=\"og:site_name\" content=\"OZONE GOLD\" \/>\n<meta property=\"article:modified_time\" content=\"2026-02-16T10:21:59+00:00\" \/>\n<meta property=\"og:image\" content=\"https:\/\/ozone-gold.mk\/wp-content\/uploads\/2021\/05\/Artboard-12.jpg\" \/>\n\t<meta property=\"og:image:width\" content=\"2000\" \/>\n\t<meta property=\"og:image:height\" content=\"2000\" \/>\n\t<meta property=\"og:image:type\" content=\"image\/jpeg\" \/>\n<meta name=\"twitter:card\" content=\"summary_large_image\" \/>\n<meta name=\"twitter:label1\" content=\"Price\" \/>\n\t<meta name=\"twitter:data1\" content=\"870&nbsp;&#x434;&#x435;&#x43d; \u0426\u0435\u043d\u0430 \u0441\u043e \u0414\u0414\u0412\" \/>\n\t<meta name=\"twitter:label2\" content=\"Availability\" \/>\n\t<meta name=\"twitter:data2\" content=\"In stock\" \/>\n<script type=\"application\/ld+json\" class=\"yoast-schema-graph\">{\"@context\":\"https:\/\/schema.org\",\"@graph\":[{\"@type\":\"WebPage\",\"@id\":\"https:\/\/ozone-gold.mk\/produkt\/ozone-gold-hair-care-serum-za-nega-na-kosa-so-ozon-argan\/\",\"url\":\"https:\/\/ozone-gold.mk\/produkt\/ozone-gold-hair-care-serum-za-nega-na-kosa-so-ozon-argan\/\",\"name\":\"OZONE GOLD \u0421\u0415\u0420\u0423\u041c \u0417\u0410 \u041d\u0415\u0413\u0410 \u041d\u0410 \u041a\u041e\u0421\u0410\",\"isPartOf\":{\"@id\":\"https:\/\/ozone-gold.mk\/sq\/#website\"},\"primaryImageOfPage\":{\"@id\":\"https:\/\/ozone-gold.mk\/produkt\/ozone-gold-hair-care-serum-za-nega-na-kosa-so-ozon-argan\/#primaryimage\"},\"image\":{\"@id\":\"https:\/\/ozone-gold.mk\/produkt\/ozone-gold-hair-care-serum-za-nega-na-kosa-so-ozon-argan\/#primaryimage\"},\"thumbnailUrl\":\"https:\/\/ozone-gold.mk\/wp-content\/uploads\/2021\/05\/Artboard-12.jpg\",\"datePublished\":\"2021-05-06T11:10:57+00:00\",\"dateModified\":\"2026-02-16T10:21:59+00:00\",\"description\":\"Ozone Gold \u0441\u0435\u0440\u0443\u043c \u0437\u0430 \u043d\u0435\u0433\u0430 \u043d\u0430 \u043a\u043e\u0441\u0430 \u0435 \u0437\u0431\u043e\u0433\u0430\u0442\u0435\u043d \u0441\u043e \u041e\u0417\u041e\u041d\u0418\u0417\u0418\u0420\u0410\u041d\u041e \u041c\u0410\u0421\u041b\u0418\u041d\u041e\u0412\u041e \u041c\u0410\u0421\u041b\u041e, \u0410\u0420\u0413\u0410\u041d \u0438 \u041a\u0415\u0420\u0410\u0422\u0418\u041d, \u0458\u0430 \u0445\u0438\u0434\u0440\u0438\u0440\u0430, \u0445\u0440\u0430\u043d\u0438 \u0438 \u0458\u0430 \u043f\u0440\u0430\u0432\u0438 \u043a\u043e\u0441\u0430\u0442\u0430 \u043c\u0435\u043a\u0430, \u0437\u0434\u0440\u0430\u0432\u0430 \u0438 \u0441\u0458\u0430\u0458\u043d\u0430.\",\"breadcrumb\":{\"@id\":\"https:\/\/ozone-gold.mk\/produkt\/ozone-gold-hair-care-serum-za-nega-na-kosa-so-ozon-argan\/#breadcrumb\"},\"inLanguage\":\"sq\",\"potentialAction\":[{\"@type\":\"ReadAction\",\"target\":[\"https:\/\/ozone-gold.mk\/produkt\/ozone-gold-hair-care-serum-za-nega-na-kosa-so-ozon-argan\/\"]}]},{\"@type\":\"ImageObject\",\"inLanguage\":\"sq\",\"@id\":\"https:\/\/ozone-gold.mk\/produkt\/ozone-gold-hair-care-serum-za-nega-na-kosa-so-ozon-argan\/#primaryimage\",\"url\":\"https:\/\/ozone-gold.mk\/wp-content\/uploads\/2021\/05\/Artboard-12.jpg\",\"contentUrl\":\"https:\/\/ozone-gold.mk\/wp-content\/uploads\/2021\/05\/Artboard-12.jpg\",\"width\":2000,\"height\":2000},{\"@type\":\"BreadcrumbList\",\"@id\":\"https:\/\/ozone-gold.mk\/produkt\/ozone-gold-hair-care-serum-za-nega-na-kosa-so-ozon-argan\/#breadcrumb\",\"itemListElement\":[{\"@type\":\"ListItem\",\"position\":1,\"name\":\"Home\",\"item\":\"https:\/\/ozone-gold.mk\/\"},{\"@type\":\"ListItem\",\"position\":2,\"name\":\"\u041f\u0440\u043e\u0434\u0430\u0432\u043d\u0438\u0446\u0430\",\"item\":\"https:\/\/ozone-gold.mk\/shop\/\"},{\"@type\":\"ListItem\",\"position\":3,\"name\":\"OZONE GOLD &#8211; HAIR CARE SERUM \u0421\u0415\u0420\u0423\u041c \u0417\u0410 \u041d\u0415\u0413\u0410 \u041d\u0410 \u041a\u041e\u0421\u0410 \u0421\u041e \u041e\u0417\u041e\u041d, \u0410\u0420\u0413\u0410\u041d, \u041a\u0415\u0420\u0410\u0422\u0418\u041d &#8211; 100ml\"}]},{\"@type\":\"WebSite\",\"@id\":\"https:\/\/ozone-gold.mk\/sq\/#website\",\"url\":\"https:\/\/ozone-gold.mk\/sq\/\",\"name\":\"OZONE GOLD\",\"description\":\"\",\"potentialAction\":[{\"@type\":\"SearchAction\",\"target\":{\"@type\":\"EntryPoint\",\"urlTemplate\":\"https:\/\/ozone-gold.mk\/sq\/?s={search_term_string}\"},\"query-input\":{\"@type\":\"PropertyValueSpecification\",\"valueRequired\":true,\"valueName\":\"search_term_string\"}}],\"inLanguage\":\"sq\"}]}<\/script>\n<meta property=\"product:price:amount\" content=\"870\" \/>\n<meta property=\"product:price:currency\" content=\"MKD\" \/>\n<meta property=\"og:availability\" content=\"instock\" \/>\n<meta property=\"product:availability\" content=\"instock\" \/>\n<meta property=\"product:retailer_item_id\" content=\"8680885440898\" \/>\n<meta property=\"product:condition\" content=\"new\" \/>\n<!-- \/ Yoast SEO Premium plugin. -->","yoast_head_json":{"title":"OZONE GOLD \u0421\u0415\u0420\u0423\u041c \u0417\u0410 \u041d\u0415\u0413\u0410 \u041d\u0410 \u041a\u041e\u0421\u0410","description":"Ozone Gold \u0441\u0435\u0440\u0443\u043c \u0437\u0430 \u043d\u0435\u0433\u0430 \u043d\u0430 \u043a\u043e\u0441\u0430 \u0435 \u0437\u0431\u043e\u0433\u0430\u0442\u0435\u043d \u0441\u043e \u041e\u0417\u041e\u041d\u0418\u0417\u0418\u0420\u0410\u041d\u041e \u041c\u0410\u0421\u041b\u0418\u041d\u041e\u0412\u041e \u041c\u0410\u0421\u041b\u041e, \u0410\u0420\u0413\u0410\u041d \u0438 \u041a\u0415\u0420\u0410\u0422\u0418\u041d, \u0458\u0430 \u0445\u0438\u0434\u0440\u0438\u0440\u0430, \u0445\u0440\u0430\u043d\u0438 \u0438 \u0458\u0430 \u043f\u0440\u0430\u0432\u0438 \u043a\u043e\u0441\u0430\u0442\u0430 \u043c\u0435\u043a\u0430, \u0437\u0434\u0440\u0430\u0432\u0430 \u0438 \u0441\u0458\u0430\u0458\u043d\u0430.","robots":{"index":"index","follow":"follow","max-snippet":"max-snippet:-1","max-image-preview":"max-image-preview:large","max-video-preview":"max-video-preview:-1"},"canonical":"https:\/\/ozone-gold.mk\/sq\/produkt\/ozone-gold-hair-care-serum-za-nega-na-kosa-so-ozon-argan\/","og_locale":"sq_AL","og_type":"article","og_title":"OZONE GOLD - HAIR CARE SERUM \u0421\u0415\u0420\u0423\u041c \u0417\u0410 \u041d\u0415\u0413\u0410 \u041d\u0410 \u041a\u041e\u0421\u0410 \u0421\u041e \u041e\u0417\u041e\u041d, \u0410\u0420\u0413\u0410\u041d, \u041a\u0415\u0420\u0410\u0422\u0418\u041d - 100ml","og_description":"Ozone Gold \u0441\u0435\u0440\u0443\u043c \u0437\u0430 \u043d\u0435\u0433\u0430 \u043d\u0430 \u043a\u043e\u0441\u0430 \u0435 \u0437\u0431\u043e\u0433\u0430\u0442\u0435\u043d \u0441\u043e \u041e\u0417\u041e\u041d\u0418\u0417\u0418\u0420\u0410\u041d\u041e \u041c\u0410\u0421\u041b\u0418\u041d\u041e\u0412\u041e \u041c\u0410\u0421\u041b\u041e, \u0410\u0420\u0413\u0410\u041d \u0438 \u041a\u0415\u0420\u0410\u0422\u0418\u041d, \u0458\u0430 \u0445\u0438\u0434\u0440\u0438\u0440\u0430, \u0445\u0440\u0430\u043d\u0438 \u0438 \u0458\u0430 \u043f\u0440\u0430\u0432\u0438 \u043a\u043e\u0441\u0430\u0442\u0430 \u043c\u0435\u043a\u0430, \u0437\u0434\u0440\u0430\u0432\u0430 \u0438 \u0441\u0458\u0430\u0458\u043d\u0430.","og_url":"https:\/\/ozone-gold.mk\/sq\/produkt\/ozone-gold-hair-care-serum-za-nega-na-kosa-so-ozon-argan\/","og_site_name":"OZONE GOLD","article_modified_time":"2026-02-16T10:21:59+00:00","og_image":[{"width":2000,"height":2000,"url":"https:\/\/ozone-gold.mk\/wp-content\/uploads\/2021\/05\/Artboard-12.jpg","type":"image\/jpeg"}],"twitter_card":"summary_large_image","twitter_misc":{"Price":"870&nbsp;&#x434;&#x435;&#x43d; \u0426\u0435\u043d\u0430 \u0441\u043e \u0414\u0414\u0412","Availability":"In stock"},"schema":{"@context":"https:\/\/schema.org","@graph":[{"@type":"WebPage","@id":"https:\/\/ozone-gold.mk\/produkt\/ozone-gold-hair-care-serum-za-nega-na-kosa-so-ozon-argan\/","url":"https:\/\/ozone-gold.mk\/produkt\/ozone-gold-hair-care-serum-za-nega-na-kosa-so-ozon-argan\/","name":"OZONE GOLD \u0421\u0415\u0420\u0423\u041c \u0417\u0410 \u041d\u0415\u0413\u0410 \u041d\u0410 \u041a\u041e\u0421\u0410","isPartOf":{"@id":"https:\/\/ozone-gold.mk\/sq\/#website"},"primaryImageOfPage":{"@id":"https:\/\/ozone-gold.mk\/produkt\/ozone-gold-hair-care-serum-za-nega-na-kosa-so-ozon-argan\/#primaryimage"},"image":{"@id":"https:\/\/ozone-gold.mk\/produkt\/ozone-gold-hair-care-serum-za-nega-na-kosa-so-ozon-argan\/#primaryimage"},"thumbnailUrl":"https:\/\/ozone-gold.mk\/wp-content\/uploads\/2021\/05\/Artboard-12.jpg","datePublished":"2021-05-06T11:10:57+00:00","dateModified":"2026-02-16T10:21:59+00:00","description":"Ozone Gold \u0441\u0435\u0440\u0443\u043c \u0437\u0430 \u043d\u0435\u0433\u0430 \u043d\u0430 \u043a\u043e\u0441\u0430 \u0435 \u0437\u0431\u043e\u0433\u0430\u0442\u0435\u043d \u0441\u043e \u041e\u0417\u041e\u041d\u0418\u0417\u0418\u0420\u0410\u041d\u041e \u041c\u0410\u0421\u041b\u0418\u041d\u041e\u0412\u041e \u041c\u0410\u0421\u041b\u041e, \u0410\u0420\u0413\u0410\u041d \u0438 \u041a\u0415\u0420\u0410\u0422\u0418\u041d, \u0458\u0430 \u0445\u0438\u0434\u0440\u0438\u0440\u0430, \u0445\u0440\u0430\u043d\u0438 \u0438 \u0458\u0430 \u043f\u0440\u0430\u0432\u0438 \u043a\u043e\u0441\u0430\u0442\u0430 \u043c\u0435\u043a\u0430, \u0437\u0434\u0440\u0430\u0432\u0430 \u0438 \u0441\u0458\u0430\u0458\u043d\u0430.","breadcrumb":{"@id":"https:\/\/ozone-gold.mk\/produkt\/ozone-gold-hair-care-serum-za-nega-na-kosa-so-ozon-argan\/#breadcrumb"},"inLanguage":"sq","potentialAction":[{"@type":"ReadAction","target":["https:\/\/ozone-gold.mk\/produkt\/ozone-gold-hair-care-serum-za-nega-na-kosa-so-ozon-argan\/"]}]},{"@type":"ImageObject","inLanguage":"sq","@id":"https:\/\/ozone-gold.mk\/produkt\/ozone-gold-hair-care-serum-za-nega-na-kosa-so-ozon-argan\/#primaryimage","url":"https:\/\/ozone-gold.mk\/wp-content\/uploads\/2021\/05\/Artboard-12.jpg","contentUrl":"https:\/\/ozone-gold.mk\/wp-content\/uploads\/2021\/05\/Artboard-12.jpg","width":2000,"height":2000},{"@type":"BreadcrumbList","@id":"https:\/\/ozone-gold.mk\/produkt\/ozone-gold-hair-care-serum-za-nega-na-kosa-so-ozon-argan\/#breadcrumb","itemListElement":[{"@type":"ListItem","position":1,"name":"Home","item":"https:\/\/ozone-gold.mk\/"},{"@type":"ListItem","position":2,"name":"\u041f\u0440\u043e\u0434\u0430\u0432\u043d\u0438\u0446\u0430","item":"https:\/\/ozone-gold.mk\/shop\/"},{"@type":"ListItem","position":3,"name":"OZONE GOLD &#8211; HAIR CARE SERUM \u0421\u0415\u0420\u0423\u041c \u0417\u0410 \u041d\u0415\u0413\u0410 \u041d\u0410 \u041a\u041e\u0421\u0410 \u0421\u041e \u041e\u0417\u041e\u041d, \u0410\u0420\u0413\u0410\u041d, \u041a\u0415\u0420\u0410\u0422\u0418\u041d &#8211; 100ml"}]},{"@type":"WebSite","@id":"https:\/\/ozone-gold.mk\/sq\/#website","url":"https:\/\/ozone-gold.mk\/sq\/","name":"OZONE GOLD","description":"","potentialAction":[{"@type":"SearchAction","target":{"@type":"EntryPoint","urlTemplate":"https:\/\/ozone-gold.mk\/sq\/?s={search_term_string}"},"query-input":{"@type":"PropertyValueSpecification","valueRequired":true,"valueName":"search_term_string"}}],"inLanguage":"sq"}]},"product_price_amount":"870","product_price_currency":"MKD","og_availability":"instock","product_availability":"instock","product_retailer_item_id":"8680885440898","product_condition":"new"},"_links":{"self":[{"href":"https:\/\/ozone-gold.mk\/sq\/wp-json\/wp\/v2\/product\/541","targetHints":{"allow":["GET"]}}],"collection":[{"href":"https:\/\/ozone-gold.mk\/sq\/wp-json\/wp\/v2\/product"}],"about":[{"href":"https:\/\/ozone-gold.mk\/sq\/wp-json\/wp\/v2\/types\/product"}],"replies":[{"embeddable":true,"href":"https:\/\/ozone-gold.mk\/sq\/wp-json\/wp\/v2\/comments?post=541"}],"wp:featuredmedia":[{"embeddable":true,"href":"https:\/\/ozone-gold.mk\/sq\/wp-json\/wp\/v2\/media\/17333"}],"wp:attachment":[{"href":"https:\/\/ozone-gold.mk\/sq\/wp-json\/wp\/v2\/media?parent=541"}],"wp:term":[{"taxonomy":"product_brand","embeddable":true,"href":"https:\/\/ozone-gold.mk\/sq\/wp-json\/wp\/v2\/product_brand?post=541"},{"taxonomy":"product_cat","embeddable":true,"href":"https:\/\/ozone-gold.mk\/sq\/wp-json\/wp\/v2\/product_cat?post=541"},{"taxonomy":"product_tag","embeddable":true,"href":"https:\/\/ozone-gold.mk\/sq\/wp-json\/wp\/v2\/product_tag?post=541"}],"curies":[{"name":"wp","href":"https:\/\/api.w.org\/{rel}","templated":true}]}}