{"id":545,"date":"2021-05-06T11:10:57","date_gmt":"2021-05-06T12:10:57","guid":{"rendered":"https:\/\/new.ozone-gold.mk\/?post_type=product&#038;p=23"},"modified":"2026-03-09T09:46:58","modified_gmt":"2026-03-09T08:46:58","slug":"ozone-gold-ozone-fix-cream-ozonirana-krema-protiv-bolka-50ml","status":"publish","type":"product","link":"https:\/\/ozone-gold.mk\/sq\/produkt\/ozone-gold-ozone-fix-cream-ozonirana-krema-protiv-bolka-50ml\/","title":{"rendered":"OZONE GOLD \u2013 OZONE FIX CREAM KREM I OZONUAR KUND\u00cbR DHIMBJES \u2013 50ml"},"content":{"rendered":"<h2><strong>\u041e\u0417\u041e\u041d\u0418\u0420\u0410\u041d\u0410 \u041a\u0420\u0415\u041c\u0410 \u041f\u0420\u041e\u0422\u0418\u0412 \u0411\u041e\u041b\u041a\u0410<\/strong><\/h2>\n<h2><strong>Karakteristikat:<\/strong><\/h2>\n<p>Ozone Gold Kremi me ozon kund\u00ebr dhimbjes \u00ebsht\u00eb i pasuruar me vajra natyrale. Kremi kund\u00ebr dhimbjes nd\u00ebrvepron me substancat q\u00eb shkaktojn\u00eb dhimbjen (nd\u00ebrmjet\u00ebsuesit) me 2 mekanizma t\u00eb pavarur:<\/p>\n<h3><strong>Mekanizmi afatshkurt\u00ebr p\u00ebr zvog\u00eblimin e dhimbjes:<\/strong><\/h3>\n<p>jep efektin e qet\u00ebsimit afatshkurt\u00ebr i cili shkaktohet me reagim t\u00eb drejtp\u00ebrdrejt\u00eb t\u00eb oksidimit t\u00eb molekulave bio.<\/p>\n<h3 class=\"translation-block\">Mekanizmi afatgjat\u00eb p\u00ebr zvog\u00eblimin e dhimbjes:<\/h3>\n<p>aktivizohet nga efektet e reaksionit antioksidues. N\u00eb t\u00eb nj\u00ebjt\u00ebn koh\u00eb, ozoni kontrollon kalimin e tij n\u00ebp\u00ebr membran\u00ebs qelizore, duke rezultuar me nj\u00eb efekt qet\u00ebsues. Me stimulimin e sistemit natyror t\u00eb morfin\u00ebs, dhimbja zvog\u00eblohet, dhe n\u00eb t\u00eb nj\u00ebjt\u00ebn koh\u00eb reflekset e dhimbjes p\u00ebrmir\u00ebsohen. Gjithashtu \u00ebsht\u00eb treguar se ozoni p\u00ebrmir\u00ebson funksionin nervor.<\/p>\n<h2><strong>P\u00ebrb\u00ebrje:<\/strong><\/h2>\n<p>Ozonized Olive Oil, Petrolatum, Petrolatum, Thymus Vulgaris Oil, Rosmarinus Officinalis Leaf Oil, Brassica, Alba Seed Oil, Mentha Piperita Oil, Turpentine, Cinnamomum Camphora, Bark Oil, Eucalyptus Globulus Leaf Oil<\/p>\n<h2><strong>Paralajm\u00ebrimet:<\/strong><\/h2>\n<p>T\u00eb mbahet larg f\u00ebmij\u00ebve. T\u00eb mos g\u00eblltitet. T\u00eb mos ekspozohet ndaj rrezeve t\u00eb drejtp\u00ebrdrejta t\u00eb diellit. T\u00eb ruhet n\u00eb nj\u00eb vend t\u00eb ftoht\u00eb dhe t\u00eb that\u00eb. T\u00eb shmanget kontakt me syt\u00eb. N\u00eb rast t\u00eb efekteve an\u00ebsore, kontaktit me syt\u00eb ose g\u00eblltitjes s\u00eb produktit, kontaktoni me mjekun tuaj.<\/p>\n<h2><strong>Ndihmon n\u00eb:<\/strong><\/h2>\n<ul>\n<li>Migren\u00eb, sinuse, kok\u00ebdhimbje e shkaktuar nga stresi<\/li>\n<li>Dhimbje reumatike<\/li>\n<li>Dhimbje n\u00eb gjunj\u00ebt, ky\u00e7et dhe kockat<\/li>\n<li>Shtrirje, dhimbje nga goditje, kalt\u00ebrsira n\u00eb muskujt<\/li>\n<li>Shtrirje e muskujve dhe dhimbje n\u00eb muskujt<\/li>\n<li>Dhimbje n\u00eb ij\u00ebn dhe qaf\u00ebn<\/li>\n<li>Dhimbje n\u00eb lidhje me mosh\u00ebn<\/li>\n<li>Dhimbje nga venat me vari\u00e7e<\/li>\n<li>Dhimbje menstruale dhe kolit<\/li>\n<li>Dhimbje n\u00eb supet dhe krah\u00ebt<\/li>\n<li>Dhimbje n\u00eb gjoks<\/li>\n<li>Mungesa e kalciumit<\/li>\n<\/ul>\n<h2><strong>M\u00ebnyra e p\u00ebrdorimit:<\/strong><\/h2>\n<p>Kremi aplikohet n\u00eb pjes\u00ebn problematike t\u00eb l\u00ebkur\u00ebs dy her\u00eb n\u00eb dit\u00eb, me nj\u00eb masazh. \u00cbsht\u00eb i p\u00ebrshtatsh\u00ebm p\u00ebr p\u00ebrdorim t\u00eb p\u00ebrditsh\u00ebm.<\/p>\n<hr \/>\n<p><img loading=\"lazy\" decoding=\"async\" class=\"alignleft wp-image-13940 size-medium\" src=\"https:\/\/www.ozone-gold.mk\/wp-content\/uploads\/2020\/05\/DSC_0352-e1619695090914-400x400.jpeg\" alt=\"\u041a\u0420\u0415\u041c\u0410 \u041f\u0420\u041e\u0422\u0418\u0412 \u0411\u041e\u041b\u041a\u0410 \u0433\u043b\u0430\u0432\u043e\u0431\u043e\u043b\u043a\u0430 \u043f\u0440\u0435\u0434\u0438\u0437\u0432\u0438\u043a\u0430\u043d\u0430 \u043e\u0434 \u0441\u0442\u0440\u0435\u0441 \u0433\u043b\u0430\u0432\u043e\u0431\u043e\u043b\u043a\u0430 \u0420\u0435\u0432\u043c\u0430\u0442\u0441\u043a\u0430 \u0431\u043e\u043b\u043a\u0430 \u0411\u043e\u043b\u043a\u0438 \u0432\u043e \u043a\u043e\u043b\u0435\u043d\u0430\u0442\u0430 \u0411\u043e\u043b\u043a\u0438 \u0432\u043e \u0437\u0433\u043b\u043e\u0431\u0432\u0438\u0442\u0435 \u0411\u043e\u043b\u043a\u0438 \u0432\u043e \u043a\u043e\u0441\u043a\u0438\u0442\u0435 \u0418\u0441\u0442\u0435\u0433\u043d\u0443\u0432\u0430\u045a\u0435 \u0431\u043e\u043b\u043a\u0430 \u043e\u0434 \u0443\u0434\u0430\u0440 \u0418\u0441\u0442\u0435\u0433\u043d\u0443\u0432\u0430\u045a\u0435 \u043d\u0430 \u043c\u0443\u0441\u043a\u0443\u043b\u0438\u0442\u0435 \u0431\u043e\u043b\u043a\u0430 \u0432\u043e \u043c\u0443\u0441\u043a\u0443\u043b\u0438\u0442\u0435 \u0411\u043e\u043b\u043a\u0430 \u0432\u043e \u043f\u043e\u043b\u043e\u0432\u0438\u043d\u0430\u0442\u0430 \u0411\u043e\u043b\u043a\u0430 \u0432\u043e \u0432\u0440\u0430\u0442\u043e\u0442 \u0411\u043e\u043b\u043a\u0430 \u043f\u043e\u0432\u0440\u0437\u0430\u043d\u0430 \u0441\u043e \u0432\u043e\u0437\u0440\u0430\u0441\u0442\u0430 \u0411\u043e\u043b\u043a\u0430 \u043e\u0434 \u043f\u0440\u043e\u0448\u0438\u0440\u0435\u043d\u0438 \u0432\u0435\u043d\u0438 \u041c\u0435\u043d\u0441\u0442\u0440\u0443\u0430\u043b\u043d\u0438 \u0431\u043e\u043b\u043a\u0438 \u0411\u043e\u043b\u043a\u0430 \u0432\u043e \u0440\u0430\u043c\u0435\u045a\u0430\u0442\u0430 \u0411\u043e\u043b\u043a\u0430 \u0432\u043e \u0440\u0430\u0446\u0435\u0442\u0435 \u0411\u043e\u043b\u043a\u0430 \u0432\u043e \u0433\u0440\u0430\u0434\u0438\u0442\u0435 ozirana-krema-protiv-bolka Ozone fix cream ozone gold ozon ozone mk \u0437\u0430 \u043d\u0430\u043c\u0430\u043b\u0443\u0432\u0430\u045a\u0435 \u043d\u0430 \u0431\u043e\u043b\u043a\u0430\" width=\"400\" height=\"400\" \/><a href=\"\/sq\/produkt\/ozone-gold-ozone-factor-ozonirano-maslinovo-maslo-vo-kapsula\/\" rel=\"sponsored\" data-schema-attribute=\"\">OZONE GOLD \u2013 OZONE FACTOR \/ vaj ulliri i ozonuar n\u00eb kapsul\u00eb<\/a><\/p>\n<p><a href=\"\/sq\/produkt\/ozone-gold-ozone-cream-160mg-ozonirana-krema-so-160mg-ozon-30ml\/\" rel=\"sponsored\" data-schema-attribute=\"\">OZONE GOLD \u2013 OZONE CREAM 160mg \/ \u041e\u0417\u041e\u041d\u0418\u0420\u0410\u041d\u0410 \u041a\u0420\u0415\u041c\u0410 \u0421\u041e 160mg \u041e\u0417\u041e\u041d \u2013 30ml<\/a><\/p>\n<p><a href=\"\/sq\/produkt\/ozone-gold-ozone-oil-80mg-ozonirano-maslo-so-80mg-ozon-50ml\/\" rel=\"sponsored\" data-schema-attribute=\"\">OZONE GOLD \u2013 OZONE OIL 80mg \/ VAJ I OZONUAR ME 80mg OZON \u2013 50ml<\/a><\/p>\n<p><a href=\"\/sq\/produkt\/ozone-gold-ozonized-massage-gel-ozoniran-gel-za-masaza-50ml-2\/\" rel=\"sponsored\" data-schema-attribute=\"\">OZONE GOLD \u2013 OZONIZED MASSAGE GEL \u041e\u0417\u041e\u041d\u0418\u0420\u0410\u041d \u0413\u0415\u041b \u0417\u0410 \u041c\u0410\u0421\u0410\u0416\u0410 \u2013 50ml<\/a><\/p>\n<p><a href=\"https:\/\/pubmed.ncbi.nlm.nih.gov\/29207120\/\" target=\"_blank\" rel=\"sponsored noopener\" data-schema-attribute=\"\">Efekti antibakterial nga aplikimi lokal i ozonit gjat\u00eb trajtimit t\u00eb infeksioneve t\u00eb l\u00ebkur\u00ebs<\/a><\/p>\n<p><a href=\"https:\/\/pubmed.ncbi.nlm.nih.gov\/29536625\/\" target=\"_blank\" rel=\"sponsored noopener\" data-schema-attribute=\"\">Terapia me ozon p\u00ebr trajtimin e plag\u00ebve kronike<\/a><\/p>","protected":false},"excerpt":{"rendered":"<ul>\n<li>E p\u00ebrmir\u00ebsuar me vajra natyral\u00eb, nd\u00ebrvepron me substancat shkaktuese t\u00eb dhimbjes n\u00eb dy m\u00ebnyra-efekt qet\u00ebsues afatshkurt\u00ebr p\u00ebr shkak t\u00eb oksidimit t\u00eb bio-molekulave dhe afatgjat\u00eb p\u00ebrmes veprimit antioksidues stimulon sistemin natyror t\u00eb morfin\u00ebs, duke zvog\u00ebluar dhimbjen dhe duke p\u00ebrmir\u00ebsuar reflektimet e dhimbjes.<\/li>\n<li>P\u00ebrve\u00e7 vajit t\u00eb ullirit t\u00eb ozonuar, ai gjithashtu p\u00ebrmban vaj trumze, rozmarin\u00eb, qep\u00eb, mente, far\u00eb t\u00eb zez\u00eb, nenexhik, kamfor, eukalipt, bajame, karafil, dru tr\u00ebndafili dhe xhenxhefil.<\/li>\n<li>I p\u00ebrshtatsh\u00ebm p\u00ebr p\u00ebrdorim t\u00eb p\u00ebrditsh\u00ebm dhe rekomandohet t\u00eb masazhoni vendin e l\u00ebnduar.<\/li>\n<li>Mos e p\u00ebrdorni n\u00eb l\u00ebkur\u00eb t\u00eb irrituar.<\/li>\n<\/ul>","protected":false},"featured_media":17329,"comment_status":"open","ping_status":"closed","template":"","meta":[],"product_brand":[],"product_cat":[18,23],"product_tag":[],"class_list":{"0":"post-545","1":"product","2":"type-product","3":"status-publish","4":"has-post-thumbnail","6":"product_cat-kozmetika","7":"product_cat-kremi-za-specifichni-nameni","9":"first","10":"instock","11":"taxable","12":"shipping-taxable","13":"purchasable","14":"product-type-simple"},"yoast_head":"<!-- This site is optimized with the Yoast SEO Premium plugin v26.2 (Yoast SEO v27.2) - https:\/\/yoast.com\/product\/yoast-seo-premium-wordpress\/ -->\n<title>OZONE GOLD \u041e\u0417\u041e\u041d\u0418\u0420\u0410\u041d\u0410 \u041a\u0420\u0415\u041c\u0410 \u041f\u0420\u041e\u0422\u0418\u0412 \u0411\u041e\u041b\u041a\u0410 50\u043c\u043b<\/title>\n<meta name=\"description\" content=\"OZONE GOLD \u041e\u0417\u041e\u041d\u0418\u0420\u0410\u041d\u0410 \u041a\u0420\u0415\u041c\u0410 \u041f\u0420\u041e\u0422\u0418\u0412 \u0411\u041e\u041b\u041a\u0410 - \u0458\u0430 \u0441\u043c\u0438\u0440\u0443\u0432\u0430 \u0431\u043e\u043b\u043a\u0430\u0442\u0430 \u043f\u0440\u0435\u043a\u0443 \u043e\u043a\u0441\u0438\u0434\u0430\u0446\u0438\u0458\u0430 \u0438 \u0430\u043d\u0442\u0438\u043e\u043a\u0441\u0438\u0434\u0430\u043d\u0442\u043d\u043e \u0434\u0435\u0458\u0441\u0442\u0432\u043e, \u0441\u0442\u0438\u043c\u0443\u043b\u0438\u0440\u0430\u0458\u045c\u0438 \u0433\u043e \u043f\u0440\u0438\u0440\u043e\u0434\u043d\u0438\u043e\u0442 \u0441\u0438\u0441\u0442\u0435\u043c \u0437\u0430 \u0443\u0431\u043b\u0430\u0436\u0443\u0432\u0430\u045a\u0435.\" \/>\n<meta name=\"robots\" content=\"index, follow, max-snippet:-1, max-image-preview:large, max-video-preview:-1\" \/>\n<link rel=\"canonical\" href=\"https:\/\/ozone-gold.mk\/sq\/produkt\/ozone-gold-ozone-fix-cream-ozonirana-krema-protiv-bolka-50ml\/\" \/>\n<meta property=\"og:locale\" content=\"sq_AL\" \/>\n<meta property=\"og:type\" content=\"article\" \/>\n<meta property=\"og:title\" content=\"OZONE GOLD - OZONE FIX CREAM \u041e\u0417\u041e\u041d\u0418\u0420\u0410\u041d\u0410 \u041a\u0420\u0415\u041c\u0410 \u041f\u0420\u041e\u0422\u0418\u0412 \u0411\u041e\u041b\u041a\u0410 - 50ml\" \/>\n<meta property=\"og:description\" content=\"OZONE GOLD \u041e\u0417\u041e\u041d\u0418\u0420\u0410\u041d\u0410 \u041a\u0420\u0415\u041c\u0410 \u041f\u0420\u041e\u0422\u0418\u0412 \u0411\u041e\u041b\u041a\u0410 - \u0458\u0430 \u0441\u043c\u0438\u0440\u0443\u0432\u0430 \u0431\u043e\u043b\u043a\u0430\u0442\u0430 \u043f\u0440\u0435\u043a\u0443 \u043e\u043a\u0441\u0438\u0434\u0430\u0446\u0438\u0458\u0430 \u0438 \u0430\u043d\u0442\u0438\u043e\u043a\u0441\u0438\u0434\u0430\u043d\u0442\u043d\u043e \u0434\u0435\u0458\u0441\u0442\u0432\u043e, \u0441\u0442\u0438\u043c\u0443\u043b\u0438\u0440\u0430\u0458\u045c\u0438 \u0433\u043e \u043f\u0440\u0438\u0440\u043e\u0434\u043d\u0438\u043e\u0442 \u0441\u0438\u0441\u0442\u0435\u043c \u0437\u0430 \u0443\u0431\u043b\u0430\u0436\u0443\u0432\u0430\u045a\u0435.\" \/>\n<meta property=\"og:url\" content=\"https:\/\/ozone-gold.mk\/sq\/produkt\/ozone-gold-ozone-fix-cream-ozonirana-krema-protiv-bolka-50ml\/\" \/>\n<meta property=\"og:site_name\" content=\"OZONE GOLD\" \/>\n<meta property=\"article:modified_time\" content=\"2026-03-09T08:46:58+00:00\" \/>\n<meta property=\"og:image\" content=\"https:\/\/ozone-gold.mk\/wp-content\/uploads\/2021\/05\/Artboard-8.jpg\" \/>\n\t<meta property=\"og:image:width\" content=\"2000\" \/>\n\t<meta property=\"og:image:height\" content=\"2000\" \/>\n\t<meta property=\"og:image:type\" content=\"image\/jpeg\" \/>\n<meta name=\"twitter:card\" content=\"summary_large_image\" \/>\n<meta name=\"twitter:label1\" content=\"Price\" \/>\n\t<meta name=\"twitter:data1\" content=\"680&nbsp;&#x434;&#x435;&#x43d; \u0426\u0435\u043d\u0430 \u0441\u043e \u0414\u0414\u0412\" \/>\n\t<meta name=\"twitter:label2\" content=\"Availability\" \/>\n\t<meta name=\"twitter:data2\" content=\"In stock\" \/>\n<script type=\"application\/ld+json\" class=\"yoast-schema-graph\">{\"@context\":\"https:\/\/schema.org\",\"@graph\":[{\"@type\":\"WebPage\",\"@id\":\"https:\/\/ozone-gold.mk\/produkt\/ozone-gold-ozone-fix-cream-ozonirana-krema-protiv-bolka-50ml\/\",\"url\":\"https:\/\/ozone-gold.mk\/produkt\/ozone-gold-ozone-fix-cream-ozonirana-krema-protiv-bolka-50ml\/\",\"name\":\"OZONE GOLD \u041e\u0417\u041e\u041d\u0418\u0420\u0410\u041d\u0410 \u041a\u0420\u0415\u041c\u0410 \u041f\u0420\u041e\u0422\u0418\u0412 \u0411\u041e\u041b\u041a\u0410 50\u043c\u043b\",\"isPartOf\":{\"@id\":\"https:\/\/ozone-gold.mk\/sq\/#website\"},\"primaryImageOfPage\":{\"@id\":\"https:\/\/ozone-gold.mk\/produkt\/ozone-gold-ozone-fix-cream-ozonirana-krema-protiv-bolka-50ml\/#primaryimage\"},\"image\":{\"@id\":\"https:\/\/ozone-gold.mk\/produkt\/ozone-gold-ozone-fix-cream-ozonirana-krema-protiv-bolka-50ml\/#primaryimage\"},\"thumbnailUrl\":\"https:\/\/ozone-gold.mk\/wp-content\/uploads\/2021\/05\/Artboard-8.jpg\",\"datePublished\":\"2021-05-06T12:10:57+00:00\",\"dateModified\":\"2026-03-09T08:46:58+00:00\",\"description\":\"OZONE GOLD \u041e\u0417\u041e\u041d\u0418\u0420\u0410\u041d\u0410 \u041a\u0420\u0415\u041c\u0410 \u041f\u0420\u041e\u0422\u0418\u0412 \u0411\u041e\u041b\u041a\u0410 - \u0458\u0430 \u0441\u043c\u0438\u0440\u0443\u0432\u0430 \u0431\u043e\u043b\u043a\u0430\u0442\u0430 \u043f\u0440\u0435\u043a\u0443 \u043e\u043a\u0441\u0438\u0434\u0430\u0446\u0438\u0458\u0430 \u0438 \u0430\u043d\u0442\u0438\u043e\u043a\u0441\u0438\u0434\u0430\u043d\u0442\u043d\u043e \u0434\u0435\u0458\u0441\u0442\u0432\u043e, \u0441\u0442\u0438\u043c\u0443\u043b\u0438\u0440\u0430\u0458\u045c\u0438 \u0433\u043e \u043f\u0440\u0438\u0440\u043e\u0434\u043d\u0438\u043e\u0442 \u0441\u0438\u0441\u0442\u0435\u043c \u0437\u0430 \u0443\u0431\u043b\u0430\u0436\u0443\u0432\u0430\u045a\u0435.\",\"breadcrumb\":{\"@id\":\"https:\/\/ozone-gold.mk\/produkt\/ozone-gold-ozone-fix-cream-ozonirana-krema-protiv-bolka-50ml\/#breadcrumb\"},\"inLanguage\":\"sq\",\"potentialAction\":[{\"@type\":\"ReadAction\",\"target\":[\"https:\/\/ozone-gold.mk\/produkt\/ozone-gold-ozone-fix-cream-ozonirana-krema-protiv-bolka-50ml\/\"]}]},{\"@type\":\"ImageObject\",\"inLanguage\":\"sq\",\"@id\":\"https:\/\/ozone-gold.mk\/produkt\/ozone-gold-ozone-fix-cream-ozonirana-krema-protiv-bolka-50ml\/#primaryimage\",\"url\":\"https:\/\/ozone-gold.mk\/wp-content\/uploads\/2021\/05\/Artboard-8.jpg\",\"contentUrl\":\"https:\/\/ozone-gold.mk\/wp-content\/uploads\/2021\/05\/Artboard-8.jpg\",\"width\":2000,\"height\":2000},{\"@type\":\"BreadcrumbList\",\"@id\":\"https:\/\/ozone-gold.mk\/produkt\/ozone-gold-ozone-fix-cream-ozonirana-krema-protiv-bolka-50ml\/#breadcrumb\",\"itemListElement\":[{\"@type\":\"ListItem\",\"position\":1,\"name\":\"Home\",\"item\":\"https:\/\/ozone-gold.mk\/\"},{\"@type\":\"ListItem\",\"position\":2,\"name\":\"\u041f\u0440\u043e\u0434\u0430\u0432\u043d\u0438\u0446\u0430\",\"item\":\"https:\/\/ozone-gold.mk\/shop\/\"},{\"@type\":\"ListItem\",\"position\":3,\"name\":\"OZONE GOLD &#8211; OZONE FIX CREAM \u041e\u0417\u041e\u041d\u0418\u0420\u0410\u041d\u0410 \u041a\u0420\u0415\u041c\u0410 \u041f\u0420\u041e\u0422\u0418\u0412 \u0411\u041e\u041b\u041a\u0410 &#8211; 50ml\"}]},{\"@type\":\"WebSite\",\"@id\":\"https:\/\/ozone-gold.mk\/sq\/#website\",\"url\":\"https:\/\/ozone-gold.mk\/sq\/\",\"name\":\"OZONE GOLD\",\"description\":\"\",\"potentialAction\":[{\"@type\":\"SearchAction\",\"target\":{\"@type\":\"EntryPoint\",\"urlTemplate\":\"https:\/\/ozone-gold.mk\/sq\/?s={search_term_string}\"},\"query-input\":{\"@type\":\"PropertyValueSpecification\",\"valueRequired\":true,\"valueName\":\"search_term_string\"}}],\"inLanguage\":\"sq\"}]}<\/script>\n<meta property=\"product:price:amount\" content=\"680\" \/>\n<meta property=\"product:price:currency\" content=\"MKD\" \/>\n<meta property=\"og:availability\" content=\"instock\" \/>\n<meta property=\"product:availability\" content=\"instock\" \/>\n<meta property=\"product:retailer_item_id\" content=\"8680885440850\" \/>\n<meta property=\"product:condition\" content=\"new\" \/>\n<!-- \/ Yoast SEO Premium plugin. -->","yoast_head_json":{"title":"OZONE GOLD \u041e\u0417\u041e\u041d\u0418\u0420\u0410\u041d\u0410 \u041a\u0420\u0415\u041c\u0410 \u041f\u0420\u041e\u0422\u0418\u0412 \u0411\u041e\u041b\u041a\u0410 50\u043c\u043b","description":"OZONE GOLD \u041e\u0417\u041e\u041d\u0418\u0420\u0410\u041d\u0410 \u041a\u0420\u0415\u041c\u0410 \u041f\u0420\u041e\u0422\u0418\u0412 \u0411\u041e\u041b\u041a\u0410 - \u0458\u0430 \u0441\u043c\u0438\u0440\u0443\u0432\u0430 \u0431\u043e\u043b\u043a\u0430\u0442\u0430 \u043f\u0440\u0435\u043a\u0443 \u043e\u043a\u0441\u0438\u0434\u0430\u0446\u0438\u0458\u0430 \u0438 \u0430\u043d\u0442\u0438\u043e\u043a\u0441\u0438\u0434\u0430\u043d\u0442\u043d\u043e \u0434\u0435\u0458\u0441\u0442\u0432\u043e, \u0441\u0442\u0438\u043c\u0443\u043b\u0438\u0440\u0430\u0458\u045c\u0438 \u0433\u043e \u043f\u0440\u0438\u0440\u043e\u0434\u043d\u0438\u043e\u0442 \u0441\u0438\u0441\u0442\u0435\u043c \u0437\u0430 \u0443\u0431\u043b\u0430\u0436\u0443\u0432\u0430\u045a\u0435.","robots":{"index":"index","follow":"follow","max-snippet":"max-snippet:-1","max-image-preview":"max-image-preview:large","max-video-preview":"max-video-preview:-1"},"canonical":"https:\/\/ozone-gold.mk\/sq\/produkt\/ozone-gold-ozone-fix-cream-ozonirana-krema-protiv-bolka-50ml\/","og_locale":"sq_AL","og_type":"article","og_title":"OZONE GOLD - OZONE FIX CREAM \u041e\u0417\u041e\u041d\u0418\u0420\u0410\u041d\u0410 \u041a\u0420\u0415\u041c\u0410 \u041f\u0420\u041e\u0422\u0418\u0412 \u0411\u041e\u041b\u041a\u0410 - 50ml","og_description":"OZONE GOLD \u041e\u0417\u041e\u041d\u0418\u0420\u0410\u041d\u0410 \u041a\u0420\u0415\u041c\u0410 \u041f\u0420\u041e\u0422\u0418\u0412 \u0411\u041e\u041b\u041a\u0410 - \u0458\u0430 \u0441\u043c\u0438\u0440\u0443\u0432\u0430 \u0431\u043e\u043b\u043a\u0430\u0442\u0430 \u043f\u0440\u0435\u043a\u0443 \u043e\u043a\u0441\u0438\u0434\u0430\u0446\u0438\u0458\u0430 \u0438 \u0430\u043d\u0442\u0438\u043e\u043a\u0441\u0438\u0434\u0430\u043d\u0442\u043d\u043e \u0434\u0435\u0458\u0441\u0442\u0432\u043e, \u0441\u0442\u0438\u043c\u0443\u043b\u0438\u0440\u0430\u0458\u045c\u0438 \u0433\u043e \u043f\u0440\u0438\u0440\u043e\u0434\u043d\u0438\u043e\u0442 \u0441\u0438\u0441\u0442\u0435\u043c \u0437\u0430 \u0443\u0431\u043b\u0430\u0436\u0443\u0432\u0430\u045a\u0435.","og_url":"https:\/\/ozone-gold.mk\/sq\/produkt\/ozone-gold-ozone-fix-cream-ozonirana-krema-protiv-bolka-50ml\/","og_site_name":"OZONE GOLD","article_modified_time":"2026-03-09T08:46:58+00:00","og_image":[{"width":2000,"height":2000,"url":"https:\/\/ozone-gold.mk\/wp-content\/uploads\/2021\/05\/Artboard-8.jpg","type":"image\/jpeg"}],"twitter_card":"summary_large_image","twitter_misc":{"Price":"680&nbsp;&#x434;&#x435;&#x43d; \u0426\u0435\u043d\u0430 \u0441\u043e \u0414\u0414\u0412","Availability":"In stock"},"schema":{"@context":"https:\/\/schema.org","@graph":[{"@type":"WebPage","@id":"https:\/\/ozone-gold.mk\/produkt\/ozone-gold-ozone-fix-cream-ozonirana-krema-protiv-bolka-50ml\/","url":"https:\/\/ozone-gold.mk\/produkt\/ozone-gold-ozone-fix-cream-ozonirana-krema-protiv-bolka-50ml\/","name":"OZONE GOLD \u041e\u0417\u041e\u041d\u0418\u0420\u0410\u041d\u0410 \u041a\u0420\u0415\u041c\u0410 \u041f\u0420\u041e\u0422\u0418\u0412 \u0411\u041e\u041b\u041a\u0410 50\u043c\u043b","isPartOf":{"@id":"https:\/\/ozone-gold.mk\/sq\/#website"},"primaryImageOfPage":{"@id":"https:\/\/ozone-gold.mk\/produkt\/ozone-gold-ozone-fix-cream-ozonirana-krema-protiv-bolka-50ml\/#primaryimage"},"image":{"@id":"https:\/\/ozone-gold.mk\/produkt\/ozone-gold-ozone-fix-cream-ozonirana-krema-protiv-bolka-50ml\/#primaryimage"},"thumbnailUrl":"https:\/\/ozone-gold.mk\/wp-content\/uploads\/2021\/05\/Artboard-8.jpg","datePublished":"2021-05-06T12:10:57+00:00","dateModified":"2026-03-09T08:46:58+00:00","description":"OZONE GOLD \u041e\u0417\u041e\u041d\u0418\u0420\u0410\u041d\u0410 \u041a\u0420\u0415\u041c\u0410 \u041f\u0420\u041e\u0422\u0418\u0412 \u0411\u041e\u041b\u041a\u0410 - \u0458\u0430 \u0441\u043c\u0438\u0440\u0443\u0432\u0430 \u0431\u043e\u043b\u043a\u0430\u0442\u0430 \u043f\u0440\u0435\u043a\u0443 \u043e\u043a\u0441\u0438\u0434\u0430\u0446\u0438\u0458\u0430 \u0438 \u0430\u043d\u0442\u0438\u043e\u043a\u0441\u0438\u0434\u0430\u043d\u0442\u043d\u043e \u0434\u0435\u0458\u0441\u0442\u0432\u043e, \u0441\u0442\u0438\u043c\u0443\u043b\u0438\u0440\u0430\u0458\u045c\u0438 \u0433\u043e \u043f\u0440\u0438\u0440\u043e\u0434\u043d\u0438\u043e\u0442 \u0441\u0438\u0441\u0442\u0435\u043c \u0437\u0430 \u0443\u0431\u043b\u0430\u0436\u0443\u0432\u0430\u045a\u0435.","breadcrumb":{"@id":"https:\/\/ozone-gold.mk\/produkt\/ozone-gold-ozone-fix-cream-ozonirana-krema-protiv-bolka-50ml\/#breadcrumb"},"inLanguage":"sq","potentialAction":[{"@type":"ReadAction","target":["https:\/\/ozone-gold.mk\/produkt\/ozone-gold-ozone-fix-cream-ozonirana-krema-protiv-bolka-50ml\/"]}]},{"@type":"ImageObject","inLanguage":"sq","@id":"https:\/\/ozone-gold.mk\/produkt\/ozone-gold-ozone-fix-cream-ozonirana-krema-protiv-bolka-50ml\/#primaryimage","url":"https:\/\/ozone-gold.mk\/wp-content\/uploads\/2021\/05\/Artboard-8.jpg","contentUrl":"https:\/\/ozone-gold.mk\/wp-content\/uploads\/2021\/05\/Artboard-8.jpg","width":2000,"height":2000},{"@type":"BreadcrumbList","@id":"https:\/\/ozone-gold.mk\/produkt\/ozone-gold-ozone-fix-cream-ozonirana-krema-protiv-bolka-50ml\/#breadcrumb","itemListElement":[{"@type":"ListItem","position":1,"name":"Home","item":"https:\/\/ozone-gold.mk\/"},{"@type":"ListItem","position":2,"name":"\u041f\u0440\u043e\u0434\u0430\u0432\u043d\u0438\u0446\u0430","item":"https:\/\/ozone-gold.mk\/shop\/"},{"@type":"ListItem","position":3,"name":"OZONE GOLD &#8211; OZONE FIX CREAM \u041e\u0417\u041e\u041d\u0418\u0420\u0410\u041d\u0410 \u041a\u0420\u0415\u041c\u0410 \u041f\u0420\u041e\u0422\u0418\u0412 \u0411\u041e\u041b\u041a\u0410 &#8211; 50ml"}]},{"@type":"WebSite","@id":"https:\/\/ozone-gold.mk\/sq\/#website","url":"https:\/\/ozone-gold.mk\/sq\/","name":"OZONE GOLD","description":"","potentialAction":[{"@type":"SearchAction","target":{"@type":"EntryPoint","urlTemplate":"https:\/\/ozone-gold.mk\/sq\/?s={search_term_string}"},"query-input":{"@type":"PropertyValueSpecification","valueRequired":true,"valueName":"search_term_string"}}],"inLanguage":"sq"}]},"product_price_amount":"680","product_price_currency":"MKD","og_availability":"instock","product_availability":"instock","product_retailer_item_id":"8680885440850","product_condition":"new"},"_links":{"self":[{"href":"https:\/\/ozone-gold.mk\/sq\/wp-json\/wp\/v2\/product\/545","targetHints":{"allow":["GET"]}}],"collection":[{"href":"https:\/\/ozone-gold.mk\/sq\/wp-json\/wp\/v2\/product"}],"about":[{"href":"https:\/\/ozone-gold.mk\/sq\/wp-json\/wp\/v2\/types\/product"}],"replies":[{"embeddable":true,"href":"https:\/\/ozone-gold.mk\/sq\/wp-json\/wp\/v2\/comments?post=545"}],"wp:featuredmedia":[{"embeddable":true,"href":"https:\/\/ozone-gold.mk\/sq\/wp-json\/wp\/v2\/media\/17329"}],"wp:attachment":[{"href":"https:\/\/ozone-gold.mk\/sq\/wp-json\/wp\/v2\/media?parent=545"}],"wp:term":[{"taxonomy":"product_brand","embeddable":true,"href":"https:\/\/ozone-gold.mk\/sq\/wp-json\/wp\/v2\/product_brand?post=545"},{"taxonomy":"product_cat","embeddable":true,"href":"https:\/\/ozone-gold.mk\/sq\/wp-json\/wp\/v2\/product_cat?post=545"},{"taxonomy":"product_tag","embeddable":true,"href":"https:\/\/ozone-gold.mk\/sq\/wp-json\/wp\/v2\/product_tag?post=545"}],"curies":[{"name":"wp","href":"https:\/\/api.w.org\/{rel}","templated":true}]}}