{"id":548,"date":"2021-05-06T11:10:57","date_gmt":"2021-05-06T12:10:57","guid":{"rendered":"https:\/\/new.ozone-gold.mk\/?post_type=product&#038;p=26"},"modified":"2026-04-08T13:28:47","modified_gmt":"2026-04-08T11:28:47","slug":"ozone-gold-ozone-cream-160mg-ozonirana-krema-so-160mg-ozon-30ml","status":"publish","type":"product","link":"https:\/\/ozone-gold.mk\/sq\/produkt\/ozone-gold-ozone-cream-160mg-ozonirana-krema-so-160mg-ozon-30ml\/","title":{"rendered":"OZONE GOLD \u2013 OZONE CREAM 160mg \/ KREMI ME OZON \u0421\u041e 160mg OZON \u2013 30ml"},"content":{"rendered":"<h2><strong>KREM OZONI ME 160mg OZON<\/strong><\/h2>\n<h3><strong>Si prodhohet Ozone Cream 160mg?<\/strong><\/h3>\n<p>Krema p\u00ebrftohet duke procesuar ozonin mjek\u00ebsor mbi vaj ulliri ekstra t\u00eb virgj\u00ebr t\u00eb ftoht\u00eb me aciditet zero. Gjat\u00eb k\u00ebtij procesi, vaji natyrsh\u00ebm shnd\u00ebrrohet n\u00eb krem. K\u00ebshtu arrihet nj\u00eb p\u00ebrqendrim m\u00eb i lart\u00eb ozoni n\u00eb krahasim me kremrat dhe xhelat e tjer\u00eb t\u00eb ozonizuar.<\/p>\n<h3><strong>P\u00ebrb\u00ebrje:<\/strong><\/h3>\n<p>100% Vaj i ullirit me ozon<\/p>\n<h3><strong>Karakteristikat:<\/strong><\/h3>\n<p>P\u00ebr shkak t\u00eb p\u00ebrqendrimit t\u00eb lart\u00eb t\u00eb ozonit, kremi \u00ebsht\u00eb nj\u00eb antioksidant i fuqish\u00ebm dhe dezinfekton l\u00ebkur\u00ebn. Nuk p\u00ebrmban aditiv\u00eb, kimikate apo stabilizues. Ndihmon qelizat t\u00eb rigjenerohen dhe t\u00eb riparohen m\u00eb shpejt kur aplikohet n\u00eb zonat problematike t\u00eb l\u00ebkur\u00ebs, fal\u00eb sasis\u00eb s\u00eb rritur t\u00eb oksigjenit.<\/p>\n<h3><strong>P\u00ebrdorni n\u00eb:<\/strong><\/h3>\n<ul>\n<li><strong>Njolla:<\/strong> Aplikoni nj\u00eb sasi shum\u00eb t\u00eb vog\u00ebl kreme, n\u00eb nj\u00eb shtres\u00eb t\u00eb holl\u00eb si membran\u00eb.<\/li>\n<li><strong>Irritime:<\/strong> Aplikoni n\u00eb sip\u00ebrfaqen e irrituar me nj\u00eb sasi t\u00eb vog\u00ebl.<\/li>\n<li><strong>Akne dhe plag\u00eb:<\/strong> Aplikoni nj\u00eb sasi m\u00eb t\u00eb vog\u00ebl se nj\u00eb kok\u00ebrr thjerr\u00ebze dhe f\u00ebrkojeni but\u00ebsisht.<\/li>\n<li><strong>Plag\u00eb nga q\u00ebndrimi i gjat\u00eb n\u00eb shtrat:<\/strong> Aplikoni nj\u00eb sasi t\u00eb vog\u00ebl n\u00eb var\u00ebsi t\u00eb gjer\u00ebsis\u00eb s\u00eb plag\u00ebs. N\u00ebse \u00ebsht\u00eb e nevojshme, rriteni sasin\u00eb.<\/li>\n<li><strong>Plag\u00eb t\u00eb hapura:<\/strong> Aplikoni vet\u00ebm n\u00eb plag\u00eb, n\u00eb sasi sa nj\u00eb kok\u00ebrr thjerr\u00ebze.<\/li>\n<li><strong>K\u00ebmba e atletit:<\/strong> F\u00ebrkojeni sip\u00ebrfaqen ku ndodhet dermatofiti.<\/li>\n<li><strong>Hemorroide:<\/strong> Aplikoni nj\u00eb sasi t\u00eb vog\u00ebl dhe masazhojeni but\u00ebsisht.<\/li>\n<li><strong>Plag\u00eb pas operacionit:<\/strong> Aplikoni nj\u00eb shtres\u00eb t\u00eb holl\u00eb si membran\u00eb dhe f\u00ebrkojeni leht\u00eb.<\/li>\n<li><strong>Thek\u00eb t\u00eb \u00e7ara:<\/strong> Aplikoni nj\u00eb shtres\u00eb t\u00eb holl\u00eb dhe masazhoni l\u00ebkur\u00ebn.<\/li>\n<li><strong>Prerje:<\/strong> Aplikoni nj\u00eb sasi t\u00eb vog\u00ebl dhe f\u00ebrkojeni sip\u00ebrfaqen.<\/li>\n<li><strong>Infeksione t\u00eb l\u00ebkur\u00ebs:<\/strong> Aplikoni nj\u00eb sasi t\u00eb vog\u00ebl dhe p\u00ebrs\u00ebriteni n\u00ebse \u00ebsht\u00eb e nevojshme.<\/li>\n<li><strong>Plag\u00eb diabetike:<\/strong> Aplikoni direkt n\u00eb plag\u00eb, n\u00eb nj\u00eb shtres\u00eb t\u00eb holl\u00eb.<\/li>\n<li><strong>Djegie:<\/strong> Pasi t\u00eb thahet vendi, aplikoni nj\u00eb sasi t\u00eb vog\u00ebl n\u00eb var\u00ebsi t\u00eb madh\u00ebsis\u00eb s\u00eb djegies.<\/li>\n<\/ul>\n<h3><strong>M\u00ebnyra e p\u00ebrdorimit:<\/strong><\/h3>\n<p>\u041f\u0440\u0435\u0434 \u043d\u0430\u043d\u0435\u0441\u0443\u0432\u0430\u045a\u0435, \u0438\u0441\u0447\u0438\u0441\u0442\u0435\u0442\u0435 \u0458\u0430 \u043f\u043e\u0432\u0440\u0448\u0438\u043d\u0430\u0442\u0430 \u043d\u0430 \u043a\u043e\u0436\u0430\u0442\u0430 \u0437\u0430 \u043f\u043e\u0434\u043e\u0431\u0440\u043e \u0432\u043f\u0438\u0432\u0430\u045a\u0435.<\/p>\n<h3><strong>Paralajm\u00ebrimet:<\/strong><\/h3>\n<ul>\n<li>Produkti \u00ebsht\u00eb i destinuar vet\u00ebm p\u00ebr p\u00ebrdorim t\u00eb jasht\u00ebm.<\/li>\n<li>Ky produkt nuk \u00ebsht\u00eb ila\u00e7 dhe nuk ka efekte an\u00ebsore t\u00eb njohura.<\/li>\n<li>Para p\u00ebrdorimit t\u00eb par\u00eb n\u00eb l\u00ebkur\u00eb t\u00eb ndjeshme, testoni nj\u00eb sasi t\u00eb vog\u00ebl n\u00eb dor\u00eb.<\/li>\n<li>N\u00eb rast t\u00eb gjendjeve kronike, konsultohuni me mjekun.<\/li>\n<li>Mbajeni larg f\u00ebmij\u00ebve dhe mos e g\u00eblltisni.<\/li>\n<li>Shmangni rrezet e drejtp\u00ebrdrejta t\u00eb diellit dhe ruajeni n\u00eb vend t\u00eb fresk\u00ebt e t\u00eb that\u00eb.<\/li>\n<li>Shmangni kontaktin me syt\u00eb. N\u00eb rast kontakti, shp\u00eblajeni me shum\u00eb uj\u00eb.<\/li>\n<\/ul>\n<p><img loading=\"lazy\" decoding=\"async\" class=\"size-medium wp-image-13621 alignleft\" src=\"https:\/\/ozone-gold.mk\/wp-content\/uploads\/2021\/05\/OZONE-GOLD-%E2%80%93-OZONE-CREAM-160mg-1.jpeg\" alt=\"ozone gold ozonirana krema 160mg\" width=\"400\" height=\"400\" \/><\/p>\n<h2><strong>Linqe t\u00eb dobishme:<\/strong><\/h2>\n<ul>\n<li><a href=\"\/sq\/produkt\/ozone-gold-ozone-factor-ozonirano-maslinovo-maslo-vo-kapsula\/\">OZONE GOLD \u2013 OZONE FACTOR \/ vaj ulliri i ozonuar n\u00eb kapsul\u00eb<\/a><\/li>\n<li><a href=\"\/sq\/produkt\/ozone-gold-external-genital-spray-sprej-za-intimna-nega-28ml\/\">OZONE GOLD \u2013 EXTERNAL GENITAL SPRAY \u2013 SPREJ P\u00cbR KUJDES INTIM \u2013 28ml<\/a><\/li>\n<li><a href=\"\/sq\/produkt\/ozone-gold-ozone-oil-80mg-ozonirano-maslo-so-80mg-ozon-50ml\/\">OZONE GOLD \u2013 OZONE OIL 80mg \/ VAJ I OZONUAR ME 80mg OZON \u2013 50ml<\/a><\/li>\n<li><a href=\"\/sq\/produkt\/ozone-gold-ozone-oil-40mg-ozonirano-maslo-so-40mg-ozon-50ml\/\">OZONE GOLD \u2013 OZONE OIL 40mg \/ \u041e\u0417\u041e\u041d\u0418\u0420\u0410\u041d\u041e \u041c\u0410\u0421\u041b\u041e \u0421\u041e 40mg \u041e\u0417\u041e\u041d \u2013 50ml<\/a><\/li>\n<li><a href=\"\/sq\/produkt\/ozone-gold-ozone-fix-cream-ozonirana-krema-protiv-bolka-50ml\/\">OZONE GOLD \u2013 OZONE FIX CREAM \/ \u041e\u0417\u041e\u041d\u0418\u0420\u0410\u041d\u0410 \u041a\u0420\u0415\u041c\u0410 \u041f\u0420\u041e\u0422\u0418\u0412 \u0411\u041e\u041b\u041a\u0410 \u2013 50ml<\/a><\/li>\n<li><a href=\"https:\/\/pubmed.ncbi.nlm.nih.gov\/29414657\/\" target=\"_blank\" rel=\"noopener\">Mekanizmat e veprimit t\u00eb p\u00ebrfshira n\u00eb terapin\u00eb me ozon n\u00eb s\u00ebmundjet e l\u00ebkur\u00ebs<\/a><\/li>\n<li><a href=\"https:\/\/pubmed.ncbi.nlm.nih.gov\/29559592\/\" target=\"_blank\" rel=\"noopener\">Rolet e ozonit n\u00eb s\u00ebmundjet e l\u00ebkur\u00ebs<\/a><\/li>\n<li><a href=\"https:\/\/pubmed.ncbi.nlm.nih.gov\/29282181\/\" target=\"_blank\" rel=\"noopener\">Acidi hialuronik n\u00eb dermatologji<\/a><\/li>\n<li><a href=\"https:\/\/pubmed.ncbi.nlm.nih.gov\/25877441\/\" target=\"_blank\" rel=\"noopener\">Acidi hialuronik dhe sh\u00ebrimi i plag\u00ebve<\/a><\/li>\n<\/ul>","protected":false},"excerpt":{"rendered":"<ul>\n<li>P\u00ebrdoret p\u00ebr skuqjen e shkaktuar nga acarimi, gunga, pu\u00e7rra dhe pu\u00e7rra, djegie, hemorroide, herpes, thembra t\u00eb plasaritura, plag\u00eb t\u00eb l\u00ebkur\u00ebs, plag\u00eb t\u00eb akneve, prerje cezariane, njolla, plag\u00eb diabetike, infeksione t\u00eb l\u00ebkur\u00ebs, mbres\u00eb pas operacionit, plag\u00eb nga shtrirja e zgjatur (lat.: Dekubit).<\/li>\n<li>P\u00ebrdoret si nj\u00eb mjet shtes\u00eb p\u00ebr heqjen e njollave t\u00eb l\u00ebkur\u00ebs.<\/li>\n<li>P\u00ebrdorimi: Kremi aplikohet dy her\u00eb n\u00eb dit\u00eb.<\/li>\n<\/ul>","protected":false},"featured_media":17326,"comment_status":"open","ping_status":"closed","template":"","meta":[],"product_brand":[],"product_cat":[18,24],"product_tag":[],"class_list":{"0":"post-548","1":"product","2":"type-product","3":"status-publish","4":"has-post-thumbnail","6":"product_cat-kozmetika","7":"product_cat-programa-za-nega-na-lice-i-telo","9":"first","10":"instock","11":"sale","12":"taxable","13":"shipping-taxable","14":"purchasable","15":"product-type-simple"},"yoast_head":"<!-- This site is optimized with the Yoast SEO Premium plugin v26.2 (Yoast SEO v27.2) - https:\/\/yoast.com\/product\/yoast-seo-premium-wordpress\/ -->\n<title>OZONE GOLD \u041e\u0417\u041e\u041d\u0418\u0420\u0410\u041d\u0410 \u041a\u0420\u0415\u041c\u0410 \u0421\u041e 160mg \u041e\u0417\u041e\u041d<\/title>\n<meta name=\"description\" content=\"OZONE GOLD \u041e\u0417\u041e\u041d\u0418\u0420\u0410\u041d\u0410 \u041a\u0420\u0415\u041c\u0410 \u0421\u041e 160mg \u043a\u0440\u0435\u043c\u0430\u0442\u0430 \u043f\u043e\u043c\u0430\u0433\u0430 \u043f\u0440\u0438 \u0446\u0440\u0432\u0435\u043d\u0438\u043b\u043e, \u043d\u0430\u0431\u0438\u0435\u043d\u0438\u0446\u0438, \u0430\u043a\u043d\u0438, \u0438\u0437\u0433\u043e\u0440\u0435\u043d\u0438\u0446\u0438, \u0445\u0435\u043c\u043e\u0440\u043e\u0438\u0434\u0438, \u0445\u0435\u0440\u043f\u0435\u0441\u0438, \u0440\u0430\u043d\u0438 \u0438 \u0438\u043d\u0444\u0435\u043a\u0446\u0438\u0438 \u043d\u0430 \u043a\u043e\u0436\u0430\u0442\u0430.\" \/>\n<meta name=\"robots\" content=\"index, follow, max-snippet:-1, max-image-preview:large, max-video-preview:-1\" \/>\n<link rel=\"canonical\" href=\"https:\/\/ozone-gold.mk\/sq\/produkt\/ozone-gold-ozone-cream-160mg-ozonirana-krema-so-160mg-ozon-30ml\/\" \/>\n<meta property=\"og:locale\" content=\"sq_AL\" \/>\n<meta property=\"og:type\" content=\"article\" \/>\n<meta property=\"og:title\" content=\"OZONE GOLD - OZONE CREAM 160mg \/ \u041e\u0417\u041e\u041d\u0418\u0420\u0410\u041d\u0410 \u041a\u0420\u0415\u041c\u0410 \u0421\u041e 160mg \u041e\u0417\u041e\u041d - 30ml\" \/>\n<meta property=\"og:description\" content=\"OZONE GOLD \u041e\u0417\u041e\u041d\u0418\u0420\u0410\u041d\u0410 \u041a\u0420\u0415\u041c\u0410 \u0421\u041e 160mg \u043a\u0440\u0435\u043c\u0430\u0442\u0430 \u043f\u043e\u043c\u0430\u0433\u0430 \u043f\u0440\u0438 \u0446\u0440\u0432\u0435\u043d\u0438\u043b\u043e, \u043d\u0430\u0431\u0438\u0435\u043d\u0438\u0446\u0438, \u0430\u043a\u043d\u0438, \u0438\u0437\u0433\u043e\u0440\u0435\u043d\u0438\u0446\u0438, \u0445\u0435\u043c\u043e\u0440\u043e\u0438\u0434\u0438, \u0445\u0435\u0440\u043f\u0435\u0441\u0438, \u0440\u0430\u043d\u0438 \u0438 \u0438\u043d\u0444\u0435\u043a\u0446\u0438\u0438 \u043d\u0430 \u043a\u043e\u0436\u0430\u0442\u0430.\" \/>\n<meta property=\"og:url\" content=\"https:\/\/ozone-gold.mk\/sq\/produkt\/ozone-gold-ozone-cream-160mg-ozonirana-krema-so-160mg-ozon-30ml\/\" \/>\n<meta property=\"og:site_name\" content=\"OZONE GOLD\" \/>\n<meta property=\"article:modified_time\" content=\"2026-04-08T11:28:47+00:00\" \/>\n<meta property=\"og:image\" content=\"https:\/\/ozone-gold.mk\/wp-content\/uploads\/2021\/05\/Artboard-5.jpg\" \/>\n\t<meta property=\"og:image:width\" content=\"2000\" \/>\n\t<meta property=\"og:image:height\" content=\"2000\" \/>\n\t<meta property=\"og:image:type\" content=\"image\/jpeg\" \/>\n<meta name=\"twitter:card\" content=\"summary_large_image\" \/>\n<meta name=\"twitter:label1\" content=\"Price\" \/>\n\t<meta name=\"twitter:data1\" content=\"2.159&nbsp;&#x434;&#x435;&#x43d; \u0426\u0435\u043d\u0430 \u0441\u043e \u0414\u0414\u0412\" \/>\n\t<meta name=\"twitter:label2\" content=\"Availability\" \/>\n\t<meta name=\"twitter:data2\" content=\"In stock\" \/>\n<script type=\"application\/ld+json\" class=\"yoast-schema-graph\">{\"@context\":\"https:\/\/schema.org\",\"@graph\":[{\"@type\":\"WebPage\",\"@id\":\"https:\/\/ozone-gold.mk\/produkt\/ozone-gold-ozone-cream-160mg-ozonirana-krema-so-160mg-ozon-30ml\/\",\"url\":\"https:\/\/ozone-gold.mk\/produkt\/ozone-gold-ozone-cream-160mg-ozonirana-krema-so-160mg-ozon-30ml\/\",\"name\":\"OZONE GOLD \u041e\u0417\u041e\u041d\u0418\u0420\u0410\u041d\u0410 \u041a\u0420\u0415\u041c\u0410 \u0421\u041e 160mg \u041e\u0417\u041e\u041d\",\"isPartOf\":{\"@id\":\"https:\/\/ozone-gold.mk\/sq\/#website\"},\"primaryImageOfPage\":{\"@id\":\"https:\/\/ozone-gold.mk\/produkt\/ozone-gold-ozone-cream-160mg-ozonirana-krema-so-160mg-ozon-30ml\/#primaryimage\"},\"image\":{\"@id\":\"https:\/\/ozone-gold.mk\/produkt\/ozone-gold-ozone-cream-160mg-ozonirana-krema-so-160mg-ozon-30ml\/#primaryimage\"},\"thumbnailUrl\":\"https:\/\/ozone-gold.mk\/wp-content\/uploads\/2021\/05\/Artboard-5.jpg\",\"datePublished\":\"2021-05-06T12:10:57+00:00\",\"dateModified\":\"2026-04-08T11:28:47+00:00\",\"description\":\"OZONE GOLD \u041e\u0417\u041e\u041d\u0418\u0420\u0410\u041d\u0410 \u041a\u0420\u0415\u041c\u0410 \u0421\u041e 160mg \u043a\u0440\u0435\u043c\u0430\u0442\u0430 \u043f\u043e\u043c\u0430\u0433\u0430 \u043f\u0440\u0438 \u0446\u0440\u0432\u0435\u043d\u0438\u043b\u043e, \u043d\u0430\u0431\u0438\u0435\u043d\u0438\u0446\u0438, \u0430\u043a\u043d\u0438, \u0438\u0437\u0433\u043e\u0440\u0435\u043d\u0438\u0446\u0438, \u0445\u0435\u043c\u043e\u0440\u043e\u0438\u0434\u0438, \u0445\u0435\u0440\u043f\u0435\u0441\u0438, \u0440\u0430\u043d\u0438 \u0438 \u0438\u043d\u0444\u0435\u043a\u0446\u0438\u0438 \u043d\u0430 \u043a\u043e\u0436\u0430\u0442\u0430.\",\"breadcrumb\":{\"@id\":\"https:\/\/ozone-gold.mk\/produkt\/ozone-gold-ozone-cream-160mg-ozonirana-krema-so-160mg-ozon-30ml\/#breadcrumb\"},\"inLanguage\":\"sq\",\"potentialAction\":[{\"@type\":\"ReadAction\",\"target\":[\"https:\/\/ozone-gold.mk\/produkt\/ozone-gold-ozone-cream-160mg-ozonirana-krema-so-160mg-ozon-30ml\/\"]}]},{\"@type\":\"ImageObject\",\"inLanguage\":\"sq\",\"@id\":\"https:\/\/ozone-gold.mk\/produkt\/ozone-gold-ozone-cream-160mg-ozonirana-krema-so-160mg-ozon-30ml\/#primaryimage\",\"url\":\"https:\/\/ozone-gold.mk\/wp-content\/uploads\/2021\/05\/Artboard-5.jpg\",\"contentUrl\":\"https:\/\/ozone-gold.mk\/wp-content\/uploads\/2021\/05\/Artboard-5.jpg\",\"width\":2000,\"height\":2000},{\"@type\":\"BreadcrumbList\",\"@id\":\"https:\/\/ozone-gold.mk\/produkt\/ozone-gold-ozone-cream-160mg-ozonirana-krema-so-160mg-ozon-30ml\/#breadcrumb\",\"itemListElement\":[{\"@type\":\"ListItem\",\"position\":1,\"name\":\"Home\",\"item\":\"https:\/\/ozone-gold.mk\/\"},{\"@type\":\"ListItem\",\"position\":2,\"name\":\"\u041f\u0440\u043e\u0434\u0430\u0432\u043d\u0438\u0446\u0430\",\"item\":\"https:\/\/ozone-gold.mk\/shop\/\"},{\"@type\":\"ListItem\",\"position\":3,\"name\":\"OZONE GOLD &#8211; OZONE CREAM 160mg \/ \u041e\u0417\u041e\u041d\u0418\u0420\u0410\u041d\u0410 \u041a\u0420\u0415\u041c\u0410 \u0421\u041e 160mg \u041e\u0417\u041e\u041d &#8211; 30ml\"}]},{\"@type\":\"WebSite\",\"@id\":\"https:\/\/ozone-gold.mk\/sq\/#website\",\"url\":\"https:\/\/ozone-gold.mk\/sq\/\",\"name\":\"OZONE GOLD\",\"description\":\"\",\"potentialAction\":[{\"@type\":\"SearchAction\",\"target\":{\"@type\":\"EntryPoint\",\"urlTemplate\":\"https:\/\/ozone-gold.mk\/sq\/?s={search_term_string}\"},\"query-input\":{\"@type\":\"PropertyValueSpecification\",\"valueRequired\":true,\"valueName\":\"search_term_string\"}}],\"inLanguage\":\"sq\"}]}<\/script>\n<meta property=\"product:price:amount\" content=\"2159\" \/>\n<meta property=\"product:price:currency\" content=\"MKD\" \/>\n<meta property=\"og:availability\" content=\"instock\" \/>\n<meta property=\"product:availability\" content=\"instock\" \/>\n<meta property=\"product:retailer_item_id\" content=\"8680885440843\" \/>\n<meta property=\"product:condition\" content=\"new\" \/>\n<!-- \/ Yoast SEO Premium plugin. -->","yoast_head_json":{"title":"OZONE GOLD \u041e\u0417\u041e\u041d\u0418\u0420\u0410\u041d\u0410 \u041a\u0420\u0415\u041c\u0410 \u0421\u041e 160mg \u041e\u0417\u041e\u041d","description":"OZONE GOLD \u041e\u0417\u041e\u041d\u0418\u0420\u0410\u041d\u0410 \u041a\u0420\u0415\u041c\u0410 \u0421\u041e 160mg \u043a\u0440\u0435\u043c\u0430\u0442\u0430 \u043f\u043e\u043c\u0430\u0433\u0430 \u043f\u0440\u0438 \u0446\u0440\u0432\u0435\u043d\u0438\u043b\u043e, \u043d\u0430\u0431\u0438\u0435\u043d\u0438\u0446\u0438, \u0430\u043a\u043d\u0438, \u0438\u0437\u0433\u043e\u0440\u0435\u043d\u0438\u0446\u0438, \u0445\u0435\u043c\u043e\u0440\u043e\u0438\u0434\u0438, \u0445\u0435\u0440\u043f\u0435\u0441\u0438, \u0440\u0430\u043d\u0438 \u0438 \u0438\u043d\u0444\u0435\u043a\u0446\u0438\u0438 \u043d\u0430 \u043a\u043e\u0436\u0430\u0442\u0430.","robots":{"index":"index","follow":"follow","max-snippet":"max-snippet:-1","max-image-preview":"max-image-preview:large","max-video-preview":"max-video-preview:-1"},"canonical":"https:\/\/ozone-gold.mk\/sq\/produkt\/ozone-gold-ozone-cream-160mg-ozonirana-krema-so-160mg-ozon-30ml\/","og_locale":"sq_AL","og_type":"article","og_title":"OZONE GOLD - OZONE CREAM 160mg \/ \u041e\u0417\u041e\u041d\u0418\u0420\u0410\u041d\u0410 \u041a\u0420\u0415\u041c\u0410 \u0421\u041e 160mg \u041e\u0417\u041e\u041d - 30ml","og_description":"OZONE GOLD \u041e\u0417\u041e\u041d\u0418\u0420\u0410\u041d\u0410 \u041a\u0420\u0415\u041c\u0410 \u0421\u041e 160mg \u043a\u0440\u0435\u043c\u0430\u0442\u0430 \u043f\u043e\u043c\u0430\u0433\u0430 \u043f\u0440\u0438 \u0446\u0440\u0432\u0435\u043d\u0438\u043b\u043e, \u043d\u0430\u0431\u0438\u0435\u043d\u0438\u0446\u0438, \u0430\u043a\u043d\u0438, \u0438\u0437\u0433\u043e\u0440\u0435\u043d\u0438\u0446\u0438, \u0445\u0435\u043c\u043e\u0440\u043e\u0438\u0434\u0438, \u0445\u0435\u0440\u043f\u0435\u0441\u0438, \u0440\u0430\u043d\u0438 \u0438 \u0438\u043d\u0444\u0435\u043a\u0446\u0438\u0438 \u043d\u0430 \u043a\u043e\u0436\u0430\u0442\u0430.","og_url":"https:\/\/ozone-gold.mk\/sq\/produkt\/ozone-gold-ozone-cream-160mg-ozonirana-krema-so-160mg-ozon-30ml\/","og_site_name":"OZONE GOLD","article_modified_time":"2026-04-08T11:28:47+00:00","og_image":[{"width":2000,"height":2000,"url":"https:\/\/ozone-gold.mk\/wp-content\/uploads\/2021\/05\/Artboard-5.jpg","type":"image\/jpeg"}],"twitter_card":"summary_large_image","twitter_misc":{"Price":"2.159&nbsp;&#x434;&#x435;&#x43d; \u0426\u0435\u043d\u0430 \u0441\u043e \u0414\u0414\u0412","Availability":"In stock"},"schema":{"@context":"https:\/\/schema.org","@graph":[{"@type":"WebPage","@id":"https:\/\/ozone-gold.mk\/produkt\/ozone-gold-ozone-cream-160mg-ozonirana-krema-so-160mg-ozon-30ml\/","url":"https:\/\/ozone-gold.mk\/produkt\/ozone-gold-ozone-cream-160mg-ozonirana-krema-so-160mg-ozon-30ml\/","name":"OZONE GOLD \u041e\u0417\u041e\u041d\u0418\u0420\u0410\u041d\u0410 \u041a\u0420\u0415\u041c\u0410 \u0421\u041e 160mg \u041e\u0417\u041e\u041d","isPartOf":{"@id":"https:\/\/ozone-gold.mk\/sq\/#website"},"primaryImageOfPage":{"@id":"https:\/\/ozone-gold.mk\/produkt\/ozone-gold-ozone-cream-160mg-ozonirana-krema-so-160mg-ozon-30ml\/#primaryimage"},"image":{"@id":"https:\/\/ozone-gold.mk\/produkt\/ozone-gold-ozone-cream-160mg-ozonirana-krema-so-160mg-ozon-30ml\/#primaryimage"},"thumbnailUrl":"https:\/\/ozone-gold.mk\/wp-content\/uploads\/2021\/05\/Artboard-5.jpg","datePublished":"2021-05-06T12:10:57+00:00","dateModified":"2026-04-08T11:28:47+00:00","description":"OZONE GOLD \u041e\u0417\u041e\u041d\u0418\u0420\u0410\u041d\u0410 \u041a\u0420\u0415\u041c\u0410 \u0421\u041e 160mg \u043a\u0440\u0435\u043c\u0430\u0442\u0430 \u043f\u043e\u043c\u0430\u0433\u0430 \u043f\u0440\u0438 \u0446\u0440\u0432\u0435\u043d\u0438\u043b\u043e, \u043d\u0430\u0431\u0438\u0435\u043d\u0438\u0446\u0438, \u0430\u043a\u043d\u0438, \u0438\u0437\u0433\u043e\u0440\u0435\u043d\u0438\u0446\u0438, \u0445\u0435\u043c\u043e\u0440\u043e\u0438\u0434\u0438, \u0445\u0435\u0440\u043f\u0435\u0441\u0438, \u0440\u0430\u043d\u0438 \u0438 \u0438\u043d\u0444\u0435\u043a\u0446\u0438\u0438 \u043d\u0430 \u043a\u043e\u0436\u0430\u0442\u0430.","breadcrumb":{"@id":"https:\/\/ozone-gold.mk\/produkt\/ozone-gold-ozone-cream-160mg-ozonirana-krema-so-160mg-ozon-30ml\/#breadcrumb"},"inLanguage":"sq","potentialAction":[{"@type":"ReadAction","target":["https:\/\/ozone-gold.mk\/produkt\/ozone-gold-ozone-cream-160mg-ozonirana-krema-so-160mg-ozon-30ml\/"]}]},{"@type":"ImageObject","inLanguage":"sq","@id":"https:\/\/ozone-gold.mk\/produkt\/ozone-gold-ozone-cream-160mg-ozonirana-krema-so-160mg-ozon-30ml\/#primaryimage","url":"https:\/\/ozone-gold.mk\/wp-content\/uploads\/2021\/05\/Artboard-5.jpg","contentUrl":"https:\/\/ozone-gold.mk\/wp-content\/uploads\/2021\/05\/Artboard-5.jpg","width":2000,"height":2000},{"@type":"BreadcrumbList","@id":"https:\/\/ozone-gold.mk\/produkt\/ozone-gold-ozone-cream-160mg-ozonirana-krema-so-160mg-ozon-30ml\/#breadcrumb","itemListElement":[{"@type":"ListItem","position":1,"name":"Home","item":"https:\/\/ozone-gold.mk\/"},{"@type":"ListItem","position":2,"name":"\u041f\u0440\u043e\u0434\u0430\u0432\u043d\u0438\u0446\u0430","item":"https:\/\/ozone-gold.mk\/shop\/"},{"@type":"ListItem","position":3,"name":"OZONE GOLD &#8211; OZONE CREAM 160mg \/ \u041e\u0417\u041e\u041d\u0418\u0420\u0410\u041d\u0410 \u041a\u0420\u0415\u041c\u0410 \u0421\u041e 160mg \u041e\u0417\u041e\u041d &#8211; 30ml"}]},{"@type":"WebSite","@id":"https:\/\/ozone-gold.mk\/sq\/#website","url":"https:\/\/ozone-gold.mk\/sq\/","name":"OZONE GOLD","description":"","potentialAction":[{"@type":"SearchAction","target":{"@type":"EntryPoint","urlTemplate":"https:\/\/ozone-gold.mk\/sq\/?s={search_term_string}"},"query-input":{"@type":"PropertyValueSpecification","valueRequired":true,"valueName":"search_term_string"}}],"inLanguage":"sq"}]},"product_price_amount":"2159","product_price_currency":"MKD","og_availability":"instock","product_availability":"instock","product_retailer_item_id":"8680885440843","product_condition":"new"},"_links":{"self":[{"href":"https:\/\/ozone-gold.mk\/sq\/wp-json\/wp\/v2\/product\/548","targetHints":{"allow":["GET"]}}],"collection":[{"href":"https:\/\/ozone-gold.mk\/sq\/wp-json\/wp\/v2\/product"}],"about":[{"href":"https:\/\/ozone-gold.mk\/sq\/wp-json\/wp\/v2\/types\/product"}],"replies":[{"embeddable":true,"href":"https:\/\/ozone-gold.mk\/sq\/wp-json\/wp\/v2\/comments?post=548"}],"wp:featuredmedia":[{"embeddable":true,"href":"https:\/\/ozone-gold.mk\/sq\/wp-json\/wp\/v2\/media\/17326"}],"wp:attachment":[{"href":"https:\/\/ozone-gold.mk\/sq\/wp-json\/wp\/v2\/media?parent=548"}],"wp:term":[{"taxonomy":"product_brand","embeddable":true,"href":"https:\/\/ozone-gold.mk\/sq\/wp-json\/wp\/v2\/product_brand?post=548"},{"taxonomy":"product_cat","embeddable":true,"href":"https:\/\/ozone-gold.mk\/sq\/wp-json\/wp\/v2\/product_cat?post=548"},{"taxonomy":"product_tag","embeddable":true,"href":"https:\/\/ozone-gold.mk\/sq\/wp-json\/wp\/v2\/product_tag?post=548"}],"curies":[{"name":"wp","href":"https:\/\/api.w.org\/{rel}","templated":true}]}}